               {"id":831,"date":"2020-12-26T15:31:18","date_gmt":"2020-12-26T14:31:18","guid":{"rendered":"http:\/\/ushagram-suisse.org\/documents\/"},"modified":"2024-02-27T18:37:10","modified_gmt":"2024-02-27T17:37:10","slug":"documents-en","status":"publish","type":"page","link":"https:\/\/ushagram-suisse.org\/en\/documents-en\/","title":{"rendered":"Documents &#8211; EN"},"content":{"rendered":"<p>[et_pb_section fb_built=&#8221;1&#8243; fullwidth=&#8221;on&#8221; _builder_version=&#8221;4.16&#8243; background_color=&#8221;#2ea3f2&#8243; use_background_color_gradient=&#8221;on&#8221; background_color_gradient_direction=&#8221;330deg&#8221; background_color_gradient_stops=&#8221;#800000 0%|#2e6df4 100%&#8221; background_color_gradient_start=&#8221;#800000&#8243; background_color_gradient_end=&#8221;#2e6df4&#8243; locked=&#8221;off&#8221; global_colors_info=&#8221;{}&#8221;][et_pb_fullwidth_header title=&#8221;Our documents&#8221; subhead=&#8221;downloadable in PDF&#8221; _builder_version=&#8221;4.16&#8243; background_color=&#8221;rgba(255, 255, 255, 0)&#8221; global_colors_info=&#8221;{}&#8221; button_one_text_size__hover_enabled=&#8221;off&#8221; button_two_text_size__hover_enabled=&#8221;off&#8221; button_one_text_color__hover_enabled=&#8221;off&#8221; button_two_text_color__hover_enabled=&#8221;off&#8221; button_one_border_width__hover_enabled=&#8221;off&#8221; button_two_border_width__hover_enabled=&#8221;off&#8221; button_one_border_color__hover_enabled=&#8221;off&#8221; button_two_border_color__hover_enabled=&#8221;off&#8221; button_one_border_radius__hover_enabled=&#8221;off&#8221; button_two_border_radius__hover_enabled=&#8221;off&#8221; button_one_letter_spacing__hover_enabled=&#8221;off&#8221; button_two_letter_spacing__hover_enabled=&#8221;off&#8221; button_one_bg_color__hover_enabled=&#8221;off&#8221; button_two_bg_color__hover_enabled=&#8221;off&#8221;][\/et_pb_fullwidth_header][\/et_pb_section][et_pb_section fb_built=&#8221;1&#8243; _builder_version=&#8221;4.16&#8243; background_color=&#8221;#f0e8db&#8221; custom_margin=&#8221;0px||0px||false|false&#8221; custom_padding=&#8221;35px||0px||false|false&#8221; global_colors_info=&#8221;{}&#8221;][et_pb_row _builder_version=&#8221;4.16&#8243; _module_preset=&#8221;default&#8221; custom_margin=&#8221;0px||0px||false|false&#8221; custom_padding=&#8221;0px||0px||false|false&#8221; locked=&#8221;off&#8221; global_colors_info=&#8221;{}&#8221;][et_pb_column type=&#8221;4_4&#8243; _builder_version=&#8221;4.16&#8243; _module_preset=&#8221;default&#8221; global_colors_info=&#8221;{}&#8221;][et_pb_text module_class=&#8221;hyperlink-color&#8221; _builder_version=&#8221;4.16&#8243; _module_preset=&#8221;default&#8221; link_font=&#8221;||||||||&#8221; link_text_color=&#8221;#6B6B6B&#8221; background_enable_color=&#8221;off&#8221; custom_margin=&#8221;||20px||false|false&#8221; custom_padding=&#8221;10px||||false|false&#8221; border_radii=&#8221;on|10px|10px|10px|10px&#8221; box_shadow_style=&#8221;preset2&#8243; locked=&#8221;off&#8221; global_colors_info=&#8221;{}&#8221;]<\/p>\n<h6 style=\"text-align: center;\">Overview: <span style=\"color: #ff6600;\"> \u00a0\u00a0\u00a0\u00a0\u00a0\u00a0\u00a0\u00a0 <a href=\"https:\/\/ushagram-suisse.org\/en\/about\/\">About<\/a> &gt;<\/span><span style=\"color: #ff6600;\"><\/span>\u00a0<span style=\"color: #ff6600;\">\u00a0\u00a0\u00a0\u00a0\u00a0\u00a0\u00a0\u00a0\u00a0 <a href=\"https:\/\/ushagram-suisse.org\/en\/our-action\/\">Achievements<\/a> &gt;\u00a0\u00a0\u00a0\u00a0\u00a0\u00a0\u00a0 <a href=\"https:\/\/ushagram-suisse.org\/en\/our-action\/impact-en\/\">Impact<\/a> &gt;\u00a0\u00a0\u00a0 \u00a0 \u00a0 <a href=\"https:\/\/ushagram-suisse.org\/en\/projects\/\">Projects<\/a> &gt;\u00a0\u00a0 \u00a0 \u00a0\u00a0 <a href=\"https:\/\/ushagram-suisse.org\/en\/team\/\">Teams<\/a> &gt;<\/span><span style=\"color: #ff6600;\">\u00a0 \u00a0 \u00a0\u00a0\u00a0 Documents &gt;<\/span><span style=\"color: #ff6600;\">\u00a0\u00a0 \u00a0 \u00a0\u00a0 <a href=\"https:\/\/ushagram-suisse.org\/en\/news\/\">News<\/a> &gt;<\/span><\/h6>\n<p>[\/et_pb_text][et_pb_image src=&#8221;http:\/\/ushagram-suisse.org\/wp-content\/uploads\/2021\/03\/documents.jpg&#8221; title_text=&#8221;documents&#8221; _builder_version=&#8221;4.16&#8243; _module_preset=&#8221;default&#8221; global_colors_info=&#8221;{}&#8221;][\/et_pb_image][\/et_pb_column][\/et_pb_row][et_pb_row column_structure=&#8221;3_5,2_5&#8243; _builder_version=&#8221;4.16&#8243; background_size=&#8221;initial&#8221; background_position=&#8221;top_left&#8221; background_repeat=&#8221;repeat&#8221; global_colors_info=&#8221;{}&#8221;][et_pb_column type=&#8221;3_5&#8243; _builder_version=&#8221;4.16&#8243; custom_padding=&#8221;|||&#8221; global_colors_info=&#8221;{}&#8221; custom_padding__hover=&#8221;|||&#8221;][et_pb_text _builder_version=&#8221;4.24.2&#8243; background_size=&#8221;initial&#8221; background_position=&#8221;top_left&#8221; background_repeat=&#8221;repeat&#8221; min_height=&#8221;408px&#8221; custom_margin=&#8221;|75px||||&#8221; hover_enabled=&#8221;0&#8243; global_colors_info=&#8221;{}&#8221; sticky_enabled=&#8221;0&#8243;]<\/p>\n<h2><strong>OUR DOCUMENTS 2024<\/strong><\/h2>\n<p>March 2024 update. French language documents only.<\/p>\n<h3><\/h3>\n<p>&nbsp;<\/p>\n<h4><em><u>To the attention of donors and members<\/u><\/em><\/h4>\n<p><em><u><\/u><\/em><\/p>\n<p><em><strong>&gt;<\/strong><span>\u00a0<\/span><a href=\"https:\/\/ushagram-suisse.org\/wp-content\/uploads\/2024\/02\/PREZ-ASSO-2024_notre-action.pdf\" target=\"_blank\" rel=\"noopener noreferrer\">Introducing the association<\/a><br \/><strong>&gt;<\/strong><span>\u00a0<\/span><a href=\"https:\/\/ushagram-suisse.org\/wp-content\/uploads\/2020\/12\/CALENDRIER_TRAVAIL_UGCH.pdf\" target=\"_blank\" rel=\"noopener\">Annual timetable<\/a><br \/><strong>&gt;<\/strong><span>\u00a0<\/span><a href=\"https:\/\/ushagram-suisse.org\/wp-content\/uploads\/2024\/02\/RAPPORT-ACTIVITES-UG-2023-fin.pdf\" target=\"_blank\" rel=\"noopener noreferrer\">2023 Activity report<\/a><br \/>&gt; <a href=\"https:\/\/ushagram-suisse.org\/wp-content\/uploads\/2024\/02\/SAWA-BLN-PROGRAM-REPORT-2022-2023.pdf\">2023 End Report from field partner NGO<\/a><br \/>&gt; <a href=\"https:\/\/ushagram-suisse.org\/wp-content\/uploads\/2024\/02\/2023-UG-SAWA-AUDIT-REPORT.pdf\" target=\"_blank\" rel=\"noopener\">2023 Field Audit report<\/a><br \/><strong>&gt;<\/strong><span>\u00a0<\/span><a href=\"https:\/\/ushagram-suisse.org\/wp-content\/uploads\/2024\/02\/NOTRE-ACTION-UG-2024.pdf\" target=\"_blank\" rel=\"noopener noreferrer\">25 YEARS! Our action (pdf)<\/a><br \/><strong>&gt;<\/strong><span>\u00a0<\/span><a href=\"https:\/\/ushagram-suisse.org\/wp-content\/uploads\/2024\/02\/RAPPORT-FINANCIER-USHAGRAM-2023.pdf\" target=\"_blank\" rel=\"noopener noreferrer\">2023 Financial report<\/a><br \/><strong>&gt;<\/strong><span>\u00a0<\/span><a href=\"https:\/\/ushagram-suisse.org\/wp-content\/uploads\/2024\/02\/BUDGET-ASSOCIATION-USHAGRAM_2024.pdf\" target=\"_blank\" rel=\"noopener\">2024 Associative Budget<\/a><strong><br \/>&gt;<\/strong><span>\u00a0<\/span><a href=\"https:\/\/ushagram-suisse.org\/wp-content\/uploads\/2022\/03\/STATUTS-UG-2022.pdf\" target=\"_blank\" rel=\"noopener\">Statutes<\/a><br \/><strong>&gt;<\/strong><span>\u00a0<\/span><a href=\"https:\/\/ushagram-suisse.org\/wp-content\/uploads\/2024\/02\/PV_AG-2023_fin.pdf\" target=\"_blank\" rel=\"noopener\">2023 GA minutes<\/a><br \/><strong>&gt;<\/strong><span>\u00a0<\/span><a href=\"https:\/\/ushagram-suisse.org\/wp-content\/uploads\/2024\/02\/PV-COMITE-2023-2024.pdf\">2023-2024 Committee meeting minutes<\/a><br \/><strong>&gt;<\/strong><span>\u00a0<\/span><a href=\"https:\/\/ushagram-suisse.org\/wp-content\/uploads\/2023\/03\/BVR-QR-CODE-USHAGRAM.pdf\" target=\"_blank\" rel=\"noopener\">Swiss payment slip<\/a><br \/><strong>&gt;<\/strong><a href=\"https:\/\/ushagram-suisse.org\/wp-content\/uploads\/2024\/02\/FICHE-SIGNALETIQUE-2024.pdf\" target=\"_blank\" rel=\"noopener noreferrer\"><span> Bank details and association data sheet<\/span><\/a><\/em><\/p>\n<p>&nbsp;<\/p>\n<h3><strong><\/strong><\/h3>\n<h3><strong><\/strong><\/h3>\n<h3><strong><\/strong><\/h3>\n<h3><strong>OTHER DOCUMENTS<\/strong><\/h3>\n<p><span>&gt; <a href=\"https:\/\/ushagram-suisse.org\/wp-content\/uploads\/2020\/12\/POURQUOI-LIBAN-2018.pdf\" target=\"_blank\" rel=\"noopener\">Why Lebanon?<\/a> (2018 update)<br \/>&gt;\u00a0<a href=\"https:\/\/ushagram-suisse.org\/wp-content\/uploads\/2020\/12\/Sterilisation-Ushagram.pdf\" target=\"_blank\" rel=\"noopener\">Internal report on female sterilisation in India and at Kechala<\/a><br \/>&gt; <a href=\"https:\/\/ushagram-suisse.org\/wp-content\/uploads\/2020\/12\/systeme-educatif-a-Kechala.pdf\" target=\"_blank\" rel=\"noopener\">The educative system in Kechala<\/a><br \/><\/span><\/p>\n<p><span style=\"font-size: 14px;\"><\/span><\/p>\n<p>[\/et_pb_text][\/et_pb_column][et_pb_column type=&#8221;2_5&#8243; _builder_version=&#8221;4.16&#8243; custom_padding=&#8221;|||&#8221; global_colors_info=&#8221;{}&#8221; custom_padding__hover=&#8221;|||&#8221;][et_pb_text _builder_version=&#8221;4.24.1&#8243; _module_preset=&#8221;default&#8221; custom_padding=&#8221;20px|20px|20px|20px|false|false&#8221; border_radii=&#8221;on|10px|10px|10px|10px&#8221; box_shadow_style=&#8221;preset2&#8243; locked=&#8221;off&#8221; global_colors_info=&#8221;{}&#8221;]<\/p>\n<h3><strong>ARCHIVES<\/strong><\/h3>\n<p>2023<\/p>\n<p><strong>&gt;<\/strong> <a href=\"https:\/\/ushagram-suisse.org\/wp-content\/uploads\/2023\/03\/RAPPORT-ACTIVITES-2022-FINAL_web.pdf\" target=\"_blank\" rel=\"noopener\">Rapport d&#8217;activit\u00e9 2022<\/a><strong><br \/>&gt;<\/strong> <a href=\"https:\/\/ushagram-suisse.org\/wp-content\/uploads\/2023\/03\/RAPPORT-FINANCIER-USHAGRAM-2023_NB.pdf\" target=\"_blank\" rel=\"noopener\">Rapport comptable 2022<\/a><strong><br \/>&gt;<\/strong> <a href=\"https:\/\/ushagram-suisse.org\/wp-content\/uploads\/2023\/03\/PV-REU-COMITE-22-23.pdf\" target=\"_blank\" rel=\"noopener\">PVs Comit\u00e9 2022-23<\/a><strong><br \/><\/strong> &gt; <a href=\"https:\/\/ushagram-suisse.org\/wp-content\/uploads\/2023\/03\/PV-AG-USHAGRAM-2022.pdf\" target=\"_blank\" rel=\"noopener\">PV d&#8217;AG 2022<\/a><strong><\/strong><strong><\/strong><\/p>\n<p>2022<\/p>\n<p><strong>&gt;<\/strong> <a href=\"https:\/\/ushagram-suisse.org\/wp-content\/uploads\/2022\/03\/RapportActivites2021_complet_compressed.pdf\" target=\"_blank\" rel=\"noopener\">Rapport d&#8217;activit\u00e9 2021<\/a><strong><br \/>&gt;<\/strong> <a href=\"https:\/\/ushagram-suisse.org\/wp-content\/uploads\/2022\/03\/RAPPORT-FINANCIER-2021-UG_compressed.pdf\" target=\"_blank\" rel=\"noopener\">Rapport comptable 2021<\/a><strong><br \/>&gt;<\/strong> <a href=\"https:\/\/ushagram-suisse.org\/wp-content\/uploads\/2022\/03\/PV-COMITE-UG-21-22.pdf\" target=\"_blank\" rel=\"noopener\">PVs Comit\u00e9 2022<\/a><strong><br \/><\/strong> &gt; <a href=\"https:\/\/ushagram-suisse.org\/wp-content\/uploads\/2022\/03\/PV-AG-UG-2021.pdf\" target=\"_blank\" rel=\"noopener\">PV d&#8217;AG 2021<\/a><strong><br \/><\/strong><strong><\/strong><\/p>\n<p>2021<\/p>\n<p><strong>&gt;<\/strong> <a href=\"https:\/\/ushagram-suisse.org\/wp-content\/uploads\/2021\/02\/2-RapportActivites2020-complet.pdf\" target=\"_blank\" rel=\"noopener\">Rapport d&#8217;activit\u00e9 2020<\/a><strong><br \/>&gt;<\/strong> <a href=\"https:\/\/ushagram-suisse.org\/wp-content\/uploads\/2021\/02\/8-RAPPORT-FINANCIER-UGS-2020.pdf\" target=\"_blank\" rel=\"noopener\">Rapport comptable 2020<\/a><strong><br \/>&gt;<\/strong> <a href=\"https:\/\/ushagram-suisse.org\/wp-content\/uploads\/2021\/02\/PV-COMITE-0221.pdf\" target=\"_blank\" rel=\"noopener\">PVs Comit\u00e9 2021<\/a><strong><br \/><\/strong> &gt; <a href=\"https:\/\/ushagram-suisse.org\/wp-content\/uploads\/2020\/12\/PV-AG-2020.pdf\" target=\"_blank\" rel=\"noopener\">PV d&#8217;AG 2020<\/a><strong><br \/><\/strong><strong><\/strong><\/p>\n<p>2020<\/p>\n<p><strong>&gt;<\/strong> <a href=\"https:\/\/ushagram-suisse.org\/wp-content\/uploads\/2020\/12\/Rapport-Activites-2019_ver4.pdf\" target=\"_blank\" rel=\"noopener\">Rapport d&#8217;activit\u00e9 2019<\/a><strong><br \/>&gt;<\/strong> <a href=\"https:\/\/ushagram-suisse.org\/wp-content\/uploads\/2020\/12\/RAPPORT-FINANCIER-UG-2019-corr.pdf\" target=\"_blank\" rel=\"noopener\">Rapport comptable 2019<\/a><strong><br \/>&gt;<\/strong> <a href=\"https:\/\/ushagram-suisse.org\/wp-content\/uploads\/2020\/12\/PVs-COMITE-2020.pdf\" target=\"_blank\" rel=\"noopener\">PVs Comit\u00e9 2020<\/a><strong><br \/><\/strong> &gt; <a href=\"https:\/\/ushagram-suisse.org\/wp-content\/uploads\/2020\/12\/PV-AG-2019-definitif.pdf\" target=\"_blank\" rel=\"noopener\">PV d&#8217;AG 2019<\/a><strong><br \/><\/strong><strong><br \/><\/strong><\/p>\n<h4>2019<\/h4>\n<p><strong>&gt;<\/strong> <a href=\"https:\/\/ushagram-suisse.org\/wp-content\/uploads\/2020\/12\/RAPPORT-ACTIVVITE-UG-2018.pdf\" target=\"_blank\" rel=\"noopener\">Rapport d&#8217;activit\u00e9s 2018<\/a><strong><br \/>&gt;<\/strong> <a href=\"https:\/\/ushagram-suisse.org\/wp-content\/uploads\/2020\/12\/Rapport-financier-UG-2018.pdf\" target=\"_blank\" rel=\"noopener\">Rapport comptable 2018<\/a><strong><br \/>&gt;<\/strong> <a href=\"https:\/\/ushagram-suisse.org\/wp-content\/uploads\/2020\/12\/PVs_COMITE-2019.pdf\" target=\"_blank\" rel=\"noopener\">PVs de Comit\u00e9 2019<\/a><strong><br \/><\/strong> &gt; <a href=\"https:\/\/ushagram-suisse.org\/wp-content\/uploads\/2020\/12\/PV-AG-2018-orig.pdf\" target=\"_blank\" rel=\"noopener\">PV d&#8217;AG 2018<\/a><strong><br \/><\/strong><span style=\"font-size: 14px;\">\u00a0<\/span><span style=\"font-size: 14px;\">\u00a0<\/span><strong><br \/><\/strong><\/p>\n<h4>2018<\/h4>\n<p><strong>&gt;<\/strong> <a href=\"https:\/\/ushagram-suisse.org\/wp-content\/uploads\/2020\/12\/RapportActivites2017.pdf\" target=\"_blank\" rel=\"noopener\">Rapport d&#8217;activit\u00e9s 2017<\/a><strong><br \/>&gt;<\/strong> <a href=\"https:\/\/ushagram-suisse.org\/wp-content\/uploads\/2020\/12\/Audit-Ushagram-2017.pdf\" target=\"_blank\" rel=\"noopener\">Rapport comptable 2017<\/a><strong><br \/>&gt;<\/strong> <a href=\"https:\/\/ushagram-suisse.org\/wp-content\/uploads\/2020\/12\/PVs_COMITE-2018.pdf\" target=\"_blank\" rel=\"noopener\">PVs Comit\u00e9 2018<\/a><strong><br \/><\/strong> &gt; <a href=\"https:\/\/ushagram-suisse.org\/wp-content\/uploads\/2021\/02\/PV-AG-2017_fin.pdf\" target=\"_blank\" rel=\"noopener noreferrer\">PV d&#8217;AG 2017<\/a><strong><br \/><\/strong><span style=\"font-size: 14px;\"><\/span><\/p>\n<p><span style=\"font-size: 14px;\">Pour les ann\u00e9es pr\u00e9c\u00e9dentes, nous demander ou <a href=\"http:\/\/old.ushagram-suisse.org\/fundraising\/index_2017.html\" target=\"_blank\" rel=\"noopener\">consulter notre ancien site internet faisant office d&#8217;archive<\/a>.<\/span><strong><br \/><\/strong><\/p>\n<p>[\/et_pb_text][\/et_pb_column][\/et_pb_row][\/et_pb_section][et_pb_section fb_built=&#8221;1&#8243; _builder_version=&#8221;4.9.0&#8243; _module_preset=&#8221;default&#8221; background_color=&#8221;#5b5b5b&#8221; min_height=&#8221;445.9px&#8221; custom_margin=&#8221;3px||-3px|||&#8221; custom_padding=&#8221;90px||0px|||&#8221; global_module=&#8221;1620&#8243; global_colors_info=&#8221;{}&#8221;][et_pb_row column_structure=&#8221;1_4,1_4,1_4,1_4&#8243; _builder_version=&#8221;4.16&#8243; _module_preset=&#8221;default&#8221; global_colors_info=&#8221;{}&#8221;][et_pb_column type=&#8221;1_4&#8243; _builder_version=&#8221;4.16&#8243; _module_preset=&#8221;default&#8221; global_colors_info=&#8221;{}&#8221;][et_pb_image src=&#8221;http:\/\/ushagram-suisse.org\/wp-content\/uploads\/2021\/03\/UG-logo_transp.png&#8221; title_text=&#8221;UG-logo_transp&#8221; url=&#8221;https:\/\/ushagram-suisse.org\/en\/&#8221; _builder_version=&#8221;4.16&#8243; _module_preset=&#8221;default&#8221; global_colors_info=&#8221;{}&#8221;][\/et_pb_image][\/et_pb_column][et_pb_column type=&#8221;1_4&#8243; _builder_version=&#8221;4.16&#8243; _module_preset=&#8221;default&#8221; global_colors_info=&#8221;{}&#8221;][et_pb_text _builder_version=&#8221;4.16&#8243; _module_preset=&#8221;default&#8221; global_colors_info=&#8221;{}&#8221;]<\/p>\n<h4><span style=\"color: #e09900;\">ABOUT<\/span><\/h4>\n<p><a href=\"https:\/\/ushagram-suisse.org\/en\/about\/\"><span style=\"color: #f9f9f9;\">Who we are<\/span><\/a><br \/><a href=\"https:\/\/ushagram-suisse.org\/en\/team\/\"><span style=\"color: #f9f9f9;\">Teams and contacts<\/span><\/a><br \/><a href=\"https:\/\/ushagram-suisse.org\/en\/news\/\"><span style=\"color: #ffffff;\">News<\/span><span style=\"color: #f9f9f9;\"><\/span><\/a><br \/><a href=\"https:\/\/ushagram-suisse.org\/en\/documents-en\/\"><span style=\"color: #f9f9f9;\">Documents<\/span><\/a><\/p>\n<p>[\/et_pb_text][\/et_pb_column][et_pb_column type=&#8221;1_4&#8243; _builder_version=&#8221;4.16&#8243; _module_preset=&#8221;default&#8221; global_colors_info=&#8221;{}&#8221;][et_pb_text _builder_version=&#8221;4.16&#8243; _module_preset=&#8221;default&#8221; global_colors_info=&#8221;{}&#8221;]<\/p>\n<h4><span style=\"color: #e09900;\">ACTION<\/span><\/h4>\n<p><span style=\"color: #ffffff;\"><a href=\"https:\/\/ushagram-suisse.org\/en\/our-action\/\" style=\"color: #ffffff;\">Achievements<\/a><\/span><br \/><a href=\"https:\/\/ushagram-suisse.org\/en\/our-action\/impact-en\/\"><span style=\"color: #f9f9f9;\">Impact<\/span><\/a><a href=\"https:\/\/ushagram-suisse.org\/en\/documents-en\/\"><span style=\"color: #f9f9f9;\"><\/span><span style=\"color: #f9f9f9;\"><\/span><\/a><br \/><a href=\"https:\/\/ushagram-suisse.org\/en\/projects\/institutions-en\/\"><span style=\"color: #f9f9f9;\">Institutional projects<\/span><\/a><br \/><a href=\"https:\/\/ushagram-suisse.org\/en\/projects\/individuals\/\"><span style=\"color: #f9f9f9;\">Private initiatives<\/span><\/a><br \/><a href=\"https:\/\/ushagram-suisse.org\/en\/our-action\/impact-en\/\"><span style=\"color: #f9f9f9;\"><\/span><\/a><\/p>\n<p>[\/et_pb_text][\/et_pb_column][et_pb_column type=&#8221;1_4&#8243; _builder_version=&#8221;4.16&#8243; _module_preset=&#8221;default&#8221; global_colors_info=&#8221;{}&#8221;][et_pb_text _builder_version=&#8221;4.16&#8243; _module_preset=&#8221;default&#8221; custom_padding=&#8221;||0px|||&#8221; global_colors_info=&#8221;{}&#8221;]<\/p>\n<h4><span style=\"color: #e09900;\">SUPPORT<\/span><\/h4>\n<p><a href=\"https:\/\/ushagram-suisse.org\/en\/support\/\"><span style=\"color: #f9f9f9;\">Becoming a member<\/span><\/a><br \/><a href=\"https:\/\/ushagram-suisse.org\/en\/support\/\"><span style=\"color: #f9f9f9;\">One-time donation<\/span><\/a><br \/><a href=\"https:\/\/ushagram-suisse.org\/en\/support\/\"><span style=\"color: #f9f9f9;\">Cofinancing a project<\/span><\/a><br \/><a href=\"https:\/\/ushagram-suisse.org\/en\/projects\/individuals\/volunteering\/\"><span style=\"color: #f9f9f9;\">Voluntary work in India<\/span><\/a><\/p>\n<p>[\/et_pb_text][\/et_pb_column][\/et_pb_row][\/et_pb_section]<\/p>\n","protected":false},"excerpt":{"rendered":"<p>Overview: \u00a0\u00a0\u00a0\u00a0\u00a0\u00a0\u00a0\u00a0 About &gt;\u00a0\u00a0\u00a0\u00a0\u00a0\u00a0\u00a0\u00a0\u00a0\u00a0 Achievements &gt;\u00a0\u00a0\u00a0\u00a0\u00a0\u00a0\u00a0 Impact &gt;\u00a0\u00a0\u00a0 \u00a0 \u00a0 Projects &gt;\u00a0\u00a0 \u00a0 \u00a0\u00a0 Teams &gt;\u00a0 \u00a0 \u00a0\u00a0\u00a0 Documents &gt;\u00a0\u00a0 \u00a0 \u00a0\u00a0 News &gt;OUR DOCUMENTS 2024 March 2024 update. French language documents only. &nbsp; To the attention of donors and members &gt;\u00a0Introducing the association&gt;\u00a0Annual timetable&gt;\u00a02023 Activity report&gt; 2023 End Report from field partner NGO&gt; 2023 [&hellip;]<\/p>\n","protected":false},"author":1,"featured_media":0,"parent":0,"menu_order":0,"comment_status":"closed","ping_status":"closed","template":"","meta":{"_et_pb_use_builder":"on","_et_pb_old_content":"","_et_gb_content_width":"","footnotes":""},"categories":[43,18],"tags":[],"class_list":["post-831","page","type-page","status-publish","hentry","category-internalp-categ-de","category-internalp-categ-fr"],"_links":{"self":[{"href":"https:\/\/ushagram-suisse.org\/en\/wp-json\/wp\/v2\/pages\/831","targetHints":{"allow":["GET"]}}],"collection":[{"href":"https:\/\/ushagram-suisse.org\/en\/wp-json\/wp\/v2\/pages"}],"about":[{"href":"https:\/\/ushagram-suisse.org\/en\/wp-json\/wp\/v2\/types\/page"}],"author":[{"embeddable":true,"href":"https:\/\/ushagram-suisse.org\/en\/wp-json\/wp\/v2\/users\/1"}],"replies":[{"embeddable":true,"href":"https:\/\/ushagram-suisse.org\/en\/wp-json\/wp\/v2\/comments?post=831"}],"version-history":[{"count":23,"href":"https:\/\/ushagram-suisse.org\/en\/wp-json\/wp\/v2\/pages\/831\/revisions"}],"predecessor-version":[{"id":4598,"href":"https:\/\/ushagram-suisse.org\/en\/wp-json\/wp\/v2\/pages\/831\/revisions\/4598"}],"wp:attachment":[{"href":"https:\/\/ushagram-suisse.org\/en\/wp-json\/wp\/v2\/media?parent=831"}],"wp:term":[{"taxonomy":"category","embeddable":true,"href":"https:\/\/ushagram-suisse.org\/en\/wp-json\/wp\/v2\/categories?post=831"},{"taxonomy":"post_tag","embeddable":true,"href":"https:\/\/ushagram-suisse.org\/en\/wp-json\/wp\/v2\/tags?post=831"}],"curies":[{"name":"wp","href":"https:\/\/api.w.org\/{rel}","templated":true}]}}