               {"id":815,"date":"2020-12-26T14:55:03","date_gmt":"2020-12-26T13:55:03","guid":{"rendered":"http:\/\/ushagram-suisse.org\/notre-action\/"},"modified":"2024-02-20T12:23:10","modified_gmt":"2024-02-20T11:23:10","slug":"our-action","status":"publish","type":"page","link":"https:\/\/ushagram-suisse.org\/en\/our-action\/","title":{"rendered":"Our Action &#8211; EN"},"content":{"rendered":"<p>[et_pb_section fb_built=&#8221;1&#8243; fullwidth=&#8221;on&#8221; _builder_version=&#8221;4.16&#8243; background_color=&#8221;#800000&#8243; use_background_color_gradient=&#8221;on&#8221; background_color_gradient_direction=&#8221;330deg&#8221; background_color_gradient_stops=&#8221;#800000 0%|#E02B20 100%&#8221; background_color_gradient_start=&#8221;#800000&#8243; background_color_gradient_end=&#8221;#E02B20&#8243; global_colors_info=&#8221;{}&#8221;][et_pb_fullwidth_header title=&#8221;Our action 1999 &#8211; 2023&#8243; subhead=&#8221;In the field since 25 years with more than 200 projects to our credit&#8221; _builder_version=&#8221;4.16&#8243; title_font=&#8221;||||||||&#8221; background_color=&#8221;rgba(255, 255, 255, 0)&#8221; global_colors_info=&#8221;{}&#8221; button_one_text_size__hover_enabled=&#8221;off&#8221; button_two_text_size__hover_enabled=&#8221;off&#8221; button_one_text_color__hover_enabled=&#8221;off&#8221; button_two_text_color__hover_enabled=&#8221;off&#8221; button_one_border_width__hover_enabled=&#8221;off&#8221; button_two_border_width__hover_enabled=&#8221;off&#8221; button_one_border_color__hover_enabled=&#8221;off&#8221; button_two_border_color__hover_enabled=&#8221;off&#8221; button_one_border_radius__hover_enabled=&#8221;off&#8221; button_two_border_radius__hover_enabled=&#8221;off&#8221; button_one_letter_spacing__hover_enabled=&#8221;off&#8221; button_two_letter_spacing__hover_enabled=&#8221;off&#8221; button_one_bg_color__hover_enabled=&#8221;off&#8221; button_two_bg_color__hover_enabled=&#8221;off&#8221;][\/et_pb_fullwidth_header][\/et_pb_section][et_pb_section fb_built=&#8221;1&#8243; _builder_version=&#8221;4.16&#8243; background_color=&#8221;#f0e8db&#8221; custom_margin=&#8221;0px||||false|false&#8221; custom_padding=&#8221;35px||||false|false&#8221; global_colors_info=&#8221;{}&#8221;][et_pb_row _builder_version=&#8221;4.16&#8243; background_size=&#8221;initial&#8221; background_position=&#8221;top_left&#8221; background_repeat=&#8221;repeat&#8221; custom_margin=&#8221;0px||0px||false|false&#8221; custom_padding=&#8221;0px||0px||false|false&#8221; global_colors_info=&#8221;{}&#8221;][et_pb_column type=&#8221;4_4&#8243; _builder_version=&#8221;4.16&#8243; custom_padding=&#8221;|||&#8221; global_colors_info=&#8221;{}&#8221; custom_padding__hover=&#8221;|||&#8221;][et_pb_text module_class=&#8221;hyperlink-color&#8221; _builder_version=&#8221;4.16&#8243; _module_preset=&#8221;default&#8221; link_font=&#8221;||||||||&#8221; link_text_color=&#8221;#6B6B6B&#8221; background_enable_color=&#8221;off&#8221; custom_margin=&#8221;||20px||false|false&#8221; custom_padding=&#8221;10px||||false|false&#8221; border_radii=&#8221;on|10px|10px|10px|10px&#8221; box_shadow_style=&#8221;preset2&#8243; locked=&#8221;off&#8221; global_colors_info=&#8221;{}&#8221;]<\/p>\n<h6 style=\"text-align: center;\">Overview: <span style=\"color: #ff6600;\"> \u00a0\u00a0\u00a0\u00a0\u00a0\u00a0\u00a0\u00a0 <a href=\"https:\/\/ushagram-suisse.org\/en\/about\/\">About<\/a> &gt;<\/span><span style=\"color: #ff6600;\"><\/span>\u00a0<span style=\"color: #ff6600;\">\u00a0\u00a0\u00a0\u00a0\u00a0\u00a0\u00a0\u00a0\u00a0 Achievements &gt;\u00a0\u00a0\u00a0\u00a0\u00a0\u00a0\u00a0 <a href=\"https:\/\/ushagram-suisse.org\/en\/our-action\/impact-en\/\">Impact<\/a> &gt;\u00a0\u00a0\u00a0 \u00a0 \u00a0 <a href=\"https:\/\/ushagram-suisse.org\/en\/projects\/\">Projects<\/a> &gt;\u00a0\u00a0 \u00a0 \u00a0\u00a0 <a href=\"https:\/\/ushagram-suisse.org\/en\/team\/\">Teams<\/a> &gt;<\/span><span style=\"color: #ff6600;\">\u00a0 \u00a0 \u00a0\u00a0\u00a0 <a href=\"https:\/\/ushagram-suisse.org\/en\/documents-en\/\">Documents<\/a> &gt;<\/span><span style=\"color: #ff6600;\">\u00a0\u00a0 \u00a0 \u00a0\u00a0 <a href=\"https:\/\/ushagram-suisse.org\/en\/news\/\">News<\/a> &gt;<\/span><\/h6>\n<p>[\/et_pb_text][et_pb_text _builder_version=&#8221;4.20.2&#8243; _module_preset=&#8221;default&#8221; global_colors_info=&#8221;{}&#8221;]<\/p>\n<h2><strong>WHAT WE HAVE ACHIEVED SINCE 1999<\/strong><\/h2>\n<p>Since the creation of Ushagram Switzerland in 1999, we have been able to collect <span>1,448,876<\/span> CHF (1.57 MM USD) from our institutional donors, i.e. an average close to 60,000 Fr per year (65k USD)\u00a0 &#8211; this, in the context of an activity (search for projects, background research, project management) taken from the free time of active members. Here is the summary of the more than 200 projects that we have been able to carry out (<a href=\"https:\/\/ushagram-suisse.org\/wp-content\/uploads\/2023\/03\/OUR-ACTION-UG-99-22.pdf\" target=\"_blank\" rel=\"noopener noreferrer\">PDF version<\/a>):<\/p>\n<p>[\/et_pb_text][et_pb_image src=&#8221;http:\/\/ushagram-suisse.org\/wp-content\/uploads\/2021\/02\/BANDO-ACTION-IND-2-BIL.jpg&#8221; title_text=&#8221;BANDO-ACTION-IND-2-BIL&#8221; _builder_version=&#8221;4.16&#8243; _module_preset=&#8221;default&#8221; global_colors_info=&#8221;{}&#8221;][\/et_pb_image][et_pb_text _builder_version=&#8221;4.16&#8243; background_size=&#8221;initial&#8221; background_position=&#8221;top_left&#8221; background_repeat=&#8221;repeat&#8221; min_height=&#8221;408px&#8221; custom_margin=&#8221;|75px||||&#8221; global_colors_info=&#8221;{}&#8221;]<\/p>\n<h4><strong>I N D I A\u00a0 (West Bengal and Orissa)<\/strong><\/h4>\n<h4><em><u>Education and training<br \/><\/u><\/em><\/h4>\n<ul>\n<li>Construction of a rural public library<\/li>\n<li>Construction, renovation, expansion of 14 nursery schools and 2 primary schools<\/li>\n<li>Construction of two science rooms<\/li>\n<li>Funding of school programs<\/li>\n<li>Purchase of sports equipment for a hall<\/li>\n<li>School support for drop-out children<\/li>\n<li>Various literacy programs<\/li>\n<li>Equipment of computer training rooms<\/li>\n<li>Sponsorship of children&#8217;s education<\/li>\n<li>Participation in the construction of rural boarding schools and their development<\/li>\n<li>Participation in the construction of a 1000 m2 school with 20 rooms and a library<\/li>\n<li>Construction of playgrounds and sports ground<\/li>\n<\/ul>\n<p>&nbsp;<\/p>\n<h4><em><u>Handicraft, agriculture and production<\/u><\/em><\/h4>\n<ul>\n<li>Construction of an agro-food production workshop (spices, honey, chutney, pickles, mustard, fruit juices, etc.) employing 80 people<\/li>\n<li>Beekeeping programme and production unit, construction and implementation<\/li>\n<li>Construction and support of a jute handicraft production centre employing 40 people<\/li>\n<li>Construction and support of an embroidery, batik and weaving production workshop employing 80 people.<\/li>\n<li>Implementation of training outside the production workshops<\/li>\n<li>Construction of an exhibition-sale space for artisanal production<\/li>\n<li>Sanitation of a batik dyeing centre (water treatment)<\/li>\n<li>Establishment of a sales network for artisanal products<\/li>\n<li>Construction of a grain silo<\/li>\n<li>Creation of vegetable gardens<\/li>\n<li>Reforestation and orchard plantations (thousands of trees)<\/li>\n<li>Training in grafting, horticulture, biodynamic agriculture<\/li>\n<li>Various handicraft training<\/li>\n<li>Organic farming pilot program<\/li>\n<li>Rainwater harvesting equipment for agricultural purposes<\/li>\n<li>Sanitation of 4 ponds and establishment of fish farming units<\/li>\n<li>Foot pumps for irrigation<\/li>\n<li>Construction of a model dairy farm (barn, outbuildings etc.) and purchase of cows<\/li>\n<li>Construction and equipment of a rural forge<\/li>\n<li>Installation of a biogaz plant connected to the cowshed for the site ktichen<\/li>\n<\/ul>\n<p>&nbsp;<\/p>\n<h4><em><u>Health, families, women<\/u><\/em><\/h4>\n<ul>\n<li>General health, dental, eye (cataract operations), transfusion, malaria, TB camps<\/li>\n<li>Drilling of around twenty artesian wells (drinking water and irrigation)<\/li>\n<li>Support for 300 self-help groups of 15-20 women and microfinance (approx. 4,500 women)<\/li>\n<li>Construction of a women&#8217;s shelter<\/li>\n<li>Purchase of 100 biomass stoves for cooking, installation and training<\/li>\n<li>Sanitation and construction of public latrines<\/li>\n<li>Nutrition camps<\/li>\n<\/ul>\n<p>&nbsp;<\/p>\n<h4><em><u>Access, infrastructure, connectivity<\/u><\/em><\/h4>\n<ul>\n<li>Rehabilitation of rural roads<\/li>\n<li>Installation of electric pumps to serve tribal hamlets<\/li>\n<li>Purchase and renovation of boat-shuttles to access tribal hamlets by a lake<\/li>\n<li>Construction of kitchen, dining hall and community hall<\/li>\n<li>Solar electrification of buildings<\/li>\n<li>Portable solar electrification for villagers&#8217; huts<\/li>\n<li>Construction of public showers and latrines<\/li>\n<li>Housing construction for volunteers<\/li>\n<li>Construction of a dispensary and its warehouse<\/li>\n<\/ul>\n<p>[\/et_pb_text][et_pb_image src=&#8221;http:\/\/ushagram-suisse.org\/wp-content\/uploads\/2021\/02\/BANDO-ACTION-LIB-2-BIL.jpg&#8221; title_text=&#8221;BANDO-ACTION-LIB-2-BIL&#8221; _builder_version=&#8221;4.16&#8243; _module_preset=&#8221;default&#8221; global_colors_info=&#8221;{}&#8221;][\/et_pb_image][et_pb_text _builder_version=&#8221;4.16&#8243; _module_preset=&#8221;default&#8221; global_colors_info=&#8221;{}&#8221;]<\/p>\n<h4><strong>L E B A N O N\u00a0 (syrian refugees and disadvantaged lebanese)<span> <\/span><\/strong>since 2016<\/h4>\n<ul>\n<li>Handicraft training (sewing, embroidery, crochet, knitting) of 60 women, West Bekaa<\/li>\n<li>Training of 50 women in sewing and 35 families in cultivating aromatic plants, in Al Qaa, North East (syrian beduins)<\/li>\n<li>Access to drinking water for 100 refugee families in tents, Halba, North<\/li>\n<li>Installation and partial equipment of a training room for adults, Halba, North<\/li>\n<li>Vocational training of 120 women in cooking, canning and catering,<\/li>\n<li>Professional training of 32 teenagers in automotive mechanics \/ aesthetics<\/li>\n<li>Basic literacy and numeracy training for 725 refugee children with the aim to integrate them in the school system. In 3 years, 386 of them have integrated the public shool system, i.e. 130 a year.<\/li>\n<\/ul>\n<p>[\/et_pb_text][\/et_pb_column][\/et_pb_row][et_pb_row column_structure=&#8221;1_2,1_2&#8243; _builder_version=&#8221;4.16&#8243; background_size=&#8221;initial&#8221; background_position=&#8221;top_left&#8221; background_repeat=&#8221;repeat&#8221; custom_padding=&#8221;20px|20px|20px|20px|false|false&#8221; border_radii=&#8221;on|10px|10px|10px|10px&#8221; box_shadow_style=&#8221;preset2&#8243; global_colors_info=&#8221;{}&#8221;][et_pb_column type=&#8221;1_2&#8243; _builder_version=&#8221;4.16&#8243; custom_padding=&#8221;|||&#8221; global_colors_info=&#8221;{}&#8221; custom_padding__hover=&#8221;|||&#8221;][et_pb_text _builder_version=&#8221;4.16&#8243; background_size=&#8221;initial&#8221; background_position=&#8221;top_left&#8221; background_repeat=&#8221;repeat&#8221; global_colors_info=&#8221;{}&#8221;]<\/p>\n<h3><strong>OUR INSTITUTIONAL DONORS<br \/><\/strong><\/h3>\n<p><span style=\"font-size: 14px;\">Mostly Municipalities of Geneva Canton: Ani\u00e8res, Ath\u00e9naz, Bardonnex, Bellevue, Bernex, Ch\u00eane-Bougeries, Ch\u00eane-Bourg, Choulex, Cologny, Collex-Bossy, Collonge-Bellerive, Confignon, Corsier, Genthod, Jussy, Laconnex, Lancy, Meinier, Meyrin, Onex, Plan-les-Ouates, Perly-Certoux, Pr\u00e9gny-Chambesy, Puplinge, Satigny, Th\u00f4nex, Troinex, Vandoeuvres and Veyrier.<\/span><\/p>\n<p>[\/et_pb_text][\/et_pb_column][et_pb_column type=&#8221;1_2&#8243; _builder_version=&#8221;4.16&#8243; custom_padding=&#8221;|||&#8221; global_colors_info=&#8221;{}&#8221; custom_padding__hover=&#8221;|||&#8221;][et_pb_text _builder_version=&#8221;4.16&#8243; background_size=&#8221;initial&#8221; background_position=&#8221;top_left&#8221; background_repeat=&#8221;repeat&#8221; global_colors_info=&#8221;{}&#8221;]<\/p>\n<h3><span style=\"font-size: 14px; color: #666666;\"><br \/>But also Geneva City,\u00a0 <span>Department of Social Affairs \/ Canton Geneva, International Solidarity \/ 1% UN Fund <\/span> \/ Geneva Electricity Board \/ Migros \/ Poschiavo Municipality (Grisons) \/ Bank Lombard Odier Darier Hentsch &amp; Cie. \/ Geneva Association of watchmakers.<\/span><\/h3>\n<p>[\/et_pb_text][\/et_pb_column][\/et_pb_row][\/et_pb_section][et_pb_section fb_built=&#8221;1&#8243; _builder_version=&#8221;4.9.0&#8243; _module_preset=&#8221;default&#8221; background_color=&#8221;#5b5b5b&#8221; min_height=&#8221;445.9px&#8221; custom_margin=&#8221;3px||-3px|||&#8221; custom_padding=&#8221;90px||0px|||&#8221; global_module=&#8221;1620&#8243; global_colors_info=&#8221;{}&#8221;][et_pb_row column_structure=&#8221;1_4,1_4,1_4,1_4&#8243; _builder_version=&#8221;4.16&#8243; _module_preset=&#8221;default&#8221; global_colors_info=&#8221;{}&#8221;][et_pb_column type=&#8221;1_4&#8243; _builder_version=&#8221;4.16&#8243; _module_preset=&#8221;default&#8221; global_colors_info=&#8221;{}&#8221;][et_pb_image src=&#8221;http:\/\/ushagram-suisse.org\/wp-content\/uploads\/2021\/03\/UG-logo_transp.png&#8221; title_text=&#8221;UG-logo_transp&#8221; url=&#8221;https:\/\/ushagram-suisse.org\/en\/&#8221; _builder_version=&#8221;4.16&#8243; _module_preset=&#8221;default&#8221; global_colors_info=&#8221;{}&#8221;][\/et_pb_image][\/et_pb_column][et_pb_column type=&#8221;1_4&#8243; _builder_version=&#8221;4.16&#8243; _module_preset=&#8221;default&#8221; global_colors_info=&#8221;{}&#8221;][et_pb_text _builder_version=&#8221;4.16&#8243; _module_preset=&#8221;default&#8221; global_colors_info=&#8221;{}&#8221;]<\/p>\n<h4><span style=\"color: #e09900;\">ABOUT<\/span><\/h4>\n<p><a href=\"https:\/\/ushagram-suisse.org\/en\/about\/\"><span style=\"color: #f9f9f9;\">Who we are<\/span><\/a><br \/><a href=\"https:\/\/ushagram-suisse.org\/en\/team\/\"><span style=\"color: #f9f9f9;\">Teams and contacts<\/span><\/a><br \/><a href=\"https:\/\/ushagram-suisse.org\/en\/news\/\"><span style=\"color: #ffffff;\">News<\/span><span style=\"color: #f9f9f9;\"><\/span><\/a><br \/><a href=\"https:\/\/ushagram-suisse.org\/en\/documents-en\/\"><span style=\"color: #f9f9f9;\">Documents<\/span><\/a><\/p>\n<p>[\/et_pb_text][\/et_pb_column][et_pb_column type=&#8221;1_4&#8243; _builder_version=&#8221;4.16&#8243; _module_preset=&#8221;default&#8221; global_colors_info=&#8221;{}&#8221;][et_pb_text _builder_version=&#8221;4.16&#8243; _module_preset=&#8221;default&#8221; global_colors_info=&#8221;{}&#8221;]<\/p>\n<h4><span style=\"color: #e09900;\">ACTION<\/span><\/h4>\n<p><span style=\"color: #ffffff;\"><a href=\"https:\/\/ushagram-suisse.org\/en\/our-action\/\" style=\"color: #ffffff;\">Achievements<\/a><\/span><br \/><a href=\"https:\/\/ushagram-suisse.org\/en\/our-action\/impact-en\/\"><span style=\"color: #f9f9f9;\">Impact<\/span><\/a><a href=\"https:\/\/ushagram-suisse.org\/en\/documents-en\/\"><span style=\"color: #f9f9f9;\"><\/span><span style=\"color: #f9f9f9;\"><\/span><\/a><br \/><a href=\"https:\/\/ushagram-suisse.org\/en\/projects\/institutions-en\/\"><span style=\"color: #f9f9f9;\">Institutional projects<\/span><\/a><br \/><a href=\"https:\/\/ushagram-suisse.org\/en\/projects\/individuals\/\"><span style=\"color: #f9f9f9;\">Private initiatives<\/span><\/a><br \/><a href=\"https:\/\/ushagram-suisse.org\/en\/our-action\/impact-en\/\"><span style=\"color: #f9f9f9;\"><\/span><\/a><\/p>\n<p>[\/et_pb_text][\/et_pb_column][et_pb_column type=&#8221;1_4&#8243; _builder_version=&#8221;4.16&#8243; _module_preset=&#8221;default&#8221; global_colors_info=&#8221;{}&#8221;][et_pb_text _builder_version=&#8221;4.16&#8243; _module_preset=&#8221;default&#8221; custom_padding=&#8221;||0px|||&#8221; global_colors_info=&#8221;{}&#8221;]<\/p>\n<h4><span style=\"color: #e09900;\">SUPPORT<\/span><\/h4>\n<p><a href=\"https:\/\/ushagram-suisse.org\/en\/support\/\"><span style=\"color: #f9f9f9;\">Becoming a member<\/span><\/a><br \/><a href=\"https:\/\/ushagram-suisse.org\/en\/support\/\"><span style=\"color: #f9f9f9;\">One-time donation<\/span><\/a><br \/><a href=\"https:\/\/ushagram-suisse.org\/en\/support\/\"><span style=\"color: #f9f9f9;\">Cofinancing a project<\/span><\/a><br \/><a href=\"https:\/\/ushagram-suisse.org\/en\/projects\/individuals\/volunteering\/\"><span style=\"color: #f9f9f9;\">Voluntary work in India<\/span><\/a><\/p>\n<p>[\/et_pb_text][\/et_pb_column][\/et_pb_row][\/et_pb_section]<\/p>\n","protected":false},"excerpt":{"rendered":"<p>Overview: \u00a0\u00a0\u00a0\u00a0\u00a0\u00a0\u00a0\u00a0 About &gt;\u00a0\u00a0\u00a0\u00a0\u00a0\u00a0\u00a0\u00a0\u00a0\u00a0 Achievements &gt;\u00a0\u00a0\u00a0\u00a0\u00a0\u00a0\u00a0 Impact &gt;\u00a0\u00a0\u00a0 \u00a0 \u00a0 Projects &gt;\u00a0\u00a0 \u00a0 \u00a0\u00a0 Teams &gt;\u00a0 \u00a0 \u00a0\u00a0\u00a0 Documents &gt;\u00a0\u00a0 \u00a0 \u00a0\u00a0 News &gt;WHAT WE HAVE ACHIEVED SINCE 1999 Since the creation of Ushagram Switzerland in 1999, we have been able to collect 1,448,876 CHF (1.57 MM USD) from our institutional donors, i.e. an average [&hellip;]<\/p>\n","protected":false},"author":1,"featured_media":0,"parent":0,"menu_order":0,"comment_status":"closed","ping_status":"closed","template":"","meta":{"_et_pb_use_builder":"on","_et_pb_old_content":"","_et_gb_content_width":"","footnotes":""},"categories":[20],"tags":[],"class_list":["post-815","page","type-page","status-publish","hentry","category-internalp-categ-an"],"_links":{"self":[{"href":"https:\/\/ushagram-suisse.org\/en\/wp-json\/wp\/v2\/pages\/815","targetHints":{"allow":["GET"]}}],"collection":[{"href":"https:\/\/ushagram-suisse.org\/en\/wp-json\/wp\/v2\/pages"}],"about":[{"href":"https:\/\/ushagram-suisse.org\/en\/wp-json\/wp\/v2\/types\/page"}],"author":[{"embeddable":true,"href":"https:\/\/ushagram-suisse.org\/en\/wp-json\/wp\/v2\/users\/1"}],"replies":[{"embeddable":true,"href":"https:\/\/ushagram-suisse.org\/en\/wp-json\/wp\/v2\/comments?post=815"}],"version-history":[{"count":25,"href":"https:\/\/ushagram-suisse.org\/en\/wp-json\/wp\/v2\/pages\/815\/revisions"}],"predecessor-version":[{"id":4516,"href":"https:\/\/ushagram-suisse.org\/en\/wp-json\/wp\/v2\/pages\/815\/revisions\/4516"}],"wp:attachment":[{"href":"https:\/\/ushagram-suisse.org\/en\/wp-json\/wp\/v2\/media?parent=815"}],"wp:term":[{"taxonomy":"category","embeddable":true,"href":"https:\/\/ushagram-suisse.org\/en\/wp-json\/wp\/v2\/categories?post=815"},{"taxonomy":"post_tag","embeddable":true,"href":"https:\/\/ushagram-suisse.org\/en\/wp-json\/wp\/v2\/tags?post=815"}],"curies":[{"name":"wp","href":"https:\/\/api.w.org\/{rel}","templated":true}]}}