               {"id":544,"date":"2020-12-29T17:28:27","date_gmt":"2020-12-29T16:28:27","guid":{"rendered":"https:\/\/new.ushagram-suisse.org\/?page_id=544"},"modified":"2021-07-25T19:37:27","modified_gmt":"2021-07-25T17:37:27","slug":"lib20-1","status":"publish","type":"page","link":"https:\/\/ushagram-suisse.org\/en\/projets\/institutions-fr\/institutions-2020\/lib20-1\/","title":{"rendered":"lib20-1 &#8211; FR"},"content":{"rendered":"<p>[et_pb_section fb_built=&#8221;1&#8243; fullwidth=&#8221;on&#8221; _builder_version=&#8221;4.7.7&#8243; background_color=&#8221;#800000&#8243; use_background_color_gradient=&#8221;on&#8221; background_color_gradient_start=&#8221;#800000&#8243; background_color_gradient_end=&#8221;#E02B20&#8243; background_color_gradient_direction=&#8221;330deg&#8221;][et_pb_fullwidth_header title=&#8221;Projets institutionnels &#8211; Liban 2020-2021&#8243; subhead=&#8221;Soutien des Communes du Canton de Gen\u00e8ve&#8221; _builder_version=&#8221;4.7.7&#8243; title_font=&#8221;||||||||&#8221; background_color=&#8221;rgba (89,122,0,0,35)&#8221; use_background_color_gradient=&#8221;on&#8221; background_color_gradient_direction=&#8221;332deg&#8221; button_one_text_size__hover_enabled=&#8221;off&#8221; button_two_text_size__hover_enabled=&#8221;off&#8221; button_one_text_color__hover_enabled=&#8221;off&#8221; button_two_text_color__hover_enabled=&#8221;off&#8221; button_one_border_width__hover_enabled=&#8221;off&#8221; button_two_border_width__hover_enabled=&#8221;off&#8221; button_one_border_color__hover_enabled=&#8221;off&#8221; button_two_border_color__hover_enabled=&#8221;off&#8221; button_one_border_radius__hover_enabled=&#8221;off&#8221; button_two_border_radius__hover_enabled=&#8221;off&#8221; button_one_letter_spacing__hover_enabled=&#8221;off&#8221; button_two_letter_spacing__hover_enabled=&#8221;off&#8221; button_one_bg_color__hover_enabled=&#8221;off&#8221; button_two_bg_color__hover_enabled=&#8221;off&#8221;]<\/p>\n<p>FORMATION PROFESSIONNELLE DE FEMMES EN CUISINE ET RESTAURATION &#8211; lib20-1<\/p>\n<p>[\/et_pb_fullwidth_header][\/et_pb_section][et_pb_section fb_built=&#8221;1&#8243; _builder_version=&#8221;4.7.7&#8243; background_color=&#8221;#fffae9&#8243;][et_pb_row column_structure=&#8221;3_4,1_4&#8243; _builder_version=&#8221;4.7.7&#8243; _module_preset=&#8221;default&#8221; custom_padding=&#8221;0px|||||&#8221;][et_pb_column type=&#8221;3_4&#8243; _builder_version=&#8221;4.7.7&#8243; _module_preset=&#8221;default&#8221;][et_pb_text _builder_version=&#8221;4.7.7&#8243; _module_preset=&#8221;default&#8221; custom_padding=&#8221;4px|||||&#8221;]<\/p>\n<h4><strong>RESILIENCE ET AUTONOMISATION DES FAMILLES DE REFUGIES<\/strong><\/h4>\n<h4>Fiche individuelle : lib20-1\u00a0 \u00a0 \u00a0 \u00a0 \u00a0 \u00a0 \u00a0 \u00a0 \u00a0 \u00a0 \u00a0 \u00a0 \u00a0 \u00a0 \u00a0 \u00a0 \u00a0 \u00a0 \u00a0 \u00a0Montants en CHF<br \/>____________________________________________________________________<\/h4>\n<p>Population de r\u00e9fugi\u00e9es syriennes et de libanaises d\u00e9favoris\u00e9es de la Bekaa ouest<br \/>ONG locale : &#8220;arcenciel&#8221;, Beyrouth, Bekaa<br \/>Contact : Sarah Hani<\/p>\n<h4>____________________________________________________________________<\/h4>\n<h4><strong>P R O J E T &#8211; P R I O R I T A I R E<\/strong><\/h4>\n<p>&nbsp;<\/p>\n<h4>1) FORMATION PROFESSIONNELLE EN CUISINE ET RESTAURATION<\/h4>\n<p>30 femmes r\u00e9fugi\u00e9es syriennes et libanaises de la Beqaa ouest<br \/>P\u00e9riode de r\u00e9alisation de 6 \u00e0 9 mois<br \/>(d\u00e9but entre mars et ao\u00fbt 2020 selon r\u00e9ception des fonds)<\/p>\n<p style=\"text-align: left;\"><strong>1&#8217;095.-par femme<\/strong><br \/>Pour 3 femmes, 3&#8217;285 Fr., 5 femmes, 5&#8217;475 Fr., 10 femmes, 10&#8217;950 Fr. etc.<br \/>Total <strong>pour 30 femmes = 32&#8217;850.-<\/strong><\/p>\n<p><strong>Document programmatique et budget\u00a0\u00e0 t\u00e9l\u00e9charger<\/strong> <em>&gt;&gt;&gt; colonne de droite &gt;&gt;&gt;<\/em><\/p>\n<h4>____________________________________________________________________<\/h4>\n<h4><\/h4>\n<h4>Descriptif<\/h4>\n<p><span style=\"text-decoration: underline;\">Contexte national<\/span>. Le Liban (grand comme la Suisse romande avec 2x plus de densit\u00e9 de population) accueille jusqu&#8217;\u00e0 1.5 millions de r\u00e9fugi\u00e9s syriens officiels et non d\u00e9clar\u00e9s, soit 40% de population en plus, dont 75% de femmes et d&#8217;enfants, en majorit\u00e9 rassembl\u00e9s dans les r\u00e9gions d\u00e9j\u00e0 d\u00e9favoris\u00e9es et vuln\u00e9rables du pays, comme la Bekaa ou le Nord. Plus on s&#8217;\u00e9loigne de la capitale et se rapproche de la fronti\u00e8re syrienne, plus leur condition est pr\u00e9caire. Aucun pays au monde n&#8217;a une densit\u00e9 de r\u00e9fugi\u00e9s aussi importante. (30 x plus qu&#8217;en en Suisse, 10x plus qu&#8217;en Turquie, 4x plus qu&#8217;en Jordanie).<\/p>\n<p><span style=\"text-decoration: underline;\">Les r\u00e9fugi\u00e9s syriens<\/span>. \u00bd million seraient rentr\u00e9s au pays. Cependant, vu la destruction des infrastructures du pays et la peur de repr\u00e9sailles (surtout de la part des anti Assad majoritaires au Liban) la plupart craignent le retour. Par ailleurs, selon une \u00e9tude du Center of Policy Studies de Beyrouth, il faudrait en moyenne 7 \u00e0 10 ans apr\u00e8s la fin d&#8217;un conflit pour que des r\u00e9fugi\u00e9s retournent au pays. En attendant, les fonds internationaux baissent alors que les besoins restent \u00e9normes. Vu leur pr\u00e9sence prolong\u00e9e et les r\u00e9percussions sur le pays d&#8217;accueil &#8211; \u00e9conomie, environnement, soci\u00e9t\u00e9, sant\u00e9, travail, s\u00e9curit\u00e9 etc. &#8211; le soutien qui leur est apport\u00e9 est bien de l&#8217;ordre du d\u00e9veloppement, tant pour le pays d&#8217;accueil que pour les r\u00e9fugi\u00e9s eux-m\u00eames.<\/p>\n<p><span style=\"text-decoration: underline;\">Population cible<\/span>. Ce projet cible des m\u00e8res de famille syriennes de la Beqaa (avec ou sans mari) sans qualification ainsi que des femmes libanaises d\u00e9favoris\u00e9es. L&#8217;activit\u00e9 choisie pour la formation leur permettra de travailler au Liban (les r\u00e9fugi\u00e9s n&#8217;ayant droit qu&#8217;\u00e0 l&#8217;exercice de certaines professions : agriculture, restauration, construction, nettoyage, d\u00e9chets etc.). 5 femmes par mois seront form\u00e9es pendant 1 mois chacune, pendant 6 mois, soit 30 femmes en tout. La femme dans la soci\u00e9t\u00e9 syrienne est au centre de la coh\u00e9sion et de la subsistance familiale. Soutenir une femme dans son autonomisation, c&#8217;est soutenir une famille \u00e9tendue. Soutenir les femmes, c&#8217;est soutenir une communaut\u00e9, voire une soci\u00e9t\u00e9. Dans la situation de pr\u00e9carit\u00e9 dans laquelle se trouve cette population c&#8217;est tr\u00e8s important.<\/p>\n<p>Ce projet de d\u00e9veloppement propose de leur fournir une formation professionnelle d&#8217;un mois en cuisine, conserverie, restauration, service et hygi\u00e8ne. Leur pr\u00e9sence en apprentissage les emp\u00eachant de faire leurs petits boulots de survie, elles seront indemnis\u00e9es pendant la dur\u00e9e de formation. Notre partenaire local accueillera \u00e9galement leurs enfants en garderie si n\u00e9cessaire pendant les cours. Apr\u00e8s une \u00e9tude soigneuse de chaque pratiquante, il les accompagnera ensuite dans la recherche d&#8217;un emploi ou d&#8217;une activit\u00e9 ind\u00e9pendante correspondant \u00e0 leurs nouvelles comp\u00e9tences et \u00e0 leurs disponibilit\u00e9s. Ces formations, g\u00e9r\u00e9es par notre partenaire, auront lieu dans des locaux sp\u00e9cialis\u00e9s. Elles pourront \u00e9galement pratiquer dans le restaurant de l&#8217;organisation.<\/p>\n<p>Un document programmatique complet et un budget d\u00e9taill\u00e9 est disponible dans la colonne de droite.<\/p>\n<p>[\/et_pb_text][\/et_pb_column][et_pb_column type=&#8221;1_4&#8243; _builder_version=&#8221;4.7.7&#8243; _module_preset=&#8221;default&#8221;][et_pb_text _builder_version=&#8221;4.7.7&#8243; _module_preset=&#8221;default&#8221; background_color=&#8221;rgba(43,135,218,0.33)&#8221; custom_padding=&#8221;10px|10px|10px|10px|false|false&#8221; border_radii=&#8221;on|10px|10px|10px|10px&#8221; box_shadow_style=&#8221;preset2&#8243;]<\/p>\n<h4><span style=\"font-size: 18px;\"><a href=\"https:\/\/ushagram-suisse.org\/institutions-2020\/\"><strong><em>&lt;&lt;&lt; <span style=\"text-decoration: underline;\"><span style=\"text-decoration-line: underline;\">retour a<\/span><\/span><span style=\"text-decoration: underline;\">u r\u00e9capitulatif de l&#8217;ann\u00e9e<\/span><\/em><\/strong><\/a><\/span><\/h4>\n<p><a href=\"https:\/\/ushagram-suisse.org\/documents\/\"><\/a><\/p>\n<p>[\/et_pb_text][et_pb_text _builder_version=&#8221;4.7.7&#8243; _module_preset=&#8221;default&#8221; background_color=&#8221;rgba(63,150,6,0.36)&#8221; custom_padding=&#8221;20px|20px|20px|20px|false|false&#8221; border_radii=&#8221;on|10px|10px|10px|10px&#8221; box_shadow_style=&#8221;preset2&#8243; locked=&#8221;off&#8221;]<\/p>\n<p><b>FICHE PROJET + PHOTOS<\/b><\/p>\n<p><a href=\"https:\/\/ushagram-suisse.org\/wp-content\/uploads\/2020\/12\/FICHE-AEC-FEMMES-20-RV.pdf\" target=\"_blank\" rel=\"noopener noreferrer\"><b><img loading=\"lazy\" decoding=\"async\" src=\"https:\/\/ushagram-suisse.org\/wp-content\/uploads\/2020\/12\/pdf-foto.png\" width=\"134\" height=\"40\" alt=\"\" class=\"wp-image-598 alignnone size-full\" \/><\/b><\/a><\/p>\n<p><a href=\"https:\/\/tinyurl.com\/lib2017-1\" target=\"_blank\" rel=\"noopener\"><\/a><\/p>\n<p>[\/et_pb_text][et_pb_text _builder_version=&#8221;4.7.7&#8243; _module_preset=&#8221;default&#8221; background_color=&#8221;rgba(255,164,61,0.38)&#8221; custom_padding=&#8221;20px|20px|20px|20px|false|false&#8221; border_radii=&#8221;on|10px|10px|10px|10px&#8221; box_shadow_style=&#8221;preset2&#8243;]<\/p>\n<p><strong>DOCUMENTS SPECIFIQUES A CETTE DEMANDE<\/strong><\/p>\n<p><strong>&gt;<\/strong> <a href=\"https:\/\/ushagram-suisse.org\/wp-content\/uploads\/2020\/12\/DOC-PROGRAMMATIQUE-LIBAN.pdf\" target=\"_blank\" rel=\"noopener\">doc. programmatique, budget<\/a><\/p>\n<p><strong>&gt;<\/strong> <a href=\"https:\/\/ushagram-suisse.org\/wp-content\/uploads\/2020\/12\/POURQUOI-LIBAN-2018.pdf\" target=\"_blank\" rel=\"noopener\">Pourquoi le Liban ?<\/a><\/p>\n<p><strong>&gt;<\/strong> Infos sur l&#8217;ONG locale :<br \/> &#8211; <a href=\"https:\/\/ushagram-suisse.org\/wp-content\/uploads\/2020\/12\/1.statuts-darcenciel.pdf\" target=\"_blank\" rel=\"noopener\">Statuts<\/a><br \/> &#8211; <a href=\"https:\/\/ushagram-suisse.org\/wp-content\/uploads\/2020\/12\/2.notification-AR-FR.pdf\" target=\"_blank\" rel=\"noopener\">Acte constitution<\/a><br \/> &#8211; <a href=\"https:\/\/ushagram-suisse.org\/wp-content\/uploads\/2020\/12\/Organigramme_Juillet-2016.pdf\" target=\"_blank\" rel=\"noopener\">organigramme (en)<\/a><\/p>\n<p><strong>&gt;<\/strong> Galeries de photos :<br \/> <a href=\"https:\/\/tinyurl.com\/lib2017-1\" target=\"_blank\" rel=\"noopener\">Vues de la Beqaa ouest<\/a><\/p>\n<p>[\/et_pb_text][et_pb_text _builder_version=&#8221;4.7.7&#8243; _module_preset=&#8221;default&#8221; background_color=&#8221;rgba(224,153,0,0.24)&#8221; custom_padding=&#8221;20px|20px|20px|20px|false|false&#8221; border_radii=&#8221;on|10px|10px|10px|10px&#8221; box_shadow_style=&#8221;preset2&#8243;]<\/p>\n<p><span style=\"font-size: 14px;\">Voir la liste de documents associatifs usuels relatifs aux demandes \u00e0 la page <\/span><a href=\"https:\/\/ushagram-suisse.org\/documents-fr\/\" target=\"_blank\" rel=\"noopener\"><strong style=\"font-size: 14px;\">&#8220;Documents&#8221;<\/strong><\/a><\/p>\n<p><a href=\"https:\/\/ushagram-suisse.org\/documents-fr\/\" target=\"_blank\" rel=\"noopener\"><img loading=\"lazy\" decoding=\"async\" src=\"http:\/\/ushagram-suisse.org\/wp-content\/uploads\/2020\/12\/pdf-203x300.png\" alt=\"\" class=\"wp-image-358 alignnone size-medium\" width=\"47\" height=\"69\" \/><\/a><\/p>\n<p>[\/et_pb_text][\/et_pb_column][\/et_pb_row][\/et_pb_section][et_pb_section fb_built=&#8221;1&#8243; _builder_version=&#8221;4.9.0&#8243; _module_preset=&#8221;default&#8221; background_color=&#8221;#5b5b5b&#8221; global_module=&#8221;1616&#8243;][et_pb_row column_structure=&#8221;1_4,1_4,1_4,1_4&#8243; _builder_version=&#8221;4.9.0&#8243; _module_preset=&#8221;default&#8221;][et_pb_column type=&#8221;1_4&#8243; _builder_version=&#8221;4.9.0&#8243; _module_preset=&#8221;default&#8221;][et_pb_image src=&#8221;http:\/\/ushagram-suisse.org\/wp-content\/uploads\/2021\/03\/UG-logo_transp.png&#8221; title_text=&#8221;UG-logo_transp&#8221; url=&#8221;https:\/\/ushagram-suisse.org\/&#8221; _builder_version=&#8221;4.9.1&#8243; _module_preset=&#8221;default&#8221; custom_margin=&#8221;0px||0px||false|false&#8221; custom_padding=&#8221;0px||0px||false|false&#8221;][\/et_pb_image][\/et_pb_column][et_pb_column type=&#8221;1_4&#8243; _builder_version=&#8221;4.9.0&#8243; _module_preset=&#8221;default&#8221;][et_pb_text _builder_version=&#8221;4.9.0&#8243; _module_preset=&#8221;default&#8221;]<\/p>\n<h4><span style=\"color: #e09900;\">A PROPOS<br \/><\/span><\/h4>\n<p><span style=\"color: #ffffff;\"><a href=\"https:\/\/ushagram-suisse.org\/apropos\/\" style=\"color: #ffffff;\">Qui nous sommes<\/a><\/span><br \/><span style=\"color: #ffffff;\"> <a href=\"https:\/\/ushagram-suisse.org\/equipe\/\" style=\"color: #ffffff;\">Equipe et contacts<\/a><a href=\"https:\/\/ushagram-suisse.org\/en\/team\/\" style=\"color: #ffffff;\"><\/a><\/span><br \/><a href=\"https:\/\/ushagram-suisse.org\/infos\/\"><span style=\"color: #ffffff;\">Infos<\/span><\/a><br \/><span style=\"color: #ffffff;\"><a href=\"https:\/\/ushagram-suisse.org\/documents-fr\/\" style=\"color: #ffffff;\">Documents<\/a><\/span><\/p>\n<p>[\/et_pb_text][\/et_pb_column][et_pb_column type=&#8221;1_4&#8243; _builder_version=&#8221;4.9.0&#8243; _module_preset=&#8221;default&#8221;][et_pb_text _builder_version=&#8221;4.9.1&#8243; _module_preset=&#8221;default&#8221;]<\/p>\n<h4><span style=\"color: #e09900;\">ACTION<\/span><\/h4>\n<p><span style=\"color: #ffffff;\"><a href=\"https:\/\/ushagram-suisse.org\/notre-action\/\" style=\"color: #ffffff;\">R\u00e9alisations<\/a><br \/><a href=\"https:\/\/ushagram-suisse.org\/notre-action\/impact-fr\/\" style=\"color: #ffffff;\">Impact<\/a><a href=\"https:\/\/ushagram-suisse.org\/en\/our-action\/impact-en\/\" style=\"color: #ffffff;\"><\/a><br \/><a href=\"https:\/\/ushagram-suisse.org\/projets\/institutions\/\" style=\"color: #ffffff;\">Projets institutionnels<\/a><\/span><br \/><span style=\"color: #ffffff;\"> <a href=\"https:\/\/ushagram-suisse.org\/particuliers\/\" style=\"color: #ffffff;\">Initiatives priv\u00e9es<\/a><\/span><br \/><span style=\"color: #ffffff;\"> <a href=\"https:\/\/ushagram-suisse.org\/en\/our-action\/impact-en\/\" style=\"color: #ffffff;\"><br \/><\/a><a href=\"https:\/\/ushagram-suisse.org\/documents-fr\/\" style=\"color: #ffffff;\"><\/a><\/span><\/p>\n<p>[\/et_pb_text][\/et_pb_column][et_pb_column type=&#8221;1_4&#8243; _builder_version=&#8221;4.9.0&#8243; _module_preset=&#8221;default&#8221;][et_pb_text _builder_version=&#8221;4.9.0&#8243; _module_preset=&#8221;default&#8221; custom_padding=&#8221;||0px|||&#8221;]<\/p>\n<h4><span style=\"color: #e09900;\">SOUTIEN<\/span><\/h4>\n<p><span style=\"color: #ffffff;\"><a href=\"https:\/\/ushagram-suisse.org\/en\/support\/\" style=\"color: #ffffff;\"><\/a><a href=\"https:\/\/ushagram-suisse.org\/soutien\/\" style=\"color: #ffffff;\">Devenir membre<\/a><\/span><br \/><span style=\"color: #ffffff;\"><a href=\"https:\/\/ushagram-suisse.org\/soutien\/\" style=\"color: #ffffff;\"> Don ponctuel<\/a><\/span><br \/><span style=\"color: #ffffff;\"><a href=\"https:\/\/ushagram-suisse.org\/soutien\/\" style=\"color: #ffffff;\"> Cofinancer un projet<\/a><\/span><br \/><span style=\"color: #ffffff;\"><a href=\"https:\/\/ushagram-suisse.org\/projets\/particuliers\/volontariat\/\" title=\"Volontariat en Inde\" style=\"color: #ffffff;\"> Volontariat en Inde<\/a><\/span><a href=\"https:\/\/ushagram-suisse.org\/en\/projects\/individuals\/volunteering\/\"><span style=\"color: #f9f9f9;\"><\/span><\/a><\/p>\n<p>[\/et_pb_text][\/et_pb_column][\/et_pb_row][\/et_pb_section]<\/p>\n","protected":false},"excerpt":{"rendered":"<p>FORMATION PROFESSIONNELLE DE FEMMES EN CUISINE ET RESTAURATION &#8211; lib20-1RESILIENCE ET AUTONOMISATION DES FAMILLES DE REFUGIES Fiche individuelle : lib20-1\u00a0 \u00a0 \u00a0 \u00a0 \u00a0 \u00a0 \u00a0 \u00a0 \u00a0 \u00a0 \u00a0 \u00a0 \u00a0 \u00a0 \u00a0 \u00a0 \u00a0 \u00a0 \u00a0 \u00a0Montants en CHF____________________________________________________________________ Population de r\u00e9fugi\u00e9es syriennes et de libanaises d\u00e9favoris\u00e9es de la Bekaa ouestONG locale : [&hellip;]<\/p>\n","protected":false},"author":1,"featured_media":0,"parent":312,"menu_order":0,"comment_status":"closed","ping_status":"closed","template":"","meta":{"_et_pb_use_builder":"on","_et_pb_old_content":"","_et_gb_content_width":"","footnotes":""},"categories":[18],"tags":[],"class_list":["post-544","page","type-page","status-publish","hentry","category-internalp-categ-fr"],"_links":{"self":[{"href":"https:\/\/ushagram-suisse.org\/en\/wp-json\/wp\/v2\/pages\/544","targetHints":{"allow":["GET"]}}],"collection":[{"href":"https:\/\/ushagram-suisse.org\/en\/wp-json\/wp\/v2\/pages"}],"about":[{"href":"https:\/\/ushagram-suisse.org\/en\/wp-json\/wp\/v2\/types\/page"}],"author":[{"embeddable":true,"href":"https:\/\/ushagram-suisse.org\/en\/wp-json\/wp\/v2\/users\/1"}],"replies":[{"embeddable":true,"href":"https:\/\/ushagram-suisse.org\/en\/wp-json\/wp\/v2\/comments?post=544"}],"version-history":[{"count":17,"href":"https:\/\/ushagram-suisse.org\/en\/wp-json\/wp\/v2\/pages\/544\/revisions"}],"predecessor-version":[{"id":2481,"href":"https:\/\/ushagram-suisse.org\/en\/wp-json\/wp\/v2\/pages\/544\/revisions\/2481"}],"up":[{"embeddable":true,"href":"https:\/\/ushagram-suisse.org\/en\/wp-json\/wp\/v2\/pages\/312"}],"wp:attachment":[{"href":"https:\/\/ushagram-suisse.org\/en\/wp-json\/wp\/v2\/media?parent=544"}],"wp:term":[{"taxonomy":"category","embeddable":true,"href":"https:\/\/ushagram-suisse.org\/en\/wp-json\/wp\/v2\/categories?post=544"},{"taxonomy":"post_tag","embeddable":true,"href":"https:\/\/ushagram-suisse.org\/en\/wp-json\/wp\/v2\/tags?post=544"}],"curies":[{"name":"wp","href":"https:\/\/api.w.org\/{rel}","templated":true}]}}