               {"id":4959,"date":"2026-03-29T18:25:44","date_gmt":"2026-03-29T16:25:44","guid":{"rendered":"https:\/\/ushagram-suisse.org\/?page_id=4959"},"modified":"2026-03-30T19:06:47","modified_gmt":"2026-03-30T17:06:47","slug":"sn26-1-fr","status":"publish","type":"page","link":"https:\/\/ushagram-suisse.org\/en\/projets\/institutions-fr\/sn26-1-fr\/","title":{"rendered":"SN26-1 &#8211; FR"},"content":{"rendered":"<p>[et_pb_section fb_built=&#8221;1&#8243; fullwidth=&#8221;on&#8221; _builder_version=&#8221;4.16&#8243; background_color=&#8221;#800000&#8243; use_background_color_gradient=&#8221;on&#8221; background_color_gradient_direction=&#8221;330deg&#8221; background_color_gradient_stops=&#8221;#800000 0%|#E02B20 100%&#8221; background_color_gradient_start=&#8221;#800000&#8243; background_color_gradient_end=&#8221;#E02B20&#8243; global_colors_info=&#8221;{}&#8221;][et_pb_fullwidth_header title=&#8221;Projets institutionnels &#8211; S\u00e9n\u00e9gal 2026&#8243; subhead=&#8221;Soutien des Communes du Canton de Gen\u00e8ve&#8221; _builder_version=&#8221;4.16&#8243; title_font=&#8221;||||||||&#8221; background_color=&#8221;rgba (89,122,0,0,35)&#8221; use_background_color_gradient=&#8221;on&#8221; background_color_gradient_direction=&#8221;332deg&#8221; global_colors_info=&#8221;{}&#8221; button_one_text_size__hover_enabled=&#8221;off&#8221; button_two_text_size__hover_enabled=&#8221;off&#8221; button_one_text_color__hover_enabled=&#8221;off&#8221; button_two_text_color__hover_enabled=&#8221;off&#8221; button_one_border_width__hover_enabled=&#8221;off&#8221; button_two_border_width__hover_enabled=&#8221;off&#8221; button_one_border_color__hover_enabled=&#8221;off&#8221; button_two_border_color__hover_enabled=&#8221;off&#8221; button_one_border_radius__hover_enabled=&#8221;off&#8221; button_two_border_radius__hover_enabled=&#8221;off&#8221; button_one_letter_spacing__hover_enabled=&#8221;off&#8221; button_two_letter_spacing__hover_enabled=&#8221;off&#8221; button_one_bg_color__hover_enabled=&#8221;off&#8221; button_two_bg_color__hover_enabled=&#8221;off&#8221;]<\/p>\n<p>SECURISATION SANITAIRE URGENTE D&#8217;ACCES A L&#8217;EAU POTABLE A NIOMOUNE<\/p>\n<p>[\/et_pb_fullwidth_header][\/et_pb_section][et_pb_section fb_built=&#8221;1&#8243; _builder_version=&#8221;4.16&#8243; background_color=&#8221;#fffae9&#8243; global_colors_info=&#8221;{}&#8221;][et_pb_row column_structure=&#8221;3_4,1_4&#8243; _builder_version=&#8221;4.16&#8243; _module_preset=&#8221;default&#8221; custom_padding=&#8221;0px|||||&#8221; global_colors_info=&#8221;{}&#8221;][et_pb_column type=&#8221;3_4&#8243; _builder_version=&#8221;4.16&#8243; _module_preset=&#8221;default&#8221; global_colors_info=&#8221;{}&#8221;][et_pb_text _builder_version=&#8221;4.27.5&#8243; _module_preset=&#8221;default&#8221; custom_padding=&#8221;4px|||||&#8221; global_colors_info=&#8221;{}&#8221;]<\/p>\n<h4><strong>SECURISATION SANITAIRE URGENTE D&#8217;ACCES A L&#8217;EAU POTABLE A NIOMOUNE<\/strong><\/h4>\n<h4>Fiche individuelle : sn26-1\u00a0 \u00a0 \u00a0 \u00a0 \u00a0 \u00a0 \u00a0 \u00a0 \u00a0 \u00a0 \u00a0 \u00a0 \u00a0 \u00a0 \u00a0 \u00a0 \u00a0 \u00a0 \u00a0 \u00a0 \u00a0Montants en CHF<br \/>____________________________________________________________________<\/h4>\n<p><span><a href=\"https:\/\/maps.app.goo.gl\/71X68TwVCH8cSR8SA\" target=\"_blank\" rel=\"noopener\">Niomoune<\/a> &#8211; Ethnie diola de Casamance au S\u00e9n\u00e9gal<br \/><\/span>B\u00e9n\u00e9ficiaires : 1&#8217;000 villageois dont le groupe d&#8217;entraide de 155 femmes et les 215 \u00e9l\u00e8ves<br \/><span>R\u00e9alisation terrain : Ushagram Suisse au S\u00e9n\u00e9gal (implication directe)<\/span><br \/><span>Contact : Jacques Albohair &#8211; directeur Ushagram Suisse<\/span><\/p>\n<p><span style=\"font-size: 18px;\"><br \/>ACCES A L&#8217;EAU POTABLE, SANT\u00c9, EDUCATION<\/span><\/p>\n<p><strong>83.- par villageois\u00a0<\/strong><br \/><span>83&#8217;163.- pour tout le projet, r\u00e9parti en plusieurs modules<\/span><\/p>\n<p><strong>3 axes : <span style=\"text-decoration: underline;\">acc\u00e8s \u00e0 l&#8217;eau, \u00e9ducation et sant\u00e9<\/span><\/strong><\/p>\n<p>P\u00e9riode de r\u00e9alisation de 3 \u00e0 6 mois\u00a0<br \/>selon r\u00e9ception des fonds, montants et saison, exercice 2026<\/p>\n<p><u>Budget<\/u> avec frais au pro rata (arrondi). <br \/>1) r\u00e9habilitation d&#8217;un r\u00e9servoir d&#8217;eau potable : 18&#8217;570 Fr<br \/>2) r\u00e9habilitation de deux r\u00e9servoirs d&#8217;eau utilitaire : 17&#8217;810 chacun<br \/>3) r\u00e9novation des cases de sant\u00e9 : 17&#8217;840 Fr<br \/>4) r\u00e9fection de l&#8217;\u00e9cole primaire \/ secondaire : 14&#8217;120 Fr.<\/p>\n<h4>____________________________________________________________________<\/h4>\n<h4>R\u00e9sum\u00e9<\/h4>\n<p><u>Contexte national<\/u>. Le S\u00e9n\u00e9gal, grand comme 4,7 fois la Suisse, a une population de 18 millions d&#8217;habitants dont 50% en zone rurale, 60% de moins de 20 ans, 40% de jeunes citadins au ch\u00f4mage, 69% d&#8217;enfants scolaris\u00e9s, 37% sous le seuil de pauvret\u00e9. Pays parmi les plus stables d&#8217;Afrique, 21e \u00e9conomie africaine sur 54, 4e\u00a0de la sous-r\u00e9gion, l&#8217;inflation annuelle est de 6 \u00e0 10%. Malgr\u00e9 ses 3,7% de croissance, la population s&#8217;appauvrit. <u>170e\u00a0sur 191 en indice de d\u00e9velop-pement humain, <\/u>sans assurance maladie et syst\u00e8me de retraite sauf pour une minorit\u00e9, <u>75% de ses jeunes (env. 8 M.) souhaitent le quitter, <em>par n&#8217;importe quel moyen<\/em><\/u><em>. <\/em>Officiellement 40&#8217;000 personnes par an tentent l&#8217;immigration ill\u00e9gale en Europe par pirogue et 15% d&#8217;entre eux p\u00e9rissent en chemin. Selon les experts du terrain, les chiffres r\u00e9els seraient deux fois plus \u00e9lev\u00e9s. Travers\u00e9 et occup\u00e9 par des migrants, selon le HCR, il y aurait jusqu&#8217;\u00e0 7 millions de d\u00e9plac\u00e9s dans la sous-r\u00e9gion. Un million d&#8217;immigr\u00e9s y vivent en permanence. 58% de la population active travaille dans l&#8217;agriculture et 17% dans la p\u00eache, ces deux participant pour 15% du PIB. La p\u00eache, \u00e0 80% artisanale, souffre s\u00e9v\u00e8rement du pillage industriel de grands pays et de la corruption. 75% des apports en prot\u00e9ine de la population provient du poisson.<\/p>\n<p><u>Contexte r\u00e9gional<\/u>. La Casamance, r\u00e9gion enclav\u00e9e sous la Gambie coupant le pays en deux, souffre toujours des r\u00e9percussions de l&#8217;insurrection des ann\u00e9es 80. D\u00e9sormais pacifi\u00e9e, malgr\u00e9 divers programmes r\u00e9gionaux, les services de l&#8217;Etat sont moins pr\u00e9sents, ses infrastructures en mauvais \u00e9tat, le niveau de vie inf\u00e9rieur et le co\u00fbt de la vie, sup\u00e9rieur. Elle b\u00e9n\u00e9ficie d&#8217;une pluviom\u00e9trie abondante. La r\u00e9gion de l&#8217;estuaire en particulier est constitu\u00e9e d&#8217;une multitude de chenaux d&#8217;eau sal\u00e9e tortueux soumis aux mar\u00e9es comme le fleuve. Des zones de terre immenses sont morcel\u00e9es en \u00eeles. Des villages insulaires totalement enclav\u00e9s y existent depuis toujours, accessibles uniquement en pirogue. Mais ces terres se sont salinis\u00e9es avec le temps &#8211; 600&#8217;000 ha en Casamance &#8211; rendant l&#8217;obtention d&#8217;eau douce, essentielle \u00e0 l&#8217;existence humaine, une gageure et une lutte quotidienne. La nappe phr\u00e9atique peu profonde est salinis\u00e9e et le r\u00e9seau gravitaire n&#8217;atteint pas de nombreux villages, affectant l&#8217;existence d&#8217;environ 8&#8217;000 personnes.<\/p>\n<p><u>Population cible et sociologie du besoin<\/u>. Les 1&#8217;000 villageois du village insulaire de Niomoune sont en situation d&#8217;urgence. Ils survivent sans acc\u00e8s \u00e0 l&#8217;eau douce \/ potable. Leur dernier r\u00e9servoir fonctionnel de collecte d&#8217;eau de pluie d&#8217;environ 440 m<sup>3<\/sup> de capacit\u00e9 ne retient plus l&#8217;eau depuis 2023. Initialement au nombre de cinq, ceux-ci permettaient de collecter et stocker l&#8217;eau de pluie afin d&#8217;assurer environ 15-20 litres d&#8217;eau par personne par jour pendant les sept mois de saison s\u00e8che. Le r\u00e9seau s&#8217;arr\u00eate \u00e0 des kilom\u00e8tres et sa pression est insuffisante. Les puits sont salinis\u00e9s. Les villageois sont r\u00e9duits \u00e0 creuser \u00e0 la main des trous individuels d&#8217;un m\u00e8tre dans les rizi\u00e8res pour \u00e9coper un peu d&#8217;eau s&#8217;infiltrant au cours des heures. Les besoins sont urgents et vitaux, tant pour la consommation d&#8217;eau potable, que pour la cuisine, comme pour l&#8217;hygi\u00e8ne (\u00e9galement dans leur infirmerie et maternit\u00e9), que pour la culture mara\u00eech\u00e8re.<\/p>\n<p><u>R\u00e9alisation sur le terrain<\/u>. Ushagram Suisse pr\u00e9sent sur le terrain depuis 2025 par le biais de son directeur et de son membre de Comit\u00e9 s\u00e9n\u00e9galais, responsables des projets, r\u00e9aliseront directement les projets sur place par souci de bonne gouvernance et d&#8217;\u00e9conomie. Le Comit\u00e9 effectuera le suivi et inclura les comptes terrain dans l&#8217;audit de la fiduciaire genevoise soumis aux bailleurs de fonds.<\/p>\n<p><u>Le projet 2026<\/u>, orient\u00e9 sur 3 axes, <u>s\u00e9curit\u00e9 d&#8217;acc\u00e8s \u00e0 l&#8217;eau potable, sant\u00e9 et \u00e9ducation<\/u> propose de : 1) r\u00e9fectionner et \u00e9tanch\u00e9ifier au moins 1 (id\u00e9alement, 3) r\u00e9servoirs de collecte et de stockage d&#8217;eau de pluie, 2) r\u00e9nover la case de sant\u00e9 \/ maternit\u00e9 (fosse septique, sanitaires et \u00e9lectrification solaire), 3) r\u00e9nover l&#8217;\u00e9cole (fen\u00eatres et portes, sols, pupitres, \u00e9lectrification solaire).<\/p>\n<p><u>P\u00e9riode de r\u00e9alisation :<\/u> toute l&#8217;ann\u00e9e jusqu&#8217;\u00e0 fin d\u00e9cembre 2026 &#8211; janvier 2027 selon arriv\u00e9e des fonds.<\/p>\n<p>Financement partiel du projet possible.\u00a0<\/p>\n<p><em>Document programmatique complet avec budget d\u00e9taill\u00e9 et cadre logique : voir colonne de droite &gt;&gt;&gt;<\/em><\/p>\n<p>[\/et_pb_text][\/et_pb_column][et_pb_column type=&#8221;1_4&#8243; _builder_version=&#8221;4.16&#8243; _module_preset=&#8221;default&#8221; global_colors_info=&#8221;{}&#8221;][et_pb_text _builder_version=&#8221;4.21.0&#8243; _module_preset=&#8221;default&#8221; background_color=&#8221;rgba(43,135,218,0.33)&#8221; custom_padding=&#8221;10px|10px|10px|10px|false|false&#8221; border_radii=&#8221;on|10px|10px|10px|10px&#8221; box_shadow_style=&#8221;preset2&#8243; global_colors_info=&#8221;{}&#8221;]<\/p>\n<h4><span style=\"font-size: 18px;\"><a href=\"https:\/\/ushagram-suisse.org\/projets\/institutions-fr\/\"><strong><em>&lt;&lt;&lt; retour au r\u00e9capitulatif de l&#8217;ann\u00e9e<\/em><\/strong><\/a><\/span><\/h4>\n<p><a href=\"https:\/\/ushagram-suisse.org\/documents\/\"><\/a><\/p>\n<p>[\/et_pb_text][et_pb_text _builder_version=&#8221;4.27.5&#8243; _module_preset=&#8221;default&#8221; background_color=&#8221;rgba(63,150,6,0.36)&#8221; custom_padding=&#8221;20px|20px|20px|20px|false|false&#8221; border_radii=&#8221;on|10px|10px|10px|10px&#8221; box_shadow_style=&#8221;preset2&#8243; locked=&#8221;off&#8221; global_colors_info=&#8221;{}&#8221;]<\/p>\n<p><b>FICHE RESUMEE DU PROJET AVEC PHOTOS<\/b><\/p>\n<p><a href=\"https:\/\/ushagram-suisse.org\/wp-content\/uploads\/2026\/03\/RESUME-PROJET-USHAGRAM-SN26.pdf\" target=\"_blank\" rel=\"noopener noreferrer\"><b><img loading=\"lazy\" decoding=\"async\" src=\"https:\/\/ushagram-suisse.org\/wp-content\/uploads\/2020\/12\/pdf-foto.png\" alt=\"\" class=\"wp-image-598 alignnone size-full\" width=\"134\" height=\"40\" \/><\/b><\/a><\/p>\n<p><a href=\"https:\/\/tinyurl.com\/lib2017-1\" target=\"_blank\" rel=\"noopener\"><\/a><\/p>\n<p>[\/et_pb_text][et_pb_text _builder_version=&#8221;4.27.5&#8243; _module_preset=&#8221;default&#8221; background_color=&#8221;rgba(255,164,61,0.38)&#8221; custom_padding=&#8221;20px|20px|20px|20px|false|false&#8221; hover_enabled=&#8221;0&#8243; border_radii=&#8221;on|10px|10px|10px|10px&#8221; box_shadow_style=&#8221;preset2&#8243; global_colors_info=&#8221;{}&#8221; sticky_enabled=&#8221;0&#8243;]<\/p>\n<p><strong>DOCUMENTS SPECIFIQUES A CETTE DEMANDE<\/strong><\/p>\n<p><strong>&gt;<\/strong> <a href=\"https:\/\/ushagram-suisse.org\/wp-content\/uploads\/2026\/03\/DETAIL-PROJET-SN-2026.pdf\" target=\"_blank\" rel=\"noopener noreferrer\">Doc. programmatique, budget<\/a><\/p>\n<p>&gt; <a href=\"https:\/\/ushagram-suisse.org\/wp-content\/uploads\/2026\/03\/BUDGET-PLAN-FINANCEMENT-2026_v5.pdf\" target=\"_blank\" rel=\"noopener\">Budget et plan de financement<\/a><\/p>\n<p>&gt; <a href=\"https:\/\/ushagram-suisse.org\/wp-content\/uploads\/2026\/03\/CADRE-LOGIQUE-DUREES_Niomoune2026_JA_v5.pdf\" target=\"_blank\" rel=\"noopener\">Cadre logique chiffr\u00e9 et dat\u00e9<\/a><\/p>\n<p><strong>&gt;<\/strong> <a href=\"https:\/\/ushagram-suisse.org\/wp-content\/uploads\/2024\/09\/pourquoi-afrique-UG-2025.pdf\" target=\"_blank\" rel=\"noopener\">Pourquoi l&#8217;Afrique ?<\/a><\/p>\n<p><strong>&gt;<\/strong> <a href=\"https:\/\/photos.app.goo.gl\/pGg2izFiPSceAEow8\" target=\"_blank\" rel=\"noopener\">Galerie de photos<\/a><\/p>\n<p><a href=\"https:\/\/www.dropbox.com\/scl\/fo\/96ab2padhjwkpq1aehztg\/h?rlkey=hc5zwp9usodschabuz3tu3vq4&amp;dl=0\" target=\"_blank\" rel=\"noopener\"><strong><\/strong><\/a><\/p>\n<p>[\/et_pb_text][et_pb_text _builder_version=&#8221;4.21.0&#8243; _module_preset=&#8221;default&#8221; background_color=&#8221;rgba(224,153,0,0.24)&#8221; custom_padding=&#8221;20px|20px|20px|20px|false|false&#8221; border_radii=&#8221;on|10px|10px|10px|10px&#8221; box_shadow_style=&#8221;preset2&#8243; global_colors_info=&#8221;{}&#8221;]<\/p>\n<p><span style=\"font-size: 14px;\">Voir la liste des documents associatifs usuels \u00e0 la page\u00a0 <\/span><a href=\"https:\/\/ushagram-suisse.org\/documents-fr\/\" target=\"_blank\" rel=\"noopener\"><strong style=\"font-size: 14px;\">&#8220;Documents&#8221;<\/strong><\/a><\/p>\n<p><a href=\"https:\/\/ushagram-suisse.org\/documents-fr\/\" target=\"_blank\" rel=\"noopener\"><img loading=\"lazy\" decoding=\"async\" src=\"http:\/\/ushagram-suisse.org\/wp-content\/uploads\/2020\/12\/pdf-203x300.png\" alt=\"\" class=\"wp-image-358 alignnone size-medium\" width=\"47\" height=\"69\" \/><\/a><\/p>\n<p>[\/et_pb_text][\/et_pb_column][\/et_pb_row][\/et_pb_section][et_pb_section fb_built=&#8221;1&#8243; _builder_version=&#8221;4.9.0&#8243; _module_preset=&#8221;default&#8221; background_color=&#8221;#5b5b5b&#8221; global_module=&#8221;1616&#8243; locked=&#8221;off&#8221; global_colors_info=&#8221;{}&#8221;][et_pb_row column_structure=&#8221;1_4,1_4,1_4,1_4&#8243; _builder_version=&#8221;4.16&#8243; _module_preset=&#8221;default&#8221; global_colors_info=&#8221;{}&#8221;][et_pb_column type=&#8221;1_4&#8243; _builder_version=&#8221;4.16&#8243; _module_preset=&#8221;default&#8221; global_colors_info=&#8221;{}&#8221;][et_pb_image src=&#8221;http:\/\/ushagram-suisse.org\/wp-content\/uploads\/2021\/03\/UG-logo_transp.png&#8221; title_text=&#8221;UG-logo_transp&#8221; url=&#8221;https:\/\/ushagram-suisse.org\/&#8221; _builder_version=&#8221;4.16&#8243; _module_preset=&#8221;default&#8221; custom_margin=&#8221;0px||0px||false|false&#8221; custom_padding=&#8221;0px||0px||false|false&#8221; global_colors_info=&#8221;{}&#8221;][\/et_pb_image][\/et_pb_column][et_pb_column type=&#8221;1_4&#8243; _builder_version=&#8221;4.16&#8243; _module_preset=&#8221;default&#8221; global_colors_info=&#8221;{}&#8221;][et_pb_text _builder_version=&#8221;4.16&#8243; _module_preset=&#8221;default&#8221; global_colors_info=&#8221;{}&#8221;]<\/p>\n<h4><span style=\"color: #e09900;\">A PROPOS<br \/><\/span><\/h4>\n<p><span style=\"color: #ffffff;\"><a href=\"https:\/\/ushagram-suisse.org\/apropos\/\" style=\"color: #ffffff;\">Qui nous sommes<\/a><\/span><br \/><span style=\"color: #ffffff;\"> <a href=\"https:\/\/ushagram-suisse.org\/equipe\/\" style=\"color: #ffffff;\">Equipe et contacts<\/a><a href=\"https:\/\/ushagram-suisse.org\/en\/team\/\" style=\"color: #ffffff;\"><\/a><\/span><br \/><a href=\"https:\/\/ushagram-suisse.org\/infos\/\"><span style=\"color: #ffffff;\">Infos<\/span><\/a><br \/><span style=\"color: #ffffff;\"><a href=\"https:\/\/ushagram-suisse.org\/documents-fr\/\" style=\"color: #ffffff;\">Documents<\/a><\/span><\/p>\n<p>[\/et_pb_text][\/et_pb_column][et_pb_column type=&#8221;1_4&#8243; _builder_version=&#8221;4.16&#8243; _module_preset=&#8221;default&#8221; global_colors_info=&#8221;{}&#8221;][et_pb_text _builder_version=&#8221;4.16&#8243; _module_preset=&#8221;default&#8221; global_colors_info=&#8221;{}&#8221;]<\/p>\n<h4><span style=\"color: #e09900;\">ACTION<\/span><\/h4>\n<p><span style=\"color: #ffffff;\"><a href=\"https:\/\/ushagram-suisse.org\/notre-action\/\" style=\"color: #ffffff;\">R\u00e9alisations<\/a><br \/><a href=\"https:\/\/ushagram-suisse.org\/notre-action\/impact-fr\/\" style=\"color: #ffffff;\">Impact<\/a><a href=\"https:\/\/ushagram-suisse.org\/en\/our-action\/impact-en\/\" style=\"color: #ffffff;\"><\/a><br \/><a href=\"https:\/\/ushagram-suisse.org\/projets\/institutions-fr\/\" style=\"color: #ffffff;\">Projets institutionnels<\/a><\/span><br \/><span style=\"color: #ffffff;\"> <a href=\"https:\/\/ushagram-suisse.org\/particuliers\/\" style=\"color: #ffffff;\">Initiatives priv\u00e9es<\/a><\/span><br \/><span style=\"color: #ffffff;\"> <a href=\"https:\/\/ushagram-suisse.org\/en\/our-action\/impact-en\/\" style=\"color: #ffffff;\"><br \/><\/a><a href=\"https:\/\/ushagram-suisse.org\/documents-fr\/\" style=\"color: #ffffff;\"><\/a><\/span><\/p>\n<p>[\/et_pb_text][\/et_pb_column][et_pb_column type=&#8221;1_4&#8243; _builder_version=&#8221;4.16&#8243; _module_preset=&#8221;default&#8221; global_colors_info=&#8221;{}&#8221;][et_pb_text _builder_version=&#8221;4.16&#8243; _module_preset=&#8221;default&#8221; custom_padding=&#8221;||0px|||&#8221; global_colors_info=&#8221;{}&#8221;]<\/p>\n<h4><span style=\"color: #e09900;\">SOUTIEN<\/span><\/h4>\n<p><span style=\"color: #ffffff;\"><a href=\"https:\/\/ushagram-suisse.org\/en\/support\/\" style=\"color: #ffffff;\"><\/a><a href=\"https:\/\/ushagram-suisse.org\/soutien\/\" style=\"color: #ffffff;\">Devenir membre<\/a><\/span><br \/><span style=\"color: #ffffff;\"><a href=\"https:\/\/ushagram-suisse.org\/soutien\/\" style=\"color: #ffffff;\"> Don ponctuel<\/a><\/span><br \/><span style=\"color: #ffffff;\"><a href=\"https:\/\/ushagram-suisse.org\/soutien\/\" style=\"color: #ffffff;\"> Cofinancer un projet<\/a><\/span><br \/><span style=\"color: #ffffff;\"><a href=\"https:\/\/ushagram-suisse.org\/projets\/particuliers\/volontariat\/\" title=\"Volontariat en Inde\" style=\"color: #ffffff;\"> Volontariat en Inde<\/a><\/span><a href=\"https:\/\/ushagram-suisse.org\/en\/projects\/individuals\/volunteering\/\"><span style=\"color: #f9f9f9;\"><\/span><\/a><\/p>\n<p>[\/et_pb_text][\/et_pb_column][\/et_pb_row][\/et_pb_section]<\/p>\n","protected":false},"excerpt":{"rendered":"<p>SECURISATION SANITAIRE URGENTE D&#8217;ACCES A L&#8217;EAU POTABLE A NIOMOUNESECURISATION SANITAIRE URGENTE D&#8217;ACCES A L&#8217;EAU POTABLE A NIOMOUNE Fiche individuelle : sn26-1\u00a0 \u00a0 \u00a0 \u00a0 \u00a0 \u00a0 \u00a0 \u00a0 \u00a0 \u00a0 \u00a0 \u00a0 \u00a0 \u00a0 \u00a0 \u00a0 \u00a0 \u00a0 \u00a0 \u00a0 \u00a0Montants en CHF____________________________________________________________________ Niomoune &#8211; Ethnie diola de Casamance au S\u00e9n\u00e9galB\u00e9n\u00e9ficiaires : 1&#8217;000 villageois dont [&hellip;]<\/p>\n","protected":false},"author":1,"featured_media":0,"parent":2516,"menu_order":0,"comment_status":"closed","ping_status":"closed","template":"","meta":{"_et_pb_use_builder":"on","_et_pb_old_content":"","_et_gb_content_width":"","footnotes":""},"categories":[18],"tags":[],"class_list":["post-4959","page","type-page","status-publish","hentry","category-internalp-categ-fr"],"_links":{"self":[{"href":"https:\/\/ushagram-suisse.org\/en\/wp-json\/wp\/v2\/pages\/4959","targetHints":{"allow":["GET"]}}],"collection":[{"href":"https:\/\/ushagram-suisse.org\/en\/wp-json\/wp\/v2\/pages"}],"about":[{"href":"https:\/\/ushagram-suisse.org\/en\/wp-json\/wp\/v2\/types\/page"}],"author":[{"embeddable":true,"href":"https:\/\/ushagram-suisse.org\/en\/wp-json\/wp\/v2\/users\/1"}],"replies":[{"embeddable":true,"href":"https:\/\/ushagram-suisse.org\/en\/wp-json\/wp\/v2\/comments?post=4959"}],"version-history":[{"count":10,"href":"https:\/\/ushagram-suisse.org\/en\/wp-json\/wp\/v2\/pages\/4959\/revisions"}],"predecessor-version":[{"id":5018,"href":"https:\/\/ushagram-suisse.org\/en\/wp-json\/wp\/v2\/pages\/4959\/revisions\/5018"}],"up":[{"embeddable":true,"href":"https:\/\/ushagram-suisse.org\/en\/wp-json\/wp\/v2\/pages\/2516"}],"wp:attachment":[{"href":"https:\/\/ushagram-suisse.org\/en\/wp-json\/wp\/v2\/media?parent=4959"}],"wp:term":[{"taxonomy":"category","embeddable":true,"href":"https:\/\/ushagram-suisse.org\/en\/wp-json\/wp\/v2\/categories?post=4959"},{"taxonomy":"post_tag","embeddable":true,"href":"https:\/\/ushagram-suisse.org\/en\/wp-json\/wp\/v2\/tags?post=4959"}],"curies":[{"name":"wp","href":"https:\/\/api.w.org\/{rel}","templated":true}]}}