               {"id":4769,"date":"2025-03-17T21:07:24","date_gmt":"2025-03-17T20:07:24","guid":{"rendered":"https:\/\/ushagram-suisse.org\/?page_id=4769"},"modified":"2026-03-30T15:49:31","modified_gmt":"2026-03-30T13:49:31","slug":"sn25-1-fr","status":"publish","type":"page","link":"https:\/\/ushagram-suisse.org\/en\/projets\/institutions-fr\/sn25-1-fr\/","title":{"rendered":"SN25-1 &#8211; FR"},"content":{"rendered":"<p>[et_pb_section fb_built=&#8221;1&#8243; fullwidth=&#8221;on&#8221; _builder_version=&#8221;4.16&#8243; background_color=&#8221;#800000&#8243; use_background_color_gradient=&#8221;on&#8221; background_color_gradient_direction=&#8221;330deg&#8221; background_color_gradient_stops=&#8221;#800000 0%|#E02B20 100%&#8221; background_color_gradient_start=&#8221;#800000&#8243; background_color_gradient_end=&#8221;#E02B20&#8243; global_colors_info=&#8221;{}&#8221;][et_pb_fullwidth_header title=&#8221;Projets institutionnels &#8211; S\u00e9n\u00e9gal 2025&#8243; subhead=&#8221;Soutien des Communes du Canton de Gen\u00e8ve&#8221; _builder_version=&#8221;4.16&#8243; title_font=&#8221;||||||||&#8221; background_color=&#8221;rgba (89,122,0,0,35)&#8221; use_background_color_gradient=&#8221;on&#8221; background_color_gradient_direction=&#8221;332deg&#8221; global_colors_info=&#8221;{}&#8221; button_one_text_size__hover_enabled=&#8221;off&#8221; button_two_text_size__hover_enabled=&#8221;off&#8221; button_one_text_color__hover_enabled=&#8221;off&#8221; button_two_text_color__hover_enabled=&#8221;off&#8221; button_one_border_width__hover_enabled=&#8221;off&#8221; button_two_border_width__hover_enabled=&#8221;off&#8221; button_one_border_color__hover_enabled=&#8221;off&#8221; button_two_border_color__hover_enabled=&#8221;off&#8221; button_one_border_radius__hover_enabled=&#8221;off&#8221; button_two_border_radius__hover_enabled=&#8221;off&#8221; button_one_letter_spacing__hover_enabled=&#8221;off&#8221; button_two_letter_spacing__hover_enabled=&#8221;off&#8221; button_one_bg_color__hover_enabled=&#8221;off&#8221; button_two_bg_color__hover_enabled=&#8221;off&#8221;]<\/p>\n<p>AUTONOMISATION DE FEMMES DIOLA ET LEUR VILLAGE\u00a0 DE CASAMANCE<\/p>\n<p>[\/et_pb_fullwidth_header][\/et_pb_section][et_pb_section fb_built=&#8221;1&#8243; _builder_version=&#8221;4.16&#8243; background_color=&#8221;#fffae9&#8243; global_colors_info=&#8221;{}&#8221;][et_pb_row column_structure=&#8221;3_4,1_4&#8243; _builder_version=&#8221;4.16&#8243; _module_preset=&#8221;default&#8221; custom_padding=&#8221;0px|||||&#8221; global_colors_info=&#8221;{}&#8221;][et_pb_column type=&#8221;3_4&#8243; _builder_version=&#8221;4.16&#8243; _module_preset=&#8221;default&#8221; global_colors_info=&#8221;{}&#8221;][et_pb_text _builder_version=&#8221;4.27.4&#8243; _module_preset=&#8221;default&#8221; custom_padding=&#8221;4px|||||&#8221; global_colors_info=&#8221;{}&#8221;]<\/p>\n<h4><strong>AUTONOMISATION DE FEMMES DIOLA ET LEUR VILLAGE DE CASAMANCE<\/strong><\/h4>\n<h4>Fiche individuelle : sn25-1\u00a0 \u00a0 \u00a0 \u00a0 \u00a0 \u00a0 \u00a0 \u00a0 \u00a0 \u00a0 \u00a0 \u00a0 \u00a0 \u00a0 \u00a0 \u00a0 \u00a0 \u00a0 \u00a0 \u00a0 \u00a0Montants en CHF<br \/>____________________________________________________________________<\/h4>\n<p><span><a href=\"https:\/\/maps.app.goo.gl\/cPgW2BGusEwESd2m8\" target=\"_blank\" rel=\"noopener\">Village de Pointe Saint Georges<\/a> &#8211; Ethnie diola de Casamance au S\u00e9n\u00e9gal<br \/><\/span>B\u00e9n\u00e9ficiaires : groupe d&#8217;entraide de 30 femmes et indirectement les 200 villageois<br \/><span>R\u00e9alisation terrain : Ushagram Suisse au S\u00e9n\u00e9gal (implication directe)<\/span><br \/><span>Contact : Jacques Albohair &#8211; directeur Ushagram Suisse<\/span><\/p>\n<p><span style=\"font-size: 18px;\"><br \/>AGRICULTURE, SANT\u00c9, EDUCATION, D\u00c9SENCLAVEMENT<\/span><\/p>\n<p><strong>1\u2019793.- par femme<\/strong><span>\u00a0(30 femmes en groupe d\u2019entraide)<\/span><br \/><span>269.- par villageois (200 \u00e2mes)<\/span><\/p>\n<p>P\u00e9riode de r\u00e9alisation de 3 mois<br \/>selon r\u00e9ception des fonds et montants, exercice 2025<\/p>\n<p><strong>2 axes : <u>souverainet\u00e9 alimentaire<\/u> et <u>\u00e9ducation et sant\u00e9<\/u><\/strong><br \/>Co\u00fbt total arrondi : 54&#8217;000 Fr<br \/>1) r\u00e9habiliter le potager (nouvelle cl\u00f4ture et irrigation par goutte \u00e0 goutte) &#8211; 18&#8217;000 Fr<br \/>2) fournir un cong\u00e9lateur solaire (production de glace pour la p\u00eache) &#8211; 3&#8217;500 Fr<br \/>3) fournir une 2e\u00a0barque communautaire (soutien \u00e0 l&#8217;activit\u00e9 piscicole et d\u00e9senclavement du village lors des pluies) &#8211; 16&#8217;000 Fr<br \/>4) former deux volontaires \u00e0 l&#8217;h\u00f4pital r\u00e9gional, r\u00e9habiliter et rouvrir les cases de sant\u00e9 &#8211; 8&#8217;600 Fr<br \/>5) r\u00e9fectionner l&#8217;\u00e9cole (toiture, sanitaires et mobilier) &#8211; 7&#8217;900.- Fr<br \/>Financement partiel du projet possible. <em>(Voir d\u00e9tail dans le document programmatique.)<\/em><\/p>\n<h4>____________________________________________________________________<\/h4>\n<h4><\/h4>\n<h4>R\u00e9sum\u00e9<\/h4>\n<p><u>Contexte national<\/u>. Le S\u00e9n\u00e9gal, grand comme 4,7 fois la Suisse, a une population de 18 millions d&#8217;habitants dont 50% en zone rurale, 60% de moins de 20 ans, 40% de jeunes citadins au ch\u00f4mage, 69% d&#8217;enfants scolaris\u00e9s, 37% sous le seuil de pauvret\u00e9. Pays parmi les plus stables d&#8217;Afrique, 21e \u00e9conomie africaine sur 54, 4e\u00a0de la sous-r\u00e9gion, l&#8217;inflation annuelle est de 6 \u00e0 10%. Malgr\u00e9 ses 3,7% de croissance la population s&#8217;appauvrit. <u>170e\u00a0sur 191 en indice de d\u00e9veloppement humain, <\/u>sans assurance maladie et syst\u00e8me de retraite sauf pour une minorit\u00e9, <u>75% de ses jeunes (env. 8 M.) souhaitent le quitter, <em>par n&#8217;importe quel moyen<\/em><\/u><em>. <\/em>Officiellement 40&#8217;000 personnes par an tentent l&#8217;immigration ill\u00e9gale par pirogue et 15% d&#8217;entre eux p\u00e9rissent en chemin. Selon les experts du terrain, les chiffres r\u00e9els seraient deux fois plus \u00e9lev\u00e9s. Travers\u00e9 et occup\u00e9 par des migrants, selon le HCR, il y aurait jusqu&#8217;\u00e0 7 millions de d\u00e9plac\u00e9s dans la sous-r\u00e9gion. Un million d&#8217;immigr\u00e9s y vivent en permanence. 58% de la population active travaille dans l&#8217;agriculture et 17% dans la p\u00eache, ces deux participant pour 15% du PIB. La p\u00eache, \u00e0 80% artisanale, souffre s\u00e9v\u00e8rement du pillage industriel de grands pays et de la corruption. 75% des apports en prot\u00e9ine de la population provient du poisson.<\/p>\n<p><u>Contexte r\u00e9gional<\/u>. La Casamance, r\u00e9gion enclav\u00e9e sous la Gambie coupant le pays en deux, souffre toujours des r\u00e9percussions de l&#8217;insurrection des ann\u00e9es 80. D\u00e9sormais pacifi\u00e9e, malgr\u00e9 divers programmes r\u00e9gionaux, les services de l&#8217;Etat sont moins pr\u00e9sents, ses infrastructures en mauvais \u00e9tat, le niveau de vie inf\u00e9rieur et le co\u00fbt de la vie, sup\u00e9rieur. La r\u00e9gion b\u00e9n\u00e9ficie d&#8217;une pluviom\u00e9trie abondante. Plus bois\u00e9e, elle subit quand m\u00eame le brulis et la d\u00e9forestation, des r\u00e9seaux mafieux locaux et \u00e9trangers pillant les esp\u00e8ces. Le charbon de bois demeure le combustible principal parmi les pauvres et dans les campagnes. Les p\u00eacheurs migrants et saisonniers dominent le littoral du fleuve et surexploitent les ressources. De ce fait, les p\u00eacheurs autochtones migrent \u00e0 leur tour vers des zones plus lointaines.<\/p>\n<p><u>Population cible et sociologie du besoin<\/u>. Les deux cent \u00e2mes peuplant le village de Pointe-Saint-George, sur les rives du fleuve, sont d&#8217;ethnie diola (8% du SN), de confession catholique. 14 km de piste l&#8217;\u00e9loigne de la route la plus proche se terminant 7 km plus loin, \u00e0 l&#8217;embouchure du fleuve. Difficilement praticable lors des pluies abondantes, l&#8217;acc\u00e8s au march\u00e9 le plus proche \u00e0 28km se fait alors par les bras du fleuve. Les villageois sont travailleurs et bien organis\u00e9s entre eux. 30 femmes sont r\u00e9unies en groupe d&#8217;entraide. Ils vivent majoritairement de p\u00eache, de services rendus aux p\u00eacheurs saisonniers et de la culture rizicole pluviale traditionnelle. La p\u00eache ill\u00e9gale des migrants dans les zones de fraie de la mangrove \u00e9puise les ressources. Non desservi par le r\u00e9seau \u00e9lectrique, les r\u00e9seaux t\u00e9l\u00e9phonique et d&#8217;eau sont lacunaires. Le village comprend une \u00e9cole de quatre classes et deux cases de sant\u00e9 (pour les soins de base et l&#8217;accouchement). Ces derni\u00e8res, offertes il y a 22 ans par une \u00e9glise de la r\u00e9gion sont ferm\u00e9es depuis cinq ans depuis la retraite de l&#8217;infirmi\u00e8re-accoucheuse. Un potager de 20 ans, a \u00e9t\u00e9 abandonn\u00e9 il y a 5 ans par le groupe de femmes renon\u00e7ant \u00e0 lutter contre l&#8217;intrusion des b\u00eates par le grillage rong\u00e9 par la rouille et rafistol\u00e9 maintes fois en vain.<\/p>\n<p><u>R\u00e9alisation sur le terrain<\/u>. Ushagram Suisse pr\u00e9sent sur le terrain par le biais de son directeur, responsable des projets, r\u00e9alisera directement les projets sur place par souci de bonne gouvernance et d&#8217;\u00e9conomie. Le Comit\u00e9 effectuera le suivi et inclura les comptes terrain dans l&#8217;audit de la fiduciaire genevoise soumis aux bailleurs de fonds.<\/p>\n<p><u>Le projet 2025<\/u>, orient\u00e9 sur 2 axes, <u>souverainet\u00e9 alimentaire<\/u> et <u>\u00e9ducation et sant\u00e9<\/u> propose de : 1) r\u00e9habiliter le potager (nouvelle cl\u00f4ture et irrigation par goutte \u00e0 goutte), 2) fournir un cong\u00e9lateur solaire (production de glace pour la p\u00eache), 3) fournir une 2<sup>e<\/sup> barque communautaire (soutien \u00e0 l&#8217;activit\u00e9 piscicole et d\u00e9senclavement du village lors des pluies), 4) former deux volontaires \u00e0 l&#8217;h\u00f4pital r\u00e9gional, r\u00e9habiliter et rouvrir les cases de sant\u00e9, 5) r\u00e9fectionner l&#8217;\u00e9cole.<\/p>\n<p><u>Budget<\/u> tous frais inclus (arrondi). Co\u00fbt total : 54&#8217;000 Fr. 1) potager : 18&#8217;000 Fr, 2) cong\u00e9lateur avec install. solaire : 3&#8217;500 Fr, 3) barque motoris\u00e9e : 16&#8217;000 Fr, 4) cases de sant\u00e9 et formation : 8&#8217;600 Fr, 5) r\u00e9fection \u00e9cole : 7&#8217;900 Fr.<\/p>\n<p>Financement partiel du projet possible. <em>(Voir d\u00e9tail dans le document programmatique.)<\/em><\/p>\n<p>Document programmatique complet avec budget d\u00e9taill\u00e9 et cadre logique : voir colonne de droite.<\/p>\n<p>[\/et_pb_text][\/et_pb_column][et_pb_column type=&#8221;1_4&#8243; _builder_version=&#8221;4.16&#8243; _module_preset=&#8221;default&#8221; global_colors_info=&#8221;{}&#8221;][et_pb_text _builder_version=&#8221;4.21.0&#8243; _module_preset=&#8221;default&#8221; background_color=&#8221;rgba(43,135,218,0.33)&#8221; custom_padding=&#8221;10px|10px|10px|10px|false|false&#8221; border_radii=&#8221;on|10px|10px|10px|10px&#8221; box_shadow_style=&#8221;preset2&#8243; global_colors_info=&#8221;{}&#8221;]<\/p>\n<h4><span style=\"font-size: 18px;\"><a href=\"https:\/\/ushagram-suisse.org\/projets\/institutions-fr\/\"><strong><em>&lt;&lt;&lt; retour au r\u00e9capitulatif de l&#8217;ann\u00e9e<\/em><\/strong><\/a><\/span><\/h4>\n<p><a href=\"https:\/\/ushagram-suisse.org\/documents\/\"><\/a><\/p>\n<p>[\/et_pb_text][et_pb_text _builder_version=&#8221;4.27.4&#8243; _module_preset=&#8221;default&#8221; background_color=&#8221;rgba(63,150,6,0.36)&#8221; custom_padding=&#8221;20px|20px|20px|20px|false|false&#8221; border_radii=&#8221;on|10px|10px|10px|10px&#8221; box_shadow_style=&#8221;preset2&#8243; locked=&#8221;off&#8221; global_colors_info=&#8221;{}&#8221;]<\/p>\n<p><b>FICHE RESUMEE DU PROJET AVEC PHOTOS<\/b><\/p>\n<p><a href=\"https:\/\/ushagram-suisse.org\/wp-content\/uploads\/2025\/03\/FICHE-SN-25-RV-3_web.pdf\" target=\"_blank\" rel=\"noopener noreferrer\"><b><img loading=\"lazy\" decoding=\"async\" src=\"https:\/\/ushagram-suisse.org\/wp-content\/uploads\/2020\/12\/pdf-foto.png\" alt=\"\" class=\"wp-image-598 alignnone size-full\" width=\"134\" height=\"40\" \/><\/b><\/a><\/p>\n<p><a href=\"https:\/\/tinyurl.com\/lib2017-1\" target=\"_blank\" rel=\"noopener\"><\/a><\/p>\n<p>[\/et_pb_text][et_pb_text _builder_version=&#8221;4.27.5&#8243; _module_preset=&#8221;default&#8221; background_color=&#8221;rgba(255,164,61,0.38)&#8221; custom_padding=&#8221;20px|20px|20px|20px|false|false&#8221; hover_enabled=&#8221;0&#8243; border_radii=&#8221;on|10px|10px|10px|10px&#8221; box_shadow_style=&#8221;preset2&#8243; global_colors_info=&#8221;{}&#8221; sticky_enabled=&#8221;0&#8243;]<\/p>\n<p><strong>DOCUMENTS SPECIFIQUES A CETTE DEMANDE<\/strong><\/p>\n<p><strong>&gt;<\/strong> <a href=\"https:\/\/ushagram-suisse.org\/wp-content\/uploads\/2025\/03\/DOC-PROG-UG-SN-2025_v5.pdf\" target=\"_blank\" rel=\"noopener noreferrer\">Doc. programmatique, budget<\/a><\/p>\n<p>&gt; <a href=\"https:\/\/ushagram-suisse.org\/wp-content\/uploads\/2025\/03\/PLAN-FINANCEMENT-2025_v2.pdf\" target=\"_blank\" rel=\"noopener\">Budget et plan de financement<\/a><\/p>\n<p>&gt; <a href=\"https:\/\/ushagram-suisse.org\/wp-content\/uploads\/2025\/03\/CADRE-LOGIQUE-DUREES_UG25.pdf\" target=\"_blank\" rel=\"noopener\">Cadre logique chiffr\u00e9 et dat\u00e9<\/a><\/p>\n<p><strong>&gt;<\/strong> <a href=\"https:\/\/ushagram-suisse.org\/wp-content\/uploads\/2024\/09\/pourquoi-afrique-UG-2025.pdf\" target=\"_blank\" rel=\"noopener\">Pourquoi l&#8217;Afrique ?<\/a><\/p>\n<p><strong>&gt;<\/strong> <a href=\"https:\/\/photos.app.goo.gl\/gjkg5QbRk7rwYSRb9\" target=\"_blank\" rel=\"noopener\">Galerie de photos<\/a> avant \/ apr\u00e8s<\/p>\n<p><a href=\"https:\/\/www.dropbox.com\/scl\/fo\/96ab2padhjwkpq1aehztg\/h?rlkey=hc5zwp9usodschabuz3tu3vq4&amp;dl=0\" target=\"_blank\" rel=\"noopener\"><strong><\/strong><\/a><\/p>\n<p>[\/et_pb_text][et_pb_text _builder_version=&#8221;4.21.0&#8243; _module_preset=&#8221;default&#8221; background_color=&#8221;rgba(224,153,0,0.24)&#8221; custom_padding=&#8221;20px|20px|20px|20px|false|false&#8221; border_radii=&#8221;on|10px|10px|10px|10px&#8221; box_shadow_style=&#8221;preset2&#8243; global_colors_info=&#8221;{}&#8221;]<\/p>\n<p><span style=\"font-size: 14px;\">Voir la liste des documents associatifs usuels \u00e0 la page\u00a0 <\/span><a href=\"https:\/\/ushagram-suisse.org\/documents-fr\/\" target=\"_blank\" rel=\"noopener\"><strong style=\"font-size: 14px;\">&#8220;Documents&#8221;<\/strong><\/a><\/p>\n<p><a href=\"https:\/\/ushagram-suisse.org\/documents-fr\/\" target=\"_blank\" rel=\"noopener\"><img loading=\"lazy\" decoding=\"async\" src=\"http:\/\/ushagram-suisse.org\/wp-content\/uploads\/2020\/12\/pdf-203x300.png\" alt=\"\" class=\"wp-image-358 alignnone size-medium\" width=\"47\" height=\"69\" \/><\/a><\/p>\n<p>[\/et_pb_text][\/et_pb_column][\/et_pb_row][\/et_pb_section][et_pb_section fb_built=&#8221;1&#8243; _builder_version=&#8221;4.9.0&#8243; _module_preset=&#8221;default&#8221; background_color=&#8221;#5b5b5b&#8221; global_module=&#8221;1616&#8243; locked=&#8221;off&#8221; global_colors_info=&#8221;{}&#8221;][et_pb_row column_structure=&#8221;1_4,1_4,1_4,1_4&#8243; _builder_version=&#8221;4.16&#8243; _module_preset=&#8221;default&#8221; global_colors_info=&#8221;{}&#8221;][et_pb_column type=&#8221;1_4&#8243; _builder_version=&#8221;4.16&#8243; _module_preset=&#8221;default&#8221; global_colors_info=&#8221;{}&#8221;][et_pb_image src=&#8221;http:\/\/ushagram-suisse.org\/wp-content\/uploads\/2021\/03\/UG-logo_transp.png&#8221; title_text=&#8221;UG-logo_transp&#8221; url=&#8221;https:\/\/ushagram-suisse.org\/&#8221; _builder_version=&#8221;4.16&#8243; _module_preset=&#8221;default&#8221; custom_margin=&#8221;0px||0px||false|false&#8221; custom_padding=&#8221;0px||0px||false|false&#8221; global_colors_info=&#8221;{}&#8221;][\/et_pb_image][\/et_pb_column][et_pb_column type=&#8221;1_4&#8243; _builder_version=&#8221;4.16&#8243; _module_preset=&#8221;default&#8221; global_colors_info=&#8221;{}&#8221;][et_pb_text _builder_version=&#8221;4.16&#8243; _module_preset=&#8221;default&#8221; global_colors_info=&#8221;{}&#8221;]<\/p>\n<h4><span style=\"color: #e09900;\">A PROPOS<br \/><\/span><\/h4>\n<p><span style=\"color: #ffffff;\"><a href=\"https:\/\/ushagram-suisse.org\/apropos\/\" style=\"color: #ffffff;\">Qui nous sommes<\/a><\/span><br \/><span style=\"color: #ffffff;\"> <a href=\"https:\/\/ushagram-suisse.org\/equipe\/\" style=\"color: #ffffff;\">Equipe et contacts<\/a><a href=\"https:\/\/ushagram-suisse.org\/en\/team\/\" style=\"color: #ffffff;\"><\/a><\/span><br \/><a href=\"https:\/\/ushagram-suisse.org\/infos\/\"><span style=\"color: #ffffff;\">Infos<\/span><\/a><br \/><span style=\"color: #ffffff;\"><a href=\"https:\/\/ushagram-suisse.org\/documents-fr\/\" style=\"color: #ffffff;\">Documents<\/a><\/span><\/p>\n<p>[\/et_pb_text][\/et_pb_column][et_pb_column type=&#8221;1_4&#8243; _builder_version=&#8221;4.16&#8243; _module_preset=&#8221;default&#8221; global_colors_info=&#8221;{}&#8221;][et_pb_text _builder_version=&#8221;4.16&#8243; _module_preset=&#8221;default&#8221; global_colors_info=&#8221;{}&#8221;]<\/p>\n<h4><span style=\"color: #e09900;\">ACTION<\/span><\/h4>\n<p><span style=\"color: #ffffff;\"><a href=\"https:\/\/ushagram-suisse.org\/notre-action\/\" style=\"color: #ffffff;\">R\u00e9alisations<\/a><br \/><a href=\"https:\/\/ushagram-suisse.org\/notre-action\/impact-fr\/\" style=\"color: #ffffff;\">Impact<\/a><a href=\"https:\/\/ushagram-suisse.org\/en\/our-action\/impact-en\/\" style=\"color: #ffffff;\"><\/a><br \/><a href=\"https:\/\/ushagram-suisse.org\/projets\/institutions-fr\/\" style=\"color: #ffffff;\">Projets institutionnels<\/a><\/span><br \/><span style=\"color: #ffffff;\"> <a href=\"https:\/\/ushagram-suisse.org\/particuliers\/\" style=\"color: #ffffff;\">Initiatives priv\u00e9es<\/a><\/span><br \/><span style=\"color: #ffffff;\"> <a href=\"https:\/\/ushagram-suisse.org\/en\/our-action\/impact-en\/\" style=\"color: #ffffff;\"><br \/><\/a><a href=\"https:\/\/ushagram-suisse.org\/documents-fr\/\" style=\"color: #ffffff;\"><\/a><\/span><\/p>\n<p>[\/et_pb_text][\/et_pb_column][et_pb_column type=&#8221;1_4&#8243; _builder_version=&#8221;4.16&#8243; _module_preset=&#8221;default&#8221; global_colors_info=&#8221;{}&#8221;][et_pb_text _builder_version=&#8221;4.16&#8243; _module_preset=&#8221;default&#8221; custom_padding=&#8221;||0px|||&#8221; global_colors_info=&#8221;{}&#8221;]<\/p>\n<h4><span style=\"color: #e09900;\">SOUTIEN<\/span><\/h4>\n<p><span style=\"color: #ffffff;\"><a href=\"https:\/\/ushagram-suisse.org\/en\/support\/\" style=\"color: #ffffff;\"><\/a><a href=\"https:\/\/ushagram-suisse.org\/soutien\/\" style=\"color: #ffffff;\">Devenir membre<\/a><\/span><br \/><span style=\"color: #ffffff;\"><a href=\"https:\/\/ushagram-suisse.org\/soutien\/\" style=\"color: #ffffff;\"> Don ponctuel<\/a><\/span><br \/><span style=\"color: #ffffff;\"><a href=\"https:\/\/ushagram-suisse.org\/soutien\/\" style=\"color: #ffffff;\"> Cofinancer un projet<\/a><\/span><br \/><span style=\"color: #ffffff;\"><a href=\"https:\/\/ushagram-suisse.org\/projets\/particuliers\/volontariat\/\" title=\"Volontariat en Inde\" style=\"color: #ffffff;\"> Volontariat en Inde<\/a><\/span><a href=\"https:\/\/ushagram-suisse.org\/en\/projects\/individuals\/volunteering\/\"><span style=\"color: #f9f9f9;\"><\/span><\/a><\/p>\n<p>[\/et_pb_text][\/et_pb_column][\/et_pb_row][\/et_pb_section]<\/p>\n","protected":false},"excerpt":{"rendered":"<p>AUTONOMISATION DE FEMMES DIOLA ET LEUR VILLAGE\u00a0 DE CASAMANCEAUTONOMISATION DE FEMMES DIOLA ET LEUR VILLAGE DE CASAMANCE Fiche individuelle : sn25-1\u00a0 \u00a0 \u00a0 \u00a0 \u00a0 \u00a0 \u00a0 \u00a0 \u00a0 \u00a0 \u00a0 \u00a0 \u00a0 \u00a0 \u00a0 \u00a0 \u00a0 \u00a0 \u00a0 \u00a0 \u00a0Montants en CHF____________________________________________________________________ Village de Pointe Saint Georges &#8211; Ethnie diola de Casamance au S\u00e9n\u00e9galB\u00e9n\u00e9ficiaires [&hellip;]<\/p>\n","protected":false},"author":1,"featured_media":0,"parent":2516,"menu_order":0,"comment_status":"closed","ping_status":"closed","template":"","meta":{"_et_pb_use_builder":"on","_et_pb_old_content":"","_et_gb_content_width":"","footnotes":""},"categories":[18],"tags":[],"class_list":["post-4769","page","type-page","status-publish","hentry","category-internalp-categ-fr"],"_links":{"self":[{"href":"https:\/\/ushagram-suisse.org\/en\/wp-json\/wp\/v2\/pages\/4769","targetHints":{"allow":["GET"]}}],"collection":[{"href":"https:\/\/ushagram-suisse.org\/en\/wp-json\/wp\/v2\/pages"}],"about":[{"href":"https:\/\/ushagram-suisse.org\/en\/wp-json\/wp\/v2\/types\/page"}],"author":[{"embeddable":true,"href":"https:\/\/ushagram-suisse.org\/en\/wp-json\/wp\/v2\/users\/1"}],"replies":[{"embeddable":true,"href":"https:\/\/ushagram-suisse.org\/en\/wp-json\/wp\/v2\/comments?post=4769"}],"version-history":[{"count":11,"href":"https:\/\/ushagram-suisse.org\/en\/wp-json\/wp\/v2\/pages\/4769\/revisions"}],"predecessor-version":[{"id":5015,"href":"https:\/\/ushagram-suisse.org\/en\/wp-json\/wp\/v2\/pages\/4769\/revisions\/5015"}],"up":[{"embeddable":true,"href":"https:\/\/ushagram-suisse.org\/en\/wp-json\/wp\/v2\/pages\/2516"}],"wp:attachment":[{"href":"https:\/\/ushagram-suisse.org\/en\/wp-json\/wp\/v2\/media?parent=4769"}],"wp:term":[{"taxonomy":"category","embeddable":true,"href":"https:\/\/ushagram-suisse.org\/en\/wp-json\/wp\/v2\/categories?post=4769"},{"taxonomy":"post_tag","embeddable":true,"href":"https:\/\/ushagram-suisse.org\/en\/wp-json\/wp\/v2\/tags?post=4769"}],"curies":[{"name":"wp","href":"https:\/\/api.w.org\/{rel}","templated":true}]}}