               {"id":4253,"date":"2024-02-19T13:15:14","date_gmt":"2024-02-19T12:15:14","guid":{"rendered":"https:\/\/ushagram-suisse.org\/?page_id=4253"},"modified":"2025-03-18T19:59:09","modified_gmt":"2025-03-18T18:59:09","slug":"lib24-1-fr","status":"publish","type":"page","link":"https:\/\/ushagram-suisse.org\/en\/projets\/institutions-fr\/lib24-1-fr\/","title":{"rendered":"lib24-1 &#8211; FR"},"content":{"rendered":"<p>[et_pb_section fb_built=&#8221;1&#8243; fullwidth=&#8221;on&#8221; _builder_version=&#8221;4.16&#8243; background_color=&#8221;#800000&#8243; use_background_color_gradient=&#8221;on&#8221; background_color_gradient_direction=&#8221;330deg&#8221; background_color_gradient_stops=&#8221;#800000 0%|#E02B20 100%&#8221; background_color_gradient_start=&#8221;#800000&#8243; background_color_gradient_end=&#8221;#E02B20&#8243; global_colors_info=&#8221;{}&#8221;][et_pb_fullwidth_header title=&#8221;Projets institutionnels &#8211; Liban 2024&#8243; subhead=&#8221;Soutien des Communes du Canton de Gen\u00e8ve&#8221; _builder_version=&#8221;4.16&#8243; title_font=&#8221;||||||||&#8221; background_color=&#8221;rgba (89,122,0,0,35)&#8221; use_background_color_gradient=&#8221;on&#8221; background_color_gradient_direction=&#8221;332deg&#8221; global_colors_info=&#8221;{}&#8221; button_one_text_size__hover_enabled=&#8221;off&#8221; button_two_text_size__hover_enabled=&#8221;off&#8221; button_one_text_color__hover_enabled=&#8221;off&#8221; button_two_text_color__hover_enabled=&#8221;off&#8221; button_one_border_width__hover_enabled=&#8221;off&#8221; button_two_border_width__hover_enabled=&#8221;off&#8221; button_one_border_color__hover_enabled=&#8221;off&#8221; button_two_border_color__hover_enabled=&#8221;off&#8221; button_one_border_radius__hover_enabled=&#8221;off&#8221; button_two_border_radius__hover_enabled=&#8221;off&#8221; button_one_letter_spacing__hover_enabled=&#8221;off&#8221; button_two_letter_spacing__hover_enabled=&#8221;off&#8221; button_one_bg_color__hover_enabled=&#8221;off&#8221; button_two_bg_color__hover_enabled=&#8221;off&#8221;]<\/p>\n<p>RESCOLARISATION D\u2019ENFANTS REFUGIES SYRIENS<\/p>\n<p>[\/et_pb_fullwidth_header][\/et_pb_section][et_pb_section fb_built=&#8221;1&#8243; _builder_version=&#8221;4.16&#8243; background_color=&#8221;#fffae9&#8243; global_colors_info=&#8221;{}&#8221;][et_pb_row column_structure=&#8221;3_4,1_4&#8243; _builder_version=&#8221;4.16&#8243; _module_preset=&#8221;default&#8221; custom_padding=&#8221;0px|||||&#8221; global_colors_info=&#8221;{}&#8221;][et_pb_column type=&#8221;3_4&#8243; _builder_version=&#8221;4.16&#8243; _module_preset=&#8221;default&#8221; global_colors_info=&#8221;{}&#8221;][et_pb_text _builder_version=&#8221;4.27.4&#8243; _module_preset=&#8221;default&#8221; custom_padding=&#8221;4px|||||&#8221; hover_enabled=&#8221;0&#8243; global_colors_info=&#8221;{}&#8221; sticky_enabled=&#8221;0&#8243;]<\/p>\n<h4><strong>RESILIENCE ET AUTONOMISATION DES FAMILLES DE REFUGIES<\/strong><\/h4>\n<h4>Fiche individuelle : lib24-1\u00a0 \u00a0 \u00a0 \u00a0 \u00a0 \u00a0 \u00a0 \u00a0 \u00a0 \u00a0 \u00a0 \u00a0 \u00a0 \u00a0 \u00a0 \u00a0 \u00a0 \u00a0 \u00a0 \u00a0 \u00a0Montants en CHF<br \/>____________________________________________________________________<\/h4>\n<p><span>Population de r\u00e9fugi\u00e9s syriens de la Beqaa ouest<\/span><br \/><span>ONG locale : \u201cSawa for Development\u201d, Qob Elias, Beqaa, Liban<\/span><br \/><span>Contact : Nawal Mdallaly<\/span><\/p>\n<h4>____________________________________________________________________<\/h4>\n<h4><strong>P R O J E T \u2013 P R I O R I T A I R E<\/strong><\/h4>\n<h4>1) RESCOLARISATION D\u2019ENFANTS REFUGIES<\/h4>\n<p>&nbsp;<\/p>\n<h4><span style=\"color: #e02b20;\"><strong><a href=\"https:\/\/ushagram-suisse.org\/wp-content\/uploads\/2025\/03\/SAWA_FR_Final_2024_web.pdf\" target=\"_blank\" rel=\"noopener\">&gt;&gt;&gt; RAPPORT DE FIN &gt;&gt;&gt;<\/a><br \/><\/strong><a href=\"https:\/\/ushagram-suisse.org\/wp-content\/uploads\/2025\/03\/BLN-AUDIT-REPORT-2021-2024.pdf\" target=\"_blank\" rel=\"noopener\"><\/a><\/span><\/h4>\n<h4><span style=\"color: #e02b20;\"><a href=\"https:\/\/ushagram-suisse.org\/wp-content\/uploads\/2025\/03\/BLN-AUDIT-REPORT-2021-2024.pdf\" target=\"_blank\" rel=\"noopener\">&gt;&gt;&gt; Audit ind\u00e9pendant du projet &gt;&gt;&gt;<\/a><\/span><span style=\"color: #e02b20;\"><strong><\/strong><\/span><\/h4>\n<p><a href=\"https:\/\/photos.app.goo.gl\/mCDGJDyXHLuMZ1UW6\" target=\"_blank\" rel=\"noopener\">&gt;&gt;&gt; Galerie de photos 2024 &gt;&gt;&gt;<\/a><span style=\"color: #e02b20;\"><\/span><\/p>\n<p><strong><\/strong><\/p>\n<p><strong>413.-par enfant<\/strong><span>\u00a0<\/span>sur 4 mois, soit 103.- \/ mois<br \/>Par classe de 25 enfants, 10\u2019323 Fr.<br \/>Projet propos\u00e9 de 4 classes,<span>\u00a0<\/span><strong>soit 41\u2019292 Fr.<\/strong><br \/>Capacit\u00e9 maximale : 300 enfants r\u00e9partis dans 12 classes<strong>.<\/strong><\/p>\n<p>P\u00e9riode de r\u00e9alisation de 4 \u00e0 8 mois<br \/>(en deux phases, d\u00e9but en\u00a0 mars 2024 et ao\u00fbt 2024, flexibilit\u00e9 du calendrier<br \/>selon r\u00e9ception des fonds et \u00e9vent. restrictions sanitaires)<\/p>\n<h4>____________________________________________________________________<\/h4>\n<h4><\/h4>\n<h4>R\u00e9sum\u00e9<\/h4>\n<p><u>Contexte national<\/u>. Le Liban (grand comme la Suisse romande avec 2x plus de densit\u00e9 de population) accueille jusqu&#8217;\u00e0 1.5 millions de r\u00e9fugi\u00e9s syriens officiels et non d\u00e9clar\u00e9s, soit 40% de population en plus, dont 75% de femmes et d\u2019enfants, en majorit\u00e9 rassembl\u00e9s dans les r\u00e9gions d\u00e9j\u00e0 d\u00e9favoris\u00e9es et vuln\u00e9rables du pays, comme la Beqaa ou le Nord. Aucun pays au monde n&#8217;a une densit\u00e9 de r\u00e9fugi\u00e9s aussi importante : 30 x plus qu&#8217;en en Suisse, 10x plus qu&#8217;en Turquie, 4x plus qu&#8217;en Jordanie. Ces derni\u00e8res ann\u00e9es, ce pays a \u00e9t\u00e9 marqu\u00e9 par une s\u00e9rie d&#8217;\u00e9v\u00e8nements tragiques : crise \u00e9conomique, d\u00e9valuation de la monnaie, restriction de l&#8217;argent liquide, inflation, crise politique, crise sanitaire et sociale, explosion du port de Beyrouth, fermeture des \u00e9coles, enseignement \u00e0 distance lacunaire\u2026<\/p>\n<p><u>Les r\u00e9fugi\u00e9s syriens<\/u>. \u00bd million seraient rentr\u00e9s au pays. Cependant, vu la destruction des infrastructures du pays et la peur de repr\u00e9sailles (surtout de la part des anti Assad majoritaires au Liban) la plupart craignent le retour. Par ailleurs, selon une \u00e9tude du Center of Policy Studies de Beyrouth, il faudrait en moyenne 7 \u00e0 10 ans apr\u00e8s la fin d&#8217;un conflit pour que des r\u00e9fugi\u00e9s retournent au pays. En attendant, les fonds internationaux baissent alors que les besoins restent \u00e9normes. Vu leur pr\u00e9sence prolong\u00e9e et les r\u00e9percussions sur le pays d&#8217;accueil &#8211; \u00e9conomie, environnement, soci\u00e9t\u00e9, sant\u00e9, travail, s\u00e9curit\u00e9 etc. &#8211; <em>le soutien qui leur est apport\u00e9 est bien de l&#8217;ordre du <strong>d\u00e9veloppement durable<\/strong><\/em>, tant pour le pays d&#8217;accueil que pour les r\u00e9fugi\u00e9s eux-m\u00eames.<\/p>\n<p><u>Population cible et sociologie du besoin<\/u>. En 2023, on estime que sur 700&#8217;000 enfants r\u00e9fugi\u00e9s syriens au Liban, 60% ne sont pas scolaris\u00e9s alors que 99 % des familles de r\u00e9fugi\u00e9s syriens vivent sous le seuil de pauvret\u00e9. Dans le Gouvernorat de la Beqaa, les besoins de scolarisation concerneraient pr\u00e8s de 10&#8217;000 enfants. Les programmes d&#8217;\u00e9ducation non formelle sont donc une strat\u00e9gie essentielle. La d\u00e9pr\u00e9ciation extr\u00eame de la livre libanaise et l&#8217;augmentation du co\u00fbt des biens et des services ont eu un impact n\u00e9gatif sur la capacit\u00e9 des partenaires non\/\u00e9tatiques \u00e0 atteindre leurs objectifs. Ceux-ci ont d\u00e9clar\u00e9 avoir soutenu seulement 21 % des enfants et des jeunes cibl\u00e9s pour acc\u00e9der aux programmes d&#8217;\u00e9ducation non formelle r\u00e8glement\u00e9s, avec un total de 20&#8217;498 enfants atteints sur les 95&#8217;000 cibl\u00e9s : environ 6&#8217;800 dans l&#8217;\u00e9ducation de la petite enfance (dont 49 % de filles) et moins de 14&#8217;000 dans l&#8217;alphab\u00e9tisation de base et le calcul (dont 55 % de filles).<\/p>\n<p><u>Notre partenaire local.<\/u><strong> Le Minist\u00e8re de l\u2019Education, a accr\u00e9dit\u00e9 notre partenaire<\/strong>, Sawa for Development, depuis 2016 pour la mise en \u0153uvre de programmes d\u2019alphab\u00e9tisation et d&#8217;\u00e9ducation pr\u00e9scolaire pour les enfants r\u00e9fugi\u00e9s. Sawa est <strong>copr\u00e9sidente avec l\u2019UNICEF<\/strong> des programmes d\u2019alphab\u00e9tisation dans la Beqaa depuis 2020.<\/p>\n<p><u>Notre projet <\/u><u>de d\u00e9veloppement 2024 propose<\/u>, <strong>fort de l&#8217;exp\u00e9rience des projets pr\u00e9c\u00e9dents s&#8217;\u00e9tant achev\u00e9s avec succ\u00e8s<\/strong>, un <strong>programme d&#8217;alphab\u00e9tisation et de num\u00e9risation<\/strong> ciblant <strong>au moins 100 enfants de 9 \u00e0 14 ans, dont 60% de filles,<\/strong> provenant des camps des villages de Mansoura et Qob Elias et environs dans la Beqaa, soit <strong>au moins 4 classes de 25 \u00e9l\u00e8ves. Sa finalit\u00e9 est la scolarisation \u00e0 l&#8217;\u00e9cole publique.<\/strong> Ils seront pr\u00e9par\u00e9s \u00e0 l&#8217;examen d&#8217;entr\u00e9e le long des 3 niveaux de 4 mois correspondants aux crit\u00e8res du Minist\u00e8re de l&#8217;Education en collaboration avec l&#8217;UNICEF.<\/p>\n<p><u>Budget.<\/u> Par enfant, le co\u00fbt de la formation sur quatre mois s&#8217;\u00e9l\u00e8ve \u00e0 413 Fr., soit 103 Fr. \/ mois. <strong>Chaque classe de 25 \u00e9l\u00e8ves repr\u00e9sente 10&#8217;323 Fr<\/strong>. 4 classes, 41&#8217;292 Fr. <u>Notre partenaire local a les capacit\u00e9s de former plus d&#8217;\u00e9l\u00e8ves dans un contexte o\u00f9 le besoin avoisine les 1&#8217;600 \u00e9l\u00e8ves<\/u>. Plus de financement permettra la formation de plus d&#8217;enfants. Le financement partiel du projet est possible.<\/p>\n<p><u>P\u00e9riode de r\u00e9alisation :<\/u> mars \u00e0 juin, puis d&#8217;ao\u00fbt \u00e0 novembre 2024. Une certaine flexibilit\u00e9 selon l&#8217;arriv\u00e9e des fonds est possible.<\/p>\n<p>Document programmatique complet avec budget d\u00e9taill\u00e9 : voir colonne de droite.<\/p>\n<p>[\/et_pb_text][\/et_pb_column][et_pb_column type=&#8221;1_4&#8243; _builder_version=&#8221;4.16&#8243; _module_preset=&#8221;default&#8221; global_colors_info=&#8221;{}&#8221;][et_pb_text _builder_version=&#8221;4.21.0&#8243; _module_preset=&#8221;default&#8221; background_color=&#8221;rgba(43,135,218,0.33)&#8221; custom_padding=&#8221;10px|10px|10px|10px|false|false&#8221; border_radii=&#8221;on|10px|10px|10px|10px&#8221; box_shadow_style=&#8221;preset2&#8243; global_colors_info=&#8221;{}&#8221;]<\/p>\n<h4><span style=\"font-size: 18px;\"><a href=\"https:\/\/ushagram-suisse.org\/projets\/institutions-fr\/\"><strong><em>&lt;&lt;&lt; retour au r\u00e9capitulatif de l&#8217;ann\u00e9e<\/em><\/strong><\/a><\/span><\/h4>\n<p><a href=\"https:\/\/ushagram-suisse.org\/documents\/\"><\/a><\/p>\n<p>[\/et_pb_text][et_pb_text _builder_version=&#8221;4.27.4&#8243; _module_preset=&#8221;default&#8221; background_color=&#8221;#83abc1&#8243; custom_padding=&#8221;20px|20px|20px|20px|false|false&#8221; border_radii=&#8221;on|10px|10px|10px|10px&#8221; box_shadow_style=&#8221;preset2&#8243; locked=&#8221;off&#8221; global_colors_info=&#8221;{}&#8221;]<\/p>\n<h1><span style=\"color: #e02b20;\"><b>RAPPORT DE FIN 2024<\/b><\/span><\/h1>\n<p><a href=\"https:\/\/ushagram-suisse.org\/wp-content\/uploads\/2025\/03\/SAWA_FR_Final_2024_web.pdf\" target=\"_blank\" rel=\"noopener noreferrer\"><b><img loading=\"lazy\" decoding=\"async\" src=\"https:\/\/ushagram-suisse.org\/wp-content\/uploads\/2020\/12\/pdf-foto.png\" alt=\"\" class=\"wp-image-598 alignnone size-full\" width=\"134\" height=\"40\" \/><\/b><\/a><\/p>\n<p><a href=\"https:\/\/ushagram-suisse.org\/wp-content\/uploads\/2025\/03\/BLN-AUDIT-REPORT-2021-2024.pdf\" target=\"_blank\" rel=\"noopener\">Audit ind\u00e9pendant (anglais)<\/a><\/p>\n<p>[\/et_pb_text][et_pb_text _builder_version=&#8221;4.24.1&#8243; _module_preset=&#8221;default&#8221; background_color=&#8221;rgba(63,150,6,0.36)&#8221; custom_padding=&#8221;20px|20px|20px|20px|false|false&#8221; border_radii=&#8221;on|10px|10px|10px|10px&#8221; box_shadow_style=&#8221;preset2&#8243; locked=&#8221;off&#8221; global_colors_info=&#8221;{}&#8221;]<\/p>\n<p><b>FICHE RESUMEE DU PROJET AVEC PHOTOS<\/b><\/p>\n<p><a href=\"https:\/\/ushagram-suisse.org\/wp-content\/uploads\/2024\/02\/LIB1-24-RV.pdf\" target=\"_blank\" rel=\"noopener noreferrer\"><b><img loading=\"lazy\" decoding=\"async\" src=\"https:\/\/ushagram-suisse.org\/wp-content\/uploads\/2020\/12\/pdf-foto.png\" alt=\"\" class=\"wp-image-598 alignnone size-full\" width=\"134\" height=\"40\" \/><\/b><\/a><\/p>\n<p><a href=\"https:\/\/tinyurl.com\/lib2017-1\" target=\"_blank\" rel=\"noopener\"><\/a><\/p>\n<p>[\/et_pb_text][et_pb_text _builder_version=&#8221;4.27.4&#8243; _module_preset=&#8221;default&#8221; background_color=&#8221;rgba(255,164,61,0.38)&#8221; custom_padding=&#8221;20px|20px|20px|20px|false|false&#8221; hover_enabled=&#8221;0&#8243; border_radii=&#8221;on|10px|10px|10px|10px&#8221; box_shadow_style=&#8221;preset2&#8243; global_colors_info=&#8221;{}&#8221; sticky_enabled=&#8221;0&#8243;]<\/p>\n<p><strong>DOCUMENTS SPECIFIQUES A CETTE DEMANDE<\/strong><\/p>\n<p><strong>&gt;<\/strong> <a href=\"https:\/\/ushagram-suisse.org\/wp-content\/uploads\/2024\/02\/DOC-PROG-UG-SAWA-2024_final.pdf\" target=\"_blank\" rel=\"noopener noreferrer\">Doc. programmatique, budget<\/a><\/p>\n<p><strong>&gt; <a href=\"https:\/\/ushagram-suisse.org\/wp-content\/uploads\/2024\/02\/RAPPORT-ACT-SAWA-FR-22-23_web.pdf\" target=\"_blank\" rel=\"noopener\">Rapport d&#8217;ach\u00e8vement 2022-2023<\/a><\/strong><\/p>\n<p><strong>&gt;<\/strong> <a href=\"https:\/\/ushagram-suisse.org\/wp-content\/uploads\/2020\/12\/POURQUOI-LIBAN-2018.pdf\" target=\"_blank\" rel=\"noopener\">Pourquoi le Liban ?<\/a><\/p>\n<p><strong>&gt;<\/strong> Infos sur l&#8217;ONG locale :<br \/>&#8211; <a href=\"http:\/\/ushagram-suisse.org\/wp-content\/uploads\/2020\/12\/SW_Statuts.pdf\" target=\"_blank\" rel=\"noopener noreferrer\">Statuts<\/a><br \/>&#8211; <a href=\"http:\/\/ushagram-suisse.org\/wp-content\/uploads\/2020\/12\/SW_PV-EN-AR.pdf\" target=\"_blank\" rel=\"noopener noreferrer\">Enregistrement<\/a><br \/>&#8211; <a href=\"http:\/\/ushagram-suisse.org\/wp-content\/uploads\/2020\/12\/SW_Reglement-interieur.pdf\" target=\"_blank\" rel=\"noopener noreferrer\">R\u00e8glement int\u00e9rieur<\/a><\/p>\n<p><strong>&gt;<\/strong> Galeries de photos :<\/p>\n<p><a href=\"https:\/\/photos.app.goo.gl\/mCDGJDyXHLuMZ1UW6\" target=\"_blank\" rel=\"noopener\">Formations en 2024<\/a><br \/><a href=\"https:\/\/www.dropbox.com\/scl\/fo\/96ab2padhjwkpq1aehztg\/h?rlkey=hc5zwp9usodschabuz3tu3vq4&amp;dl=0\" target=\"_blank\" rel=\"noopener\">Formations en 2023<\/a><br \/><a href=\"#galerie-sawa-2022\">Formations en 2022<\/a><br \/><a href=\"https:\/\/www.dropbox.com\/sh\/8a52adlf6am7t1w\/AADFYss30DwzKwpuVirxjTlWa?dl=0\" target=\"_blank\" rel=\"noopener\">Formation en 2021<\/a><br \/><a href=\"https:\/\/photos.app.goo.gl\/kZKBtys3XWYJdDVy5\" target=\"_blank\" rel=\"noopener noreferrer\">Vie des enfants r\u00e9fugi\u00e9s<\/a><br \/><a href=\"https:\/\/tinyurl.com\/lib2017-1\" target=\"_blank\" rel=\"noopener\">Vues de la Beqaa Ouest<\/a><\/p>\n<p>[\/et_pb_text][et_pb_text _builder_version=&#8221;4.21.0&#8243; _module_preset=&#8221;default&#8221; background_color=&#8221;rgba(224,153,0,0.24)&#8221; custom_padding=&#8221;20px|20px|20px|20px|false|false&#8221; border_radii=&#8221;on|10px|10px|10px|10px&#8221; box_shadow_style=&#8221;preset2&#8243; global_colors_info=&#8221;{}&#8221;]<\/p>\n<p><span style=\"font-size: 14px;\">Voir la liste des documents associatifs usuels \u00e0 la page\u00a0 <\/span><a href=\"https:\/\/ushagram-suisse.org\/documents-fr\/\" target=\"_blank\" rel=\"noopener\"><strong style=\"font-size: 14px;\">&#8220;Documents&#8221;<\/strong><\/a><\/p>\n<p><a href=\"https:\/\/ushagram-suisse.org\/documents-fr\/\" target=\"_blank\" rel=\"noopener\"><img loading=\"lazy\" decoding=\"async\" src=\"http:\/\/ushagram-suisse.org\/wp-content\/uploads\/2020\/12\/pdf-203x300.png\" alt=\"\" class=\"wp-image-358 alignnone size-medium\" width=\"47\" height=\"69\" \/><\/a><\/p>\n<p>[\/et_pb_text][\/et_pb_column][\/et_pb_row][et_pb_row _builder_version=&#8221;4.19.4&#8243; _module_preset=&#8221;default&#8221; min_height=&#8221;1549.7px&#8221; custom_margin=&#8221;-25px|auto||auto||&#8221; global_colors_info=&#8221;{}&#8221;][et_pb_column type=&#8221;4_4&#8243; _builder_version=&#8221;4.19.4&#8243; _module_preset=&#8221;default&#8221; global_colors_info=&#8221;{}&#8221;][et_pb_text module_id=&#8221;galerie-sawa-2022&#8243; _builder_version=&#8221;4.24.1&#8243; _module_preset=&#8221;default&#8221; custom_margin=&#8221;28px||12px|||&#8221; global_colors_info=&#8221;{}&#8221;]<\/p>\n<h2>Photos du projet en 2023 (s\u00e9lection)<\/h2>\n<p>[\/et_pb_text][et_pb_gallery gallery_ids=&#8221;4262,4430,4427,4424,4421,4418,4415,4412,4409,4406,4403,4400,4397,4394,4391,4388,4385,4382,4379,4376,4373,4370,4367,4364,4361,4358,4355,4352,4349,4346,4343,4340,4337,4334,4331,4328,4325,4322,4319,4316,4313,4310,4307,4304,4301,4298,4295,4292,4289,4286,4283,4280,4277,4274,4271,4268,4265&#8243; posts_number=&#8221;100&#8243; show_title_and_caption=&#8221;off&#8221; _builder_version=&#8221;4.24.1&#8243; _module_preset=&#8221;default&#8221; global_colors_info=&#8221;{}&#8221;][\/et_pb_gallery][\/et_pb_column][\/et_pb_row][\/et_pb_section][et_pb_section fb_built=&#8221;1&#8243; _builder_version=&#8221;4.9.0&#8243; _module_preset=&#8221;default&#8221; background_color=&#8221;#5b5b5b&#8221; global_module=&#8221;1616&#8243; locked=&#8221;off&#8221; global_colors_info=&#8221;{}&#8221;][et_pb_row column_structure=&#8221;1_4,1_4,1_4,1_4&#8243; _builder_version=&#8221;4.16&#8243; _module_preset=&#8221;default&#8221; global_colors_info=&#8221;{}&#8221;][et_pb_column type=&#8221;1_4&#8243; _builder_version=&#8221;4.16&#8243; _module_preset=&#8221;default&#8221; global_colors_info=&#8221;{}&#8221;][et_pb_image src=&#8221;http:\/\/ushagram-suisse.org\/wp-content\/uploads\/2021\/03\/UG-logo_transp.png&#8221; title_text=&#8221;UG-logo_transp&#8221; url=&#8221;https:\/\/ushagram-suisse.org\/&#8221; _builder_version=&#8221;4.16&#8243; _module_preset=&#8221;default&#8221; custom_margin=&#8221;0px||0px||false|false&#8221; custom_padding=&#8221;0px||0px||false|false&#8221; global_colors_info=&#8221;{}&#8221;][\/et_pb_image][\/et_pb_column][et_pb_column type=&#8221;1_4&#8243; _builder_version=&#8221;4.16&#8243; _module_preset=&#8221;default&#8221; global_colors_info=&#8221;{}&#8221;][et_pb_text _builder_version=&#8221;4.16&#8243; _module_preset=&#8221;default&#8221; global_colors_info=&#8221;{}&#8221;]<\/p>\n<h4><span style=\"color: #e09900;\">A PROPOS<br \/><\/span><\/h4>\n<p><span style=\"color: #ffffff;\"><a href=\"https:\/\/ushagram-suisse.org\/apropos\/\" style=\"color: #ffffff;\">Qui nous sommes<\/a><\/span><br \/><span style=\"color: #ffffff;\"> <a href=\"https:\/\/ushagram-suisse.org\/equipe\/\" style=\"color: #ffffff;\">Equipe et contacts<\/a><a href=\"https:\/\/ushagram-suisse.org\/en\/team\/\" style=\"color: #ffffff;\"><\/a><\/span><br \/><a href=\"https:\/\/ushagram-suisse.org\/infos\/\"><span style=\"color: #ffffff;\">Infos<\/span><\/a><br \/><span style=\"color: #ffffff;\"><a href=\"https:\/\/ushagram-suisse.org\/documents-fr\/\" style=\"color: #ffffff;\">Documents<\/a><\/span><\/p>\n<p>[\/et_pb_text][\/et_pb_column][et_pb_column type=&#8221;1_4&#8243; _builder_version=&#8221;4.16&#8243; _module_preset=&#8221;default&#8221; global_colors_info=&#8221;{}&#8221;][et_pb_text _builder_version=&#8221;4.16&#8243; _module_preset=&#8221;default&#8221; global_colors_info=&#8221;{}&#8221;]<\/p>\n<h4><span style=\"color: #e09900;\">ACTION<\/span><\/h4>\n<p><span style=\"color: #ffffff;\"><a href=\"https:\/\/ushagram-suisse.org\/notre-action\/\" style=\"color: #ffffff;\">R\u00e9alisations<\/a><br \/><a href=\"https:\/\/ushagram-suisse.org\/notre-action\/impact-fr\/\" style=\"color: #ffffff;\">Impact<\/a><a href=\"https:\/\/ushagram-suisse.org\/en\/our-action\/impact-en\/\" style=\"color: #ffffff;\"><\/a><br \/><a href=\"https:\/\/ushagram-suisse.org\/projets\/institutions-fr\/\" style=\"color: #ffffff;\">Projets institutionnels<\/a><\/span><br \/><span style=\"color: #ffffff;\"> <a href=\"https:\/\/ushagram-suisse.org\/particuliers\/\" style=\"color: #ffffff;\">Initiatives priv\u00e9es<\/a><\/span><br \/><span style=\"color: #ffffff;\"> <a href=\"https:\/\/ushagram-suisse.org\/en\/our-action\/impact-en\/\" style=\"color: #ffffff;\"><br \/><\/a><a href=\"https:\/\/ushagram-suisse.org\/documents-fr\/\" style=\"color: #ffffff;\"><\/a><\/span><\/p>\n<p>[\/et_pb_text][\/et_pb_column][et_pb_column type=&#8221;1_4&#8243; _builder_version=&#8221;4.16&#8243; _module_preset=&#8221;default&#8221; global_colors_info=&#8221;{}&#8221;][et_pb_text _builder_version=&#8221;4.16&#8243; _module_preset=&#8221;default&#8221; custom_padding=&#8221;||0px|||&#8221; global_colors_info=&#8221;{}&#8221;]<\/p>\n<h4><span style=\"color: #e09900;\">SOUTIEN<\/span><\/h4>\n<p><span style=\"color: #ffffff;\"><a href=\"https:\/\/ushagram-suisse.org\/en\/support\/\" style=\"color: #ffffff;\"><\/a><a href=\"https:\/\/ushagram-suisse.org\/soutien\/\" style=\"color: #ffffff;\">Devenir membre<\/a><\/span><br \/><span style=\"color: #ffffff;\"><a href=\"https:\/\/ushagram-suisse.org\/soutien\/\" style=\"color: #ffffff;\"> Don ponctuel<\/a><\/span><br \/><span style=\"color: #ffffff;\"><a href=\"https:\/\/ushagram-suisse.org\/soutien\/\" style=\"color: #ffffff;\"> Cofinancer un projet<\/a><\/span><br \/><span style=\"color: #ffffff;\"><a href=\"https:\/\/ushagram-suisse.org\/projets\/particuliers\/volontariat\/\" title=\"Volontariat en Inde\" style=\"color: #ffffff;\"> Volontariat en Inde<\/a><\/span><a href=\"https:\/\/ushagram-suisse.org\/en\/projects\/individuals\/volunteering\/\"><span style=\"color: #f9f9f9;\"><\/span><\/a><\/p>\n<p>[\/et_pb_text][\/et_pb_column][\/et_pb_row][\/et_pb_section]<\/p>\n","protected":false},"excerpt":{"rendered":"<p>RESCOLARISATION D\u2019ENFANTS REFUGIES SYRIENSRESILIENCE ET AUTONOMISATION DES FAMILLES DE REFUGIES Fiche individuelle : lib24-1\u00a0 \u00a0 \u00a0 \u00a0 \u00a0 \u00a0 \u00a0 \u00a0 \u00a0 \u00a0 \u00a0 \u00a0 \u00a0 \u00a0 \u00a0 \u00a0 \u00a0 \u00a0 \u00a0 \u00a0 \u00a0Montants en CHF____________________________________________________________________ Population de r\u00e9fugi\u00e9s syriens de la Beqaa ouestONG locale : \u201cSawa for Development\u201d, Qob Elias, Beqaa, LibanContact : Nawal [&hellip;]<\/p>\n","protected":false},"author":1,"featured_media":0,"parent":2516,"menu_order":0,"comment_status":"closed","ping_status":"closed","template":"","meta":{"_et_pb_use_builder":"on","_et_pb_old_content":"","_et_gb_content_width":"","footnotes":""},"categories":[18],"tags":[],"class_list":["post-4253","page","type-page","status-publish","hentry","category-internalp-categ-fr"],"_links":{"self":[{"href":"https:\/\/ushagram-suisse.org\/en\/wp-json\/wp\/v2\/pages\/4253","targetHints":{"allow":["GET"]}}],"collection":[{"href":"https:\/\/ushagram-suisse.org\/en\/wp-json\/wp\/v2\/pages"}],"about":[{"href":"https:\/\/ushagram-suisse.org\/en\/wp-json\/wp\/v2\/types\/page"}],"author":[{"embeddable":true,"href":"https:\/\/ushagram-suisse.org\/en\/wp-json\/wp\/v2\/users\/1"}],"replies":[{"embeddable":true,"href":"https:\/\/ushagram-suisse.org\/en\/wp-json\/wp\/v2\/comments?post=4253"}],"version-history":[{"count":14,"href":"https:\/\/ushagram-suisse.org\/en\/wp-json\/wp\/v2\/pages\/4253\/revisions"}],"predecessor-version":[{"id":4797,"href":"https:\/\/ushagram-suisse.org\/en\/wp-json\/wp\/v2\/pages\/4253\/revisions\/4797"}],"up":[{"embeddable":true,"href":"https:\/\/ushagram-suisse.org\/en\/wp-json\/wp\/v2\/pages\/2516"}],"wp:attachment":[{"href":"https:\/\/ushagram-suisse.org\/en\/wp-json\/wp\/v2\/media?parent=4253"}],"wp:term":[{"taxonomy":"category","embeddable":true,"href":"https:\/\/ushagram-suisse.org\/en\/wp-json\/wp\/v2\/categories?post=4253"},{"taxonomy":"post_tag","embeddable":true,"href":"https:\/\/ushagram-suisse.org\/en\/wp-json\/wp\/v2\/tags?post=4253"}],"curies":[{"name":"wp","href":"https:\/\/api.w.org\/{rel}","templated":true}]}}