               {"id":3003,"date":"2023-03-18T19:22:37","date_gmt":"2023-03-18T18:22:37","guid":{"rendered":"https:\/\/ushagram-suisse.org\/?page_id=3003"},"modified":"2023-07-23T20:06:22","modified_gmt":"2023-07-23T18:06:22","slug":"lib23-2","status":"publish","type":"page","link":"https:\/\/ushagram-suisse.org\/en\/projets\/institutions-fr\/lib23-2\/","title":{"rendered":"lib23-2 &#8211; FR"},"content":{"rendered":"<p>[et_pb_section fb_built=&#8221;1&#8243; fullwidth=&#8221;on&#8221; _builder_version=&#8221;4.16&#8243; background_color=&#8221;#800000&#8243; use_background_color_gradient=&#8221;on&#8221; background_color_gradient_direction=&#8221;330deg&#8221; background_color_gradient_stops=&#8221;#800000 0%|#E02B20 100%&#8221; background_color_gradient_start=&#8221;#800000&#8243; background_color_gradient_end=&#8221;#E02B20&#8243; global_colors_info=&#8221;{}&#8221;][et_pb_fullwidth_header title=&#8221;Projets institutionnels &#8211; Liban 2023-2024&#8243; subhead=&#8221;Soutien des Communes du Canton de Gen\u00e8ve&#8221; _builder_version=&#8221;4.16&#8243; title_font=&#8221;||||||||&#8221; background_color=&#8221;rgba (89,122,0,0,35)&#8221; use_background_color_gradient=&#8221;on&#8221; background_color_gradient_direction=&#8221;332deg&#8221; global_colors_info=&#8221;{}&#8221; button_one_text_size__hover_enabled=&#8221;off&#8221; button_two_text_size__hover_enabled=&#8221;off&#8221; button_one_text_color__hover_enabled=&#8221;off&#8221; button_two_text_color__hover_enabled=&#8221;off&#8221; button_one_border_width__hover_enabled=&#8221;off&#8221; button_two_border_width__hover_enabled=&#8221;off&#8221; button_one_border_color__hover_enabled=&#8221;off&#8221; button_two_border_color__hover_enabled=&#8221;off&#8221; button_one_border_radius__hover_enabled=&#8221;off&#8221; button_two_border_radius__hover_enabled=&#8221;off&#8221; button_one_letter_spacing__hover_enabled=&#8221;off&#8221; button_two_letter_spacing__hover_enabled=&#8221;off&#8221; button_one_bg_color__hover_enabled=&#8221;off&#8221; button_two_bg_color__hover_enabled=&#8221;off&#8221;]<\/p>\n<p>AUTONOMISATION DE SYRENS ET LIBANAIS DE BEYROUTH PRECARISES<\/p>\n<p>[\/et_pb_fullwidth_header][\/et_pb_section][et_pb_section fb_built=&#8221;1&#8243; _builder_version=&#8221;4.16&#8243; background_color=&#8221;#fffae9&#8243; global_colors_info=&#8221;{}&#8221;][et_pb_row column_structure=&#8221;3_4,1_4&#8243; _builder_version=&#8221;4.16&#8243; _module_preset=&#8221;default&#8221; custom_padding=&#8221;0px|||||&#8221; global_colors_info=&#8221;{}&#8221;][et_pb_column type=&#8221;3_4&#8243; _builder_version=&#8221;4.16&#8243; _module_preset=&#8221;default&#8221; global_colors_info=&#8221;{}&#8221;][et_pb_text _builder_version=&#8221;4.21.0&#8243; _module_preset=&#8221;default&#8221; custom_padding=&#8221;4px|||||&#8221; global_colors_info=&#8221;{}&#8221;]<\/p>\n<p><strong><em><span style=\"color: #e02b20;\"><\/span><\/em><\/strong><\/p>\n<h4><strong>RESILIENCE ET AUTONOMISATION DE REFUGIES ET LIBANAIS<\/strong><strong><\/strong><\/h4>\n<h4>Fiche individuelle: lib23-2\u00a0 \u00a0 \u00a0 \u00a0 \u00a0 \u00a0 \u00a0 \u00a0 \u00a0 \u00a0 \u00a0 \u00a0 \u00a0 \u00a0 \u00a0 \u00a0 \u00a0 \u00a0 \u00a0 \u00a0 \u00a0Montants en CHF<br \/>____________________________________________________________________<\/h4>\n<p><span style=\"color: #666666; font-family: 'Open Sans', Arial, sans-serif; font-size: 14px; font-style: normal; font-variant-ligatures: normal; font-variant-caps: normal; font-weight: 500; letter-spacing: normal; orphans: 2; text-align: left; text-indent: 0px; text-transform: none; white-space: normal; widows: 2; word-spacing: 0px; -webkit-text-stroke-width: 0px; background-color: #fffae9; text-decoration-thickness: initial; text-decoration-style: initial; text-decoration-color: initial; display: inline !important; float: none;\">Population mixte de r\u00e9fugi\u00e9s syriens et libanais d\u00e9favoris\u00e9s de Beyrouth<br \/>ONG partenaire locale: &#8220;arcenciel&#8221;, Beyrouth, Beqaa<br \/>Contact: Nadim Abdo<br \/><\/span>____________________________________________________________________<\/p>\n<h4><strong>\u00a0<\/strong><\/h4>\n<h4 style=\"box-sizing: border-box; margin: 0px; padding: 0px 0px 10px; border: 0px; outline: 0px; font-size: 18px; text-size-adjust: 100%; vertical-align: baseline; background: #fffae9; color: #333333; line-height: 1em; font-weight: 500; font-family: 'Open Sans', Arial, sans-serif; font-style: normal; font-variant-ligatures: normal; font-variant-caps: normal; letter-spacing: normal; orphans: 2; text-align: left; text-indent: 0px; text-transform: none; white-space: normal; widows: 2; word-spacing: 0px; -webkit-text-stroke-width: 0px; text-decoration-thickness: initial; text-decoration-style: initial; text-decoration-color: initial;\">FORMATION ARTISANALE ET INSERTION PROFESSIONNELLE<\/h4>\n<p style=\"box-sizing: border-box; margin: 0px; padding: 0px 0px 1em; border: 0px; outline: 0px; font-size: 14px; text-size-adjust: 100%; vertical-align: baseline; background: #fffae9; color: #666666; font-family: 'Open Sans', Arial, sans-serif; font-style: normal; font-variant-ligatures: normal; font-variant-caps: normal; font-weight: 500; letter-spacing: normal; orphans: 2; text-align: left; text-indent: 0px; text-transform: none; white-space: normal; widows: 2; word-spacing: 0px; -webkit-text-stroke-width: 0px; text-decoration-thickness: initial; text-decoration-style: initial; text-decoration-color: initial;\">48 femmes et hommes syriens et libanais pr\u00e9caris\u00e9s de Beyrouth<br \/>P\u00e9riode de r\u00e9alisation de 4 mois<br \/>(D\u00e9but entre Avril et novembre 2023, selon arriv\u00e9e des fonds)<\/p>\n<p style=\"box-sizing: border-box; margin: 0px; padding: 0px 0px 1em; border: 0px; outline: 0px; font-size: 14px; text-size-adjust: 100%; vertical-align: baseline; background: #fffae9; color: #666666; font-family: 'Open Sans', Arial, sans-serif; font-style: normal; font-variant-ligatures: normal; font-variant-caps: normal; font-weight: 500; letter-spacing: normal; orphans: 2; text-align: left; text-indent: 0px; text-transform: none; white-space: normal; widows: 2; word-spacing: 0px; -webkit-text-stroke-width: 0px; text-decoration-thickness: initial; text-decoration-style: initial; text-decoration-color: initial;\"><strong style=\"box-sizing: border-box; margin: 0px; padding: 0px; border: 0px; outline: 0px; font-size: 14px; text-size-adjust: 100%; vertical-align: baseline; background: transparent; font-weight: bold;\">587.-par participant\/e<\/strong><br style=\"box-sizing: border-box;\" \/>Pour 5 personnes 2&#8217;935 Fr., 10 personnes 5&#8217;870 Fr., 15 personnes 8&#8217;805 Fr. etc.<br style=\"box-sizing: border-box;\" \/>Total <strong>pour 24 femmes et 24 hommes = 28&#8217;194.-<\/strong>\u00a0<\/p>\n<p style=\"box-sizing: border-box; margin: 0px; padding: 0px 0px 1em; border: 0px; outline: 0px; font-size: 14px; text-size-adjust: 100%; vertical-align: baseline; background: #fffae9; color: #666666; font-family: 'Open Sans', Arial, sans-serif; font-style: normal; font-variant-ligatures: normal; font-variant-caps: normal; font-weight: 500; letter-spacing: normal; orphans: 2; text-align: left; text-indent: 0px; text-transform: none; white-space: normal; widows: 2; word-spacing: 0px; -webkit-text-stroke-width: 0px; text-decoration-thickness: initial; text-decoration-style: initial; text-decoration-color: initial;\">Document programmatique et budget \u00e0 t\u00e9l\u00e9charger &gt;&gt;&gt; colonne de droite<\/p>\n<p>____________________________________________________________________<\/p>\n<h4><\/h4>\n<h4>R\u00e9sum\u00e9<\/h4>\n<p><u><\/u><\/p>\n<p><u>Contexte national<\/u>. Le Liban (grand comme la Suisse romande avec 2x plus de densit\u00e9 de population) accueille jusqu&#8217;\u00e0 1.5 millions de r\u00e9fugi\u00e9s syriens officiels et non d\u00e9clar\u00e9s, soit 40% de population en plus, dont 75% de femmes et d\u2019enfants, en majorit\u00e9 rassembl\u00e9s dans les r\u00e9gions d\u00e9j\u00e0 d\u00e9favoris\u00e9es et vuln\u00e9rables du pays, comme la Beqaa ou le Nord. Aucun pays au monde n&#8217;a une densit\u00e9 de r\u00e9fugi\u00e9s aussi importante : 30 x plus qu&#8217;en en Suisse, 10x plus qu&#8217;en Turquie, 4x plus qu&#8217;en Jordanie. Ces derni\u00e8res ann\u00e9es, ce pays a \u00e9t\u00e9 marqu\u00e9 par une s\u00e9rie d&#8217;\u00e9v\u00e8nements malheureux : crise \u00e9conomique, d\u00e9valuation de la monnaie, restriction de l&#8217;argent liquide, inflation, crise politique, crise sanitaire et sociale, explosion du port de Beyrouth, fermeture des \u00e9coles\u2026 L&#8217;explosion du port de Beyrouth a pr\u00e9caris\u00e9 un grand nombre de personnes d\u00e9j\u00e0 en situation de vuln\u00e9rabilit\u00e9.<\/p>\n<p><u>Les r\u00e9fugi\u00e9s syriens<\/u>. \u00bd million seraient rentr\u00e9s au pays. Cependant, vu la destruction des infrastructures du pays et la peur de repr\u00e9sailles la plupart craignent le retour. Par ailleurs, il faut en moyenne 7 \u00e0 10 ans apr\u00e8s la fin d&#8217;un conflit pour que des r\u00e9fugi\u00e9s retournent au pays. Vu leur pr\u00e9sence prolong\u00e9e et les r\u00e9percussions sur le pays d&#8217;accueil &#8211; \u00e9conomie, environnement, soci\u00e9t\u00e9, sant\u00e9, travail, s\u00e9curit\u00e9 etc. &#8211; <em>le soutien qui leur est apport\u00e9 est bien de l&#8217;ordre du <strong>d\u00e9veloppement durable<\/strong><\/em>, tant pour le pays d&#8217;accueil que pour les r\u00e9fugi\u00e9s eux-m\u00eames.\u00a0<\/p>\n<p><u><\/u><\/p>\n<p><u>Population cible<\/u>. Ce projet cible des femmes et des hommes de Beyrouth en situation de vuln\u00e9rabilit\u00e9, r\u00e9fugi\u00e9s et locaux, particuli\u00e8rement mis \u00e0 mal depuis l&#8217;explosion du port de la ville. 24 femmes et 24 hommes, avec 50% de r\u00e9fugi\u00e9s et 50% de locaux. Ces personnes ont \u00e9t\u00e9 tri\u00e9es sur le volet par notre partenaire local et sont susceptibles de soutenir leur famille et leur communaut\u00e9. Certains d&#8217;entre eux sont partiellement handicap\u00e9s.<\/p>\n<p><u>Ce projet de d\u00e9veloppement propose<\/u> de leur fournir une formation professionnelle, pour les femmes, en couture (1 mois, 48 h), et pour les hommes, en menuiserie, gravure sur bois, peinture et tapisserie (1 mois, 110 h), visant la r\u00e9paration et la production de meubles. Ils seront form\u00e9s par groupe de 6 participants, chacun 1 mois le long d&#8217;une p\u00e9riode de 4 mois. Les femmes pourront revendre leur travail dans les points de vente d&#8217;arcenciel et les hommes seront prioritaires quand les ateliers d&#8217;arcenciel ouvriront des postes. Alternativement, ils seront redirig\u00e9s vers des organisations partenaires. Les deux groupes seront \u00e9galement accompagn\u00e9s dans leur insertion ou dans le d\u00e9veloppement de leur activit\u00e9 ind\u00e9pendante via le bureau d&#8217;action sociale de l&#8217;ONG.<\/p>\n<p>Ce projet repose en partie sur les initiatives d&#8217;entreprises sociales mises en place par notre partenaire \u2013 un mod\u00e8le d\u2019\u00e9conomie circulaire lui permettant d\u2019assurer des revenus r\u00e9inject\u00e9s dans ses projets sociaux. Gr\u00e2ce \u00e0 ces initiatives, des emplois sont cr\u00e9\u00e9s au profit de personnes dans le besoin qui, se rendant autonomes, en soutiennent d&#8217;autres.<\/p>\n<p><strong>Co\u00fbt moyen total de la formation <u>par participant, 587 Fr<\/u><\/strong>. Pour 5 participants, 2&#8217;935 Fr. Pour 10, 5&#8217;870 Fr. Pour 15, 8&#8217;805 Fr. et ainsi de suite. <strong>Le projet de<\/strong> <strong>24 femmes et 24 hommes : 28&#8217;194 Fr<\/strong>.<\/p>\n<p><u>P\u00e9riode de r\u00e9alisation<\/u> de 4 mois entre avril et novembre, selon arriv\u00e9e des fonds. <br \/><em>R\u00e9alisation du projet report\u00e9e de mars \u00e0 juin 2024 en cas d&#8217;arriv\u00e9e tardive des fonds.<\/em><\/p>\n<p>Document programmatique et budget \u00e0 t\u00e9l\u00e9charger &gt;&gt;&gt; colonne de droite<\/p>\n<p>[\/et_pb_text][\/et_pb_column][et_pb_column type=&#8221;1_4&#8243; _builder_version=&#8221;4.16&#8243; _module_preset=&#8221;default&#8221; global_colors_info=&#8221;{}&#8221;][et_pb_text _builder_version=&#8221;4.21.0&#8243; _module_preset=&#8221;default&#8221; background_color=&#8221;rgba(43,135,218,0.33)&#8221; custom_padding=&#8221;10px|10px|10px|10px|false|false&#8221; hover_enabled=&#8221;0&#8243; border_radii=&#8221;on|10px|10px|10px|10px&#8221; box_shadow_style=&#8221;preset2&#8243; global_colors_info=&#8221;{}&#8221; sticky_enabled=&#8221;0&#8243;]<\/p>\n<h4><span style=\"font-size: 18px;\"><a href=\"https:\/\/ushagram-suisse.org\/projets\/institutions-fr\/\"><strong><em>&lt;&lt;&lt; retour au r\u00e9capitulatif de l\u2019ann\u00e9e<\/em><\/strong><\/a><\/span><\/h4>\n<p><a href=\"https:\/\/ushagram-suisse.org\/documents\/\"><\/a><\/p>\n<p>[\/et_pb_text][et_pb_text _builder_version=&#8221;4.21.0&#8243; _module_preset=&#8221;default&#8221; background_color=&#8221;rgba(63,150,6,0.36)&#8221; custom_padding=&#8221;20px|20px|20px|20px|false|false&#8221; hover_enabled=&#8221;0&#8243; border_radii=&#8221;on|10px|10px|10px|10px&#8221; box_shadow_style=&#8221;preset2&#8243; locked=&#8221;off&#8221; global_colors_info=&#8221;{}&#8221; sticky_enabled=&#8221;0&#8243;]<b>FICHE DE PROJET<br \/>\nAVEC PHOTOS<\/b><\/p>\n<p><a href=\"https:\/\/ushagram-suisse.org\/wp-content\/uploads\/2023\/03\/LIB2-23-RV.pdf\" target=\"_blank\" rel=\"noopener noreferrer\"><b><img loading=\"lazy\" decoding=\"async\" src=\"https:\/\/ushagram-suisse.org\/wp-content\/uploads\/2020\/12\/pdf-foto.png\" alt=\"\" class=\"wp-image-598 alignnone size-full\" width=\"134\" height=\"40\" \/><\/b><\/a><\/p>\n<p><a href=\"https:\/\/tinyurl.com\/lib2017-1\" target=\"_blank\" rel=\"noopener\"><\/a>[\/et_pb_text][et_pb_text _builder_version=&#8221;4.21.0&#8243; _module_preset=&#8221;default&#8221; background_color=&#8221;rgba(255,164,61,0.38)&#8221; custom_padding=&#8221;20px|20px|20px|20px|false|false&#8221; hover_enabled=&#8221;0&#8243; border_radii=&#8221;on|10px|10px|10px|10px&#8221; box_shadow_style=&#8221;preset2&#8243; global_colors_info=&#8221;{}&#8221; sticky_enabled=&#8221;0&#8243;]<strong>DOCUMENTS SPECIFIQUES A CETTE DEMANDE<\/strong><\/p>\n<p><strong>&gt;<\/strong> <a href=\"https:\/\/ushagram-suisse.org\/wp-content\/uploads\/2023\/03\/DOC-PROG-LIB-AEC-2023_vFIN.pdf\" target=\"_blank\" rel=\"noopener noreferrer\">Doc. programmatique et budget<\/a><\/p>\n<p><strong>&gt;<\/strong> <a href=\"https:\/\/ushagram-suisse.org\/wp-content\/uploads\/2020\/12\/POURQUOI-LIBAN-2018.pdf\" target=\"_blank\" rel=\"noopener\">Pour le Liban ?<\/a><\/p>\n<p><strong>&gt;<\/strong> Infos sur l&#8217;ONG locale :<br \/>\n&#8211; <a href=\"https:\/\/ushagram-suisse.org\/wp-content\/uploads\/2023\/03\/1.statuts-darcenciel.pdf\" target=\"_blank\" rel=\"noopener noreferrer\">Statuts<\/a><br \/>\n&#8211; <a href=\"https:\/\/ushagram-suisse.org\/wp-content\/uploads\/2023\/03\/2.notification-AR-FR.pdf\" target=\"_blank\" rel=\"noopener noreferrer\">Enregistrement<\/a><br \/>\n&#8211; <a href=\"https:\/\/ushagram-suisse.org\/wp-content\/uploads\/2023\/03\/Organigramme_Juillet-2016.pdf\" target=\"_blank\" rel=\"noopener noreferrer\">Organigramme<\/a><\/p>\n<p><strong>&gt;<\/strong> Galeries de photos :<br \/>\n&#8211; <a href=\"https:\/\/photos.app.goo.gl\/CsCDkZCbuXRnnJHdA\" target=\"_blank\" rel=\"noopener noreferrer\">Formation 2020<\/a><br \/>\n<a href=\"https:\/\/tinyurl.com\/lib2017-1\" target=\"_blank\" rel=\"noopener\">&#8211; Vues de la Beqaa Ouest<\/a>[\/et_pb_text][et_pb_text _builder_version=&#8221;4.21.0&#8243; _module_preset=&#8221;default&#8221; background_color=&#8221;rgba(224,153,0,0.24)&#8221; custom_padding=&#8221;20px|20px|20px|20px|false|false&#8221; border_radii=&#8221;on|10px|10px|10px|10px&#8221; box_shadow_style=&#8221;preset2&#8243; global_colors_info=&#8221;{}&#8221;]<\/p>\n<p><span style=\"font-size: 14px;\">Siehe die Liste der \u00fcblichen assoziativen Dokumente zu den Antr\u00e4gen auf der Seite <\/span><a href=\"https:\/\/ushagram-suisse.org\/documents-fr\/\" target=\"_blank\" rel=\"noopener\"><strong style=\"font-size: 14px;\">&#8220;Dokumente&#8221;<\/strong><\/a><\/p>\n<p><a href=\"https:\/\/ushagram-suisse.org\/documents-fr\/\" target=\"_blank\" rel=\"noopener\"><img loading=\"lazy\" decoding=\"async\" src=\"http:\/\/ushagram-suisse.org\/wp-content\/uploads\/2020\/12\/pdf-203x300.png\" alt=\"\" class=\"wp-image-358 alignnone size-medium\" width=\"47\" height=\"69\" \/><\/a><\/p>\n<p>[\/et_pb_text][\/et_pb_column][\/et_pb_row][et_pb_row _builder_version=&#8221;4.19.4&#8243; _module_preset=&#8221;default&#8221; locked=&#8221;off&#8221; global_colors_info=&#8221;{}&#8221;][et_pb_column type=&#8221;4_4&#8243; _builder_version=&#8221;4.19.4&#8243; _module_preset=&#8221;default&#8221; global_colors_info=&#8221;{}&#8221;][et_pb_text module_id=&#8221;galerie-sawa-2022&#8243; _builder_version=&#8221;4.20.2&#8243; _module_preset=&#8221;default&#8221; custom_margin=&#8221;28px||12px|||&#8221; locked=&#8221;off&#8221; global_colors_info=&#8221;{}&#8221;]<\/p>\n<h2>Impressions de formations pr\u00e9c\u00e9dentes similaires<\/h2>\n<p>[\/et_pb_text][et_pb_gallery gallery_ids=&#8221;3395,3393,3391,3389,3387,3385,3383,3381,3379,3377,3375,3373,3371,3369,3367,3365,3363,3361,3359,3357,3355,3353,3351,3349&#8243; posts_number=&#8221;50&#8243; show_title_and_caption=&#8221;off&#8221; _builder_version=&#8221;4.20.2&#8243; _module_preset=&#8221;default&#8221; global_colors_info=&#8221;{}&#8221;][\/et_pb_gallery][\/et_pb_column][\/et_pb_row][\/et_pb_section][et_pb_section fb_built=&#8221;1&#8243; _builder_version=&#8221;4.9.0&#8243; _module_preset=&#8221;default&#8221; background_color=&#8221;#5b5b5b&#8221; global_module=&#8221;1616&#8243; global_colors_info=&#8221;{}&#8221; locked=&#8221;off&#8221;][et_pb_row column_structure=&#8221;1_4,1_4,1_4,1_4&#8243; _builder_version=&#8221;4.16&#8243; _module_preset=&#8221;default&#8221; global_colors_info=&#8221;{}&#8221;][et_pb_column type=&#8221;1_4&#8243; _builder_version=&#8221;4.16&#8243; _module_preset=&#8221;default&#8221; global_colors_info=&#8221;{}&#8221;][et_pb_image src=&#8221;http:\/\/ushagram-suisse.org\/wp-content\/uploads\/2021\/03\/UG-logo_transp.png&#8221; title_text=&#8221;UG-logo_transp&#8221; url=&#8221;https:\/\/ushagram-suisse.org\/&#8221; _builder_version=&#8221;4.16&#8243; _module_preset=&#8221;default&#8221; custom_margin=&#8221;0px||0px||false|false&#8221; custom_padding=&#8221;0px||0px||false|false&#8221; global_colors_info=&#8221;{}&#8221;][\/et_pb_image][\/et_pb_column][et_pb_column type=&#8221;1_4&#8243; _builder_version=&#8221;4.16&#8243; _module_preset=&#8221;default&#8221; global_colors_info=&#8221;{}&#8221;][et_pb_text _builder_version=&#8221;4.16&#8243; _module_preset=&#8221;default&#8221; global_colors_info=&#8221;{}&#8221;]<\/p>\n<h4><span style=\"color: #e09900;\">A PROPOS<br \/><\/span><\/h4>\n<p><span style=\"color: #ffffff;\"><a href=\"https:\/\/ushagram-suisse.org\/apropos\/\" style=\"color: #ffffff;\">Qui nous sommes<\/a><\/span><br \/><span style=\"color: #ffffff;\"> <a href=\"https:\/\/ushagram-suisse.org\/equipe\/\" style=\"color: #ffffff;\">Equipe et contacts<\/a><a href=\"https:\/\/ushagram-suisse.org\/en\/team\/\" style=\"color: #ffffff;\"><\/a><\/span><br \/><a href=\"https:\/\/ushagram-suisse.org\/infos\/\"><span style=\"color: #ffffff;\">Infos<\/span><\/a><br \/><span style=\"color: #ffffff;\"><a href=\"https:\/\/ushagram-suisse.org\/documents-fr\/\" style=\"color: #ffffff;\">Documents<\/a><\/span><\/p>\n<p>[\/et_pb_text][\/et_pb_column][et_pb_column type=&#8221;1_4&#8243; _builder_version=&#8221;4.16&#8243; _module_preset=&#8221;default&#8221; global_colors_info=&#8221;{}&#8221;][et_pb_text _builder_version=&#8221;4.16&#8243; _module_preset=&#8221;default&#8221; global_colors_info=&#8221;{}&#8221;]<\/p>\n<h4><span style=\"color: #e09900;\">ACTION<\/span><\/h4>\n<p><span style=\"color: #ffffff;\"><a href=\"https:\/\/ushagram-suisse.org\/notre-action\/\" style=\"color: #ffffff;\">R\u00e9alisations<\/a><br \/><a href=\"https:\/\/ushagram-suisse.org\/notre-action\/impact-fr\/\" style=\"color: #ffffff;\">Impact<\/a><a href=\"https:\/\/ushagram-suisse.org\/en\/our-action\/impact-en\/\" style=\"color: #ffffff;\"><\/a><br \/><a href=\"https:\/\/ushagram-suisse.org\/projets\/institutions-fr\/\" style=\"color: #ffffff;\">Projets institutionnels<\/a><\/span><br \/><span style=\"color: #ffffff;\"> <a href=\"https:\/\/ushagram-suisse.org\/particuliers\/\" style=\"color: #ffffff;\">Initiatives priv\u00e9es<\/a><\/span><br \/><span style=\"color: #ffffff;\"> <a href=\"https:\/\/ushagram-suisse.org\/en\/our-action\/impact-en\/\" style=\"color: #ffffff;\"><br \/><\/a><a href=\"https:\/\/ushagram-suisse.org\/documents-fr\/\" style=\"color: #ffffff;\"><\/a><\/span><\/p>\n<p>[\/et_pb_text][\/et_pb_column][et_pb_column type=&#8221;1_4&#8243; _builder_version=&#8221;4.16&#8243; _module_preset=&#8221;default&#8221; global_colors_info=&#8221;{}&#8221;][et_pb_text _builder_version=&#8221;4.16&#8243; _module_preset=&#8221;default&#8221; custom_padding=&#8221;||0px|||&#8221; global_colors_info=&#8221;{}&#8221;]<\/p>\n<h4><span style=\"color: #e09900;\">SOUTIEN<\/span><\/h4>\n<p><span style=\"color: #ffffff;\"><a href=\"https:\/\/ushagram-suisse.org\/en\/support\/\" style=\"color: #ffffff;\"><\/a><a href=\"https:\/\/ushagram-suisse.org\/soutien\/\" style=\"color: #ffffff;\">Devenir membre<\/a><\/span><br \/><span style=\"color: #ffffff;\"><a href=\"https:\/\/ushagram-suisse.org\/soutien\/\" style=\"color: #ffffff;\"> Don ponctuel<\/a><\/span><br \/><span style=\"color: #ffffff;\"><a href=\"https:\/\/ushagram-suisse.org\/soutien\/\" style=\"color: #ffffff;\"> Cofinancer un projet<\/a><\/span><br \/><span style=\"color: #ffffff;\"><a href=\"https:\/\/ushagram-suisse.org\/projets\/particuliers\/volontariat\/\" title=\"Volontariat en Inde\" style=\"color: #ffffff;\"> Volontariat en Inde<\/a><\/span><a href=\"https:\/\/ushagram-suisse.org\/en\/projects\/individuals\/volunteering\/\"><span style=\"color: #f9f9f9;\"><\/span><\/a><\/p>\n<p>[\/et_pb_text][\/et_pb_column][\/et_pb_row][\/et_pb_section]<\/p>\n","protected":false},"excerpt":{"rendered":"<p>AUTONOMISATION DE SYRENS ET LIBANAIS DE BEYROUTH PRECARISES RESILIENCE ET AUTONOMISATION DE REFUGIES ET LIBANAIS Fiche individuelle: lib23-2\u00a0 \u00a0 \u00a0 \u00a0 \u00a0 \u00a0 \u00a0 \u00a0 \u00a0 \u00a0 \u00a0 \u00a0 \u00a0 \u00a0 \u00a0 \u00a0 \u00a0 \u00a0 \u00a0 \u00a0 \u00a0Montants en CHF____________________________________________________________________ Population mixte de r\u00e9fugi\u00e9s syriens et libanais d\u00e9favoris\u00e9s de BeyrouthONG partenaire locale: &#8220;arcenciel&#8221;, Beyrouth, BeqaaContact: [&hellip;]<\/p>\n","protected":false},"author":1,"featured_media":0,"parent":2516,"menu_order":0,"comment_status":"closed","ping_status":"closed","template":"","meta":{"_et_pb_use_builder":"on","_et_pb_old_content":"","_et_gb_content_width":"","footnotes":""},"categories":[18],"tags":[],"class_list":["post-3003","page","type-page","status-publish","hentry","category-internalp-categ-fr"],"_links":{"self":[{"href":"https:\/\/ushagram-suisse.org\/en\/wp-json\/wp\/v2\/pages\/3003","targetHints":{"allow":["GET"]}}],"collection":[{"href":"https:\/\/ushagram-suisse.org\/en\/wp-json\/wp\/v2\/pages"}],"about":[{"href":"https:\/\/ushagram-suisse.org\/en\/wp-json\/wp\/v2\/types\/page"}],"author":[{"embeddable":true,"href":"https:\/\/ushagram-suisse.org\/en\/wp-json\/wp\/v2\/users\/1"}],"replies":[{"embeddable":true,"href":"https:\/\/ushagram-suisse.org\/en\/wp-json\/wp\/v2\/comments?post=3003"}],"version-history":[{"count":19,"href":"https:\/\/ushagram-suisse.org\/en\/wp-json\/wp\/v2\/pages\/3003\/revisions"}],"predecessor-version":[{"id":4114,"href":"https:\/\/ushagram-suisse.org\/en\/wp-json\/wp\/v2\/pages\/3003\/revisions\/4114"}],"up":[{"embeddable":true,"href":"https:\/\/ushagram-suisse.org\/en\/wp-json\/wp\/v2\/pages\/2516"}],"wp:attachment":[{"href":"https:\/\/ushagram-suisse.org\/en\/wp-json\/wp\/v2\/media?parent=3003"}],"wp:term":[{"taxonomy":"category","embeddable":true,"href":"https:\/\/ushagram-suisse.org\/en\/wp-json\/wp\/v2\/categories?post=3003"},{"taxonomy":"post_tag","embeddable":true,"href":"https:\/\/ushagram-suisse.org\/en\/wp-json\/wp\/v2\/tags?post=3003"}],"curies":[{"name":"wp","href":"https:\/\/api.w.org\/{rel}","templated":true}]}}