               {"id":2517,"date":"2022-03-08T19:50:53","date_gmt":"2022-03-08T18:50:53","guid":{"rendered":"https:\/\/ushagram-suisse.org\/?page_id=2517"},"modified":"2024-02-20T18:53:08","modified_gmt":"2024-02-20T17:53:08","slug":"institutions-en","status":"publish","type":"page","link":"https:\/\/ushagram-suisse.org\/en\/projects\/institutions-en\/","title":{"rendered":"Institutions &#8211; EN"},"content":{"rendered":"<p>[et_pb_section fb_built=&#8221;1&#8243; fullwidth=&#8221;on&#8221; _builder_version=&#8221;4.16&#8243; background_color=&#8221;#800000&#8243; use_background_color_gradient=&#8221;on&#8221; background_color_gradient_direction=&#8221;330deg&#8221; background_color_gradient_stops=&#8221;#800000 0%|#E02B20 100%&#8221; background_color_gradient_start=&#8221;#800000&#8243; background_color_gradient_end=&#8221;#E02B20&#8243; global_colors_info=&#8221;{}&#8221;][et_pb_fullwidth_header title=&#8221;Institutional projects &#8211; 2024&#8243; subhead=&#8221;Supported and financed by the Municipalities of Canton Geneva, Switzerland&#8221; _builder_version=&#8221;4.16&#8243; title_font=&#8221;||||||||&#8221; background_color=&#8221;rgba (89,122,0,0,35)&#8221; use_background_color_gradient=&#8221;on&#8221; background_color_gradient_direction=&#8221;332deg&#8221; global_colors_info=&#8221;{}&#8221; button_one_text_size__hover_enabled=&#8221;off&#8221; button_two_text_size__hover_enabled=&#8221;off&#8221; button_one_text_color__hover_enabled=&#8221;off&#8221; button_two_text_color__hover_enabled=&#8221;off&#8221; button_one_border_width__hover_enabled=&#8221;off&#8221; button_two_border_width__hover_enabled=&#8221;off&#8221; button_one_border_color__hover_enabled=&#8221;off&#8221; button_two_border_color__hover_enabled=&#8221;off&#8221; button_one_border_radius__hover_enabled=&#8221;off&#8221; button_two_border_radius__hover_enabled=&#8221;off&#8221; button_one_letter_spacing__hover_enabled=&#8221;off&#8221; button_two_letter_spacing__hover_enabled=&#8221;off&#8221; button_one_bg_color__hover_enabled=&#8221;off&#8221; button_two_bg_color__hover_enabled=&#8221;off&#8221;][\/et_pb_fullwidth_header][\/et_pb_section][et_pb_section fb_built=&#8221;1&#8243; _builder_version=&#8221;4.16&#8243; background_color=&#8221;#fffae9&#8243; global_colors_info=&#8221;{}&#8221;][et_pb_row column_structure=&#8221;3_4,1_4&#8243; _builder_version=&#8221;4.16&#8243; _module_preset=&#8221;default&#8221; custom_padding=&#8221;0px|||||&#8221; locked=&#8221;off&#8221; global_colors_info=&#8221;{}&#8221;][et_pb_column type=&#8221;3_4&#8243; _builder_version=&#8221;4.16&#8243; _module_preset=&#8221;default&#8221; global_colors_info=&#8221;{}&#8221;][et_pb_text _builder_version=&#8221;4.19.4&#8243; _module_preset=&#8221;default&#8221; min_height=&#8221;887.3px&#8221; inline_fonts=&#8221;Arima Madurai&#8221; global_colors_info=&#8221;{}&#8221;]<\/p>\n<h3><span style=\"color: #e02b20;\"><em><strong>F R E N C H\u00a0\u00a0 O N L Y\u00a0\u00a0 S E C T I O N !<\/strong><\/em><\/span><\/h3>\n<h3>RECHERCHE DE FONDS &#8211; <strong>2024-2025<br \/><\/strong><\/h3>\n<p><strong>FINANCEMENT DE PROJETS DE DEVELOPPEMENT<\/strong><br \/>R\u00e9capitulatif des fonds recherch\u00e9s<br \/><em>(Financement partiel possible pour tous les projets)\u00a0<\/em> \u00a0 \u00a0 \u00a0 \u00a0 \u00a0 \u00a0 \u00a0 Montants en CHF<\/p>\n<h4>L I B A N<\/h4>\n<p><strong>AIDE AU DEVELOPPEMENT POUR REFUGIES SYRIENS &amp; LOCAUX<\/strong><\/p>\n<p><span><strong>P R O J E T \u2013 P R I O R I T A I R E<br \/><\/strong><\/span><\/p>\n<p><strong>1)<span>\u00a0<\/span><a href=\"https:\/\/ushagram-suisse.org\/projets\/institutions-fr\/lib24-1-fr\/\" target=\"_blank\" rel=\"noopener noreferrer\">SCOLARISATION D\u2019ENFANTS REFUGIES SYRIENS DE LA BEKAA<\/a><\/strong><br \/><strong>413.-par enfant<\/strong><br \/>Par classe de 25 enfants , 10\u2019323 Fr.<br \/>Projet propos\u00e9 de 4 classes,<span>\u00a0<\/span><strong>soit 41\u2019292 Fr.<\/strong><br \/>Capacit\u00e9 maximale : 300 enfants dans 12 classes<strong>.<\/strong><\/p>\n<p>_________________________________________________________________<\/p>\n<h4>I N D E \u2013 KECHALA<\/h4>\n<p>(<a href=\"http:\/\/goo.gl\/maps\/mz9Ry\" target=\"\u201d_blank\u201d\" rel=\"noopener\">localiser sur Google Maps)<\/a><span>\u00a0<\/span>(<a href=\"https:\/\/plus.google.com\/photos\/108579787891121262922\/albums\/5851200708673432321?authkey=CMDhuMzbuPK8gAE\" target=\"\u201d_blank\u201d\" rel=\"noopener\">vues panoramiques du site<\/a>)<br \/>Programme de d\u00e9veloppement d\u2019une zone tribale autochtone<br \/>Population aborig\u00e8ne impact\u00e9e : 2500 personnes, 4 villages<\/p>\n<p><span>THEMATIQUES AUTONOMISATION \/ MOBILITE \/ EDUCATION \/ JEUNESSE<\/span><\/p>\n<p><a href=\"https:\/\/ushagram-suisse.org\/projets\/institutions-fr\/kcl24-1\/\" title=\"Projets de p\u00e9rennisation - Inde - 2024\" target=\"_blank\" rel=\"noopener\"><span><strong>P R O J E T S \u2013 D E \u2013 P E R E N N I S A T I O N<\/strong><\/span><em>\u00a0 &gt;&gt;&gt; lien unique !<\/em><\/a><\/p>\n<p><a href=\"https:\/\/ushagram-suisse.org\/wp-content\/uploads\/2020\/12\/systeme-educatif-a-Kechala.pdf\" target=\"\u201d_blank\u201d\" rel=\"noopener\"><\/a>1) MATELAS POUR LE NOUVEAU PENSIONNAT DE FILLES\u00a0= 7\u2019245.-<br \/>2) MOBILIER DES SALLES DE CLASSE = 5\u2019811.-<br \/>3) ECLAIRAGE DE RUE SOLAIRE = 3\u2019895.-<br \/>4) SOUTIEN A L\u2019EDUCATION SUPERIEURE (adolescent \/ an) = 1\u2019400.-<br \/>5) PLANTATION D\u2019ARBRES FRUITIERS = 5\u2019950.-<\/p>\n<p>Cliquer sur le lien unique ci-dessus pour ouvir la page.<\/p>\n<p><span><br \/><a href=\"https:\/\/ushagram-suisse.org\/wp-content\/uploads\/2020\/12\/systeme-educatif-a-Kechala.pdf\" target=\"\u201d_blank\u201d\" rel=\"noopener\">(T\u00e9l\u00e9chargez le PDF\u00a0\u201cLe syst\u00e8me \u00e9ducatif \u00e0 K\u00e9chala\u201d\u00a0!)<\/a><\/span><\/p>\n<p><em>mise \u00e0 jour : 19 f\u00e9vrier 2024<\/em><\/p>\n<p>[\/et_pb_text][\/et_pb_column][et_pb_column type=&#8221;1_4&#8243; _builder_version=&#8221;4.16&#8243; _module_preset=&#8221;default&#8221; global_colors_info=&#8221;{}&#8221;][et_pb_text _builder_version=&#8221;4.24.1&#8243; _module_preset=&#8221;default&#8221; global_colors_info=&#8221;{}&#8221;]<\/p>\n<h4><a href=\"https:\/\/ushagram-suisse.org\/en\/projects\/institutions-en\/institutions-en-2023\/\"><span style=\"text-decoration: underline;\"><strong><em>Ann\u00e9e pr\u00e9c\u00e9dente<\/em><\/strong><\/span><strong><em> &gt;&gt;&gt;<\/em><\/strong><span style=\"text-decoration: underline;\"><strong><em><\/em><\/strong><\/span><\/a><u><\/u><\/h4>\n<p>&nbsp;<\/p>\n<p><u><\/u><\/p>\n<p><u><\/u><\/p>\n<p><u>Mode d&#8217;emploi<\/u><\/p>\n<p>Cliquer sur chaque ligne<br \/>pour visionner la fiche correspondante<br \/><em>avec ses photos au dos.<\/em><br \/><img loading=\"lazy\" decoding=\"async\" src=\"https:\/\/ushagram-suisse.org\/wp-content\/uploads\/2021\/02\/Arrow-right3tn.png\" alt=\"\" class=\"wp-image-1152 alignnone size-full\" width=\"45\" height=\"20\" \/><br \/><em>Des galeries de photos<br \/><\/em>sont en marge des<br \/>pages sp\u00e9cifiques !<\/p>\n<p>&nbsp;<\/p>\n<p>&nbsp;<\/p>\n<p>Voir la liste de documents usuels relatifs aux demandes \u00e0 la page <a href=\"https:\/\/ushagram-suisse.org\/documents-fr\/\" target=\"_blank\" rel=\"noopener\"><strong><span style=\"text-decoration: underline;\">&#8220;Documents&#8221;<\/span><\/strong><\/a><\/p>\n<p><a href=\"https:\/\/ushagram-suisse.org\/documents-fr\/\" target=\"_blank\" rel=\"noopener\"><img loading=\"lazy\" decoding=\"async\" src=\"http:\/\/ushagram-suisse.org\/wp-content\/uploads\/2020\/12\/pdf-203x300.png\" alt=\"\" class=\"wp-image-358 alignnone size-medium\" width=\"47\" height=\"69\" \/><\/a><\/p>\n<p>[\/et_pb_text][\/et_pb_column][\/et_pb_row][\/et_pb_section][et_pb_section fb_built=&#8221;1&#8243; _builder_version=&#8221;4.9.0&#8243; _module_preset=&#8221;default&#8221; background_color=&#8221;#5b5b5b&#8221; min_height=&#8221;445.9px&#8221; custom_margin=&#8221;3px||-3px|||&#8221; custom_padding=&#8221;90px||0px|||&#8221; global_module=&#8221;1616&#8243; global_colors_info=&#8221;{}&#8221;][et_pb_row column_structure=&#8221;1_4,1_4,1_4,1_4&#8243; _builder_version=&#8221;4.16&#8243; _module_preset=&#8221;default&#8221; global_colors_info=&#8221;{}&#8221;][et_pb_column type=&#8221;1_4&#8243; _builder_version=&#8221;4.16&#8243; _module_preset=&#8221;default&#8221; global_colors_info=&#8221;{}&#8221;][et_pb_image src=&#8221;http:\/\/ushagram-suisse.org\/wp-content\/uploads\/2021\/03\/UG-logo_transp.png&#8221; title_text=&#8221;UG-logo_transp&#8221; url=&#8221;https:\/\/ushagram-suisse.org\/en\/&#8221; _builder_version=&#8221;4.16&#8243; _module_preset=&#8221;default&#8221; global_colors_info=&#8221;{}&#8221;][\/et_pb_image][\/et_pb_column][et_pb_column type=&#8221;1_4&#8243; _builder_version=&#8221;4.16&#8243; _module_preset=&#8221;default&#8221; global_colors_info=&#8221;{}&#8221;][et_pb_text _builder_version=&#8221;4.16&#8243; _module_preset=&#8221;default&#8221; global_colors_info=&#8221;{}&#8221;]<\/p>\n<h4><span style=\"color: #e09900;\">ABOUT<\/span><\/h4>\n<p><a href=\"https:\/\/ushagram-suisse.org\/en\/about\/\"><span style=\"color: #f9f9f9;\">Who we are<\/span><\/a><br \/><a href=\"https:\/\/ushagram-suisse.org\/en\/team\/\"><span style=\"color: #f9f9f9;\">Teams and contacts<\/span><\/a><br \/><a href=\"https:\/\/ushagram-suisse.org\/en\/news\/\"><span style=\"color: #ffffff;\">News<\/span><span style=\"color: #f9f9f9;\"><\/span><\/a><br \/><a href=\"https:\/\/ushagram-suisse.org\/en\/documents-en\/\"><span style=\"color: #f9f9f9;\">Documents<\/span><\/a><\/p>\n<p>[\/et_pb_text][\/et_pb_column][et_pb_column type=&#8221;1_4&#8243; _builder_version=&#8221;4.16&#8243; _module_preset=&#8221;default&#8221; global_colors_info=&#8221;{}&#8221;][et_pb_text _builder_version=&#8221;4.16&#8243; _module_preset=&#8221;default&#8221; global_colors_info=&#8221;{}&#8221;]<\/p>\n<h4><span style=\"color: #e09900;\">ACTION<\/span><\/h4>\n<p><span style=\"color: #ffffff;\"><a href=\"https:\/\/ushagram-suisse.org\/en\/our-action\/\" style=\"color: #ffffff;\">Achievements<\/a><\/span><br \/><a href=\"https:\/\/ushagram-suisse.org\/en\/our-action\/impact-en\/\"><span style=\"color: #f9f9f9;\">Impact<\/span><\/a><a href=\"https:\/\/ushagram-suisse.org\/en\/documents-en\/\"><span style=\"color: #f9f9f9;\"><\/span><span style=\"color: #f9f9f9;\"><\/span><\/a><br \/><a href=\"https:\/\/ushagram-suisse.org\/en\/projects\/institutions-en\/\"><span style=\"color: #f9f9f9;\">Institutional projects<\/span><\/a><br \/><a href=\"https:\/\/ushagram-suisse.org\/en\/projects\/individuals\/\"><span style=\"color: #f9f9f9;\">Private initiatives<\/span><\/a><br \/><a href=\"https:\/\/ushagram-suisse.org\/en\/our-action\/impact-en\/\"><span style=\"color: #f9f9f9;\"><\/span><\/a><\/p>\n<p>[\/et_pb_text][\/et_pb_column][et_pb_column type=&#8221;1_4&#8243; _builder_version=&#8221;4.16&#8243; _module_preset=&#8221;default&#8221; global_colors_info=&#8221;{}&#8221;][et_pb_text _builder_version=&#8221;4.16&#8243; _module_preset=&#8221;default&#8221; custom_padding=&#8221;||0px|||&#8221; global_colors_info=&#8221;{}&#8221;]<\/p>\n<h4><span style=\"color: #e09900;\">SUPPORT<\/span><\/h4>\n<p><a href=\"https:\/\/ushagram-suisse.org\/en\/support\/\"><span style=\"color: #f9f9f9;\">Becoming a member<\/span><\/a><br \/><a href=\"https:\/\/ushagram-suisse.org\/en\/support\/\"><span style=\"color: #f9f9f9;\">One-time donation<\/span><\/a><br \/><a href=\"https:\/\/ushagram-suisse.org\/en\/support\/\"><span style=\"color: #f9f9f9;\">Cofinancing a project<\/span><\/a><br \/><a href=\"https:\/\/ushagram-suisse.org\/en\/projects\/individuals\/volunteering\/\"><span style=\"color: #f9f9f9;\">Voluntary work in India<\/span><\/a><\/p>\n<p>[\/et_pb_text][\/et_pb_column][\/et_pb_row][\/et_pb_section]<\/p>\n","protected":false},"excerpt":{"rendered":"<p>F R E N C H\u00a0\u00a0 O N L Y\u00a0\u00a0 S E C T I O N ! RECHERCHE DE FONDS &#8211; 2024-2025 FINANCEMENT DE PROJETS DE DEVELOPPEMENTR\u00e9capitulatif des fonds recherch\u00e9s(Financement partiel possible pour tous les projets)\u00a0 \u00a0 \u00a0 \u00a0 \u00a0 \u00a0 \u00a0 \u00a0 Montants en CHF L I B A N AIDE AU DEVELOPPEMENT [&hellip;]<\/p>\n","protected":false},"author":1,"featured_media":0,"parent":845,"menu_order":0,"comment_status":"closed","ping_status":"closed","template":"","meta":{"_et_pb_use_builder":"on","_et_pb_old_content":"","_et_gb_content_width":"","footnotes":""},"categories":[20],"tags":[],"class_list":["post-2517","page","type-page","status-publish","hentry","category-internalp-categ-an"],"_links":{"self":[{"href":"https:\/\/ushagram-suisse.org\/en\/wp-json\/wp\/v2\/pages\/2517","targetHints":{"allow":["GET"]}}],"collection":[{"href":"https:\/\/ushagram-suisse.org\/en\/wp-json\/wp\/v2\/pages"}],"about":[{"href":"https:\/\/ushagram-suisse.org\/en\/wp-json\/wp\/v2\/types\/page"}],"author":[{"embeddable":true,"href":"https:\/\/ushagram-suisse.org\/en\/wp-json\/wp\/v2\/users\/1"}],"replies":[{"embeddable":true,"href":"https:\/\/ushagram-suisse.org\/en\/wp-json\/wp\/v2\/comments?post=2517"}],"version-history":[{"count":14,"href":"https:\/\/ushagram-suisse.org\/en\/wp-json\/wp\/v2\/pages\/2517\/revisions"}],"predecessor-version":[{"id":4531,"href":"https:\/\/ushagram-suisse.org\/en\/wp-json\/wp\/v2\/pages\/2517\/revisions\/4531"}],"up":[{"embeddable":true,"href":"https:\/\/ushagram-suisse.org\/en\/wp-json\/wp\/v2\/pages\/845"}],"wp:attachment":[{"href":"https:\/\/ushagram-suisse.org\/en\/wp-json\/wp\/v2\/media?parent=2517"}],"wp:term":[{"taxonomy":"category","embeddable":true,"href":"https:\/\/ushagram-suisse.org\/en\/wp-json\/wp\/v2\/categories?post=2517"},{"taxonomy":"post_tag","embeddable":true,"href":"https:\/\/ushagram-suisse.org\/en\/wp-json\/wp\/v2\/tags?post=2517"}],"curies":[{"name":"wp","href":"https:\/\/api.w.org\/{rel}","templated":true}]}}