               {"id":1239,"date":"2021-02-15T15:46:08","date_gmt":"2021-02-15T14:46:08","guid":{"rendered":"http:\/\/ushagram-suisse.org\/?page_id=1239"},"modified":"2021-07-25T19:35:22","modified_gmt":"2021-07-25T17:35:22","slug":"kcl21-4","status":"publish","type":"page","link":"https:\/\/ushagram-suisse.org\/en\/projets\/institutions-fr\/institutions-2021\/kcl21-4\/","title":{"rendered":"kcl21-4 &#8211; FR"},"content":{"rendered":"<p>[et_pb_section fb_built=&#8221;1&#8243; fullwidth=&#8221;on&#8221; _builder_version=&#8221;4.7.7&#8243; background_color=&#8221;#800000&#8243; use_background_color_gradient=&#8221;on&#8221; background_color_gradient_start=&#8221;#800000&#8243; background_color_gradient_end=&#8221;#E02B20&#8243; background_color_gradient_direction=&#8221;330deg&#8221;][et_pb_fullwidth_header title=&#8221;Projets institutionnels &#8211; Inde 2021-2022&#8243; subhead=&#8221;Soutien des Communes du Canton de Gen\u00e8ve&#8221; _builder_version=&#8221;4.7.7&#8243; title_font=&#8221;||||||||&#8221; background_color=&#8221;rgba (89,122,0,0,35)&#8221; use_background_color_gradient=&#8221;on&#8221; background_color_gradient_direction=&#8221;332deg&#8221; button_one_text_size__hover_enabled=&#8221;off&#8221; button_two_text_size__hover_enabled=&#8221;off&#8221; button_one_text_color__hover_enabled=&#8221;off&#8221; button_two_text_color__hover_enabled=&#8221;off&#8221; button_one_border_width__hover_enabled=&#8221;off&#8221; button_two_border_width__hover_enabled=&#8221;off&#8221; button_one_border_color__hover_enabled=&#8221;off&#8221; button_two_border_color__hover_enabled=&#8221;off&#8221; button_one_border_radius__hover_enabled=&#8221;off&#8221; button_two_border_radius__hover_enabled=&#8221;off&#8221; button_one_letter_spacing__hover_enabled=&#8221;off&#8221; button_two_letter_spacing__hover_enabled=&#8221;off&#8221; button_one_bg_color__hover_enabled=&#8221;off&#8221; button_two_bg_color__hover_enabled=&#8221;off&#8221;]<\/p>\n<p>IRRIGATION ET ENTRETIEN DES ARBRES DEJA PLANTES &#8211; kcl21-4<\/p>\n<p>[\/et_pb_fullwidth_header][\/et_pb_section][et_pb_section fb_built=&#8221;1&#8243; _builder_version=&#8221;4.7.7&#8243; background_color=&#8221;#fffae9&#8243;][et_pb_row column_structure=&#8221;3_4,1_4&#8243; _builder_version=&#8221;4.7.7&#8243; _module_preset=&#8221;default&#8221; custom_padding=&#8221;0px|||||&#8221;][et_pb_column type=&#8221;3_4&#8243; _builder_version=&#8221;4.7.7&#8243; _module_preset=&#8221;default&#8221;][et_pb_text _builder_version=&#8221;4.7.7&#8243; _module_preset=&#8221;default&#8221; custom_padding=&#8221;4px|||||&#8221;]<\/p>\n<h4><strong>DEVELOPPEMENT DURABLE PARMI LES AUTOCHTONES EN INDE<\/strong><\/h4>\n<h4>Fiche individuelle : kcl21-4\u00a0 \u00a0 \u00a0 \u00a0 \u00a0 \u00a0 \u00a0 \u00a0 \u00a0 \u00a0 \u00a0 \u00a0 \u00a0 \u00a0 \u00a0 \u00a0 \u00a0 \u00a0 \u00a0 \u00a0 \u00a0 Montants en CHF<br \/>_____________________________________________________________________<\/h4>\n<p><strong>K E C H A L A<\/strong><br \/>Programme de d\u00e9veloppement d&#8217;une zone tribale autochtone<br \/>Population aborig\u00e8ne impact\u00e9e : 2500 personnes, 4 villages<br \/>Ethnie autochtone &#8220;Paraja&#8221;. District de Koraput. Etat d&#8217;Orissa. Inde<br \/>Responsable : M. Pranjal Jauhar, Auro Mira Service Society, New Delhi, Inde<br \/><span style=\"color: #333333; font-size: 18px;\">_____________________________________________________________________<\/span><\/p>\n<h4><strong>P R O J E T\u00a0 D E\u00a0 P E R E N N I S A T I O N<\/strong><\/h4>\n<h4><\/h4>\n<h4>4) IRRIGATION ET ENTRETIEN DES ARBRES DEJA PLANTES<\/h4>\n<p>Budget annuel<\/p>\n<p>Irrigation et entretien de la plantation existante = INR 363&#8217;000 = CHF 5&#8217;378<\/p>\n<p><strong>TOTAL CHF 5&#8217;378<\/strong><\/p>\n<p><span style=\"font-size: 18px; color: #333333;\">_____________________________________________________________________<\/span><\/p>\n<h4><\/h4>\n<h4>Descriptif<\/h4>\n<p>Le reboisement et l&#8217;entretien des arbres fruitiers et carburant (pour la cuisine) fait partie du programme de lutte contre la d\u00e9forestation, principale cause de l&#8217;\u00e9rosion des sols et de reboisement. En 2004, les terres \u00e9taient lunaires. Aujourd&#8217;hui les photos t\u00e9moignent du reboisement en cours, rendant ce lieu agr\u00e9able \u00e0 vivre.<\/p>\n<p>Les populations locales vivant d&#8217;une agriculture vivri\u00e8re,\u00a0 afin ne pas d\u00e9stabiliser l&#8217;\u00e9quilibre local, l&#8217;\u00e9cole se devait donc d&#8217;avoir sa propre production de produits frais pour sa consommation. Les potager et les vergers plant\u00e9s depuis gr\u00e2ce aux diff\u00e9rentes lev\u00e9es de fonds, nourrissent d\u00e9j\u00e0 partiellement la 20aine de membres de l&#8217;\u00e9quipe d&#8217;encadrant de l&#8217;\u00e9cole ainsi que les 137 enfants scolaris\u00e9s.<\/p>\n<p>Les villageois agriculteurs ont compris le b\u00e9n\u00e9fice qu&#8217;ils peuvent tirer de la plantation d&#8217;arbres fruitiers. D\u00e8s 2013, le programme de plantation s&#8217;est donc orient\u00e9 vers les villageois qui ont plant\u00e9 des anacardiers (noiox de cajou) sur leurs terres. En 2020, \u00e0 nouveau 1&#8217;000 plants ont \u00e9t\u00e9 plant\u00e9s. Les arbres arriv\u00e9s \u00e0 maturit\u00e9 ont livr\u00e9 quelques 8 tonnes de fruits (10 kg par villageois).<\/p>\n<p>L&#8217;objectif de ce programme \u00e9tant de soutenir l&#8217;activit\u00e9 \u00e9conomique des villageois tribaux, en vue de l&#8217;implantation d&#8217;une unit\u00e9 de traitement des noix, un certain nombre d&#8217;entre eux sont en apprentissage aupr\u00e8s d&#8217;unit\u00e9s de la r\u00e9gion. Livrer un produit fini plut\u00f4t qu&#8217;une mati\u00e8re premi\u00e8re est toujours plus r\u00e9mun\u00e9rateur.<\/p>\n<p>[\/et_pb_text][\/et_pb_column][et_pb_column type=&#8221;1_4&#8243; _builder_version=&#8221;4.7.7&#8243; _module_preset=&#8221;default&#8221;][et_pb_text _builder_version=&#8221;4.9.0&#8243; _module_preset=&#8221;default&#8221; background_color=&#8221;rgba(43,135,218,0.33)&#8221; custom_padding=&#8221;10px|10px|10px|10px|false|false&#8221; border_radii=&#8221;on|10px|10px|10px|10px&#8221; box_shadow_style=&#8221;preset2&#8243;]<\/p>\n<h4><span style=\"font-size: 18px;\"><a href=\"https:\/\/ushagram-suisse.org\/projets\/institutions\/\"><strong><em>&lt;&lt;&lt; <span style=\"text-decoration: underline;\"><span style=\"text-decoration-line: underline;\">retour a<\/span><\/span><span style=\"text-decoration: underline;\">u r\u00e9capitulatif de l&#8217;ann\u00e9e<\/span><\/em><\/strong><\/a><\/span><\/h4>\n<p><a href=\"https:\/\/ushagram-suisse.org\/documents\/\"><\/a><\/p>\n<p>[\/et_pb_text][et_pb_text _builder_version=&#8221;4.9.0&#8243; _module_preset=&#8221;default&#8221; background_color=&#8221;rgba(63,150,6,0.36)&#8221; custom_padding=&#8221;20px|20px|20px|20px|false|false&#8221; border_radii=&#8221;on|10px|10px|10px|10px&#8221; box_shadow_style=&#8221;preset2&#8243; locked=&#8221;off&#8221;]<\/p>\n<p><b>FICHE PROJET + PHOTOS<\/b><\/p>\n<p><a href=\"http:\/\/ushagram-suisse.org\/wp-content\/uploads\/2021\/02\/KCL21-3-RV.pdf\" target=\"_blank\" rel=\"noopener noreferrer\"><b><img loading=\"lazy\" decoding=\"async\" src=\"https:\/\/ushagram-suisse.org\/wp-content\/uploads\/2020\/12\/pdf-foto.png\" alt=\"\" class=\"wp-image-598 alignnone size-full\" width=\"134\" height=\"40\" \/><\/b><\/a><\/p>\n<p>[\/et_pb_text][et_pb_text _builder_version=&#8221;4.9.0&#8243; _module_preset=&#8221;default&#8221; background_color=&#8221;rgba(255,164,61,0.38)&#8221; custom_padding=&#8221;20px|20px|20px|20px|false|false&#8221; border_radii=&#8221;on|10px|10px|10px|10px&#8221; box_shadow_style=&#8221;preset2&#8243;]<\/p>\n<p><strong style=\"font-size: 14px;\">GALERIES DE PHOTOS<\/strong><\/p>\n<p><strong>&gt; <a href=\"https:\/\/photos.app.goo.gl\/o2dPNLP6XBLVnqpy7\" target=\"_blank\" rel=\"noopener noreferrer\">r\u00e9colte anacardiers 2020<\/a><\/strong><\/p>\n<p><strong>&gt; <a href=\"https:\/\/photos.app.goo.gl\/w6xsY6Z46DPi9F5j6\" target=\"_blank\" rel=\"noopener noreferrer\">2019<\/a><\/strong><\/p>\n<p><strong>&gt; <a href=\"https:\/\/picasaweb.google.com\/108579787891121262922\/2015IRRIGATION?authuser=0&amp;authkey=Gv1sRgCKa_t_ms7bnyPA&amp;feat=directlink\" target=\"_blank\" rel=\"noopener noreferrer\">photos<\/a><br \/> <\/strong><\/p>\n<p><strong>&gt; <a href=\"https:\/\/picasaweb.google.com\/108579787891121262922\/2015JARDINS?authuser=0&amp;authkey=Gv1sRgCMO04s_tv_ntzAE&amp;feat=directlink\" target=\"_blank\" rel=\"noopener noreferrer\">jardins<\/a><br \/> <\/strong><strong><\/strong><\/p>\n<p><strong>&gt; <a href=\"https:\/\/plus.google.com\/photos\/108579787891121262922\/albums\/5992203286052032113?authkey=CJ61ie7pg7-mSw\" target=\"_blank\" rel=\"noopener noreferrer\">plantation \/ entretien<\/a><\/strong><\/p>\n<p><strong>&gt; <a href=\"https:\/\/plus.google.com\/photos\/108579787891121262922\/albums\/5978134668118462049?authkey=CNuQiNnz5tXxHw\" target=\"_blank\" rel=\"noopener noreferrer\">vues du site en 2013<\/a><\/strong><\/p>\n<p><strong>&gt; <a href=\"https:\/\/plus.google.com\/photos\/108579787891121262922\/albums\/5710798000434017985?authkey=CO3Ii6_spJ-lmAE\" target=\"_blank\" rel=\"noopener noreferrer\">vues du site en 2012<\/a><\/strong><\/p>\n<p><strong>&gt; <a href=\"https:\/\/plus.google.com\/u\/0\/photos\/108579787891121262922\/albums\/5851196923599913585?authkey=CL6ul9ySuL60fA\" target=\"_blank\" rel=\"noopener noreferrer\">les pompes \u00e0 pied<\/a><\/strong><\/p>\n<p><a href=\"https:\/\/ushagram-suisse.org\/wp-content\/uploads\/2020\/12\/systeme-educatif-a-Kechala.pdf\" target=\"_blank\" rel=\"noopener noreferrer\"><\/a><\/p>\n<p>[\/et_pb_text][et_pb_text _builder_version=&#8221;4.7.7&#8243; _module_preset=&#8221;default&#8221; background_color=&#8221;rgba(224,153,0,0.24)&#8221; custom_padding=&#8221;20px|20px|20px|20px|false|false&#8221; border_radii=&#8221;on|10px|10px|10px|10px&#8221; box_shadow_style=&#8221;preset2&#8243;]<\/p>\n<p><span style=\"font-size: 14px;\">Voir la liste de documents associatifs usuels relatifs aux demandes \u00e0 la page <\/span><a href=\"https:\/\/ushagram-suisse.org\/documents-fr\/\" target=\"_blank\" rel=\"noopener\"><strong style=\"font-size: 14px;\">&#8220;Documents&#8221;<\/strong><\/a><\/p>\n<p><a href=\"https:\/\/ushagram-suisse.org\/documents-fr\/\" target=\"_blank\" rel=\"noopener\"><img loading=\"lazy\" decoding=\"async\" src=\"http:\/\/ushagram-suisse.org\/wp-content\/uploads\/2020\/12\/pdf-203x300.png\" alt=\"\" class=\"wp-image-358 alignnone size-medium\" width=\"47\" height=\"69\" \/><\/a><\/p>\n<p>[\/et_pb_text][\/et_pb_column][\/et_pb_row][\/et_pb_section][et_pb_section fb_built=&#8221;1&#8243; _builder_version=&#8221;4.9.0&#8243; _module_preset=&#8221;default&#8221; background_color=&#8221;#5b5b5b&#8221; global_module=&#8221;1616&#8243;][et_pb_row column_structure=&#8221;1_4,1_4,1_4,1_4&#8243; _builder_version=&#8221;4.9.0&#8243; _module_preset=&#8221;default&#8221;][et_pb_column type=&#8221;1_4&#8243; _builder_version=&#8221;4.9.0&#8243; _module_preset=&#8221;default&#8221;][et_pb_image src=&#8221;http:\/\/ushagram-suisse.org\/wp-content\/uploads\/2021\/03\/UG-logo_transp.png&#8221; title_text=&#8221;UG-logo_transp&#8221; url=&#8221;https:\/\/ushagram-suisse.org\/&#8221; _builder_version=&#8221;4.9.1&#8243; _module_preset=&#8221;default&#8221; custom_margin=&#8221;0px||0px||false|false&#8221; custom_padding=&#8221;0px||0px||false|false&#8221;][\/et_pb_image][\/et_pb_column][et_pb_column type=&#8221;1_4&#8243; _builder_version=&#8221;4.9.0&#8243; _module_preset=&#8221;default&#8221;][et_pb_text _builder_version=&#8221;4.9.0&#8243; _module_preset=&#8221;default&#8221;]<\/p>\n<h4><span style=\"color: #e09900;\">A PROPOS<br \/><\/span><\/h4>\n<p><span style=\"color: #ffffff;\"><a href=\"https:\/\/ushagram-suisse.org\/apropos\/\" style=\"color: #ffffff;\">Qui nous sommes<\/a><\/span><br \/><span style=\"color: #ffffff;\"> <a href=\"https:\/\/ushagram-suisse.org\/equipe\/\" style=\"color: #ffffff;\">Equipe et contacts<\/a><a href=\"https:\/\/ushagram-suisse.org\/en\/team\/\" style=\"color: #ffffff;\"><\/a><\/span><br \/><a href=\"https:\/\/ushagram-suisse.org\/infos\/\"><span style=\"color: #ffffff;\">Infos<\/span><\/a><br \/><span style=\"color: #ffffff;\"><a href=\"https:\/\/ushagram-suisse.org\/documents-fr\/\" style=\"color: #ffffff;\">Documents<\/a><\/span><\/p>\n<p>[\/et_pb_text][\/et_pb_column][et_pb_column type=&#8221;1_4&#8243; _builder_version=&#8221;4.9.0&#8243; _module_preset=&#8221;default&#8221;][et_pb_text _builder_version=&#8221;4.9.1&#8243; _module_preset=&#8221;default&#8221;]<\/p>\n<h4><span style=\"color: #e09900;\">ACTION<\/span><\/h4>\n<p><span style=\"color: #ffffff;\"><a href=\"https:\/\/ushagram-suisse.org\/notre-action\/\" style=\"color: #ffffff;\">R\u00e9alisations<\/a><br \/><a href=\"https:\/\/ushagram-suisse.org\/notre-action\/impact-fr\/\" style=\"color: #ffffff;\">Impact<\/a><a href=\"https:\/\/ushagram-suisse.org\/en\/our-action\/impact-en\/\" style=\"color: #ffffff;\"><\/a><br \/><a href=\"https:\/\/ushagram-suisse.org\/projets\/institutions\/\" style=\"color: #ffffff;\">Projets institutionnels<\/a><\/span><br \/><span style=\"color: #ffffff;\"> <a href=\"https:\/\/ushagram-suisse.org\/particuliers\/\" style=\"color: #ffffff;\">Initiatives priv\u00e9es<\/a><\/span><br \/><span style=\"color: #ffffff;\"> <a href=\"https:\/\/ushagram-suisse.org\/en\/our-action\/impact-en\/\" style=\"color: #ffffff;\"><br \/><\/a><a href=\"https:\/\/ushagram-suisse.org\/documents-fr\/\" style=\"color: #ffffff;\"><\/a><\/span><\/p>\n<p>[\/et_pb_text][\/et_pb_column][et_pb_column type=&#8221;1_4&#8243; _builder_version=&#8221;4.9.0&#8243; _module_preset=&#8221;default&#8221;][et_pb_text _builder_version=&#8221;4.9.0&#8243; _module_preset=&#8221;default&#8221; custom_padding=&#8221;||0px|||&#8221;]<\/p>\n<h4><span style=\"color: #e09900;\">SOUTIEN<\/span><\/h4>\n<p><span style=\"color: #ffffff;\"><a href=\"https:\/\/ushagram-suisse.org\/en\/support\/\" style=\"color: #ffffff;\"><\/a><a href=\"https:\/\/ushagram-suisse.org\/soutien\/\" style=\"color: #ffffff;\">Devenir membre<\/a><\/span><br \/><span style=\"color: #ffffff;\"><a href=\"https:\/\/ushagram-suisse.org\/soutien\/\" style=\"color: #ffffff;\"> Don ponctuel<\/a><\/span><br \/><span style=\"color: #ffffff;\"><a href=\"https:\/\/ushagram-suisse.org\/soutien\/\" style=\"color: #ffffff;\"> Cofinancer un projet<\/a><\/span><br \/><span style=\"color: #ffffff;\"><a href=\"https:\/\/ushagram-suisse.org\/projets\/particuliers\/volontariat\/\" title=\"Volontariat en Inde\" style=\"color: #ffffff;\"> Volontariat en Inde<\/a><\/span><a href=\"https:\/\/ushagram-suisse.org\/en\/projects\/individuals\/volunteering\/\"><span style=\"color: #f9f9f9;\"><\/span><\/a><\/p>\n<p>[\/et_pb_text][\/et_pb_column][\/et_pb_row][\/et_pb_section]<\/p>\n","protected":false},"excerpt":{"rendered":"<p>IRRIGATION ET ENTRETIEN DES ARBRES DEJA PLANTES &#8211; kcl21-4DEVELOPPEMENT DURABLE PARMI LES AUTOCHTONES EN INDE Fiche individuelle : kcl21-4\u00a0 \u00a0 \u00a0 \u00a0 \u00a0 \u00a0 \u00a0 \u00a0 \u00a0 \u00a0 \u00a0 \u00a0 \u00a0 \u00a0 \u00a0 \u00a0 \u00a0 \u00a0 \u00a0 \u00a0 \u00a0 Montants en CHF_____________________________________________________________________ K E C H A L AProgramme de d\u00e9veloppement d&#8217;une zone tribale autochtonePopulation [&hellip;]<\/p>\n","protected":false},"author":1,"featured_media":0,"parent":259,"menu_order":0,"comment_status":"closed","ping_status":"closed","template":"","meta":{"_et_pb_use_builder":"on","_et_pb_old_content":"","_et_gb_content_width":"","footnotes":""},"categories":[18],"tags":[],"class_list":["post-1239","page","type-page","status-publish","hentry","category-internalp-categ-fr"],"_links":{"self":[{"href":"https:\/\/ushagram-suisse.org\/en\/wp-json\/wp\/v2\/pages\/1239","targetHints":{"allow":["GET"]}}],"collection":[{"href":"https:\/\/ushagram-suisse.org\/en\/wp-json\/wp\/v2\/pages"}],"about":[{"href":"https:\/\/ushagram-suisse.org\/en\/wp-json\/wp\/v2\/types\/page"}],"author":[{"embeddable":true,"href":"https:\/\/ushagram-suisse.org\/en\/wp-json\/wp\/v2\/users\/1"}],"replies":[{"embeddable":true,"href":"https:\/\/ushagram-suisse.org\/en\/wp-json\/wp\/v2\/comments?post=1239"}],"version-history":[{"count":7,"href":"https:\/\/ushagram-suisse.org\/en\/wp-json\/wp\/v2\/pages\/1239\/revisions"}],"predecessor-version":[{"id":2480,"href":"https:\/\/ushagram-suisse.org\/en\/wp-json\/wp\/v2\/pages\/1239\/revisions\/2480"}],"up":[{"embeddable":true,"href":"https:\/\/ushagram-suisse.org\/en\/wp-json\/wp\/v2\/pages\/259"}],"wp:attachment":[{"href":"https:\/\/ushagram-suisse.org\/en\/wp-json\/wp\/v2\/media?parent=1239"}],"wp:term":[{"taxonomy":"category","embeddable":true,"href":"https:\/\/ushagram-suisse.org\/en\/wp-json\/wp\/v2\/categories?post=1239"},{"taxonomy":"post_tag","embeddable":true,"href":"https:\/\/ushagram-suisse.org\/en\/wp-json\/wp\/v2\/tags?post=1239"}],"curies":[{"name":"wp","href":"https:\/\/api.w.org\/{rel}","templated":true}]}}