               {"id":1156,"date":"2021-02-05T17:57:35","date_gmt":"2021-02-05T16:57:35","guid":{"rendered":"http:\/\/ushagram-suisse.org\/?page_id=1156"},"modified":"2022-03-10T13:31:49","modified_gmt":"2022-03-10T12:31:49","slug":"lib21-1","status":"publish","type":"page","link":"https:\/\/ushagram-suisse.org\/en\/projets\/institutions-fr\/institutions-2021\/lib21-1\/","title":{"rendered":"lib21-1 &#8211; FR"},"content":{"rendered":"<p>[et_pb_section fb_built=&#8221;1&#8243; fullwidth=&#8221;on&#8221; _builder_version=&#8221;4.7.7&#8243; background_color=&#8221;#800000&#8243; use_background_color_gradient=&#8221;on&#8221; background_color_gradient_start=&#8221;#800000&#8243; background_color_gradient_end=&#8221;#E02B20&#8243; background_color_gradient_direction=&#8221;330deg&#8221; global_colors_info=&#8221;{}&#8221;][et_pb_fullwidth_header title=&#8221;Projets institutionnels &#8211; Liban 2021-2022&#8243; subhead=&#8221;Soutien des Communes du Canton de Gen\u00e8ve&#8221; _builder_version=&#8221;4.7.7&#8243; title_font=&#8221;||||||||&#8221; background_color=&#8221;rgba (89,122,0,0,35)&#8221; use_background_color_gradient=&#8221;on&#8221; background_color_gradient_direction=&#8221;332deg&#8221; global_colors_info=&#8221;{}&#8221; button_one_text_size__hover_enabled=&#8221;off&#8221; button_two_text_size__hover_enabled=&#8221;off&#8221; button_one_text_color__hover_enabled=&#8221;off&#8221; button_two_text_color__hover_enabled=&#8221;off&#8221; button_one_border_width__hover_enabled=&#8221;off&#8221; button_two_border_width__hover_enabled=&#8221;off&#8221; button_one_border_color__hover_enabled=&#8221;off&#8221; button_two_border_color__hover_enabled=&#8221;off&#8221; button_one_border_radius__hover_enabled=&#8221;off&#8221; button_two_border_radius__hover_enabled=&#8221;off&#8221; button_one_letter_spacing__hover_enabled=&#8221;off&#8221; button_two_letter_spacing__hover_enabled=&#8221;off&#8221; button_one_bg_color__hover_enabled=&#8221;off&#8221; button_two_bg_color__hover_enabled=&#8221;off&#8221;]<\/p>\n<p>RESCOLARISATION D&#8217;ENFANTS REFUGIES SYRIENS &#8211; lib21-1<\/p>\n<p>[\/et_pb_fullwidth_header][\/et_pb_section][et_pb_section fb_built=&#8221;1&#8243; _builder_version=&#8221;4.7.7&#8243; background_color=&#8221;#fffae9&#8243; global_colors_info=&#8221;{}&#8221;][et_pb_row column_structure=&#8221;3_4,1_4&#8243; _builder_version=&#8221;4.7.7&#8243; _module_preset=&#8221;default&#8221; custom_padding=&#8221;0px|||||&#8221; global_colors_info=&#8221;{}&#8221;][et_pb_column type=&#8221;3_4&#8243; _builder_version=&#8221;4.7.7&#8243; _module_preset=&#8221;default&#8221; global_colors_info=&#8221;{}&#8221;][et_pb_text _builder_version=&#8221;4.7.7&#8243; _module_preset=&#8221;default&#8221; custom_padding=&#8221;4px|||||&#8221; global_colors_info=&#8221;{}&#8221;]<\/p>\n<h4><strong><\/strong><\/h4>\n<p><strong><em><span style=\"color: #e02b20;\"><\/span><\/em><\/strong><\/p>\n<h4><strong>RESILIENCE ET AUTONOMISATION DES FAMILLES DE REFUGIES<\/strong><\/h4>\n<h4>Fiche individuelle : lib21-1\u00a0 \u00a0 \u00a0 \u00a0 \u00a0 \u00a0 \u00a0 \u00a0 \u00a0 \u00a0 \u00a0 \u00a0 \u00a0 \u00a0 \u00a0 \u00a0 \u00a0 \u00a0 \u00a0 \u00a0Montants en CHF<br \/>____________________________________________________________________<\/h4>\n<p>Population de r\u00e9fugi\u00e9s syriens de la Beqaa ouest<br \/>ONG locale : &#8220;Sawa for Development&#8221;, Qob Elias, Beqaa, Liban<br \/>Contact : Nawal Mdallaly<\/p>\n<h4>____________________________________________________________________<\/h4>\n<h4><strong>P R O J E T &#8211; P R I O R I T A I R E<\/strong><\/h4>\n<h4>1) RESCOLARISATION D&#8217;ENFANTS REFUGIES<\/h4>\n<p><strong>651.-par enfant<\/strong> sur 5 mois, soit 130.- \/ mois<br \/> Par classe de 25 enfants, 16&#8217;275 Fr. <br \/>Projet propos\u00e9 de 4 classes, <strong>soit 65&#8217;096 Fr.<\/strong><br \/> Capacit\u00e9 maximale : 350 enfants r\u00e9partis dans 14 classes<strong>.<\/strong><\/p>\n<p>P\u00e9riode de r\u00e9alisation de 5 \u00e0 10 mois<br \/>(en deux phases, d\u00e9but en\u00a0 f\u00e9vrier 2021 et juillet 2021, flexibilit\u00e9 du calendrier <br \/>selon r\u00e9ception des fonds et restrictions sanitaires)<\/p>\n<p><strong>Document programmatique et budget\u00a0\u00e0 t\u00e9l\u00e9charger<\/strong> <em>&gt;&gt;&gt; colonne de droite &gt;&gt;&gt;<\/em><\/p>\n<h4>____________________________________________________________________<\/h4>\n<h4><\/h4>\n<h4>Descriptif<\/h4>\n<p><u>Contexte national<\/u>. Le Liban (grand comme la Suisse romande avec 2x plus de densit\u00e9 de population) accueille jusqu&#8217;\u00e0 1.5 millions de r\u00e9fugi\u00e9s syriens officiels et non d\u00e9clar\u00e9s, soit 40% de population en plus, dont 75% de femmes et d\u2019enfants, en majorit\u00e9 rassembl\u00e9s dans les r\u00e9gions d\u00e9j\u00e0 d\u00e9favoris\u00e9es et vuln\u00e9rables du pays, comme la Beqaa ou le Nord. Aucun pays au monde n&#8217;a une densit\u00e9 de r\u00e9fugi\u00e9s aussi importante : 30 x plus qu&#8217;en en Suisse, 10x plus qu&#8217;en Turquie, 4x plus qu&#8217;en Jordanie. Ces derni\u00e8res ann\u00e9es, ce pays a \u00e9t\u00e9 marqu\u00e9 par une s\u00e9rie d&#8217;\u00e9v\u00e8nements tragiques : crise \u00e9conomique, d\u00e9valuation de la monnaie, restriction de l&#8217;argent liquide, inflation, crise politique, crise sanitaire et sociale, explosion du port de Beyrouth, fermeture des \u00e9coles, enseignement \u00e0 distance lacunaire\u2026<\/p>\n<p><u>Les r\u00e9fugi\u00e9s syriens<\/u>. \u00bd million seraient rentr\u00e9s au pays. Cependant, vu la destruction des infrastructures du pays et la peur de repr\u00e9sailles (surtout de la part des anti Assad majoritaires au Liban) la plupart craignent le retour. Par ailleurs, selon une \u00e9tude du Center of Policy Studies de Beyrouth, il faudrait en moyenne 7 \u00e0 10 ans apr\u00e8s la fin d&#8217;un conflit pour que des r\u00e9fugi\u00e9s retournent au pays. En attendant, les fonds internationaux baissent alors que les besoins restent \u00e9normes. Vu leur pr\u00e9sence prolong\u00e9e et les r\u00e9percussions sur le pays d&#8217;accueil &#8211; \u00e9conomie, environnement, soci\u00e9t\u00e9, sant\u00e9, travail, s\u00e9curit\u00e9 etc. &#8211; <em>le soutien qui leur est apport\u00e9 est bien de l&#8217;ordre du <strong>d\u00e9veloppement durable<\/strong><\/em>, tant pour le pays d&#8217;accueil que pour les r\u00e9fugi\u00e9s eux-m\u00eames.\u00a0<\/p>\n<p><u>Population cible et sociologie du besoin<\/u>. <strong>Du fait de la<\/strong> <strong>crise \u00e9conomique, faute de moyens, de nombreux enfants libanais ont quitt\u00e9 l&#8217;enseignement priv\u00e9<\/strong> et int\u00e9gr\u00e9 l&#8217;enseignement public <strong>provoquant ainsi une<\/strong> <strong>d\u00e9scolarisation d&#8217;enfants syriens<\/strong>, dont les places avaient d\u00e9j\u00e0 \u00e9t\u00e9 r\u00e9duites par les mesures de distanciation et les retomb\u00e9es \u00e9conomiques de la crise sanitaire. Sur les 666&#8217;000 enfants syriens en \u00e2ge scolaire pr\u00e9sents au Liban en 2019, 58 % n&#8217;\u00e9taient pas scolaris\u00e9s alors que 69 % de familles de r\u00e9fugi\u00e9s syriens vivaient sous le seuil de pauvret\u00e9. Dans le Gouvernorat de la Beqaa, les besoins de scolarisation concerneraient plus de 8&#8217;000 enfants.<\/p>\n<p><u>Notre partenaire local.<\/u><strong> Le Minist\u00e8re de l\u2019Education, a accr\u00e9dit\u00e9 notre partenaire local<\/strong>, Sawa for Development, depuis 2016 pour la mise en \u0153uvre de programmes d\u2019alphab\u00e9tisation et d&#8217;\u00e9ducation pr\u00e9scolaire pour les enfants r\u00e9fugi\u00e9s. Sawa est <strong>copr\u00e9sidente avec l\u2019UNICEF<\/strong> des programmes d\u2019alphab\u00e9tisation dans la Beqaa depuis 2020.<\/p>\n<p><u>Notre projet <\/u><u>de d\u00e9veloppement 2021 propose<\/u> un <strong>programme d&#8217;alphab\u00e9tisation et de num\u00e9risation<\/strong> ciblant <strong>100 enfants de 9 \u00e0 14 ans, dont 60% de filles,<\/strong> provenant des camps du village de Mansoura et ses environs dans la Beqaa, soit <strong>4 classes de 25 \u00e9l\u00e8ves. Sa finalit\u00e9 est la re\/scolarisation<\/strong>*<strong> dans l&#8217;enseignement public<\/strong>, apr\u00e8s les mesures prises pour les r\u00e9accueillir apr\u00e8s plus d&#8217;un an de scolarit\u00e9 perdue. Ils seront pr\u00e9par\u00e9s \u00e0 l&#8217;examen d&#8217;entr\u00e9e \u00e0 l&#8217;\u00e9cole publique. *Certains d&#8217;entre eux n&#8217;ont jamais \u00e9t\u00e9 scolaris\u00e9s.<\/p>\n<p><u>Budget.<\/u> Par enfant, le co\u00fbt de la formation sur cinq mois s&#8217;\u00e9l\u00e8ve \u00e0 651 Fr., soit 130 Fr. \/ mois. <strong>Chaque classe de 25 \u00e9l\u00e8ves repr\u00e9sente 16&#8217;275 Fr<\/strong>. 4 classes, 65&#8217;096 Fr. <em>Les besoins du village et les capacit\u00e9s de notre partenaire permettraient de former jusqu&#8217;\u00e0 350 \u00e9l\u00e8ves, soit 14 classes, selon financement<\/em>. Le financement partiel du projet est possible.<\/p>\n<p><u>COVID<\/u>. Nos projets 2020 ont su s&#8217;adapter \u00e0 la crise et pour 2021, nous avons des solutions alternatives \u00e9prouv\u00e9es en cas de confinement, couvre-feux ou autres restrictions \u00e9ventuelles. Voir document programmatique.<\/p>\n<p><u>P\u00e9riode de r\u00e9alisation :<\/u> f\u00e9vrier \u00e0 juin 2021, puis de juillet \u00e0 novembre 2021. Flexibilit\u00e9 selon arriv\u00e9e des fonds et restrictions sanitaires.<\/p>\n<p>Un document programmatique complet et un budget d\u00e9taill\u00e9 sont disponibles dans la colonne de droite.<\/p>\n<p>[\/et_pb_text][\/et_pb_column][et_pb_column type=&#8221;1_4&#8243; _builder_version=&#8221;4.7.7&#8243; _module_preset=&#8221;default&#8221; global_colors_info=&#8221;{}&#8221;][et_pb_text _builder_version=&#8221;4.8.1&#8243; _module_preset=&#8221;default&#8221; background_color=&#8221;rgba(43,135,218,0.33)&#8221; custom_padding=&#8221;10px|10px|10px|10px|false|false&#8221; border_radii=&#8221;on|10px|10px|10px|10px&#8221; box_shadow_style=&#8221;preset2&#8243; global_colors_info=&#8221;{}&#8221;]<\/p>\n<h4><span style=\"font-size: 18px;\"><a href=\"https:\/\/ushagram-suisse.org\/projets\/institutions\/\"><strong><em>&lt;&lt;&lt; <span style=\"text-decoration: underline;\"><span style=\"text-decoration-line: underline;\">retour a<\/span><\/span><span style=\"text-decoration: underline;\">u r\u00e9capitulatif de l&#8217;ann\u00e9e<\/span><\/em><\/strong><\/a><\/span><\/h4>\n<p><a href=\"https:\/\/ushagram-suisse.org\/documents\/\"><\/a><\/p>\n<p>[\/et_pb_text][et_pb_text _builder_version=&#8221;4.14.8&#8243; _module_preset=&#8221;default&#8221; background_color=&#8221;rgba(0,156,166,0.24)&#8221; custom_padding=&#8221;20px|20px|20px|20px|false|false&#8221; hover_enabled=&#8221;0&#8243; border_radii=&#8221;on|10px|10px|10px|10px&#8221; box_shadow_style=&#8221;preset2&#8243; global_colors_info=&#8221;{}&#8221; sticky_enabled=&#8221;0&#8243;]<\/p>\n<p><strong style=\"font-size: 14px;\">RAPPORT DE REALISATION<\/strong><\/p>\n<p><strong style=\"font-size: 14px;\">&gt;<\/strong><span style=\"font-size: 14px;\"> <\/span><a href=\"https:\/\/ushagram-suisse.org\/wp-content\/uploads\/2022\/03\/RAPPORT-FINAL-TERRAIN-SAWA-2021.pdf\" target=\"_blank\" rel=\"noopener noreferrer\" style=\"font-size: 14px;\">Rapport final du terrain<\/a><a href=\"http:\/\/ushagram-suisse.org\/wp-content\/uploads\/2020\/12\/SW_Reglement-interieur.pdf\" target=\"_blank\" rel=\"noopener noreferrer\"><\/a><\/p>\n<p><strong style=\"font-size: 14px;\">&gt;<\/strong><span style=\"font-size: 14px;\"> <\/span><a href=\"https:\/\/www.dropbox.com\/sh\/8a52adlf6am7t1w\/AADFYss30DwzKwpuVirxjTlWa?dl=0\" target=\"_blank\" rel=\"noopener\">Photos des formations<\/a><a href=\"https:\/\/photos.app.goo.gl\/kZKBtys3XWYJdDVy5\" target=\"_blank\" rel=\"noopener noreferrer\"><\/a><\/p>\n<p>[\/et_pb_text][et_pb_text _builder_version=&#8221;4.9.0&#8243; _module_preset=&#8221;default&#8221; background_color=&#8221;rgba(63,150,6,0.36)&#8221; custom_padding=&#8221;20px|20px|20px|20px|false|false&#8221; border_radii=&#8221;on|10px|10px|10px|10px&#8221; box_shadow_style=&#8221;preset2&#8243; locked=&#8221;off&#8221; global_colors_info=&#8221;{}&#8221;]<\/p>\n<p><b>FICHE PROJET + PHOTOS<\/b><\/p>\n<p><a href=\"http:\/\/ushagram-suisse.org\/wp-content\/uploads\/2021\/02\/LIB21-1-RV.pdf\" target=\"_blank\" rel=\"noopener noreferrer\"><b><img loading=\"lazy\" decoding=\"async\" src=\"https:\/\/ushagram-suisse.org\/wp-content\/uploads\/2020\/12\/pdf-foto.png\" alt=\"\" class=\"wp-image-598 alignnone size-full\" width=\"134\" height=\"40\" \/><\/b><\/a><\/p>\n<p><a href=\"https:\/\/tinyurl.com\/lib2017-1\" target=\"_blank\" rel=\"noopener\"><\/a><\/p>\n<p>[\/et_pb_text][et_pb_text _builder_version=&#8221;4.9.0&#8243; _module_preset=&#8221;default&#8221; background_color=&#8221;rgba(255,164,61,0.38)&#8221; custom_padding=&#8221;20px|20px|20px|20px|false|false&#8221; border_radii=&#8221;on|10px|10px|10px|10px&#8221; box_shadow_style=&#8221;preset2&#8243; global_colors_info=&#8221;{}&#8221;]<\/p>\n<p><strong>DOCUMENTS SPECIFIQUES A CETTE DEMANDE<\/strong><\/p>\n<p><strong>&gt;<\/strong> <a href=\"http:\/\/ushagram-suisse.org\/wp-content\/uploads\/2021\/02\/DOC-PROG-UG-SAWA-2021_V2_photos.pdf\" target=\"_blank\" rel=\"noopener noreferrer\">doc. programmatique, budget<\/a><\/p>\n<p><strong>&gt;<\/strong> <a href=\"https:\/\/ushagram-suisse.org\/wp-content\/uploads\/2020\/12\/POURQUOI-LIBAN-2018.pdf\" target=\"_blank\" rel=\"noopener\">Pourquoi le Liban ?<\/a><\/p>\n<p><strong>&gt;<\/strong> Infos sur l&#8217;ONG locale :<br \/>&#8211; <a href=\"http:\/\/ushagram-suisse.org\/wp-content\/uploads\/2020\/12\/SW_Statuts.pdf\" target=\"_blank\" rel=\"noopener noreferrer\">Statuts<\/a><br \/>&#8211; <a href=\"http:\/\/ushagram-suisse.org\/wp-content\/uploads\/2020\/12\/SW_PV-EN-AR.pdf\" target=\"_blank\" rel=\"noopener noreferrer\">Acte constitution<\/a><br \/>&#8211; <a href=\"http:\/\/ushagram-suisse.org\/wp-content\/uploads\/2020\/12\/SW_Reglement-interieur.pdf\" target=\"_blank\" rel=\"noopener noreferrer\">R\u00e8glement int\u00e9rieur<\/a><\/p>\n<p><strong>&gt;<\/strong> Galeries de photos :<br \/><strong><a href=\"https:\/\/www.dropbox.com\/sh\/8a52adlf6am7t1w\/AADFYss30DwzKwpuVirxjTlWa?dl=0\" target=\"_blank\" rel=\"noopener\">Formations en 2021<\/a><\/strong><br \/><a href=\"https:\/\/photos.app.goo.gl\/kZKBtys3XWYJdDVy5\" target=\"_blank\" rel=\"noopener noreferrer\">Vie des enfants r\u00e9fugi\u00e9s<\/a><br \/><a href=\"https:\/\/tinyurl.com\/lib2017-1\" target=\"_blank\" rel=\"noopener\">Vues de la Beqaa ouest<\/a><\/p>\n<p>[\/et_pb_text][et_pb_text _builder_version=&#8221;4.9.1&#8243; _module_preset=&#8221;default&#8221; background_color=&#8221;rgba(224,153,0,0.24)&#8221; custom_padding=&#8221;20px|20px|20px|20px|false|false&#8221; border_radii=&#8221;on|10px|10px|10px|10px&#8221; box_shadow_style=&#8221;preset2&#8243; global_colors_info=&#8221;{}&#8221;]<\/p>\n<p><span style=\"font-size: 14px;\">Voir la liste de documents associatifs usuels relatifs aux demandes \u00e0 la page <\/span><a href=\"https:\/\/ushagram-suisse.org\/documents-fr\/\" target=\"_blank\" rel=\"noopener\"><strong style=\"font-size: 14px;\">&#8220;Documents&#8221;<\/strong><\/a><\/p>\n<p><a href=\"https:\/\/ushagram-suisse.org\/documents-fr\/\" target=\"_blank\" rel=\"noopener\"><img loading=\"lazy\" decoding=\"async\" src=\"http:\/\/ushagram-suisse.org\/wp-content\/uploads\/2020\/12\/pdf-203x300.png\" alt=\"\" class=\"wp-image-358 alignnone size-medium\" width=\"47\" height=\"69\" \/><\/a><\/p>\n<p>[\/et_pb_text][\/et_pb_column][\/et_pb_row][\/et_pb_section][et_pb_section fb_built=&#8221;1&#8243; _builder_version=&#8221;4.9.0&#8243; _module_preset=&#8221;default&#8221; background_color=&#8221;#5b5b5b&#8221; global_module=&#8221;1616&#8243; global_colors_info=&#8221;{}&#8221;][et_pb_row column_structure=&#8221;1_4,1_4,1_4,1_4&#8243; _builder_version=&#8221;4.9.0&#8243; _module_preset=&#8221;default&#8221; global_colors_info=&#8221;{}&#8221;][et_pb_column type=&#8221;1_4&#8243; _builder_version=&#8221;4.9.0&#8243; _module_preset=&#8221;default&#8221; global_colors_info=&#8221;{}&#8221;][et_pb_image src=&#8221;http:\/\/ushagram-suisse.org\/wp-content\/uploads\/2021\/03\/UG-logo_transp.png&#8221; title_text=&#8221;UG-logo_transp&#8221; url=&#8221;https:\/\/ushagram-suisse.org\/&#8221; _builder_version=&#8221;4.9.1&#8243; _module_preset=&#8221;default&#8221; custom_margin=&#8221;0px||0px||false|false&#8221; custom_padding=&#8221;0px||0px||false|false&#8221; global_colors_info=&#8221;{}&#8221;][\/et_pb_image][\/et_pb_column][et_pb_column type=&#8221;1_4&#8243; _builder_version=&#8221;4.9.0&#8243; _module_preset=&#8221;default&#8221; global_colors_info=&#8221;{}&#8221;][et_pb_text _builder_version=&#8221;4.9.0&#8243; _module_preset=&#8221;default&#8221; global_colors_info=&#8221;{}&#8221;]<\/p>\n<h4><span style=\"color: #e09900;\">A PROPOS<br \/><\/span><\/h4>\n<p><span style=\"color: #ffffff;\"><a href=\"https:\/\/ushagram-suisse.org\/apropos\/\" style=\"color: #ffffff;\">Qui nous sommes<\/a><\/span><br \/><span style=\"color: #ffffff;\"> <a href=\"https:\/\/ushagram-suisse.org\/equipe\/\" style=\"color: #ffffff;\">Equipe et contacts<\/a><a href=\"https:\/\/ushagram-suisse.org\/en\/team\/\" style=\"color: #ffffff;\"><\/a><\/span><br \/><a href=\"https:\/\/ushagram-suisse.org\/infos\/\"><span style=\"color: #ffffff;\">Infos<\/span><\/a><br \/><span style=\"color: #ffffff;\"><a href=\"https:\/\/ushagram-suisse.org\/documents-fr\/\" style=\"color: #ffffff;\">Documents<\/a><\/span><\/p>\n<p>[\/et_pb_text][\/et_pb_column][et_pb_column type=&#8221;1_4&#8243; _builder_version=&#8221;4.9.0&#8243; _module_preset=&#8221;default&#8221; global_colors_info=&#8221;{}&#8221;][et_pb_text _builder_version=&#8221;4.14.8&#8243; _module_preset=&#8221;default&#8221; global_colors_info=&#8221;{}&#8221;]<\/p>\n<h4><span style=\"color: #e09900;\">ACTION<\/span><\/h4>\n<p><span style=\"color: #ffffff;\"><a href=\"https:\/\/ushagram-suisse.org\/notre-action\/\" style=\"color: #ffffff;\">R\u00e9alisations<\/a><br \/><a href=\"https:\/\/ushagram-suisse.org\/notre-action\/impact-fr\/\" style=\"color: #ffffff;\">Impact<\/a><a href=\"https:\/\/ushagram-suisse.org\/en\/our-action\/impact-en\/\" style=\"color: #ffffff;\"><\/a><br \/><a href=\"https:\/\/ushagram-suisse.org\/projets\/institutions-fr\/\" style=\"color: #ffffff;\">Projets institutionnels<\/a><\/span><br \/><span style=\"color: #ffffff;\"> <a href=\"https:\/\/ushagram-suisse.org\/particuliers\/\" style=\"color: #ffffff;\">Initiatives priv\u00e9es<\/a><\/span><br \/><span style=\"color: #ffffff;\"> <a href=\"https:\/\/ushagram-suisse.org\/en\/our-action\/impact-en\/\" style=\"color: #ffffff;\"><br \/><\/a><a href=\"https:\/\/ushagram-suisse.org\/documents-fr\/\" style=\"color: #ffffff;\"><\/a><\/span><\/p>\n<p>[\/et_pb_text][\/et_pb_column][et_pb_column type=&#8221;1_4&#8243; _builder_version=&#8221;4.9.0&#8243; _module_preset=&#8221;default&#8221; global_colors_info=&#8221;{}&#8221;][et_pb_text _builder_version=&#8221;4.9.0&#8243; _module_preset=&#8221;default&#8221; custom_padding=&#8221;||0px|||&#8221; global_colors_info=&#8221;{}&#8221;]<\/p>\n<h4><span style=\"color: #e09900;\">SOUTIEN<\/span><\/h4>\n<p><span style=\"color: #ffffff;\"><a href=\"https:\/\/ushagram-suisse.org\/en\/support\/\" style=\"color: #ffffff;\"><\/a><a href=\"https:\/\/ushagram-suisse.org\/soutien\/\" style=\"color: #ffffff;\">Devenir membre<\/a><\/span><br \/><span style=\"color: #ffffff;\"><a href=\"https:\/\/ushagram-suisse.org\/soutien\/\" style=\"color: #ffffff;\"> Don ponctuel<\/a><\/span><br \/><span style=\"color: #ffffff;\"><a href=\"https:\/\/ushagram-suisse.org\/soutien\/\" style=\"color: #ffffff;\"> Cofinancer un projet<\/a><\/span><br \/><span style=\"color: #ffffff;\"><a href=\"https:\/\/ushagram-suisse.org\/projets\/particuliers\/volontariat\/\" title=\"Volontariat en Inde\" style=\"color: #ffffff;\"> Volontariat en Inde<\/a><\/span><a href=\"https:\/\/ushagram-suisse.org\/en\/projects\/individuals\/volunteering\/\"><span style=\"color: #f9f9f9;\"><\/span><\/a><\/p>\n<p>[\/et_pb_text][\/et_pb_column][\/et_pb_row][\/et_pb_section]<\/p>\n","protected":false},"excerpt":{"rendered":"<p>RESCOLARISATION D&#8217;ENFANTS REFUGIES SYRIENS &#8211; lib21-1 RESILIENCE ET AUTONOMISATION DES FAMILLES DE REFUGIES Fiche individuelle : lib21-1\u00a0 \u00a0 \u00a0 \u00a0 \u00a0 \u00a0 \u00a0 \u00a0 \u00a0 \u00a0 \u00a0 \u00a0 \u00a0 \u00a0 \u00a0 \u00a0 \u00a0 \u00a0 \u00a0 \u00a0Montants en CHF____________________________________________________________________ Population de r\u00e9fugi\u00e9s syriens de la Beqaa ouestONG locale : &#8220;Sawa for Development&#8221;, Qob Elias, Beqaa, LibanContact [&hellip;]<\/p>\n","protected":false},"author":1,"featured_media":0,"parent":259,"menu_order":0,"comment_status":"closed","ping_status":"closed","template":"","meta":{"_et_pb_use_builder":"on","_et_pb_old_content":"","_et_gb_content_width":"","footnotes":""},"categories":[18],"tags":[],"class_list":["post-1156","page","type-page","status-publish","hentry","category-internalp-categ-fr"],"_links":{"self":[{"href":"https:\/\/ushagram-suisse.org\/en\/wp-json\/wp\/v2\/pages\/1156","targetHints":{"allow":["GET"]}}],"collection":[{"href":"https:\/\/ushagram-suisse.org\/en\/wp-json\/wp\/v2\/pages"}],"about":[{"href":"https:\/\/ushagram-suisse.org\/en\/wp-json\/wp\/v2\/types\/page"}],"author":[{"embeddable":true,"href":"https:\/\/ushagram-suisse.org\/en\/wp-json\/wp\/v2\/users\/1"}],"replies":[{"embeddable":true,"href":"https:\/\/ushagram-suisse.org\/en\/wp-json\/wp\/v2\/comments?post=1156"}],"version-history":[{"count":20,"href":"https:\/\/ushagram-suisse.org\/en\/wp-json\/wp\/v2\/pages\/1156\/revisions"}],"predecessor-version":[{"id":2633,"href":"https:\/\/ushagram-suisse.org\/en\/wp-json\/wp\/v2\/pages\/1156\/revisions\/2633"}],"up":[{"embeddable":true,"href":"https:\/\/ushagram-suisse.org\/en\/wp-json\/wp\/v2\/pages\/259"}],"wp:attachment":[{"href":"https:\/\/ushagram-suisse.org\/en\/wp-json\/wp\/v2\/media?parent=1156"}],"wp:term":[{"taxonomy":"category","embeddable":true,"href":"https:\/\/ushagram-suisse.org\/en\/wp-json\/wp\/v2\/categories?post=1156"},{"taxonomy":"post_tag","embeddable":true,"href":"https:\/\/ushagram-suisse.org\/en\/wp-json\/wp\/v2\/tags?post=1156"}],"curies":[{"name":"wp","href":"https:\/\/api.w.org\/{rel}","templated":true}]}}