               {"id":692,"date":"2020-12-30T19:34:01","date_gmt":"2020-12-30T18:34:01","guid":{"rendered":"https:\/\/new.ushagram-suisse.org\/?page_id=692"},"modified":"2023-03-22T11:39:04","modified_gmt":"2023-03-22T10:39:04","slug":"institutions-2018","status":"publish","type":"page","link":"https:\/\/ushagram-suisse.org\/de\/projets\/institutions-fr\/institutions-2018\/","title":{"rendered":"Institutions 2018 &#8211; FR"},"content":{"rendered":"<p>[et_pb_section fb_built=&#8220;1&#8243; fullwidth=&#8220;on&#8220; _builder_version=&#8220;4.16&#8243; background_color=&#8220;#800000&#8243; use_background_color_gradient=&#8220;on&#8220; background_color_gradient_direction=&#8220;330deg&#8220; background_color_gradient_stops=&#8220;#800000 0%|#E02B20 100%&#8220; background_color_gradient_start=&#8220;#800000&#8243; background_color_gradient_end=&#8220;#E02B20&#8243; global_colors_info=&#8220;{}&#8220;][et_pb_fullwidth_header title=&#8220;Projets institutionnels 2018&#8243; subhead=&#8220;Soutien des Communes du Canton de Gen\u00e8ve&#8220; _builder_version=&#8220;4.16&#8243; title_font=&#8220;||||||||&#8220; background_color=&#8220;rgba (89,122,0,0,35)&#8220; use_background_color_gradient=&#8220;on&#8220; background_color_gradient_direction=&#8220;332deg&#8220; global_colors_info=&#8220;{}&#8220; button_one_text_size__hover_enabled=&#8220;off&#8220; button_two_text_size__hover_enabled=&#8220;off&#8220; button_one_text_color__hover_enabled=&#8220;off&#8220; button_two_text_color__hover_enabled=&#8220;off&#8220; button_one_border_width__hover_enabled=&#8220;off&#8220; button_two_border_width__hover_enabled=&#8220;off&#8220; button_one_border_color__hover_enabled=&#8220;off&#8220; button_two_border_color__hover_enabled=&#8220;off&#8220; button_one_border_radius__hover_enabled=&#8220;off&#8220; button_two_border_radius__hover_enabled=&#8220;off&#8220; button_one_letter_spacing__hover_enabled=&#8220;off&#8220; button_two_letter_spacing__hover_enabled=&#8220;off&#8220; button_one_bg_color__hover_enabled=&#8220;off&#8220; button_two_bg_color__hover_enabled=&#8220;off&#8220;][\/et_pb_fullwidth_header][\/et_pb_section][et_pb_section fb_built=&#8220;1&#8243; _builder_version=&#8220;4.16&#8243; background_color=&#8220;#fffae9&#8243; global_colors_info=&#8220;{}&#8220;][et_pb_row column_structure=&#8220;2_3,1_3&#8243; _builder_version=&#8220;4.16&#8243; _module_preset=&#8220;default&#8220; global_colors_info=&#8220;{}&#8220;][et_pb_column type=&#8220;2_3&#8243; _builder_version=&#8220;4.16&#8243; _module_preset=&#8220;default&#8220; global_colors_info=&#8220;{}&#8220;][et_pb_text _builder_version=&#8220;4.16&#8243; _module_preset=&#8220;default&#8220; custom_padding=&#8220;4px|||||&#8220; global_colors_info=&#8220;{}&#8220;]<\/p>\n<h3>RECHERCHE DE FONDS &#8211; <strong>2018-2019<\/strong><\/h3>\n<p><strong>FINANCEMENT DE PROJETS DE DEVELOPPEMENT<\/strong><br \/>R\u00e9capitulatif des fonds recherch\u00e9s<br \/><em>(Financement partiel possible pour tous les projets)\u00a0<\/em> \u00a0 \u00a0 \u00a0 \u00a0 \u00a0 \u00a0 \u00a0 Montants en CHF<\/p>\n<p><span style=\"color: #333333; font-size: 18px;\">_________________________________________________________________<\/span><\/p>\n<h4>L I B A N<\/h4>\n<p><strong>AIDE AU DEVELOPPEMENT POUR REFUGIES SYRIENS &amp; LOCAUX<\/strong><\/p>\n<p><span style=\"text-decoration: underline;\"><strong>P R O J E T &#8211; P R I O R I T A I R E<\/strong><\/span><\/p>\n<p><strong>1) POTABILISATION D&#8217;UN PUITS, FACILITATION DE L&#8217;ACC\u00c8S \u00c0 L&#8217;EAU<\/strong><br \/><strong>\u00c9QUIPEMENT D&#8217;UNE SALLE DE FORMATION POUR ADULTES<\/strong> = <strong>58&#8217;398.-<\/strong><br \/>200 familles impact\u00e9s, dont 450 enfants, soit, <strong>292.-par famille<\/strong><br \/>Camps de r\u00e9fugi\u00e9s en lisi\u00e8re de la ville de <strong>Halba<\/strong>, district de l&#8217;Akkar, au Nord<\/p>\n<p><span style=\"text-decoration: underline;\"><strong>P R O J E T S &#8211; D E &#8211; S U I V I<\/strong><\/span><\/p>\n<p><strong>2) SUIVI DE LA FORMATION AGRICOLE &amp; ARTISANALE DE 2017<\/strong> =<strong> 6&#8217;637.-<\/strong><br \/>pour les r\u00e9fugi\u00e9s d&#8216;<strong>Al Qaa<\/strong>, Nord-Est de la vall\u00e9e de la Beqaa<br \/>20 familles suivies pour la culture et 50 femmes pour la couture<\/p>\n<p><strong>3) SUIVI DE LA FORMATION ARTISANALE DE 2017<\/strong> = <strong>16&#8217;624.-<\/strong><br \/>pour 40 femmes r\u00e9fugi\u00e9es de <strong>Bar Elias<\/strong>, Beqaa ouest<\/p>\n<p><strong style=\"font-size: 14px;\"><\/strong><\/p>\n<p><strong style=\"font-size: 14px;\"> <\/strong><\/p>\n<p><span>_____________________________________________________________________________________<\/span><\/p>\n<h4>I N D E &#8211; KECHALA\u00a0<\/h4>\n<p>(<a href=\"http:\/\/goo.gl\/maps\/mz9Ry\">localiser sur Google Maps)<\/a> (<a href=\"https:\/\/plus.google.com\/photos\/108579787891121262922\/albums\/5851200708673432321?authkey=CMDhuMzbuPK8gAE\">vues panoramiques du site<\/a>)<br \/>Programme de d\u00e9veloppement d&#8217;une zone tribale autochtone<br \/>Population aborig\u00e8ne impact\u00e9e : 2500 personnes, 4 villages<\/p>\n<p><span style=\"text-decoration: underline;\"><strong>P R O J E T S &#8211; D E &#8211; P E R E N N I S A T I O N<\/strong><\/span><\/p>\n<p><span style=\"font-size: 14px;\">THEMATIQUE EDUCATION \/ JEUNESSE<\/span><\/p>\n<p><a href=\"https:\/\/ushagram-suisse.org\/wp-content\/uploads\/2020\/12\/systeme-educatif-a-Kechala.pdf\">(T\u00e9l\u00e9chargez le PDF\u00a0&#8222;Le syst\u00e8me \u00e9ducatif \u00e0 K\u00e9chala&#8220;\u00a0!)<\/a><\/p>\n<p><strong>1)\u00a0FRAIS DE SCOLARITE ET PARRAINNAGE<\/strong>\u00a0=\u00a0633.-\u00a0\/ an \/ enfant<br \/>pour 5 enfants sur 135 =\u00a0<strong>3&#8217;163.-<\/strong><\/p>\n<p><span style=\"font-size: 14px;\"><\/span><\/p>\n<p><span style=\"font-size: 14px;\">THEMATIQUE REBOISEMENT \/ EAU \/ AGRICULTURE<\/span><\/p>\n<p><strong>2) PROTECTIONS D&#8217;ARBRES RESISTANTES AU BETAIL<\/strong> (2&#8217;000 unit\u00e9s) =\u00a0<strong>2&#8217;345.-<\/strong><\/p>\n<p><strong>3) IRRIGATION ET ENTRETIEN DES ARBRES DEJA PLANTES<\/strong>, \u00e0 l&#8217;ann\u00e9e =\u00a0<strong>5&#8217;217.-<\/strong><\/p>\n<p>[\/et_pb_text][\/et_pb_column][et_pb_column type=&#8220;1_3&#8243; _builder_version=&#8220;4.16&#8243; _module_preset=&#8220;default&#8220; global_colors_info=&#8220;{}&#8220;][et_pb_text _builder_version=&#8220;4.20.2&#8243; _module_preset=&#8220;default&#8220; hover_enabled=&#8220;0&#8243; global_colors_info=&#8220;{}&#8220; sticky_enabled=&#8220;0&#8243;]<\/p>\n<h4><strong><em>Ann\u00e9e pr\u00e9c\u00e9dente<\/em><\/strong><strong><em> (voir encadr\u00e9)<\/em><\/strong><\/h4>\n<h4><a href=\"https:\/\/ushagram-suisse.org\/institutions-2019\/\" style=\"font-size: 18px;\"><strong><em>&lt;&lt;&lt; <span style=\"text-decoration-line: underline;\">Ann\u00e9e suivante<\/span><\/em><\/strong><\/a><\/h4>\n<h4><a href=\"https:\/\/ushagram-suisse.org\/projets\/institutions-fr\/\"><strong><em><\/em><\/strong><strong><em>&lt;&lt;&lt; <\/em><\/strong><span style=\"text-decoration: underline;\"><strong><em>Retour accueil projets institutionnels<\/em><\/strong><\/span><\/a><\/h4>\n<p><a href=\"https:\/\/ushagram-suisse.org\/documents\/\"><\/a><\/p>\n<p>[\/et_pb_text][et_pb_text _builder_version=&#8220;4.16&#8243; _module_preset=&#8220;default&#8220; background_color=&#8220;rgba(224,178,92,0.4)&#8220; custom_padding=&#8220;10px|10px|10px|10px|false|false&#8220; animation_style=&#8220;bounce&#8220; border_radii=&#8220;on|10px|10px|10px|10px&#8220; box_shadow_style=&#8220;preset2&#8243; global_colors_info=&#8220;{}&#8220;]<\/p>\n<h4><span style=\"color: #008000;\">A partir de 2019, nous n&#8217;affichons ici que le texte r\u00e9capitulatif des demandes \u00e0 titre informatif, sans les liens.<\/span><\/h4>\n<h4><span style=\"color: #008000;\">Pour en consulter le d\u00e9tail et les documents y relatifs, veuillez vous diriger vers notre ancien site internet qui fait office d&#8217;archive jusqu&#8217;en 2012 &gt;&gt;&gt;<\/span><\/h4>\n<p><a href=\"http:\/\/old.ushagram-suisse.org\/fundraising\/index_2018.html\" target=\"_blank\" rel=\"noopener noreferrer\"><span style=\"color: #008000;\"><img loading=\"lazy\" decoding=\"async\" src=\"http:\/\/ushagram-suisse.org\/wp-content\/uploads\/2020\/12\/archives-150x150.jpg\" width=\"86\" height=\"86\" alt=\"\" class=\"wp-image-666 alignnone size-thumbnail\" style=\"float: right;\" \/><\/span><\/a><\/p>\n<p>[\/et_pb_text][\/et_pb_column][\/et_pb_row][\/et_pb_section][et_pb_section fb_built=&#8220;1&#8243; _builder_version=&#8220;4.9.0&#8243; _module_preset=&#8220;default&#8220; background_color=&#8220;#5b5b5b&#8220; global_module=&#8220;1616&#8243; global_colors_info=&#8220;{}&#8220;][et_pb_row column_structure=&#8220;1_4,1_4,1_4,1_4&#8243; _builder_version=&#8220;4.16&#8243; _module_preset=&#8220;default&#8220; global_colors_info=&#8220;{}&#8220;][et_pb_column type=&#8220;1_4&#8243; _builder_version=&#8220;4.16&#8243; _module_preset=&#8220;default&#8220; global_colors_info=&#8220;{}&#8220;][et_pb_image src=&#8220;http:\/\/ushagram-suisse.org\/wp-content\/uploads\/2021\/03\/UG-logo_transp.png&#8220; title_text=&#8220;UG-logo_transp&#8220; url=&#8220;https:\/\/ushagram-suisse.org\/&#8220; _builder_version=&#8220;4.16&#8243; _module_preset=&#8220;default&#8220; custom_margin=&#8220;0px||0px||false|false&#8220; custom_padding=&#8220;0px||0px||false|false&#8220; global_colors_info=&#8220;{}&#8220;][\/et_pb_image][\/et_pb_column][et_pb_column type=&#8220;1_4&#8243; _builder_version=&#8220;4.16&#8243; _module_preset=&#8220;default&#8220; global_colors_info=&#8220;{}&#8220;][et_pb_text _builder_version=&#8220;4.16&#8243; _module_preset=&#8220;default&#8220; global_colors_info=&#8220;{}&#8220;]<\/p>\n<h4><span style=\"color: #e09900;\">A PROPOS<br \/><\/span><\/h4>\n<p><span style=\"color: #ffffff;\"><a href=\"https:\/\/ushagram-suisse.org\/apropos\/\" style=\"color: #ffffff;\">Qui nous sommes<\/a><\/span><br \/><span style=\"color: #ffffff;\"> <a href=\"https:\/\/ushagram-suisse.org\/equipe\/\" style=\"color: #ffffff;\">Equipe et contacts<\/a><a href=\"https:\/\/ushagram-suisse.org\/en\/team\/\" style=\"color: #ffffff;\"><\/a><\/span><br \/><a href=\"https:\/\/ushagram-suisse.org\/infos\/\"><span style=\"color: #ffffff;\">Infos<\/span><\/a><br \/><span style=\"color: #ffffff;\"><a href=\"https:\/\/ushagram-suisse.org\/documents-fr\/\" style=\"color: #ffffff;\">Documents<\/a><\/span><\/p>\n<p>[\/et_pb_text][\/et_pb_column][et_pb_column type=&#8220;1_4&#8243; _builder_version=&#8220;4.16&#8243; _module_preset=&#8220;default&#8220; global_colors_info=&#8220;{}&#8220;][et_pb_text _builder_version=&#8220;4.16&#8243; _module_preset=&#8220;default&#8220; global_colors_info=&#8220;{}&#8220;]<\/p>\n<h4><span style=\"color: #e09900;\">ACTION<\/span><\/h4>\n<p><span style=\"color: #ffffff;\"><a href=\"https:\/\/ushagram-suisse.org\/notre-action\/\" style=\"color: #ffffff;\">R\u00e9alisations<\/a><br \/><a href=\"https:\/\/ushagram-suisse.org\/notre-action\/impact-fr\/\" style=\"color: #ffffff;\">Impact<\/a><a href=\"https:\/\/ushagram-suisse.org\/en\/our-action\/impact-en\/\" style=\"color: #ffffff;\"><\/a><br \/><a href=\"https:\/\/ushagram-suisse.org\/projets\/institutions-fr\/\" style=\"color: #ffffff;\">Projets institutionnels<\/a><\/span><br \/><span style=\"color: #ffffff;\"> <a href=\"https:\/\/ushagram-suisse.org\/particuliers\/\" style=\"color: #ffffff;\">Initiatives priv\u00e9es<\/a><\/span><br \/><span style=\"color: #ffffff;\"> <a href=\"https:\/\/ushagram-suisse.org\/en\/our-action\/impact-en\/\" style=\"color: #ffffff;\"><br \/><\/a><a href=\"https:\/\/ushagram-suisse.org\/documents-fr\/\" style=\"color: #ffffff;\"><\/a><\/span><\/p>\n<p>[\/et_pb_text][\/et_pb_column][et_pb_column type=&#8220;1_4&#8243; _builder_version=&#8220;4.16&#8243; _module_preset=&#8220;default&#8220; global_colors_info=&#8220;{}&#8220;][et_pb_text _builder_version=&#8220;4.16&#8243; _module_preset=&#8220;default&#8220; custom_padding=&#8220;||0px|||&#8220; global_colors_info=&#8220;{}&#8220;]<\/p>\n<h4><span style=\"color: #e09900;\">SOUTIEN<\/span><\/h4>\n<p><span style=\"color: #ffffff;\"><a href=\"https:\/\/ushagram-suisse.org\/en\/support\/\" style=\"color: #ffffff;\"><\/a><a href=\"https:\/\/ushagram-suisse.org\/soutien\/\" style=\"color: #ffffff;\">Devenir membre<\/a><\/span><br \/><span style=\"color: #ffffff;\"><a href=\"https:\/\/ushagram-suisse.org\/soutien\/\" style=\"color: #ffffff;\"> Don ponctuel<\/a><\/span><br \/><span style=\"color: #ffffff;\"><a href=\"https:\/\/ushagram-suisse.org\/soutien\/\" style=\"color: #ffffff;\"> Cofinancer un projet<\/a><\/span><br \/><span style=\"color: #ffffff;\"><a href=\"https:\/\/ushagram-suisse.org\/projets\/particuliers\/volontariat\/\" title=\"Volontariat en Inde\" style=\"color: #ffffff;\"> Volontariat en Inde<\/a><\/span><a href=\"https:\/\/ushagram-suisse.org\/en\/projects\/individuals\/volunteering\/\"><span style=\"color: #f9f9f9;\"><\/span><\/a><\/p>\n<p>[\/et_pb_text][\/et_pb_column][\/et_pb_row][\/et_pb_section]<\/p>\n","protected":false},"excerpt":{"rendered":"<p>RECHERCHE DE FONDS &#8211; 2018-2019 FINANCEMENT DE PROJETS DE DEVELOPPEMENTR\u00e9capitulatif des fonds recherch\u00e9s(Financement partiel possible pour tous les projets)\u00a0 \u00a0 \u00a0 \u00a0 \u00a0 \u00a0 \u00a0 \u00a0 Montants en CHF _________________________________________________________________ L I B A N AIDE AU DEVELOPPEMENT POUR REFUGIES SYRIENS &amp; LOCAUX P R O J E T &#8211; P R I O R [&hellip;]<\/p>\n","protected":false},"author":1,"featured_media":0,"parent":2516,"menu_order":0,"comment_status":"closed","ping_status":"closed","template":"","meta":{"_et_pb_use_builder":"on","_et_pb_old_content":"","_et_gb_content_width":"","footnotes":""},"categories":[18],"tags":[],"class_list":["post-692","page","type-page","status-publish","hentry","category-internalp-categ-fr"],"_links":{"self":[{"href":"https:\/\/ushagram-suisse.org\/de\/wp-json\/wp\/v2\/pages\/692","targetHints":{"allow":["GET"]}}],"collection":[{"href":"https:\/\/ushagram-suisse.org\/de\/wp-json\/wp\/v2\/pages"}],"about":[{"href":"https:\/\/ushagram-suisse.org\/de\/wp-json\/wp\/v2\/types\/page"}],"author":[{"embeddable":true,"href":"https:\/\/ushagram-suisse.org\/de\/wp-json\/wp\/v2\/users\/1"}],"replies":[{"embeddable":true,"href":"https:\/\/ushagram-suisse.org\/de\/wp-json\/wp\/v2\/comments?post=692"}],"version-history":[{"count":10,"href":"https:\/\/ushagram-suisse.org\/de\/wp-json\/wp\/v2\/pages\/692\/revisions"}],"predecessor-version":[{"id":3422,"href":"https:\/\/ushagram-suisse.org\/de\/wp-json\/wp\/v2\/pages\/692\/revisions\/3422"}],"up":[{"embeddable":true,"href":"https:\/\/ushagram-suisse.org\/de\/wp-json\/wp\/v2\/pages\/2516"}],"wp:attachment":[{"href":"https:\/\/ushagram-suisse.org\/de\/wp-json\/wp\/v2\/media?parent=692"}],"wp:term":[{"taxonomy":"category","embeddable":true,"href":"https:\/\/ushagram-suisse.org\/de\/wp-json\/wp\/v2\/categories?post=692"},{"taxonomy":"post_tag","embeddable":true,"href":"https:\/\/ushagram-suisse.org\/de\/wp-json\/wp\/v2\/tags?post=692"}],"curies":[{"name":"wp","href":"https:\/\/api.w.org\/{rel}","templated":true}]}}