               {"id":4103,"date":"2023-03-18T19:22:37","date_gmt":"2023-03-18T18:22:37","guid":{"rendered":"https:\/\/ushagram-suisse.org\/?page_id=4103"},"modified":"2023-07-23T20:22:44","modified_gmt":"2023-07-23T18:22:44","slug":"lib23-2-de","status":"publish","type":"page","link":"https:\/\/ushagram-suisse.org\/de\/projekte\/institutionen\/lib23-2-de\/","title":{"rendered":"lib23-2 &#8211; DE"},"content":{"rendered":"<p>[et_pb_section fb_built=&#8220;1&#8243; fullwidth=&#8220;on&#8220; _builder_version=&#8220;4.16&#8243; background_color=&#8220;#800000&#8243; use_background_color_gradient=&#8220;on&#8220; background_color_gradient_direction=&#8220;330deg&#8220; background_color_gradient_stops=&#8220;#800000 0%|#E02B20 100%&#8220; background_color_gradient_start=&#8220;#800000&#8243; background_color_gradient_end=&#8220;#E02B20&#8243; global_colors_info=&#8220;{}&#8220;][et_pb_fullwidth_header title=&#8220;Institutionelle Projekte &#8211; Libanon 2023-2024&#8243; subhead=&#8220;Unterst\u00fctzung durch staatliche oder private Institutionen&#8220; _builder_version=&#8220;4.16&#8243; title_font=&#8220;||||||||&#8220; background_color=&#8220;rgba (89,122,0,0,35)&#8220; use_background_color_gradient=&#8220;on&#8220; background_color_gradient_direction=&#8220;332deg&#8220; global_colors_info=&#8220;{}&#8220; button_one_text_size__hover_enabled=&#8220;off&#8220; button_two_text_size__hover_enabled=&#8220;off&#8220; button_one_text_color__hover_enabled=&#8220;off&#8220; button_two_text_color__hover_enabled=&#8220;off&#8220; button_one_border_width__hover_enabled=&#8220;off&#8220; button_two_border_width__hover_enabled=&#8220;off&#8220; button_one_border_color__hover_enabled=&#8220;off&#8220; button_two_border_color__hover_enabled=&#8220;off&#8220; button_one_border_radius__hover_enabled=&#8220;off&#8220; button_two_border_radius__hover_enabled=&#8220;off&#8220; button_one_letter_spacing__hover_enabled=&#8220;off&#8220; button_two_letter_spacing__hover_enabled=&#8220;off&#8220; button_one_bg_color__hover_enabled=&#8220;off&#8220; button_two_bg_color__hover_enabled=&#8220;off&#8220;]EMPOWERMENT VON PREKARISIERTEN SYRERN UND LIBANESEN[\/et_pb_fullwidth_header][\/et_pb_section][et_pb_section fb_built=&#8220;1&#8243; _builder_version=&#8220;4.16&#8243; background_color=&#8220;#fffae9&#8243; global_colors_info=&#8220;{}&#8220;][et_pb_row column_structure=&#8220;3_4,1_4&#8243; _builder_version=&#8220;4.16&#8243; _module_preset=&#8220;default&#8220; custom_padding=&#8220;0px|||||&#8220; global_colors_info=&#8220;{}&#8220;][et_pb_column type=&#8220;3_4&#8243; _builder_version=&#8220;4.16&#8243; _module_preset=&#8220;default&#8220; global_colors_info=&#8220;{}&#8220;][et_pb_text _builder_version=&#8220;4.21.0&#8243; _module_preset=&#8220;default&#8220; custom_padding=&#8220;4px|||||&#8220; global_colors_info=&#8220;{}&#8220;]<\/p>\n<h4><strong><\/strong><\/h4>\n<p><strong><em><span style=\"color: #e02b20;\"><\/span><\/em><\/strong><\/p>\n<h4><strong>RESILIENZ UND EMPOWERMENT VON FL\u00dcCHTLINGE UND LIBANESEN<\/strong><strong><\/strong><\/h4>\n<h4>Projektsteckbrief: lib23-2&nbsp; &nbsp; &nbsp; &nbsp; &nbsp; &nbsp; &nbsp; &nbsp; &nbsp; &nbsp; &nbsp; &nbsp; &nbsp; &nbsp; &nbsp; &nbsp; &nbsp; &nbsp; &nbsp; &nbsp; &nbsp; Betr\u00e4ge in CHF<br \/>\n____________________________________________________________________<\/h4>\n<p><span style=\"color: #666666; font-family: 'Open Sans', Arial, sans-serif; font-size: 14px; font-style: normal; font-variant-ligatures: normal; font-variant-caps: normal; font-weight: 500; letter-spacing: normal; orphans: 2; text-align: left; text-indent: 0px; text-transform: none; white-space: normal; widows: 2; word-spacing: 0px; -webkit-text-stroke-width: 0px; background-color: #fffae9; text-decoration-thickness: initial; text-decoration-style: initial; text-decoration-color: initial; display: inline !important; float: none;\">Bev\u00f6lkerung aus syrischen Fl\u00fcchtlingen und prekarisierten libanesischen Frauen in Beirut<br \/>\nLokale NGO: &#8222;arcenciel&#8220;, Beirut, Bekaa<br \/>\nKontakt: Nadim Abdo<br \/>\n<\/span>____________________________________________________________________<\/p>\n<h4><strong>&nbsp;<\/strong><\/h4>\n<h4 style=\"box-sizing: border-box; margin: 0px; padding: 0px 0px 10px; border: 0px; outline: 0px; font-size: 18px; text-size-adjust: 100%; vertical-align: baseline; background: #fffae9; color: #333333; line-height: 1em; font-weight: 500; font-family: 'Open Sans', Arial, sans-serif; font-style: normal; font-variant-ligatures: normal; font-variant-caps: normal; letter-spacing: normal; orphans: 2; text-align: left; text-indent: 0px; text-transform: none; white-space: normal; widows: 2; word-spacing: 0px; -webkit-text-stroke-width: 0px; text-decoration-thickness: initial; text-decoration-style: initial; text-decoration-color: initial;\">HANDWERKLICHE AUSBILDUNG UND BERUFLICHE EINGLIEDERUNG<\/h4>\n<p style=\"box-sizing: border-box; margin: 0px; padding: 0px 0px 1em; border: 0px; outline: 0px; font-size: 14px; text-size-adjust: 100%; vertical-align: baseline; background: #fffae9; color: #666666; font-family: 'Open Sans', Arial, sans-serif; font-style: normal; font-variant-ligatures: normal; font-variant-caps: normal; font-weight: 500; letter-spacing: normal; orphans: 2; text-align: left; text-indent: 0px; text-transform: none; white-space: normal; widows: 2; word-spacing: 0px; -webkit-text-stroke-width: 0px; text-decoration-thickness: initial; text-decoration-style: initial; text-decoration-color: initial;\">48 prekarisierte syrische und libanesische Frauen und M\u00e4nner aus Beirut.<br \/>\nUmsetzungszeitraum von 4 Monaten<br \/>\n(Beginn zwischen April und November 2023, je nach Eingang der Gelder)<\/p>\n<p style=\"box-sizing: border-box; margin: 0px; padding: 0px 0px 1em; border: 0px; outline: 0px; font-size: 14px; text-size-adjust: 100%; vertical-align: baseline; background: #fffae9; color: #666666; font-family: 'Open Sans', Arial, sans-serif; font-style: normal; font-variant-ligatures: normal; font-variant-caps: normal; font-weight: 500; letter-spacing: normal; orphans: 2; text-align: left; text-indent: 0px; text-transform: none; white-space: normal; widows: 2; word-spacing: 0px; -webkit-text-stroke-width: 0px; text-decoration-thickness: initial; text-decoration-style: initial; text-decoration-color: initial;\"><strong style=\"box-sizing: border-box; margin: 0px; padding: 0px; border: 0px; outline: 0px; font-size: 14px; text-size-adjust: 100%; vertical-align: baseline; background: transparent; font-weight: bold;\">587.-pro Teilnehmer\/in<\/strong><br style=\"box-sizing: border-box;\">F\u00fcr 5 Personen 2&#8217;935 Fr., 10 Personen 5&#8217;870 Fr., 15 Personen 8&#8217;805 Fr. usw.<br style=\"box-sizing: border-box;\">Total <strong>f\u00fcr 24 Frauen und 24 M\u00e4nner = 28&#8217;194.-<\/strong>&nbsp;<\/p>\n<p style=\"box-sizing: border-box; margin: 0px; padding: 0px 0px 1em; border: 0px; outline: 0px; font-size: 14px; text-size-adjust: 100%; vertical-align: baseline; background: #fffae9; color: #666666; font-family: 'Open Sans', Arial, sans-serif; font-style: normal; font-variant-ligatures: normal; font-variant-caps: normal; font-weight: 500; letter-spacing: normal; orphans: 2; text-align: left; text-indent: 0px; text-transform: none; white-space: normal; widows: 2; word-spacing: 0px; -webkit-text-stroke-width: 0px; text-decoration-thickness: initial; text-decoration-style: initial; text-decoration-color: initial;\">Planungsdokument und Budget zum Herunterladen <em>&gt;&gt;&gt; rechte Spalte &gt;&gt;&gt;<\/em>&nbsp;<\/p>\n<p>____________________________________________________________________<\/p>\n<h4><\/h4>\n<h4>Zusammenfassung<\/h4>\n<p><u><\/u><\/p>\n<p><u>Nationaler Kontext<\/u>. Der Libanon (so gro\u00df wie die Westschweiz mit 2x h\u00f6herer Bev\u00f6lkerungsdichte) beherbergt bis zu 1,5 Millionen offizielle und nicht registrierte syrische Fl\u00fcchtlinge, d.h. 40% mehr Bev\u00f6lkerung, darunter 75% Frauen und Kinder, die gr\u00f6\u00dftenteils in den ohnehin schon benachteiligten und gef\u00e4hrdeten Regionen des Landes wie der Bekaa oder dem Norden versammelt sind. Kein Land der Welt hat eine so hohe Fl\u00fcchtlingsdichte: 30x mehr als in der Schweiz, 10x mehr als in der T\u00fcrkei, 4x mehr als in Jordanien. In den letzten Jahren wurde dieses Land von einer Reihe ungl\u00fccklicher Ereignisse gepr\u00e4gt: Wirtschaftskrise, W\u00e4hrungsabwertung, Bargeldrestriktionen, Inflation, politische Krise, gesundheitliche und soziale Krise, Explosion des Hafens von Beirut, Schlie\u00dfung von Schulen&#8230; Die Explosion des Hafens von Beirut hat eine gro\u00dfe Anzahl von Menschen, die sich bereits in einer gef\u00e4hrdeten Lage befanden, in die Armut gebracht. <u><\/u><u><\/u><\/p>\n<p><u>Syrische Fl\u00fcchtlinge<\/u>. \u00bd Million w\u00e4ren in die Heimat zur\u00fcckgekehrt. Angesichts der Zerst\u00f6rung der Infrastruktur des Landes und der Angst vor Vergeltungsma\u00dfnahmen scheuen die meisten jedoch die R\u00fcckkehr. Au\u00dferdem dauert es nach dem Ende eines Konflikts durchschnittlich 7 bis 10 Jahre, bis Fl\u00fcchtlinge in ihr Land zur\u00fcckkehren. Angesichts ihrer langen Anwesenheit und der Auswirkungen auf das Gastland &#8211; Wirtschaft, Umwelt, Gesellschaft, Gesundheit, Arbeit, Sicherheit etc. &#8211; <em>ist die Unterst\u00fctzung, die sie erhalten, durchaus eine <strong>nachhaltige Entwicklung<\/strong><\/em>, sowohl f\u00fcr das Gastland als auch f\u00fcr die Fl\u00fcchtlinge selbst.&nbsp;<u><\/u><\/p>\n<p><u>Die Zielgruppe<\/u>. Das Projekt richtet sich an besonders gef\u00e4hrdete Frauen und M\u00e4nner aus Beirut, Fl\u00fcchtlinge und Einheimische, die seit der Explosion des Hafens der Stadt besonders unter Druck stehen. 24 Frauen und 24 M\u00e4nner, wobei 50% der Fl\u00fcchtlinge und 50% der Einheimischen sind. Diese Personen wurden von unserem lokalen Partner handverlesen und werden wahrscheinlich ihre Familien und Gemeinden unterst\u00fctzen. Einige von ihnen sind teilweise behindert.<u><\/u><\/p>\n<p><u>Dieses Entwicklungsprojekt schl\u00e4gt vor<\/u>, ihnen eine Berufsausbildung zu erm\u00f6glichen, und zwar f\u00fcr Frauen in N\u00e4hen (1 Monat, 48 Std.) und f\u00fcr M\u00e4nner in Tischlerei, Holzschnitzerei, Malerei und Tapezieren (1 Monat, 110 Std.), mit dem Ziel der Reparatur und Herstellung von M\u00f6beln. Sie werden in Gruppen von 6 Teilnehmern jeweils f\u00fcr 1 Monat innerhalb eines Zeitraums von 4 Monaten ausgebildet. Die Frauen k\u00f6nnen ihre Erzeugnisse in den Verkaufsstellen von arcenciel weiterverkaufen und die M\u00e4nner werden bevorzugt, wenn die Werkst\u00e4tten von arcenciel Stellen anbieten. Alternativ werden sie an Partnerorganisationen weitergeleitet. Beide Gruppen werden au\u00dferdem \u00fcber das Sozialb\u00fcro der NGO bei der Eingliederung oder der Entwicklung einer selbstst\u00e4ndigen T\u00e4tigkeit unterst\u00fctzt.<u><\/u><\/p>\n<p>Dieses Projekt basiert zum Teil auf den von unserem Partner ins Leben gerufenen Initiativen f\u00fcr Sozialunternehmen &#8211; ein Modell der Kreislaufwirtschaft, welches ihm erm\u00f6glicht, Einnahmen zu sichern, die in seine sozialen Projekte zur\u00fcckflie\u00dfen. Durch diese Initiativen werden Arbeitspl\u00e4tze f\u00fcr bed\u00fcrftige Menschen geschaffen, die durch ihre Selbstst\u00e4ndigkeit andere unterst\u00fctzen.<u><\/u><\/p>\n<p><strong>Durchschnittliche Gesamtkosten der Ausbildung pro Teilnehmer, 587 Fr. <\/strong>F\u00fcr 5 Teilnehmer, 2&#8217;935 Fr. F\u00fcr 10, 5&#8217;870 Fr. F\u00fcr 15, 8&#8217;805 Fr. und so weiter. <strong>Das Projekt von 24 Frauen und 24 M\u00e4nnern: 28&#8217;194 Fr.<\/strong><u><\/u><\/p>\n<p><u>Realisierungszeitraum<\/u> von 4 Monaten zwischen April und November, je nach Eingang der Gelder.<br \/>\n<em>Projektdurchf\u00fchrung von M\u00e4rz bis Juni 2024 verschoben, falls die Gelder sp\u00e4ter eintreffen.<\/em><\/p>\n<p><span>Ein vollst\u00e4ndiges Planungsdokument mit detailliertem Budget sind in der rechten Spalte verf\u00fcgbar.<\/span>[\/et_pb_text][\/et_pb_column][et_pb_column type=&#8220;1_4&#8243; _builder_version=&#8220;4.16&#8243; _module_preset=&#8220;default&#8220; global_colors_info=&#8220;{}&#8220;][et_pb_text _builder_version=&#8220;4.21.0&#8243; _module_preset=&#8220;default&#8220; background_color=&#8220;rgba(43,135,218,0.33)&#8220; custom_padding=&#8220;10px|10px|10px|10px|false|false&#8220; border_radii=&#8220;on|10px|10px|10px|10px&#8220; box_shadow_style=&#8220;preset2&#8243; global_colors_info=&#8220;{}&#8220;]<\/p>\n<h4><span style=\"font-size: 18px;\"><a href=\"https:\/\/ushagram-suisse.org\/projets\/institutions-fr\/\"><strong><em>&lt;&lt;&lt; zur\u00fcck zur Jahres\u00fcbersicht<\/em><\/strong><\/a><\/span><\/h4>\n<p><a href=\"https:\/\/ushagram-suisse.org\/documents\/\"><\/a>[\/et_pb_text][et_pb_text _builder_version=&#8220;4.21.0&#8243; _module_preset=&#8220;default&#8220; background_color=&#8220;rgba(63,150,6,0.36)&#8220; custom_padding=&#8220;20px|20px|20px|20px|false|false&#8220; border_radii=&#8220;on|10px|10px|10px|10px&#8220; box_shadow_style=&#8220;preset2&#8243; locked=&#8220;off&#8220; global_colors_info=&#8220;{}&#8220;]<b>PROJEKTSTECKBRIEF<br \/>\nMIT FOTOS<\/b><\/p>\n<p><a href=\"https:\/\/ushagram-suisse.org\/wp-content\/uploads\/2023\/07\/PROJEKT-RESUME_LIB2-23-BEIDSEITIG.pdf\" target=\"_blank\" rel=\"noopener noreferrer\"><b><img loading=\"lazy\" decoding=\"async\" src=\"https:\/\/ushagram-suisse.org\/wp-content\/uploads\/2020\/12\/pdf-foto.png\" alt=\"\" class=\"wp-image-598 alignnone size-full\" width=\"134\" height=\"40\"><\/b><\/a><\/p>\n<p><a href=\"https:\/\/tinyurl.com\/lib2017-1\" target=\"_blank\" rel=\"noopener\"><\/a>[\/et_pb_text][et_pb_text _builder_version=&#8220;4.21.0&#8243; _module_preset=&#8220;default&#8220; background_color=&#8220;rgba(255,164,61,0.38)&#8220; custom_padding=&#8220;20px|20px|20px|20px|false|false&#8220; border_radii=&#8220;on|10px|10px|10px|10px&#8220; box_shadow_style=&#8220;preset2&#8243; global_colors_info=&#8220;{}&#8220;]<strong>SPEZIFISCHE DOKUMENTE ZU DIESEM ANTRAG<\/strong><\/p>\n<p><strong>&gt;<\/strong> <a href=\"https:\/\/ushagram-suisse.org\/wp-content\/uploads\/2023\/07\/PLANUNGSDOK-LIB2-23_AEC.pdf\" target=\"_blank\" rel=\"noopener noreferrer\">Planungsdok. und Budget<\/a><\/p>\n<p><strong>&gt;<\/strong> <a href=\"https:\/\/ushagram-suisse.org\/wp-content\/uploads\/2023\/07\/WARUM-LIBANON-2018.pdf\" target=\"_blank\" rel=\"noopener\">Warum Libanon ?<\/a><\/p>\n<p><strong>&gt;<\/strong> Infos \u00fcber die lokale NGO:<br \/>\n&#8211; <a href=\"https:\/\/ushagram-suisse.org\/wp-content\/uploads\/2023\/03\/1.statuts-darcenciel.pdf\" target=\"_blank\" rel=\"noopener noreferrer\">Satzung<\/a><br \/>\n&#8211; <a href=\"https:\/\/ushagram-suisse.org\/wp-content\/uploads\/2023\/03\/2.notification-AR-FR.pdf\" target=\"_blank\" rel=\"noopener noreferrer\">Gr\u00fcndungsurkunde<\/a><br \/>\n&#8211; <a href=\"https:\/\/ushagram-suisse.org\/wp-content\/uploads\/2023\/03\/Organigramme_Juillet-2016.pdf\" target=\"_blank\" rel=\"noopener noreferrer\">Organigramm<\/a><\/p>\n<p><strong>&gt;<\/strong> Fotogalerien:<br \/>\n&#8211; <a href=\"https:\/\/photos.app.goo.gl\/CsCDkZCbuXRnnJHdA\" target=\"_blank\" rel=\"noopener noreferrer\">Ausbildung 2020<\/a><br \/>\n<a href=\"https:\/\/tinyurl.com\/lib2017-1\" target=\"_blank\" rel=\"noopener\">&#8211; Ansichte von West Beqaa<\/a>[\/et_pb_text][et_pb_text _builder_version=&#8220;4.21.0&#8243; _module_preset=&#8220;default&#8220; background_color=&#8220;rgba(224,153,0,0.24)&#8220; custom_padding=&#8220;20px|20px|20px|20px|false|false&#8220; border_radii=&#8220;on|10px|10px|10px|10px&#8220; box_shadow_style=&#8220;preset2&#8243; global_colors_info=&#8220;{}&#8220;]<span style=\"font-size: 14px;\">Siehe die Liste der \u00fcblichen assoziativen Dokumente zu den Antr\u00e4gen auf der Seite <\/span><a href=\"https:\/\/ushagram-suisse.org\/documents-fr\/\" target=\"_blank\" rel=\"noopener\"><strong style=\"font-size: 14px;\">&#8222;Dokumente&#8220;<\/strong><\/a><\/p>\n<p><a href=\"https:\/\/ushagram-suisse.org\/documents-fr\/\" target=\"_blank\" rel=\"noopener\"><img loading=\"lazy\" decoding=\"async\" src=\"http:\/\/ushagram-suisse.org\/wp-content\/uploads\/2020\/12\/pdf-203x300.png\" alt=\"\" class=\"wp-image-358 alignnone size-medium\" width=\"47\" height=\"69\"><\/a>[\/et_pb_text][\/et_pb_column][\/et_pb_row][et_pb_row _builder_version=&#8220;4.19.4&#8243; _module_preset=&#8220;default&#8220; locked=&#8220;off&#8220; global_colors_info=&#8220;{}&#8220;][et_pb_column type=&#8220;4_4&#8243; _builder_version=&#8220;4.19.4&#8243; _module_preset=&#8220;default&#8220; global_colors_info=&#8220;{}&#8220;][et_pb_text module_id=&#8220;galerie-sawa-2022&#8243; _builder_version=&#8220;4.20.2&#8243; _module_preset=&#8220;default&#8220; custom_margin=&#8220;28px||12px|||&#8220; locked=&#8220;off&#8220; global_colors_info=&#8220;{}&#8220;]<\/p>\n<h2>Impressions de formations pr\u00e9c\u00e9dentes similaires<\/h2>\n<p>[\/et_pb_text][et_pb_gallery gallery_ids=&#8220;3395,3393,3391,3389,3387,3385,3383,3381,3379,3377,3375,3373,3371,3369,3367,3365,3363,3361,3359,3357,3355,3353,3351,3349&#8243; posts_number=&#8220;50&#8243; show_title_and_caption=&#8220;off&#8220; _builder_version=&#8220;4.20.2&#8243; _module_preset=&#8220;default&#8220; global_colors_info=&#8220;{}&#8220;][\/et_pb_gallery][\/et_pb_column][\/et_pb_row][\/et_pb_section][et_pb_section fb_built=&#8220;1&#8243; _builder_version=&#8220;4.21.0&#8243; _module_preset=&#8220;default&#8220; background_color=&#8220;#5b5b5b&#8220; locked=&#8220;off&#8220; global_colors_info=&#8220;{}&#8220;][et_pb_row column_structure=&#8220;1_4,1_4,1_4,1_4&#8243; _builder_version=&#8220;4.16&#8243; _module_preset=&#8220;default&#8220; locked=&#8220;off&#8220; global_colors_info=&#8220;{}&#8220;][et_pb_column type=&#8220;1_4&#8243; _builder_version=&#8220;4.16&#8243; _module_preset=&#8220;default&#8220; global_colors_info=&#8220;{}&#8220;][et_pb_image src=&#8220;http:\/\/ushagram-suisse.org\/wp-content\/uploads\/2021\/03\/UG-logo_transp.png&#8220; title_text=&#8220;UG-logo_transp&#8220; url=&#8220;https:\/\/ushagram-suisse.org\/de\/&#8220; _builder_version=&#8220;4.21.0&#8243; _module_preset=&#8220;default&#8220; custom_margin=&#8220;0px||0px||false|false&#8220; custom_padding=&#8220;0px||0px||false|false&#8220; global_colors_info=&#8220;{}&#8220;][\/et_pb_image][\/et_pb_column][et_pb_column type=&#8220;1_4&#8243; _builder_version=&#8220;4.16&#8243; _module_preset=&#8220;default&#8220; global_colors_info=&#8220;{}&#8220;][et_pb_text _builder_version=&#8220;4.21.0&#8243; _module_preset=&#8220;default&#8220; global_colors_info=&#8220;{}&#8220;]<\/p>\n<h4><span style=\"color: #e09900;\">\u00dcBER UNS<\/span><\/h4>\n<p><span style=\"color: #ffffff;\"><a href=\"https:\/\/ushagram-suisse.org\/de\/ueber-uns\/\" style=\"color: #ffffff;\">Wer wir sind<\/a><\/span><br \/>\n<span style=\"color: #ffffff;\"><a href=\"https:\/\/ushagram-suisse.org\/de\/team-kontakt\/\" style=\"color: #ffffff;\">Teams und Kontakte<\/a><\/span><br \/>\n<a href=\"https:\/\/ushagram-suisse.org\/de\/infos-de\/\"><span style=\"color: #ffffff;\">Infos<\/span><\/a><br \/>\n<span style=\"color: #ffffff;\"><a href=\"https:\/\/ushagram-suisse.org\/de\/dokumente\/\" style=\"color: #ffffff;\">Dokumente<\/a><\/span>[\/et_pb_text][\/et_pb_column][et_pb_column type=&#8220;1_4&#8243; _builder_version=&#8220;4.16&#8243; _module_preset=&#8220;default&#8220; global_colors_info=&#8220;{}&#8220;][et_pb_text _builder_version=&#8220;4.21.0&#8243; _module_preset=&#8220;default&#8220; global_colors_info=&#8220;{}&#8220;]<\/p>\n<h4><span style=\"color: #e09900;\">AKTION<\/span><\/h4>\n<p><span style=\"color: #ffffff;\"><a href=\"https:\/\/ushagram-suisse.org\/de\/unsere-aktion\/\" style=\"color: #ffffff;\">Realisationen<\/a><br \/>\n<a href=\"https:\/\/ushagram-suisse.org\/de\/unsere-aktion\/wirkung\/\" style=\"color: #ffffff;\">Wirkung<\/a><a href=\"https:\/\/ushagram-suisse.org\/en\/our-action\/impact-en\/\" style=\"color: #ffffff;\"><\/a><br \/>\n<a href=\"https:\/\/ushagram-suisse.org\/de\/projekte\/institutionen\/\" style=\"color: #ffffff;\">Institutionnelle Projekte<\/a><\/span><br \/>\n<span style=\"color: #ffffff;\"> <a href=\"https:\/\/ushagram-suisse.org\/de\/projekte\/private\/\" style=\"color: #ffffff;\">Privat Initiativen<\/a><\/span>[\/et_pb_text][\/et_pb_column][et_pb_column type=&#8220;1_4&#8243; _builder_version=&#8220;4.16&#8243; _module_preset=&#8220;default&#8220; global_colors_info=&#8220;{}&#8220;][et_pb_text _builder_version=&#8220;4.21.0&#8243; _module_preset=&#8220;default&#8220; custom_padding=&#8220;||0px|||&#8220; global_colors_info=&#8220;{}&#8220;]<\/p>\n<h4><span style=\"color: #e09900;\">UNTERST\u00dcTZUNGEN<\/span><\/h4>\n<p><span style=\"color: #ffffff;\"><a href=\"https:\/\/ushagram-suisse.org\/de\/unterstuetzung\/\" style=\"color: #ffffff;\">Mitglied werden<\/a><\/span><br \/><span style=\"color: #ffffff;\"><a href=\"https:\/\/ushagram-suisse.org\/de\/unterstuetzung\/\" style=\"color: #ffffff;\">Einmalige Spende<\/a><\/span><br \/><span style=\"color: #ffffff;\"><a href=\"https:\/\/ushagram-suisse.org\/de\/unterstuetzung\/\" style=\"color: #ffffff;\">Ein Projekt mitfinanzieren<\/a><\/span><br \/><span style=\"color: #ffffff;\"><a href=\"https:\/\/ushagram-suisse.org\/de\/projekte\/private\/freiwillig\/\" style=\"color: #ffffff;\">Freiwilligenarbeit in Indien<\/a><\/span><\/p>\n<p>[\/et_pb_text][\/et_pb_column][\/et_pb_row][\/et_pb_section]<\/p>\n","protected":false},"excerpt":{"rendered":"<p>EMPOWERMENT VON PREKARISIERTEN SYRERN UND LIBANESEN RESILIENZ UND EMPOWERMENT VON FL\u00dcCHTLINGE UND LIBANESEN Projektsteckbrief: lib23-2&nbsp; &nbsp; &nbsp; &nbsp; &nbsp; &nbsp; &nbsp; &nbsp; &nbsp; &nbsp; &nbsp; &nbsp; &nbsp; &nbsp; &nbsp; &nbsp; &nbsp; &nbsp; &nbsp; &nbsp; &nbsp; Betr\u00e4ge in CHF ____________________________________________________________________ Bev\u00f6lkerung aus syrischen Fl\u00fcchtlingen und prekarisierten libanesischen Frauen in Beirut Lokale NGO: &#8222;arcenciel&#8220;, Beirut, Bekaa Kontakt: [&hellip;]<\/p>\n","protected":false},"author":1,"featured_media":0,"parent":3935,"menu_order":0,"comment_status":"closed","ping_status":"closed","template":"","meta":{"_et_pb_use_builder":"on","_et_pb_old_content":"","_et_gb_content_width":"","footnotes":""},"categories":[43],"tags":[],"class_list":["post-4103","page","type-page","status-publish","hentry","category-internalp-categ-de"],"_links":{"self":[{"href":"https:\/\/ushagram-suisse.org\/de\/wp-json\/wp\/v2\/pages\/4103","targetHints":{"allow":["GET"]}}],"collection":[{"href":"https:\/\/ushagram-suisse.org\/de\/wp-json\/wp\/v2\/pages"}],"about":[{"href":"https:\/\/ushagram-suisse.org\/de\/wp-json\/wp\/v2\/types\/page"}],"author":[{"embeddable":true,"href":"https:\/\/ushagram-suisse.org\/de\/wp-json\/wp\/v2\/users\/1"}],"replies":[{"embeddable":true,"href":"https:\/\/ushagram-suisse.org\/de\/wp-json\/wp\/v2\/comments?post=4103"}],"version-history":[{"count":2,"href":"https:\/\/ushagram-suisse.org\/de\/wp-json\/wp\/v2\/pages\/4103\/revisions"}],"predecessor-version":[{"id":4123,"href":"https:\/\/ushagram-suisse.org\/de\/wp-json\/wp\/v2\/pages\/4103\/revisions\/4123"}],"up":[{"embeddable":true,"href":"https:\/\/ushagram-suisse.org\/de\/wp-json\/wp\/v2\/pages\/3935"}],"wp:attachment":[{"href":"https:\/\/ushagram-suisse.org\/de\/wp-json\/wp\/v2\/media?parent=4103"}],"wp:term":[{"taxonomy":"category","embeddable":true,"href":"https:\/\/ushagram-suisse.org\/de\/wp-json\/wp\/v2\/categories?post=4103"},{"taxonomy":"post_tag","embeddable":true,"href":"https:\/\/ushagram-suisse.org\/de\/wp-json\/wp\/v2\/tags?post=4103"}],"curies":[{"name":"wp","href":"https:\/\/api.w.org\/{rel}","templated":true}]}}