               {"id":4094,"date":"2023-03-18T19:16:03","date_gmt":"2023-03-18T18:16:03","guid":{"rendered":"https:\/\/ushagram-suisse.org\/?page_id=4094"},"modified":"2023-07-23T20:22:07","modified_gmt":"2023-07-23T18:22:07","slug":"lib23-1-de","status":"publish","type":"page","link":"https:\/\/ushagram-suisse.org\/de\/projekte\/institutionen\/lib23-1-de\/","title":{"rendered":"lib23-1 &#8211; DE"},"content":{"rendered":"<p>[et_pb_section fb_built=&#8220;1&#8243; fullwidth=&#8220;on&#8220; _builder_version=&#8220;4.16&#8243; background_color=&#8220;#800000&#8243; use_background_color_gradient=&#8220;on&#8220; background_color_gradient_direction=&#8220;330deg&#8220; background_color_gradient_stops=&#8220;#800000 0%|#E02B20 100%&#8220; background_color_gradient_start=&#8220;#800000&#8243; background_color_gradient_end=&#8220;#E02B20&#8243; global_colors_info=&#8220;{}&#8220;][et_pb_fullwidth_header title=&#8220;Institutionelle Projekte &#8211; Libanon 2023-2024&#8243; subhead=&#8220;Unterst\u00fctzung durch staatliche oder private Institutionen&#8220; _builder_version=&#8220;4.16&#8243; title_font=&#8220;||||||||&#8220; background_color=&#8220;rgba (89,122,0,0,35)&#8220; use_background_color_gradient=&#8220;on&#8220; background_color_gradient_direction=&#8220;332deg&#8220; global_colors_info=&#8220;{}&#8220; button_one_text_size__hover_enabled=&#8220;off&#8220; button_two_text_size__hover_enabled=&#8220;off&#8220; button_one_text_color__hover_enabled=&#8220;off&#8220; button_two_text_color__hover_enabled=&#8220;off&#8220; button_one_border_width__hover_enabled=&#8220;off&#8220; button_two_border_width__hover_enabled=&#8220;off&#8220; button_one_border_color__hover_enabled=&#8220;off&#8220; button_two_border_color__hover_enabled=&#8220;off&#8220; button_one_border_radius__hover_enabled=&#8220;off&#8220; button_two_border_radius__hover_enabled=&#8220;off&#8220; button_one_letter_spacing__hover_enabled=&#8220;off&#8220; button_two_letter_spacing__hover_enabled=&#8220;off&#8220; button_one_bg_color__hover_enabled=&#8220;off&#8220; button_two_bg_color__hover_enabled=&#8220;off&#8220;]EINSCHULUNG SYRISCHER FL\u00dcCHTLINGSKINDER[\/et_pb_fullwidth_header][\/et_pb_section][et_pb_section fb_built=&#8220;1&#8243; _builder_version=&#8220;4.16&#8243; background_color=&#8220;#fffae9&#8243; global_colors_info=&#8220;{}&#8220;][et_pb_row column_structure=&#8220;3_4,1_4&#8243; _builder_version=&#8220;4.16&#8243; _module_preset=&#8220;default&#8220; custom_padding=&#8220;0px|||||&#8220; global_colors_info=&#8220;{}&#8220;][et_pb_column type=&#8220;3_4&#8243; _builder_version=&#8220;4.16&#8243; _module_preset=&#8220;default&#8220; global_colors_info=&#8220;{}&#8220;][et_pb_text _builder_version=&#8220;4.16&#8243; _module_preset=&#8220;default&#8220; custom_padding=&#8220;4px|||||&#8220; global_colors_info=&#8220;{}&#8220;]<\/p>\n<h4><strong style=\"font-size: 18px;\">RESILIENZ UND EMPOWERMENT VON FL\u00dcCHTLINGSFAMILIEN<\/strong><\/h4>\n<h4>Projektsteckbrief: lib23-1&nbsp; &nbsp; &nbsp; &nbsp; &nbsp; &nbsp; &nbsp; &nbsp; &nbsp; &nbsp; &nbsp; &nbsp; &nbsp; &nbsp; &nbsp; &nbsp; &nbsp; &nbsp; &nbsp; &nbsp; &nbsp; &nbsp; Betr\u00e4ge in CHF<br \/>\n____________________________________________________________________<\/h4>\n<p>Syrische Fl\u00fcchtlingsbev\u00f6lkerung in West-Beqaa<br \/>\nLokale NGO: &#8222;Sawa for Development&#8220;, Qob Elias, Beqaa, Liban<br \/>\nVerantwortliche: Nawal Mdallaly<\/p>\n<h4>____________________________________________________________________<\/h4>\n<h4><strong>P R I O R I T \u00c4 R E S&nbsp; &nbsp;P R O J E K T<\/strong><\/h4>\n<h4>1) EINSCHULUNG SYRISCHER FL\u00dcCHTLINGSKINDER<\/h4>\n<p><strong>410.- pro Kind <\/strong>f\u00fcr 4 Monate, d.h. 103.- \/ Monat<br \/>\nPro Klasse von 25 Kindern, 10\u2019256 Fr.<br \/>\nVorgeschlagenes Projekt mit 4 Klassen,&nbsp;d.h. 41\u2019025 Fr.<br \/>\nMaximale Kapazit\u00e4t: 300 Kinder in 12 Klassen.<\/p>\n<p>Realisierungszeitraum von 4 bis 8 Monaten.<br \/>\n(in zwei Phasen, Beginn im M\u00e4rz 2023 und August 2023, Flexibilit\u00e4t des Zeitplans.<br \/>\nje nach Eingang der Gelder und evtl. gesundheitlichen Einschr\u00e4nkungen)<\/p>\n<p><strong>Planungsdokument und Budget zum Herunterladen<\/strong> <em>&gt;&gt;&gt; rechte Spalte &gt;&gt;&gt;<\/em><\/p>\n<h4>____________________________________________________________________<\/h4>\n<h4><\/h4>\n<h4>Zusammenfassung<\/h4>\n<p><u>Nationaler Kontext<\/u>. Der Libanon (so gro\u00df wie die Westschweiz mit 2x h\u00f6herer Bev\u00f6lkerungsdichte) beherbergt bis zu 1,5 Millionen offizielle und nicht registrierte syrische Fl\u00fcchtlinge, d.h. 40% mehr Bev\u00f6lkerung, davon 75% Frauen und Kinder, die mehrheitlich in den bereits benachteiligten und gef\u00e4hrdeten Regionen des Landes, wie der Bekaa oder dem Norden, zusammengefasst sind. Kein Land der Welt hat eine so hohe Fl\u00fcchtlingsdichte: 30x mehr als in der Schweiz, 10x mehr als in der T\u00fcrkei, 4x mehr als in Jordanien. In den letzten Jahren wurde dieses Land von einer Reihe tragischer Ereignisse gepr\u00e4gt: Wirtschaftskrise, W\u00e4hrungsabwertung, Bargeldrestriktion, Inflation, politische Krise, gesundheitliche und soziale Krise, Explosion des Hafens von Beirut, Schlie\u00dfung von Schulen, l\u00fcckenhafter Fernunterricht&#8230;<\/p>\n<p><u>Syrische Fl\u00fcchtlinge<\/u>. \u00bd Million sollen in die Heimat zur\u00fcckgekehrt sein. Angesichts der Zerst\u00f6rung der Infrastruktur des Landes und der Angst vor Vergeltungsma\u00dfnahmen (vor allem seitens der Assad-Gegner, die im Libanon die Mehrheit stellen) f\u00fcrchten die meisten jedoch die R\u00fcckkehr. Au\u00dferdem w\u00fcrde es laut einer Studie des Center of Policy Studies in Beirut nach dem Ende eines Konflikts durchschnittlich sieben bis zehn Jahre dauern, bis die Fl\u00fcchtlinge in ihr Land zur\u00fcckkehren w\u00fcrden. In der Zwischenzeit sinken die internationalen Mittel, obwohl der Bedarf nach wie vor enorm ist. Angesichts ihrer langen Anwesenheit und der Auswirkungen auf das Gastland &#8211; Wirtschaft, Umwelt, Gesellschaft, Gesundheit, Arbeit, Sicherheit etc. &#8211; ist <em>die Unterst\u00fctzung, die sie erhalten, eine <strong>nachhaltige Entwicklung<\/strong><\/em>, sowohl f\u00fcr das Aufnahmeland als auch f\u00fcr die Fl\u00fcchtlinge selbst.<\/p>\n<p><u>Zielgruppe und Soziologie des Bedarfs<\/u>. <strong>Aufgrund der Wirtschaftskrise und fehlender Mittel haben viele libanesische Kinder die Privatschule verlassen<\/strong> und wechselten in die \u00f6ffentliche Schule, <strong>was dazu f\u00fchrte, dass syrische Kinder die Schule verlassen haben<\/strong>. Die Wirtschaftskrise ist jedoch so schlimm geworden, dass auch viele Libanesen die Schule abbrechen. Von den 666.000 syrischen Kindern im schulpflichtigen Alter, die sich 2019 im Libanon aufhielten, gingen 58% nicht zur Schule, w\u00e4hrend 69% der syrischen Fl\u00fcchtlingsfamilien unterhalb der Armutsgrenze lebten <em>(jetzt 99%, Stand 2022)<\/em>. Im Gouvernorat Bekaa sollen mehr als 9.300 Kinder einen Schulbesuch ben\u00f6tigen.<\/p>\n<p><u>Unser Partner vor Ort<\/u>. <strong>Das Bildungsministerium, hat unseren lokalen Partner<\/strong>, Sawa for Development, seit 2016 f\u00fcr die Durchf\u00fchrung von Alphabetisierungs- und Vorschulprogrammen f\u00fcr Fl\u00fcchtlingskinder <strong>akkreditiert<\/strong>. Sawa ist seit 2020 <strong>gemeinsam mit UNICEF Vorsitzender<\/strong> der Alphabetisierungsprogramme in der Bekaa.<\/p>\n<p><u>Unser Entwicklungsprojekt 2023 schl\u00e4gt vor<\/u>, <strong>aufbauend auf den Erfahrungen fr\u00fcherer erfolgreich abgeschlossener Projekte, ein Alphabetisierungs- und Digitalisierungsprogramm, das sich an mindestens 100 Kinder im Alter von 9 bis 14 Jahren, davon 60% M\u00e4dchen<\/strong>, aus den Lagern in den D\u00f6rfern Mansoura und Qob Elias und Umgebung in der Bekaa richtet, <strong>was mindestens vier Klassen mit je 25 Sch\u00fclern entspricht<\/strong>. Ihr Ziel ist die Wieder-\/Schulung* in der \u00f6ffentlichen Bildung. Sie werden auf die Aufnahmepr\u00fcfung f\u00fcr die \u00f6ffentliche Schule in den drei Stufen vorbereitet, die den Kriterien des Bildungsministeriums in Zusammenarbeit mit UNICEF entsprechen. <em>*Die meisten von ihnen haben noch nie eine Schule besucht.<\/em><\/p>\n<p><u>Budget<\/u>. Pro Kind belaufen sich die Kosten f\u00fcr die viermonatige Ausbildung auf 410 Fr., d.h. 103 Fr. \/ Monat. <strong>Jede Klasse mit 25 Sch\u00fclern macht 10&#8217;256 Fr. aus<\/strong>. 4 Klassen, 41&#8217;025 Fr. Unser lokaler Partner hat die Kapazit\u00e4ten, mehr Sch\u00fcler auszubilden, da der Bedarf bei rund 1&#8217;600 Sch\u00fclern liegt. Eine h\u00f6here Finanzierung wird die Ausbildung von mehr Kindern erm\u00f6glichen. Eine Teilfinanzierung des Projekts ist m\u00f6glich.<\/p>\n<p><u>COVID<\/u>. Im Falle au\u00dfergew\u00f6hnlicher gesundheitlicher Einschr\u00e4nkungen k\u00f6nnen unsere Projekte angepasst werden, wie wir es bereits auf dem H\u00f6hepunkt der Krise im Jahr 2021 getan haben.<\/p>\n<p><u>Durchf\u00fchrungszeitraum<\/u>: M\u00e4rz bis Juni und dann von August bis November 2023. Eine gewisse Flexibilit\u00e4t je nach Eingang der Gelder ist m\u00f6glich.<\/p>\n<p>Ein vollst\u00e4ndiges Planungsdokument mit detailliertem Budget sind in der rechten Spalte verf\u00fcgbar.[\/et_pb_text][\/et_pb_column][et_pb_column type=&#8220;1_4&#8243; _builder_version=&#8220;4.16&#8243; _module_preset=&#8220;default&#8220; global_colors_info=&#8220;{}&#8220;][et_pb_text _builder_version=&#8220;4.21.0&#8243; _module_preset=&#8220;default&#8220; background_color=&#8220;rgba(43,135,218,0.33)&#8220; custom_padding=&#8220;10px|10px|10px|10px|false|false&#8220; border_radii=&#8220;on|10px|10px|10px|10px&#8220; box_shadow_style=&#8220;preset2&#8243; global_colors_info=&#8220;{}&#8220;]<\/p>\n<h4><span style=\"font-size: 18px;\"><a href=\"https:\/\/ushagram-suisse.org\/projets\/institutions-fr\/\"><strong><em>&lt;&lt;&lt; zur\u00fcck zur Jahres\u00fcbersicht<\/em><\/strong><\/a><\/span><\/h4>\n<p><a href=\"https:\/\/ushagram-suisse.org\/documents\/\"><\/a>[\/et_pb_text][et_pb_text _builder_version=&#8220;4.21.0&#8243; _module_preset=&#8220;default&#8220; background_color=&#8220;rgba(63,150,6,0.36)&#8220; custom_padding=&#8220;20px|20px|20px|20px|false|false&#8220; border_radii=&#8220;on|10px|10px|10px|10px&#8220; box_shadow_style=&#8220;preset2&#8243; locked=&#8220;off&#8220; global_colors_info=&#8220;{}&#8220;]<b>PROJEKTSTECKBRIEF<br \/>\nMIT FOTOS<\/b><\/p>\n<p><a href=\"https:\/\/ushagram-suisse.org\/wp-content\/uploads\/2023\/07\/PROJEKT-RESUME_LIB1-23-BEIDSEITIG.pdf\" target=\"_blank\" rel=\"noopener noreferrer\"><b><img loading=\"lazy\" decoding=\"async\" src=\"https:\/\/ushagram-suisse.org\/wp-content\/uploads\/2020\/12\/pdf-foto.png\" alt=\"\" class=\"wp-image-598 alignnone size-full\" width=\"134\" height=\"40\"><\/b><\/a><\/p>\n<p><a href=\"https:\/\/tinyurl.com\/lib2017-1\" target=\"_blank\" rel=\"noopener\"><\/a>[\/et_pb_text][et_pb_text _builder_version=&#8220;4.21.0&#8243; _module_preset=&#8220;default&#8220; background_color=&#8220;rgba(255,164,61,0.38)&#8220; custom_padding=&#8220;20px|20px|20px|20px|false|false&#8220; border_radii=&#8220;on|10px|10px|10px|10px&#8220; box_shadow_style=&#8220;preset2&#8243; global_colors_info=&#8220;{}&#8220;]<strong>SPEZIFISCHE DOKUMENTE ZU DIESEM ANTRAG<\/strong><\/p>\n<p><strong>&gt;<\/strong> <a href=\"https:\/\/ushagram-suisse.org\/wp-content\/uploads\/2023\/07\/PLANUNGSDOK-LIB1-23_SAWA.pdf\" target=\"_blank\" rel=\"noopener noreferrer\">Planungsdok., Budget<\/a><\/p>\n<p><strong>&gt; <a href=\"https:\/\/ushagram-suisse.org\/wp-content\/uploads\/2023\/03\/BLN-Program_SAWA_FR2_Final_Report.pdf\" target=\"_blank\" rel=\"noopener\">Abschlussbericht 2022<\/a><\/strong><\/p>\n<p><strong>&gt;<\/strong> <a href=\"https:\/\/ushagram-suisse.org\/wp-content\/uploads\/2023\/07\/WARUM-LIBANON-2018.pdf\" target=\"_blank\" rel=\"noopener\">Warum Libanon?<\/a><\/p>\n<p><strong>&gt;<\/strong> Infos \u00fcber die lokale NGO:<br \/>\n&#8211; <a href=\"http:\/\/ushagram-suisse.org\/wp-content\/uploads\/2020\/12\/SW_Statuts.pdf\" target=\"_blank\" rel=\"noopener noreferrer\">Satzung<\/a><br \/>\n&#8211; <a href=\"http:\/\/ushagram-suisse.org\/wp-content\/uploads\/2020\/12\/SW_PV-EN-AR.pdf\" target=\"_blank\" rel=\"noopener noreferrer\">Gr\u00fcndungsurkunde<\/a><br \/>\n&#8211; <a href=\"http:\/\/ushagram-suisse.org\/wp-content\/uploads\/2020\/12\/SW_Reglement-interieur.pdf\" target=\"_blank\" rel=\"noopener noreferrer\">Gesch\u00e4ftsordnung<\/a><\/p>\n<p><strong>&gt;<\/strong> Fotogalerien:<\/p>\n<p><strong><a href=\"#galerie-sawa-2022\">Schulungen in 2022<\/a><\/strong><br \/>\n<a href=\"https:\/\/www.dropbox.com\/sh\/8a52adlf6am7t1w\/AADFYss30DwzKwpuVirxjTlWa?dl=0\" target=\"_blank\" rel=\"noopener\">Schulungen im Jahr 2021<\/a><br \/>\n<a href=\"https:\/\/photos.app.goo.gl\/kZKBtys3XWYJdDVy5\" target=\"_blank\" rel=\"noopener noreferrer\">Leben der Fl\u00fcchtlingskinder<\/a><br \/>\n<a href=\"https:\/\/tinyurl.com\/lib2017-1\" target=\"_blank\" rel=\"noopener\">Ansichten von West Beqaa<\/a>[\/et_pb_text][et_pb_text _builder_version=&#8220;4.21.0&#8243; _module_preset=&#8220;default&#8220; background_color=&#8220;rgba(224,153,0,0.24)&#8220; custom_padding=&#8220;20px|20px|20px|20px|false|false&#8220; border_radii=&#8220;on|10px|10px|10px|10px&#8220; box_shadow_style=&#8220;preset2&#8243; global_colors_info=&#8220;{}&#8220;]<span style=\"font-size: 14px;\">Siehe die Liste der \u00fcblichen assoziativen Dokumente zu den Antr\u00e4gen auf der Seite <\/span><a href=\"https:\/\/ushagram-suisse.org\/documents-fr\/\" target=\"_blank\" rel=\"noopener\"><strong style=\"font-size: 14px;\">&#8222;Dokumente&#8220;<\/strong><\/a><\/p>\n<p><a href=\"https:\/\/ushagram-suisse.org\/documents-fr\/\" target=\"_blank\" rel=\"noopener\"><img loading=\"lazy\" decoding=\"async\" src=\"http:\/\/ushagram-suisse.org\/wp-content\/uploads\/2020\/12\/pdf-203x300.png\" alt=\"\" class=\"wp-image-358 alignnone size-medium\" width=\"47\" height=\"69\"><\/a>[\/et_pb_text][\/et_pb_column][\/et_pb_row][et_pb_row _builder_version=&#8220;4.19.4&#8243; _module_preset=&#8220;default&#8220; min_height=&#8220;1549.7px&#8220; custom_margin=&#8220;-25px|auto||auto||&#8220; global_colors_info=&#8220;{}&#8220;][et_pb_column type=&#8220;4_4&#8243; _builder_version=&#8220;4.19.4&#8243; _module_preset=&#8220;default&#8220; global_colors_info=&#8220;{}&#8220;][et_pb_text module_id=&#8220;galerie-sawa-2022&#8243; _builder_version=&#8220;4.21.0&#8243; _module_preset=&#8220;default&#8220; custom_margin=&#8220;28px||12px|||&#8220; global_colors_info=&#8220;{}&#8220;]<\/p>\n<h2>Fotos des Projekts in 2022<\/h2>\n<p>[\/et_pb_text][et_pb_gallery gallery_ids=&#8220;3298,3296,3294,3292,3290,3288,3286,3284,3282,3280,3278,3276,3274,3272,3270,3268,3266,3264,3262,3260,3258,3256,3254,3252,3250,3248&#8243; posts_number=&#8220;100&#8243; show_title_and_caption=&#8220;off&#8220; _builder_version=&#8220;4.19.4&#8243; _module_preset=&#8220;default&#8220; global_colors_info=&#8220;{}&#8220;][\/et_pb_gallery][\/et_pb_column][\/et_pb_row][\/et_pb_section][et_pb_section fb_built=&#8220;1&#8243; _builder_version=&#8220;4.21.0&#8243; _module_preset=&#8220;default&#8220; background_color=&#8220;#5b5b5b&#8220; locked=&#8220;off&#8220; global_colors_info=&#8220;{}&#8220;][et_pb_row column_structure=&#8220;1_4,1_4,1_4,1_4&#8243; _builder_version=&#8220;4.16&#8243; _module_preset=&#8220;default&#8220; locked=&#8220;off&#8220; global_colors_info=&#8220;{}&#8220;][et_pb_column type=&#8220;1_4&#8243; _builder_version=&#8220;4.16&#8243; _module_preset=&#8220;default&#8220; global_colors_info=&#8220;{}&#8220;][et_pb_image src=&#8220;http:\/\/ushagram-suisse.org\/wp-content\/uploads\/2021\/03\/UG-logo_transp.png&#8220; title_text=&#8220;UG-logo_transp&#8220; url=&#8220;https:\/\/ushagram-suisse.org\/de\/&#8220; _builder_version=&#8220;4.21.0&#8243; _module_preset=&#8220;default&#8220; custom_margin=&#8220;0px||0px||false|false&#8220; custom_padding=&#8220;0px||0px||false|false&#8220; global_colors_info=&#8220;{}&#8220;][\/et_pb_image][\/et_pb_column][et_pb_column type=&#8220;1_4&#8243; _builder_version=&#8220;4.16&#8243; _module_preset=&#8220;default&#8220; global_colors_info=&#8220;{}&#8220;][et_pb_text _builder_version=&#8220;4.21.0&#8243; _module_preset=&#8220;default&#8220; global_colors_info=&#8220;{}&#8220;]<\/p>\n<h4><span style=\"color: #e09900;\">\u00dcBER UNS<\/span><\/h4>\n<p><span style=\"color: #ffffff;\"><a href=\"https:\/\/ushagram-suisse.org\/de\/ueber-uns\/\" style=\"color: #ffffff;\">Wer wir sind<\/a><\/span><br \/>\n<span style=\"color: #ffffff;\"><a href=\"https:\/\/ushagram-suisse.org\/de\/team-kontakt\/\" style=\"color: #ffffff;\">Teams und Kontakte<\/a><\/span><br \/>\n<a href=\"https:\/\/ushagram-suisse.org\/de\/infos-de\/\"><span style=\"color: #ffffff;\">Infos<\/span><\/a><br \/>\n<span style=\"color: #ffffff;\"><a href=\"https:\/\/ushagram-suisse.org\/de\/dokumente\/\" style=\"color: #ffffff;\">Dokumente<\/a><\/span>[\/et_pb_text][\/et_pb_column][et_pb_column type=&#8220;1_4&#8243; _builder_version=&#8220;4.16&#8243; _module_preset=&#8220;default&#8220; global_colors_info=&#8220;{}&#8220;][et_pb_text _builder_version=&#8220;4.21.0&#8243; _module_preset=&#8220;default&#8220; global_colors_info=&#8220;{}&#8220;]<\/p>\n<h4><span style=\"color: #e09900;\">AKTION<\/span><\/h4>\n<p><span style=\"color: #ffffff;\"><a href=\"https:\/\/ushagram-suisse.org\/de\/unsere-aktion\/\" style=\"color: #ffffff;\">Realisationen<\/a><br \/>\n<a href=\"https:\/\/ushagram-suisse.org\/de\/unsere-aktion\/wirkung\/\" style=\"color: #ffffff;\">Wirkung<\/a><a href=\"https:\/\/ushagram-suisse.org\/en\/our-action\/impact-en\/\" style=\"color: #ffffff;\"><\/a><br \/>\n<a href=\"https:\/\/ushagram-suisse.org\/de\/projekte\/institutionen\/\" style=\"color: #ffffff;\">Institutionnelle Projekte<\/a><\/span><br \/>\n<span style=\"color: #ffffff;\"> <a href=\"https:\/\/ushagram-suisse.org\/de\/projekte\/private\/\" style=\"color: #ffffff;\">Privat Initiativen<\/a><\/span>[\/et_pb_text][\/et_pb_column][et_pb_column type=&#8220;1_4&#8243; _builder_version=&#8220;4.16&#8243; _module_preset=&#8220;default&#8220; global_colors_info=&#8220;{}&#8220;][et_pb_text _builder_version=&#8220;4.21.0&#8243; _module_preset=&#8220;default&#8220; custom_padding=&#8220;||0px|||&#8220; global_colors_info=&#8220;{}&#8220;]<\/p>\n<h4><span style=\"color: #e09900;\">UNTERST\u00dcTZUNGEN<\/span><\/h4>\n<p><span style=\"color: #ffffff;\"><a href=\"https:\/\/ushagram-suisse.org\/de\/unterstuetzung\/\" style=\"color: #ffffff;\">Mitglied werden<\/a><\/span><br \/><span style=\"color: #ffffff;\"><a href=\"https:\/\/ushagram-suisse.org\/de\/unterstuetzung\/\" style=\"color: #ffffff;\">Einmalige Spende<\/a><\/span><br \/><span style=\"color: #ffffff;\"><a href=\"https:\/\/ushagram-suisse.org\/de\/unterstuetzung\/\" style=\"color: #ffffff;\">Ein Projekt mitfinanzieren<\/a><\/span><br \/><span style=\"color: #ffffff;\"><a href=\"https:\/\/ushagram-suisse.org\/de\/projekte\/private\/freiwillig\/\" style=\"color: #ffffff;\">Freiwilligenarbeit in Indien<\/a><\/span><\/p>\n<p>[\/et_pb_text][\/et_pb_column][\/et_pb_row][\/et_pb_section]<\/p>\n","protected":false},"excerpt":{"rendered":"<p>EINSCHULUNG SYRISCHER FL\u00dcCHTLINGSKINDERRESILIENZ UND EMPOWERMENT VON FL\u00dcCHTLINGSFAMILIEN Projektsteckbrief: lib23-1&nbsp; &nbsp; &nbsp; &nbsp; &nbsp; &nbsp; &nbsp; &nbsp; &nbsp; &nbsp; &nbsp; &nbsp; &nbsp; &nbsp; &nbsp; &nbsp; &nbsp; &nbsp; &nbsp; &nbsp; &nbsp; &nbsp; Betr\u00e4ge in CHF ____________________________________________________________________ Syrische Fl\u00fcchtlingsbev\u00f6lkerung in West-Beqaa Lokale NGO: &#8222;Sawa for Development&#8220;, Qob Elias, Beqaa, Liban Verantwortliche: Nawal Mdallaly ____________________________________________________________________ P R I O [&hellip;]<\/p>\n","protected":false},"author":1,"featured_media":0,"parent":3935,"menu_order":0,"comment_status":"closed","ping_status":"closed","template":"","meta":{"_et_pb_use_builder":"on","_et_pb_old_content":"","_et_gb_content_width":"","footnotes":""},"categories":[43],"tags":[],"class_list":["post-4094","page","type-page","status-publish","hentry","category-internalp-categ-de"],"_links":{"self":[{"href":"https:\/\/ushagram-suisse.org\/de\/wp-json\/wp\/v2\/pages\/4094","targetHints":{"allow":["GET"]}}],"collection":[{"href":"https:\/\/ushagram-suisse.org\/de\/wp-json\/wp\/v2\/pages"}],"about":[{"href":"https:\/\/ushagram-suisse.org\/de\/wp-json\/wp\/v2\/types\/page"}],"author":[{"embeddable":true,"href":"https:\/\/ushagram-suisse.org\/de\/wp-json\/wp\/v2\/users\/1"}],"replies":[{"embeddable":true,"href":"https:\/\/ushagram-suisse.org\/de\/wp-json\/wp\/v2\/comments?post=4094"}],"version-history":[{"count":3,"href":"https:\/\/ushagram-suisse.org\/de\/wp-json\/wp\/v2\/pages\/4094\/revisions"}],"predecessor-version":[{"id":4122,"href":"https:\/\/ushagram-suisse.org\/de\/wp-json\/wp\/v2\/pages\/4094\/revisions\/4122"}],"up":[{"embeddable":true,"href":"https:\/\/ushagram-suisse.org\/de\/wp-json\/wp\/v2\/pages\/3935"}],"wp:attachment":[{"href":"https:\/\/ushagram-suisse.org\/de\/wp-json\/wp\/v2\/media?parent=4094"}],"wp:term":[{"taxonomy":"category","embeddable":true,"href":"https:\/\/ushagram-suisse.org\/de\/wp-json\/wp\/v2\/categories?post=4094"},{"taxonomy":"post_tag","embeddable":true,"href":"https:\/\/ushagram-suisse.org\/de\/wp-json\/wp\/v2\/tags?post=4094"}],"curies":[{"name":"wp","href":"https:\/\/api.w.org\/{rel}","templated":true}]}}