               {"id":3966,"date":"2020-12-26T18:40:11","date_gmt":"2020-12-26T17:40:11","guid":{"rendered":"https:\/\/ushagram-suisse.org\/?page_id=3966"},"modified":"2023-07-23T20:25:38","modified_gmt":"2023-07-23T18:25:38","slug":"freiwillig","status":"publish","type":"page","link":"https:\/\/ushagram-suisse.org\/de\/projekte\/private\/freiwillig\/","title":{"rendered":"Freiwillige Arbeit in Indien &#8211; DE"},"content":{"rendered":"<p>[et_pb_section fb_built=&#8220;1&#8243; fullwidth=&#8220;on&#8220; _builder_version=&#8220;4.16&#8243; background_color=&#8220;#800000&#8243; use_background_color_gradient=&#8220;on&#8220; background_color_gradient_direction=&#8220;330deg&#8220; background_color_gradient_stops=&#8220;#800000 0%|#E02B20 100%&#8220; background_color_gradient_start=&#8220;#800000&#8243; background_color_gradient_end=&#8220;#E02B20&#8243; locked=&#8220;off&#8220; global_colors_info=&#8220;{}&#8220;][et_pb_fullwidth_header title=&#8220;Freiwillige Arbeit in Indien&#8220; subhead=&#8220;unter den Stammeskindern von Kechala (Orissa)&#8220; _builder_version=&#8220;4.16&#8243; title_font=&#8220;||||||||&#8220; background_color=&#8220;rgba (89,122,0,0,35)&#8220; use_background_color_gradient=&#8220;on&#8220; background_color_gradient_direction=&#8220;332deg&#8220; global_colors_info=&#8220;{}&#8220; button_one_text_size__hover_enabled=&#8220;off&#8220; button_two_text_size__hover_enabled=&#8220;off&#8220; button_one_text_color__hover_enabled=&#8220;off&#8220; button_two_text_color__hover_enabled=&#8220;off&#8220; button_one_border_width__hover_enabled=&#8220;off&#8220; button_two_border_width__hover_enabled=&#8220;off&#8220; button_one_border_color__hover_enabled=&#8220;off&#8220; button_two_border_color__hover_enabled=&#8220;off&#8220; button_one_border_radius__hover_enabled=&#8220;off&#8220; button_two_border_radius__hover_enabled=&#8220;off&#8220; button_one_letter_spacing__hover_enabled=&#8220;off&#8220; button_two_letter_spacing__hover_enabled=&#8220;off&#8220; button_one_bg_color__hover_enabled=&#8220;off&#8220; button_two_bg_color__hover_enabled=&#8220;off&#8220;][\/et_pb_fullwidth_header][\/et_pb_section][et_pb_section fb_built=&#8220;1&#8243; _builder_version=&#8220;4.16&#8243; background_color=&#8220;#fffae9&#8243; global_colors_info=&#8220;{}&#8220;][et_pb_row _builder_version=&#8220;4.16&#8243; _module_preset=&#8220;default&#8220; global_colors_info=&#8220;{}&#8220;][et_pb_column type=&#8220;4_4&#8243; _builder_version=&#8220;4.16&#8243; _module_preset=&#8220;default&#8220; global_colors_info=&#8220;{}&#8220;][et_pb_image src=&#8220;http:\/\/ushagram-suisse.org\/wp-content\/uploads\/2021\/03\/VOLONTARIAT.jpg&#8220; title_text=&#8220;VOLONTARIAT&#8220; _builder_version=&#8220;4.16&#8243; _module_preset=&#8220;default&#8220; global_colors_info=&#8220;{}&#8220;][\/et_pb_image][\/et_pb_column][\/et_pb_row][et_pb_row column_structure=&#8220;3_5,2_5&#8243; _builder_version=&#8220;4.16&#8243; background_size=&#8220;initial&#8220; background_position=&#8220;top_left&#8220; background_repeat=&#8220;repeat&#8220; global_colors_info=&#8220;{}&#8220;][et_pb_column type=&#8220;3_5&#8243; _builder_version=&#8220;4.16&#8243; custom_padding=&#8220;|||&#8220; global_colors_info=&#8220;{}&#8220; custom_padding__hover=&#8220;|||&#8220;][et_pb_text _builder_version=&#8220;4.16&#8243; background_size=&#8220;initial&#8220; background_position=&#8220;top_left&#8220; background_repeat=&#8220;repeat&#8220; width=&#8220;100%&#8220; min_height=&#8220;408px&#8220; custom_margin=&#8220;|75px||||&#8220; global_colors_info=&#8220;{}&#8220;]<\/p>\n<h2><strong>Ihre Talente f\u00fcr die Kinder von Kechala!<\/strong><\/h2>\n<p>&nbsp;<\/p>\n<h4><strong>Hintergrund des Freiwilligendienstes<\/strong><\/h4>\n<p>Die Schule in Kechala wird von fast 200 Kindern aus den benachbarten Stammesd\u00f6rfern besucht. Sie lieben es zu lernen und profitieren wirklich von den Aufenthalten der freiwilligen Helfer. Vielleicht auch von Ihnen?<\/p>\n<p><span style=\"font-size: 14px;\">Die Freiwilligen erhalten kostenlose Unterkunft und Verpflegung. Sie teilen die Mahlzeiten mit den Sch\u00fclerinnen und Sch\u00fclern und dem Personal. Die Schule verf\u00fcgt \u00fcber Klassenzimmer, eine gut ausgestattete Bibliothek und reichlich Lehrmaterial. Je nach Ihren F\u00e4higkeiten k\u00f6nnen Sie auch Ihr eigenes Lehrmaterial mitbringen. Das alles geschieht vor dem Hintergrund einer flexiblen, anpassungsf\u00e4higen indischen Kultur, die voller unerwarteter Ressourcen steckt.<\/span><\/p>\n<p>&nbsp;<\/p>\n<h4><strong>Wie k\u00f6nnen Sie teilnehmen?<\/strong><\/h4>\n<p>Abgesehen von den ganz Kleinen k\u00f6nnen sich die Kinder problemlos auf Englisch verst\u00e4ndigen. Alle F\u00e4higkeiten und F\u00e4cher werden wertgesch\u00e4tzt: Einige haben Sticken unterrichtet, andere Theater, Naturwissenschaften, Sprachen oder Sport. Sie k\u00f6nnen alles teilen, was Sie gerne tun, auch Ihre Hobbys!<\/p>\n<p>Kechala ist eine Stunde von Koraput im Bundesstaat Orissa und vier Stunden vom n\u00e4chstgelegenen Flughafen entfernt. Aufgrund der Entfernung wird ein Aufenthalt von mindestens 2 Wochen empfohlen. Die \u00f6rtliche Organisation organisiert die Transfers.<br \/>Sind Sie nicht erreichbar? Sie k\u00f6nnen sich auch an diesem sch\u00f6nen Projekt beteiligen, indem Sie f\u00fcr dieses Freiwilligenprogramm spenden.<\/p>\n<p><span style=\"font-size: 14px;\">Geben Sie Ihren Reisen einen Sinn! Das l\u00e4ndliche Indien ist lebendig und spannend. Die Arbeit, die dort geleistet wird, ist f\u00fcr die Beg\u00fcnstigten sehr wertvoll.<br \/>Kommen Sie und teilen Sie das Abenteuer!<\/span><\/p>\n<p><span style=\"font-size: 14px;\"><\/span><\/p>\n<p>&nbsp;<\/p>\n<h4><strong>\u00dcber Ushagram<\/strong><\/h4>\n<p>Der Verein Ushagram Schweiz begleitet die Bev\u00f6lkerung, indem er mit ihr nachhaltige Entwicklungsprogramme umsetzt, die den Zugang zu medizinischer Versorgung, sanit\u00e4ren Einrichtungen und Trinkwasser erm\u00f6glichen und die landwirtschaftlichen Praktiken verbessern. Dar\u00fcber hinaus helfen diese Programme den Menschen, ihre W\u00fcrde wiederzuerlangen und sich selbst zu versorgen, indem sie ihnen eine Ausbildung anbieten, die es ihnen erm\u00f6glicht, gewinnbringende Aktivit\u00e4ten zu entwickeln.<br \/>Die seit 2004 unterst\u00fctzte Schule in Kechala wird im Jahr 2023 rund 200 Kinder aufnehmen, von denen 60 in einem Internat untergebracht sind, im Bezirk Koraput, Bundesstaat Orissa. Die direkt betroffene Stammesbev\u00f6lkerung umfasst 800 stark benachteiligte Menschen in vier D\u00f6rfern.<\/p>\n<p>[\/et_pb_text][\/et_pb_column][et_pb_column type=&#8220;2_5&#8243; _builder_version=&#8220;4.16&#8243; custom_padding=&#8220;|||&#8220; global_colors_info=&#8220;{}&#8220; custom_padding__hover=&#8220;|||&#8220;][et_pb_text _builder_version=&#8220;4.21.0&#8243; _module_preset=&#8220;default&#8220; background_color=&#8220;rgba(224,153,0,0.32)&#8220; custom_padding=&#8220;20px|20px|20px|20px|false|false&#8220; border_radii=&#8220;on|10px|10px|10px|10px&#8220; box_shadow_style=&#8220;preset2&#8243; global_colors_info=&#8220;{}&#8220;]<\/p>\n<p><em>\u201cFreiwilliger in Kechala zu sein, ist einfach magisch: Die Sch\u00fcler sind begeistert und es war leicht f\u00fcr mich konkrete Auswirkungen, zu sehen, wenn ich ihnen beim Lernen von Englisch, Mathematik und Naturwissenschaften helfe.\u201d<\/em><br \/>Charles, Freiwilliger in 2017<\/p>\n<p>[\/et_pb_text][et_pb_text _builder_version=&#8220;4.21.0&#8243; _module_preset=&#8220;default&#8220; background_color=&#8220;rgba(0,0,0,0)&#8220; global_colors_info=&#8220;{}&#8220;]<\/p>\n<h4><strong><\/strong><\/h4>\n<h4><strong><\/strong><\/h4>\n<h4><strong><\/strong><\/h4>\n<h4><strong>Interessiert? Fragen?<\/strong><\/h4>\n<p><span style=\"font-size: 14px;\">Bitte schreiben Sie an: service [a] ushagram-suisse.org<\/span><\/p>\n<p><span style=\"font-size: 14px;\"><\/span><\/p>\n<p><span style=\"font-size: 14px;\"><\/span><\/p>\n<p>[\/et_pb_text][et_pb_text _builder_version=&#8220;4.21.0&#8243; _module_preset=&#8220;default&#8220; background_color=&#8220;rgba(0,0,0,0)&#8220; link_option_url=&#8220;https:\/\/tinyurl.com\/ind2017-1&#8243; link_option_url_new_window=&#8220;on&#8220; global_colors_info=&#8220;{}&#8220;]<\/p>\n<h4><strong><a href=\"https:\/\/ushagram-suisse.org\/wp-content\/uploads\/2020\/12\/UG-Kechala-Volunteer-folder.pdf\" target=\"_blank\" rel=\"noopener noreferrer\">Faltblatt herunterladen &gt;&gt;&gt;<\/a><\/strong><\/h4>\n<p><a href=\"https:\/\/ushagram-suisse.org\/wp-content\/uploads\/2020\/12\/UG-Kechala-Volunteer-folder.pdf\" target=\"_blank\" rel=\"noopener noreferrer\"><span style=\"font-size: 14px;\"> <img loading=\"lazy\" decoding=\"async\" src=\"https:\/\/ushagram-suisse.org\/wp-content\/uploads\/2021\/03\/DEPLI-VOL-600x458.jpg\" alt=\"\" class=\"wp-image-1990 alignnone size-medium\" width=\"600\" height=\"458\" \/><\/span><\/a><\/p>\n<p>[\/et_pb_text][et_pb_text _builder_version=&#8220;4.21.0&#8243; _module_preset=&#8220;default&#8220; background_color=&#8220;rgba(0,0,0,0)&#8220; link_option_url=&#8220;https:\/\/tinyurl.com\/ind2017-1&#8243; link_option_url_new_window=&#8220;on&#8220; global_colors_info=&#8220;{}&#8220;]<\/p>\n<h4><\/h4>\n<h4><strong><a href=\"https:\/\/tinyurl.com\/ind2017-1\">Fotogalerie &gt;&gt;&gt;<\/a><\/strong><\/h4>\n<p><img loading=\"lazy\" decoding=\"async\" src=\"https:\/\/ushagram-suisse.org\/wp-content\/uploads\/2021\/03\/album1b.jpg\" alt=\"\" class=\"wp-image-2070 alignnone size-full\" width=\"369\" height=\"285\" \/><\/p>\n<p>[\/et_pb_text][\/et_pb_column][\/et_pb_row][\/et_pb_section][et_pb_section fb_built=&#8220;1&#8243; _builder_version=&#8220;4.21.0&#8243; _module_preset=&#8220;default&#8220; background_color=&#8220;#5b5b5b&#8220; locked=&#8220;off&#8220; global_colors_info=&#8220;{}&#8220;][et_pb_row column_structure=&#8220;1_4,1_4,1_4,1_4&#8243; _builder_version=&#8220;4.16&#8243; _module_preset=&#8220;default&#8220; locked=&#8220;off&#8220; global_colors_info=&#8220;{}&#8220;][et_pb_column type=&#8220;1_4&#8243; _builder_version=&#8220;4.16&#8243; _module_preset=&#8220;default&#8220; global_colors_info=&#8220;{}&#8220;][et_pb_image src=&#8220;http:\/\/ushagram-suisse.org\/wp-content\/uploads\/2021\/03\/UG-logo_transp.png&#8220; title_text=&#8220;UG-logo_transp&#8220; url=&#8220;https:\/\/ushagram-suisse.org\/de\/&#8220; _builder_version=&#8220;4.21.0&#8243; _module_preset=&#8220;default&#8220; custom_margin=&#8220;0px||0px||false|false&#8220; custom_padding=&#8220;0px||0px||false|false&#8220; global_colors_info=&#8220;{}&#8220;][\/et_pb_image][\/et_pb_column][et_pb_column type=&#8220;1_4&#8243; _builder_version=&#8220;4.16&#8243; _module_preset=&#8220;default&#8220; global_colors_info=&#8220;{}&#8220;][et_pb_text _builder_version=&#8220;4.21.0&#8243; _module_preset=&#8220;default&#8220; global_colors_info=&#8220;{}&#8220;]<\/p>\n<h4><span style=\"color: #e09900;\">\u00dcBER UNS<\/span><\/h4>\n<p><span style=\"color: #ffffff;\"><a href=\"https:\/\/ushagram-suisse.org\/de\/ueber-uns\/\" style=\"color: #ffffff;\">Wer wir sind<\/a><\/span><br \/>\n<span style=\"color: #ffffff;\"><a href=\"https:\/\/ushagram-suisse.org\/de\/team-kontakt\/\" style=\"color: #ffffff;\">Teams und Kontakte<\/a><\/span><br \/>\n<a href=\"https:\/\/ushagram-suisse.org\/de\/infos-de\/\"><span style=\"color: #ffffff;\">Infos<\/span><\/a><br \/>\n<span style=\"color: #ffffff;\"><a href=\"https:\/\/ushagram-suisse.org\/de\/dokumente\/\" style=\"color: #ffffff;\">Dokumente<\/a><\/span>[\/et_pb_text][\/et_pb_column][et_pb_column type=&#8220;1_4&#8243; _builder_version=&#8220;4.16&#8243; _module_preset=&#8220;default&#8220; global_colors_info=&#8220;{}&#8220;][et_pb_text _builder_version=&#8220;4.21.0&#8243; _module_preset=&#8220;default&#8220; global_colors_info=&#8220;{}&#8220;]<\/p>\n<h4><span style=\"color: #e09900;\">AKTION<\/span><\/h4>\n<p><span style=\"color: #ffffff;\"><a href=\"https:\/\/ushagram-suisse.org\/de\/unsere-aktion\/\" style=\"color: #ffffff;\">Realisationen<\/a><br \/>\n<a href=\"https:\/\/ushagram-suisse.org\/de\/unsere-aktion\/wirkung\/\" style=\"color: #ffffff;\">Wirkung<\/a><a href=\"https:\/\/ushagram-suisse.org\/en\/our-action\/impact-en\/\" style=\"color: #ffffff;\"><\/a><br \/>\n<a href=\"https:\/\/ushagram-suisse.org\/de\/projekte\/institutionen\/\" style=\"color: #ffffff;\">Institutionnelle Projekte<\/a><\/span><br \/>\n<span style=\"color: #ffffff;\"> <a href=\"https:\/\/ushagram-suisse.org\/de\/projekte\/private\/\" style=\"color: #ffffff;\">Privat Initiativen<\/a><\/span>[\/et_pb_text][\/et_pb_column][et_pb_column type=&#8220;1_4&#8243; _builder_version=&#8220;4.16&#8243; _module_preset=&#8220;default&#8220; global_colors_info=&#8220;{}&#8220;][et_pb_text _builder_version=&#8220;4.21.0&#8243; _module_preset=&#8220;default&#8220; custom_padding=&#8220;||0px|||&#8220; global_colors_info=&#8220;{}&#8220;]<\/p>\n<h4><span style=\"color: #e09900;\">UNTERST\u00dcTZUNGEN<\/span><\/h4>\n<p><span style=\"color: #ffffff;\"><a href=\"https:\/\/ushagram-suisse.org\/de\/unterstuetzung\/\" style=\"color: #ffffff;\">Mitglied werden<\/a><\/span><br \/><span style=\"color: #ffffff;\"><a href=\"https:\/\/ushagram-suisse.org\/de\/unterstuetzung\/\" style=\"color: #ffffff;\">Einmalige Spende<\/a><\/span><br \/><span style=\"color: #ffffff;\"><a href=\"https:\/\/ushagram-suisse.org\/de\/unterstuetzung\/\" style=\"color: #ffffff;\">Ein Projekt mitfinanzieren<\/a><\/span><br \/><span style=\"color: #ffffff;\"><a href=\"https:\/\/ushagram-suisse.org\/de\/projekte\/private\/freiwillig\/\" style=\"color: #ffffff;\">Freiwilligenarbeit in Indien<\/a><\/span><\/p>\n<p>[\/et_pb_text][\/et_pb_column][\/et_pb_row][\/et_pb_section]<\/p>\n","protected":false},"excerpt":{"rendered":"<p>Ihre Talente f\u00fcr die Kinder von Kechala! &nbsp; Hintergrund des Freiwilligendienstes Die Schule in Kechala wird von fast 200 Kindern aus den benachbarten Stammesd\u00f6rfern besucht. Sie lieben es zu lernen und profitieren wirklich von den Aufenthalten der freiwilligen Helfer. Vielleicht auch von Ihnen? Die Freiwilligen erhalten kostenlose Unterkunft und Verpflegung. Sie teilen die Mahlzeiten mit [&hellip;]<\/p>\n","protected":false},"author":1,"featured_media":0,"parent":3944,"menu_order":0,"comment_status":"closed","ping_status":"closed","template":"","meta":{"_et_pb_use_builder":"on","_et_pb_old_content":"","_et_gb_content_width":"","footnotes":""},"categories":[43],"tags":[],"class_list":["post-3966","page","type-page","status-publish","hentry","category-internalp-categ-de"],"_links":{"self":[{"href":"https:\/\/ushagram-suisse.org\/de\/wp-json\/wp\/v2\/pages\/3966","targetHints":{"allow":["GET"]}}],"collection":[{"href":"https:\/\/ushagram-suisse.org\/de\/wp-json\/wp\/v2\/pages"}],"about":[{"href":"https:\/\/ushagram-suisse.org\/de\/wp-json\/wp\/v2\/types\/page"}],"author":[{"embeddable":true,"href":"https:\/\/ushagram-suisse.org\/de\/wp-json\/wp\/v2\/users\/1"}],"replies":[{"embeddable":true,"href":"https:\/\/ushagram-suisse.org\/de\/wp-json\/wp\/v2\/comments?post=3966"}],"version-history":[{"count":6,"href":"https:\/\/ushagram-suisse.org\/de\/wp-json\/wp\/v2\/pages\/3966\/revisions"}],"predecessor-version":[{"id":4125,"href":"https:\/\/ushagram-suisse.org\/de\/wp-json\/wp\/v2\/pages\/3966\/revisions\/4125"}],"up":[{"embeddable":true,"href":"https:\/\/ushagram-suisse.org\/de\/wp-json\/wp\/v2\/pages\/3944"}],"wp:attachment":[{"href":"https:\/\/ushagram-suisse.org\/de\/wp-json\/wp\/v2\/media?parent=3966"}],"wp:term":[{"taxonomy":"category","embeddable":true,"href":"https:\/\/ushagram-suisse.org\/de\/wp-json\/wp\/v2\/categories?post=3966"},{"taxonomy":"post_tag","embeddable":true,"href":"https:\/\/ushagram-suisse.org\/de\/wp-json\/wp\/v2\/tags?post=3966"}],"curies":[{"name":"wp","href":"https:\/\/api.w.org\/{rel}","templated":true}]}}