               {"id":3935,"date":"2022-03-08T19:50:53","date_gmt":"2022-03-08T18:50:53","guid":{"rendered":"https:\/\/ushagram-suisse.org\/?page_id=3935"},"modified":"2024-02-20T19:45:38","modified_gmt":"2024-02-20T18:45:38","slug":"institutionen","status":"publish","type":"page","link":"https:\/\/ushagram-suisse.org\/de\/projekte\/institutionen\/","title":{"rendered":"Institutionen &#8211; DE"},"content":{"rendered":"<p>[et_pb_section fb_built=&#8220;1&#8243; fullwidth=&#8220;on&#8220; _builder_version=&#8220;4.16&#8243; background_color=&#8220;#800000&#8243; use_background_color_gradient=&#8220;on&#8220; background_color_gradient_direction=&#8220;330deg&#8220; background_color_gradient_stops=&#8220;#800000 0%|#E02B20 100%&#8220; background_color_gradient_start=&#8220;#800000&#8243; background_color_gradient_end=&#8220;#E02B20&#8243; global_colors_info=&#8220;{}&#8220;][et_pb_fullwidth_header title=&#8220;Institutionelle Projekte &#8211; 2024&#8243; subhead=&#8220;Unterst\u00fctzung durch staatliche oder private Institutionen&#8220; _builder_version=&#8220;4.16&#8243; title_font=&#8220;||||||||&#8220; background_color=&#8220;rgba (89,122,0,0,35)&#8220; use_background_color_gradient=&#8220;on&#8220; background_color_gradient_direction=&#8220;332deg&#8220; global_colors_info=&#8220;{}&#8220; button_one_text_size__hover_enabled=&#8220;off&#8220; button_two_text_size__hover_enabled=&#8220;off&#8220; button_one_text_color__hover_enabled=&#8220;off&#8220; button_two_text_color__hover_enabled=&#8220;off&#8220; button_one_border_width__hover_enabled=&#8220;off&#8220; button_two_border_width__hover_enabled=&#8220;off&#8220; button_one_border_color__hover_enabled=&#8220;off&#8220; button_two_border_color__hover_enabled=&#8220;off&#8220; button_one_border_radius__hover_enabled=&#8220;off&#8220; button_two_border_radius__hover_enabled=&#8220;off&#8220; button_one_letter_spacing__hover_enabled=&#8220;off&#8220; button_two_letter_spacing__hover_enabled=&#8220;off&#8220; button_one_bg_color__hover_enabled=&#8220;off&#8220; button_two_bg_color__hover_enabled=&#8220;off&#8220;][\/et_pb_fullwidth_header][\/et_pb_section][et_pb_section fb_built=&#8220;1&#8243; _builder_version=&#8220;4.16&#8243; background_color=&#8220;#fffae9&#8243; global_colors_info=&#8220;{}&#8220;][et_pb_row column_structure=&#8220;3_4,1_4&#8243; _builder_version=&#8220;4.16&#8243; _module_preset=&#8220;default&#8220; custom_padding=&#8220;0px|||||&#8220; global_colors_info=&#8220;{}&#8220;][et_pb_column type=&#8220;3_4&#8243; _builder_version=&#8220;4.16&#8243; _module_preset=&#8220;default&#8220; global_colors_info=&#8220;{}&#8220;][et_pb_text _builder_version=&#8220;4.24.1&#8243; _module_preset=&#8220;default&#8220; min_height=&#8220;887.3px&#8220; hover_enabled=&#8220;0&#8243; inline_fonts=&#8220;Arima Madurai&#8220; global_colors_info=&#8220;{}&#8220; sticky_enabled=&#8220;0&#8243;]<\/p>\n<h3><\/h3>\n<h3>FUNDRAISING &#8211; <strong>2024-2025<br \/><\/strong><\/h3>\n<p><strong>FINANZIERUNG VON ENTWICKLUNGSPROJEKTEN<\/strong><br \/>Zusammenfassung der angestrebten Mittel<br \/><em>(Teilfinanzierung bei allen Projekten m\u00f6glich)\u00a0\u00a0<\/em> \u00a0 \u00a0 \u00a0 \u00a0 \u00a0 \u00a0 \u00a0 Betr\u00e4ge in CHF<\/p>\n<h4>L I B A N O N<\/h4>\n<p><strong>ENTWICKLUNGSHILFE F\u00dcR SYRISCHE FL\u00dcCHTLINGE &amp; EINHEIMISCHE<\/strong><\/p>\n<p><span style=\"text-decoration: underline;\"><strong>P R I O R I T \u00c4 R E S\u00a0 \u00a0P R O J E K T<br \/><\/strong><\/span><\/p>\n<p><strong>1) <a href=\"https:\/\/ushagram-suisse.org\/de\/projekte\/institutionen\/lib24-1-de\/\" target=\"_blank\" rel=\"noopener noreferrer\">EINSCHULUNG VON SYRISCHER FL\u00dcCHTLINGSKINDER DER BEKAA-REGION<\/a><\/strong><br \/><strong>413.- pro Kind<\/strong><br \/>Pro Klasse von 25 Kindern, 10&#8217;323 Fr.<br \/>Vorgeschlagenes Projekt mit 4 Klassen, <strong>d.h. 41&#8217;392 Fr.<\/strong><br \/>Maximale Kapazit\u00e4t: 300 Kinder in 12 Klassen<strong>.<\/strong><\/p>\n<p><strong><\/strong><\/p>\n<p>_________________________________________________________________<\/p>\n<h4>I N D I E N &#8211; KECHALA<\/h4>\n<p>(<a href=\"http:\/\/goo.gl\/maps\/mz9Ry\" target=\"\u201d_blank\u201d\" rel=\"noopener\">auf Google Maps lokalisieren)<\/a> (<a href=\"https:\/\/plus.google.com\/photos\/108579787891121262922\/albums\/5851200708673432321?authkey=CMDhuMzbuPK8gAE\" target=\"\u201d_blank\u201d\" rel=\"noopener\">Panoramaansichten des Ortes<\/a>)<br \/>Entwicklungsprogramm eines Stammesgebiets der Ureinwohner<br \/>Betroffene Aborigine-Bev\u00f6lkerung: 2500 Personen, 4 D\u00f6rfer<\/p>\n<p><a href=\"https:\/\/ushagram-suisse.org\/de\/projets\/institutions-fr\/kcl24-1\/\" target=\"_blank\" rel=\"noopener\"><span style=\"text-decoration: underline;\"><strong>N A C H H A L T I G K E I T S P R O J E K T E<\/strong><\/span><strong> &#8211; <em>einziger Link! &gt;&gt;&gt;<\/em><\/strong><\/a><\/p>\n<p>THEMATISCHE SCHWERPUNKTE EMPOWERMENT \/ MOBILIT\u00c4T \/ BILDUNG \/ JUGEND<span style=\"font-size: 14px;\"><br \/><a href=\"https:\/\/ushagram-suisse.org\/wp-content\/uploads\/2020\/12\/systeme-educatif-a-Kechala.pdf\" target=\"\u201d_blank\u201d\" rel=\"noopener\">(&#8222;Das Bildungssystem in Kechala&#8220; PDF herunterladen!)<\/a><br \/><\/span><\/p>\n<p>1) MATRATZEN F\u00dcR DAS NEUE M\u00c4DCHENINTERNAT = 7&#8217;245.-.<br \/>2) M\u00d6BEL F\u00dcR DIE KLASSENZIMMER = 5&#8217;811.-.<br \/>3) SOLARE STRASSENBELEUCHTUNG = 3&#8217;895.-<br \/>4) UNTERST\u00dcTZUNG DER H\u00d6HEREN BILDUNG (Teenager \/ Jahr) = 1&#8217;400.<br \/>5) PFLANZUNG VON OBSTB\u00c4UMEN = 5&#8217;950.-<\/p>\n<p><em><span style=\"text-decoration: underline;\">Bitte auf den einzigen Link oben klicken, um die Seite zu \u00f6ffnen.<\/span><\/em><\/p>\n<p><strong><\/strong><\/p>\n<p><em>Update: Februar 2024<\/em><\/p>\n<p>[\/et_pb_text][\/et_pb_column][et_pb_column type=&#8220;1_4&#8243; _builder_version=&#8220;4.16&#8243; _module_preset=&#8220;default&#8220; global_colors_info=&#8220;{}&#8220;][et_pb_text _builder_version=&#8220;4.24.1&#8243; _module_preset=&#8220;default&#8220; global_colors_info=&#8220;{}&#8220;]<\/p>\n<h4><a href=\"https:\/\/ushagram-suisse.org\/de\/projekte\/institutionen\/institutionen-2023\/\"><span style=\"text-decoration: underline;\"><strong><em>Voriges Jahr<\/em><\/strong><\/span><strong><em>\u00a0&gt;&gt;&gt;<\/em><\/strong><span style=\"text-decoration: underline;\"><strong><em><\/em><\/strong><\/span><\/a><u><\/u><\/h4>\n<p>&nbsp;<\/p>\n<p><u><\/u><\/p>\n<p><u><\/u><\/p>\n<p><u>Anleitung<\/u><\/p>\n<p>Klicken Sie auf jede Zeile<br \/>um die entsprechende Karteikarte anzusehen<br \/><em>mit ihren Fotos auf der R\u00fcckseite.<\/em><br \/><img loading=\"lazy\" decoding=\"async\" src=\"https:\/\/ushagram-suisse.org\/wp-content\/uploads\/2021\/02\/Arrow-right3tn.png\" alt=\"\" class=\"wp-image-1152 alignnone size-full\" width=\"45\" height=\"20\" \/><br \/><em>Fotogalerien<br \/><\/em>sind am Rand<br \/>der spezifischen Seiten zu finden!<\/p>\n<p>&nbsp;<\/p>\n<p>&nbsp;<\/p>\n<p>Siehe die Liste der \u00fcblichen Dokumente zu den Antr\u00e4gen auf der Seite <a href=\"https:\/\/ushagram-suisse.org\/documents-fr\/\" target=\"_blank\" rel=\"noopener\"><strong><span style=\"text-decoration: underline;\">&#8222;Dokumente&#8220;<\/span><\/strong><\/a><\/p>\n<p><a href=\"https:\/\/ushagram-suisse.org\/documents-fr\/\" target=\"_blank\" rel=\"noopener\"><img loading=\"lazy\" decoding=\"async\" src=\"http:\/\/ushagram-suisse.org\/wp-content\/uploads\/2020\/12\/pdf-203x300.png\" alt=\"\" class=\"wp-image-358 alignnone size-medium\" width=\"47\" height=\"69\" \/><\/a><\/p>\n<p>[\/et_pb_text][\/et_pb_column][\/et_pb_row][\/et_pb_section][et_pb_section fb_built=&#8220;1&#8243; _builder_version=&#8220;4.21.0&#8243; _module_preset=&#8220;default&#8220; background_color=&#8220;#5b5b5b&#8220; locked=&#8220;off&#8220; global_colors_info=&#8220;{}&#8220;][et_pb_row column_structure=&#8220;1_4,1_4,1_4,1_4&#8243; _builder_version=&#8220;4.16&#8243; _module_preset=&#8220;default&#8220; locked=&#8220;off&#8220; global_colors_info=&#8220;{}&#8220;][et_pb_column type=&#8220;1_4&#8243; _builder_version=&#8220;4.16&#8243; _module_preset=&#8220;default&#8220; global_colors_info=&#8220;{}&#8220;][et_pb_image src=&#8220;http:\/\/ushagram-suisse.org\/wp-content\/uploads\/2021\/03\/UG-logo_transp.png&#8220; title_text=&#8220;UG-logo_transp&#8220; url=&#8220;https:\/\/ushagram-suisse.org\/de\/&#8220; _builder_version=&#8220;4.21.0&#8243; _module_preset=&#8220;default&#8220; custom_margin=&#8220;0px||0px||false|false&#8220; custom_padding=&#8220;0px||0px||false|false&#8220; global_colors_info=&#8220;{}&#8220;][\/et_pb_image][\/et_pb_column][et_pb_column type=&#8220;1_4&#8243; _builder_version=&#8220;4.16&#8243; _module_preset=&#8220;default&#8220; global_colors_info=&#8220;{}&#8220;][et_pb_text _builder_version=&#8220;4.21.0&#8243; _module_preset=&#8220;default&#8220; global_colors_info=&#8220;{}&#8220;]<\/p>\n<h4><span style=\"color: #e09900;\">\u00dcBER UNS<\/span><\/h4>\n<p><span style=\"color: #ffffff;\"><a href=\"https:\/\/ushagram-suisse.org\/de\/ueber-uns\/\" style=\"color: #ffffff;\">Wer wir sind<\/a><\/span><br \/>\n<span style=\"color: #ffffff;\"><a href=\"https:\/\/ushagram-suisse.org\/de\/team-kontakt\/\" style=\"color: #ffffff;\">Teams und Kontakte<\/a><\/span><br \/>\n<a href=\"https:\/\/ushagram-suisse.org\/de\/infos-de\/\"><span style=\"color: #ffffff;\">Infos<\/span><\/a><br \/>\n<span style=\"color: #ffffff;\"><a href=\"https:\/\/ushagram-suisse.org\/de\/dokumente\/\" style=\"color: #ffffff;\">Dokumente<\/a><\/span>[\/et_pb_text][\/et_pb_column][et_pb_column type=&#8220;1_4&#8243; _builder_version=&#8220;4.16&#8243; _module_preset=&#8220;default&#8220; global_colors_info=&#8220;{}&#8220;][et_pb_text _builder_version=&#8220;4.21.0&#8243; _module_preset=&#8220;default&#8220; global_colors_info=&#8220;{}&#8220;]<\/p>\n<h4><span style=\"color: #e09900;\">AKTION<\/span><\/h4>\n<p><span style=\"color: #ffffff;\"><a href=\"https:\/\/ushagram-suisse.org\/de\/unsere-aktion\/\" style=\"color: #ffffff;\">Realisationen<\/a><br \/>\n<a href=\"https:\/\/ushagram-suisse.org\/de\/unsere-aktion\/wirkung\/\" style=\"color: #ffffff;\">Wirkung<\/a><a href=\"https:\/\/ushagram-suisse.org\/en\/our-action\/impact-en\/\" style=\"color: #ffffff;\"><\/a><br \/>\n<a href=\"https:\/\/ushagram-suisse.org\/de\/projekte\/institutionen\/\" style=\"color: #ffffff;\">Institutionnelle Projekte<\/a><\/span><br \/>\n<span style=\"color: #ffffff;\"> <a href=\"https:\/\/ushagram-suisse.org\/de\/projekte\/private\/\" style=\"color: #ffffff;\">Privat Initiativen<\/a><\/span>[\/et_pb_text][\/et_pb_column][et_pb_column type=&#8220;1_4&#8243; _builder_version=&#8220;4.16&#8243; _module_preset=&#8220;default&#8220; global_colors_info=&#8220;{}&#8220;][et_pb_text _builder_version=&#8220;4.21.0&#8243; _module_preset=&#8220;default&#8220; custom_padding=&#8220;||0px|||&#8220; global_colors_info=&#8220;{}&#8220;]<\/p>\n<h4><span style=\"color: #e09900;\">UNTERST\u00dcTZUNGEN<\/span><\/h4>\n<p><span style=\"color: #ffffff;\"><a href=\"https:\/\/ushagram-suisse.org\/de\/unterstuetzung\/\" style=\"color: #ffffff;\">Mitglied werden<\/a><\/span><br \/><span style=\"color: #ffffff;\"><a href=\"https:\/\/ushagram-suisse.org\/de\/unterstuetzung\/\" style=\"color: #ffffff;\">Einmalige Spende<\/a><\/span><br \/><span style=\"color: #ffffff;\"><a href=\"https:\/\/ushagram-suisse.org\/de\/unterstuetzung\/\" style=\"color: #ffffff;\">Ein Projekt mitfinanzieren<\/a><\/span><br \/><span style=\"color: #ffffff;\"><a href=\"https:\/\/ushagram-suisse.org\/de\/projekte\/private\/freiwillig\/\" style=\"color: #ffffff;\">Freiwilligenarbeit in Indien<\/a><\/span><\/p>\n<p>[\/et_pb_text][\/et_pb_column][\/et_pb_row][\/et_pb_section]<\/p>\n","protected":false},"excerpt":{"rendered":"<p>FUNDRAISING &#8211; 2024-2025 FINANZIERUNG VON ENTWICKLUNGSPROJEKTENZusammenfassung der angestrebten Mittel(Teilfinanzierung bei allen Projekten m\u00f6glich)\u00a0\u00a0 \u00a0 \u00a0 \u00a0 \u00a0 \u00a0 \u00a0 \u00a0 Betr\u00e4ge in CHF L I B A N O N ENTWICKLUNGSHILFE F\u00dcR SYRISCHE FL\u00dcCHTLINGE &amp; EINHEIMISCHE P R I O R I T \u00c4 R E S\u00a0 \u00a0P R O J E K T 1) [&hellip;]<\/p>\n","protected":false},"author":1,"featured_media":0,"parent":3939,"menu_order":0,"comment_status":"closed","ping_status":"closed","template":"","meta":{"_et_pb_use_builder":"on","_et_pb_old_content":"","_et_gb_content_width":"","footnotes":""},"categories":[43],"tags":[],"class_list":["post-3935","page","type-page","status-publish","hentry","category-internalp-categ-de"],"_links":{"self":[{"href":"https:\/\/ushagram-suisse.org\/de\/wp-json\/wp\/v2\/pages\/3935","targetHints":{"allow":["GET"]}}],"collection":[{"href":"https:\/\/ushagram-suisse.org\/de\/wp-json\/wp\/v2\/pages"}],"about":[{"href":"https:\/\/ushagram-suisse.org\/de\/wp-json\/wp\/v2\/types\/page"}],"author":[{"embeddable":true,"href":"https:\/\/ushagram-suisse.org\/de\/wp-json\/wp\/v2\/users\/1"}],"replies":[{"embeddable":true,"href":"https:\/\/ushagram-suisse.org\/de\/wp-json\/wp\/v2\/comments?post=3935"}],"version-history":[{"count":12,"href":"https:\/\/ushagram-suisse.org\/de\/wp-json\/wp\/v2\/pages\/3935\/revisions"}],"predecessor-version":[{"id":4541,"href":"https:\/\/ushagram-suisse.org\/de\/wp-json\/wp\/v2\/pages\/3935\/revisions\/4541"}],"up":[{"embeddable":true,"href":"https:\/\/ushagram-suisse.org\/de\/wp-json\/wp\/v2\/pages\/3939"}],"wp:attachment":[{"href":"https:\/\/ushagram-suisse.org\/de\/wp-json\/wp\/v2\/media?parent=3935"}],"wp:term":[{"taxonomy":"category","embeddable":true,"href":"https:\/\/ushagram-suisse.org\/de\/wp-json\/wp\/v2\/categories?post=3935"},{"taxonomy":"post_tag","embeddable":true,"href":"https:\/\/ushagram-suisse.org\/de\/wp-json\/wp\/v2\/tags?post=3935"}],"curies":[{"name":"wp","href":"https:\/\/api.w.org\/{rel}","templated":true}]}}