               {"id":3913,"date":"2021-03-02T17:02:01","date_gmt":"2021-03-02T16:02:01","guid":{"rendered":"https:\/\/ushagram-suisse.org\/?page_id=3913"},"modified":"2023-07-23T20:28:09","modified_gmt":"2023-07-23T18:28:09","slug":"infos-de","status":"publish","type":"page","link":"https:\/\/ushagram-suisse.org\/de\/infos-de\/","title":{"rendered":"Infos &#8211; DE"},"content":{"rendered":"<p>[et_pb_section fb_built=&#8220;1&#8243; fullwidth=&#8220;on&#8220; _builder_version=&#8220;4.16&#8243; background_color=&#8220;#2ea3f2&#8243; use_background_color_gradient=&#8220;on&#8220; background_color_gradient_direction=&#8220;330deg&#8220; background_color_gradient_stops=&#8220;#800000 0%|#2e6df4 100%&#8220; background_color_gradient_start=&#8220;#800000&#8243; background_color_gradient_end=&#8220;#2e6df4&#8243; locked=&#8220;off&#8220; global_colors_info=&#8220;{}&#8220;][et_pb_fullwidth_header title=&#8220;Infos&#8220; subhead=&#8220;Soziale Netzwerke und Newsletter&#8220; _builder_version=&#8220;4.16&#8243; background_color=&#8220;rgba(255, 255, 255, 0)&#8220; global_colors_info=&#8220;{}&#8220; button_one_text_size__hover_enabled=&#8220;off&#8220; button_two_text_size__hover_enabled=&#8220;off&#8220; button_one_text_color__hover_enabled=&#8220;off&#8220; button_two_text_color__hover_enabled=&#8220;off&#8220; button_one_border_width__hover_enabled=&#8220;off&#8220; button_two_border_width__hover_enabled=&#8220;off&#8220; button_one_border_color__hover_enabled=&#8220;off&#8220; button_two_border_color__hover_enabled=&#8220;off&#8220; button_one_border_radius__hover_enabled=&#8220;off&#8220; button_two_border_radius__hover_enabled=&#8220;off&#8220; button_one_letter_spacing__hover_enabled=&#8220;off&#8220; button_two_letter_spacing__hover_enabled=&#8220;off&#8220; button_one_bg_color__hover_enabled=&#8220;off&#8220; button_two_bg_color__hover_enabled=&#8220;off&#8220;][\/et_pb_fullwidth_header][\/et_pb_section][et_pb_section fb_built=&#8220;1&#8243; _builder_version=&#8220;4.16&#8243; _module_preset=&#8220;default&#8220; background_color=&#8220;#f0e8db&#8220; custom_margin=&#8220;0px||||false|false&#8220; custom_padding=&#8220;10px||||false|false&#8220; locked=&#8220;off&#8220; global_colors_info=&#8220;{}&#8220;][et_pb_row _builder_version=&#8220;4.16&#8243; _module_preset=&#8220;default&#8220; global_colors_info=&#8220;{}&#8220;][et_pb_column type=&#8220;4_4&#8243; _builder_version=&#8220;4.16&#8243; _module_preset=&#8220;default&#8220; global_colors_info=&#8220;{}&#8220;][et_pb_text module_class=&#8220;hyperlink-color&#8220; _builder_version=&#8220;4.21.0&#8243; _module_preset=&#8220;default&#8220; link_font=&#8220;||||||||&#8220; link_text_color=&#8220;#6B6B6B&#8220; background_enable_color=&#8220;off&#8220; custom_margin=&#8220;||0px||false|false&#8220; custom_padding=&#8220;10px||||false|false&#8220; border_radii=&#8220;on|10px|10px|10px|10px&#8220; box_shadow_style=&#8220;preset2&#8243; locked=&#8220;off&#8220; global_colors_info=&#8220;{}&#8220;]<\/p>\n<h6 style=\"text-align: center;\">\u00dcberblick: <span style=\"color: #ff6600;\"> \u00a0\u00a0\u00a0\u00a0\u00a0\u00a0\u00a0\u00a0 <a href=\"https:\/\/ushagram-suisse.org\/de\/ueber-uns\/\">\u00dcber uns<\/a> &gt;<\/span><span style=\"color: #ff6600;\"><\/span>\u00a0<span style=\"color: #ff6600;\">\u00a0\u00a0\u00a0\u00a0\u00a0\u00a0\u00a0\u00a0\u00a0 <a href=\"https:\/\/ushagram-suisse.org\/de\/unsere-aktion\/\">Realisationen<\/a> &gt;\u00a0\u00a0\u00a0\u00a0\u00a0\u00a0\u00a0 <a href=\"https:\/\/ushagram-suisse.org\/de\/unsere-aktion\/wirkung\/\">Wirkung<\/a> &gt;\u00a0\u00a0\u00a0 \u00a0 \u00a0 <a href=\"https:\/\/ushagram-suisse.org\/de\/projekte\/\">Projekte<\/a> &gt;\u00a0\u00a0 \u00a0 \u00a0\u00a0 <a href=\"https:\/\/ushagram-suisse.org\/de\/team-kontakt\/\">Teams<\/a> &gt;<\/span><span style=\"color: #ff6600;\">\u00a0 \u00a0 \u00a0\u00a0\u00a0 <a href=\"https:\/\/ushagram-suisse.org\/de\/dokumente\/\">Dokumente<\/a> &gt;<\/span><span style=\"color: #ff6600;\">\u00a0\u00a0 \u00a0 \u00a0\u00a0 Infos &gt;<\/span><\/h6>\n<p>[\/et_pb_text][\/et_pb_column][\/et_pb_row][et_pb_row column_structure=&#8220;1_2,1_2&#8243; _builder_version=&#8220;4.16&#8243; _module_preset=&#8220;default&#8220; global_colors_info=&#8220;{}&#8220;][et_pb_column type=&#8220;1_2&#8243; _builder_version=&#8220;4.16&#8243; _module_preset=&#8220;default&#8220; global_colors_info=&#8220;{}&#8220;][et_pb_code _builder_version=&#8220;4.21.0&#8243; _module_preset=&#8220;default&#8220; global_colors_info=&#8220;{}&#8220;]        <style type=\"text\/css\">\n                .fts-facebook-add-more-posts-notice {\n            display: none !important;\n        }\n        \n        <\/style><div class=\"fts-jal-fb-header\"><h1 ><a href=\"https:\/\/www.facebook.com\/594453030590021\/\" target=\"_blank\" rel=\"noreferrer\"><\/a><\/h1><\/div><div class=\"fts-jal-fb-group-display fts-simple-fb-wrapper feed_dynamic_classuckprpivyg_page\"><\/div><div class=\"fts-clear\"><\/div><div id=\"fb-root\"><\/div>[\/et_pb_code][\/et_pb_column][et_pb_column type=&#8220;1_2&#8243; _builder_version=&#8220;4.16&#8243; _module_preset=&#8220;default&#8220; global_colors_info=&#8220;{}&#8220;][et_pb_text module_id=&#8220;news&#8220; _builder_version=&#8220;4.21.0&#8243; _module_preset=&#8220;default&#8220; locked=&#8220;off&#8220; global_colors_info=&#8220;{}&#8220;]<\/p>\n<h1><span style=\"color: #000080;\">Letzte Nachrichten aus <\/span><span style=\"color: #e02b20;\"><span style=\"color: #000080;\">Facebook<\/span><br \/><\/span><\/h1>\n<h5><\/h5>\n<h4>Wenn Sie nicht im sozialen Netzwerk angemeldet sind, k\u00f6nnen Sie sich auf diese Weise dar\u00fcber informieren, was wir in letzter Zeit ver\u00f6ffentlicht haben.<\/h4>\n<p>&nbsp;<\/p>\n<h1><span style=\"color: #000080;\">Sie k\u00f6nnen auch unseren Newsletter abonnieren<\/span><\/h1>\n<p>[\/et_pb_text][et_pb_signup mailchimp_list=&#8220;Ushagram|0fd640e3d0&#8243; success_message=&#8220;Danke f\u00fcr Ihr Abonnement&#8220; title=&#8220;Newsletter abonnieren&#8220; button_text=&#8220;senden&#8220; description=&#8220;<\/p>\n<p>wird je nach unseren Aktivit\u00e4ten ein- bis dreimal pro Jahr verschickt<\/p>\n<p>&#8220; use_spam_service=&#8220;on&#8220; recaptcha_list=&#8220;UGS newsl-0&#8243; _builder_version=&#8220;4.21.0&#8243; _module_preset=&#8220;default&#8220; background_color=&#8220;#175a9e&#8220; custom_button=&#8220;on&#8220; button_text_color=&#8220;#FFFFFF&#8220; button_border_color=&#8220;#FFFFFF&#8220; locked=&#8220;off&#8220; global_colors_info=&#8220;{}&#8220;][\/et_pb_signup][\/et_pb_column][\/et_pb_row][\/et_pb_section][et_pb_section fb_built=&#8220;1&#8243; _builder_version=&#8220;4.21.0&#8243; _module_preset=&#8220;default&#8220; background_color=&#8220;#5b5b5b&#8220; locked=&#8220;off&#8220; global_colors_info=&#8220;{}&#8220;][et_pb_row column_structure=&#8220;1_4,1_4,1_4,1_4&#8243; _builder_version=&#8220;4.16&#8243; _module_preset=&#8220;default&#8220; locked=&#8220;off&#8220; global_colors_info=&#8220;{}&#8220;][et_pb_column type=&#8220;1_4&#8243; _builder_version=&#8220;4.16&#8243; _module_preset=&#8220;default&#8220; global_colors_info=&#8220;{}&#8220;][et_pb_image src=&#8220;http:\/\/ushagram-suisse.org\/wp-content\/uploads\/2021\/03\/UG-logo_transp.png&#8220; title_text=&#8220;UG-logo_transp&#8220; url=&#8220;https:\/\/ushagram-suisse.org\/de\/&#8220; _builder_version=&#8220;4.21.0&#8243; _module_preset=&#8220;default&#8220; custom_margin=&#8220;0px||0px||false|false&#8220; custom_padding=&#8220;0px||0px||false|false&#8220; global_colors_info=&#8220;{}&#8220;][\/et_pb_image][\/et_pb_column][et_pb_column type=&#8220;1_4&#8243; _builder_version=&#8220;4.16&#8243; _module_preset=&#8220;default&#8220; global_colors_info=&#8220;{}&#8220;][et_pb_text _builder_version=&#8220;4.21.0&#8243; _module_preset=&#8220;default&#8220; global_colors_info=&#8220;{}&#8220;]<\/p>\n<h4><span style=\"color: #e09900;\">\u00dcBER UNS<\/span><\/h4>\n<p><span style=\"color: #ffffff;\"><a href=\"https:\/\/ushagram-suisse.org\/de\/ueber-uns\/\" style=\"color: #ffffff;\">Wer wir sind<\/a><\/span><br \/>\n<span style=\"color: #ffffff;\"><a href=\"https:\/\/ushagram-suisse.org\/de\/team-kontakt\/\" style=\"color: #ffffff;\">Teams und Kontakte<\/a><\/span><br \/>\n<a href=\"https:\/\/ushagram-suisse.org\/de\/infos-de\/\"><span style=\"color: #ffffff;\">Infos<\/span><\/a><br \/>\n<span style=\"color: #ffffff;\"><a href=\"https:\/\/ushagram-suisse.org\/de\/dokumente\/\" style=\"color: #ffffff;\">Dokumente<\/a><\/span>[\/et_pb_text][\/et_pb_column][et_pb_column type=&#8220;1_4&#8243; _builder_version=&#8220;4.16&#8243; _module_preset=&#8220;default&#8220; global_colors_info=&#8220;{}&#8220;][et_pb_text _builder_version=&#8220;4.21.0&#8243; _module_preset=&#8220;default&#8220; global_colors_info=&#8220;{}&#8220;]<\/p>\n<h4><span style=\"color: #e09900;\">AKTION<\/span><\/h4>\n<p><span style=\"color: #ffffff;\"><a href=\"https:\/\/ushagram-suisse.org\/de\/unsere-aktion\/\" style=\"color: #ffffff;\">Realisationen<\/a><br \/>\n<a href=\"https:\/\/ushagram-suisse.org\/de\/unsere-aktion\/wirkung\/\" style=\"color: #ffffff;\">Wirkung<\/a><a href=\"https:\/\/ushagram-suisse.org\/en\/our-action\/impact-en\/\" style=\"color: #ffffff;\"><\/a><br \/>\n<a href=\"https:\/\/ushagram-suisse.org\/de\/projekte\/institutionen\/\" style=\"color: #ffffff;\">Institutionnelle Projekte<\/a><\/span><br \/>\n<span style=\"color: #ffffff;\"> <a href=\"https:\/\/ushagram-suisse.org\/de\/projekte\/private\/\" style=\"color: #ffffff;\">Privat Initiativen<\/a><\/span>[\/et_pb_text][\/et_pb_column][et_pb_column type=&#8220;1_4&#8243; _builder_version=&#8220;4.16&#8243; _module_preset=&#8220;default&#8220; global_colors_info=&#8220;{}&#8220;][et_pb_text _builder_version=&#8220;4.21.0&#8243; _module_preset=&#8220;default&#8220; custom_padding=&#8220;||0px|||&#8220; global_colors_info=&#8220;{}&#8220;]<\/p>\n<h4><span style=\"color: #e09900;\">UNTERST\u00dcTZUNGEN<\/span><\/h4>\n<p><span style=\"color: #ffffff;\"><a href=\"https:\/\/ushagram-suisse.org\/de\/unterstuetzung\/\" style=\"color: #ffffff;\">Mitglied werden<\/a><\/span><br \/><span style=\"color: #ffffff;\"><a href=\"https:\/\/ushagram-suisse.org\/de\/unterstuetzung\/\" style=\"color: #ffffff;\">Einmalige Spende<\/a><\/span><br \/><span style=\"color: #ffffff;\"><a href=\"https:\/\/ushagram-suisse.org\/de\/unterstuetzung\/\" style=\"color: #ffffff;\">Ein Projekt mitfinanzieren<\/a><\/span><br \/><span style=\"color: #ffffff;\"><a href=\"https:\/\/ushagram-suisse.org\/de\/projekte\/private\/freiwillig\/\" style=\"color: #ffffff;\">Freiwilligenarbeit in Indien<\/a><\/span><\/p>\n<p>[\/et_pb_text][\/et_pb_column][\/et_pb_row][\/et_pb_section]<\/p>\n","protected":false},"excerpt":{"rendered":"<p>\u00dcberblick: \u00a0\u00a0\u00a0\u00a0\u00a0\u00a0\u00a0\u00a0 \u00dcber uns &gt;\u00a0\u00a0\u00a0\u00a0\u00a0\u00a0\u00a0\u00a0\u00a0\u00a0 Realisationen &gt;\u00a0\u00a0\u00a0\u00a0\u00a0\u00a0\u00a0 Wirkung &gt;\u00a0\u00a0\u00a0 \u00a0 \u00a0 Projekte &gt;\u00a0\u00a0 \u00a0 \u00a0\u00a0 Teams &gt;\u00a0 \u00a0 \u00a0\u00a0\u00a0 Dokumente &gt;\u00a0\u00a0 \u00a0 \u00a0\u00a0 Infos &gt;        <style type=\"text\/css\">\n                .fts-facebook-add-more-posts-notice {\n            display: none !important;\n        }\n        \n        <\/style><div class=\"fts-jal-fb-header\"><h1 ><a href=\"https:\/\/www.facebook.com\/594453030590021\/\" target=\"_blank\" rel=\"noreferrer\"><\/a><\/h1><\/div><div class=\"fts-jal-fb-group-display fts-simple-fb-wrapper feed_dynamic_classtzvqtfxlcm_page\"><\/div><div class=\"fts-clear\"><\/div><div id=\"fb-root\"><\/div>Letzte Nachrichten aus Facebook Wenn Sie nicht im sozialen Netzwerk angemeldet sind, k\u00f6nnen Sie sich auf diese Weise dar\u00fcber informieren, was wir in letzter Zeit ver\u00f6ffentlicht haben. &nbsp; Sie k\u00f6nnen [&hellip;]<\/p>\n","protected":false},"author":1,"featured_media":0,"parent":0,"menu_order":0,"comment_status":"closed","ping_status":"closed","template":"","meta":{"_et_pb_use_builder":"on","_et_pb_old_content":"","_et_gb_content_width":"","footnotes":""},"categories":[18],"tags":[],"class_list":["post-3913","page","type-page","status-publish","hentry","category-internalp-categ-fr"],"_links":{"self":[{"href":"https:\/\/ushagram-suisse.org\/de\/wp-json\/wp\/v2\/pages\/3913","targetHints":{"allow":["GET"]}}],"collection":[{"href":"https:\/\/ushagram-suisse.org\/de\/wp-json\/wp\/v2\/pages"}],"about":[{"href":"https:\/\/ushagram-suisse.org\/de\/wp-json\/wp\/v2\/types\/page"}],"author":[{"embeddable":true,"href":"https:\/\/ushagram-suisse.org\/de\/wp-json\/wp\/v2\/users\/1"}],"replies":[{"embeddable":true,"href":"https:\/\/ushagram-suisse.org\/de\/wp-json\/wp\/v2\/comments?post=3913"}],"version-history":[{"count":7,"href":"https:\/\/ushagram-suisse.org\/de\/wp-json\/wp\/v2\/pages\/3913\/revisions"}],"predecessor-version":[{"id":4128,"href":"https:\/\/ushagram-suisse.org\/de\/wp-json\/wp\/v2\/pages\/3913\/revisions\/4128"}],"wp:attachment":[{"href":"https:\/\/ushagram-suisse.org\/de\/wp-json\/wp\/v2\/media?parent=3913"}],"wp:term":[{"taxonomy":"category","embeddable":true,"href":"https:\/\/ushagram-suisse.org\/de\/wp-json\/wp\/v2\/categories?post=3913"},{"taxonomy":"post_tag","embeddable":true,"href":"https:\/\/ushagram-suisse.org\/de\/wp-json\/wp\/v2\/tags?post=3913"}],"curies":[{"name":"wp","href":"https:\/\/api.w.org\/{rel}","templated":true}]}}