               {"id":3883,"date":"2020-12-26T17:03:02","date_gmt":"2020-12-26T16:03:02","guid":{"rendered":"https:\/\/ushagram-suisse.org\/?page_id=3883"},"modified":"2025-11-05T19:34:10","modified_gmt":"2025-11-05T18:34:10","slug":"unterstuetzung","status":"publish","type":"page","link":"https:\/\/ushagram-suisse.org\/de\/unterstuetzung\/","title":{"rendered":"Unterst\u00fctzung &#8211; DE"},"content":{"rendered":"<p>[et_pb_section fb_built=&#8220;1&#8243; fullwidth=&#8220;on&#8220; _builder_version=&#8220;4.19.2&#8243; background_color=&#8220;#800000&#8243; use_background_color_gradient=&#8220;on&#8220; background_color_gradient_direction=&#8220;330deg&#8220; background_color_gradient_stops=&#8220;#800000 0%|#E02B20 100%&#8220; background_color_gradient_start=&#8220;#800000&#8243; background_color_gradient_end=&#8220;#E02B20&#8243; global_colors_info=&#8220;{}&#8220;][et_pb_fullwidth_header title=&#8220;Unterst\u00fctzen Sie unsere Aktion!&#8220; subhead=&#8220;Mitgliedsbeitr\u00e4ge, Spenden, Freiwilligenarbeit&#8220; _builder_version=&#8220;4.16&#8243; title_font=&#8220;||||||||&#8220; background_color=&#8220;rgba(255, 255, 255, 0)&#8220; global_colors_info=&#8220;{}&#8220; button_one_text_size__hover_enabled=&#8220;off&#8220; button_two_text_size__hover_enabled=&#8220;off&#8220; button_one_text_color__hover_enabled=&#8220;off&#8220; button_two_text_color__hover_enabled=&#8220;off&#8220; button_one_border_width__hover_enabled=&#8220;off&#8220; button_two_border_width__hover_enabled=&#8220;off&#8220; button_one_border_color__hover_enabled=&#8220;off&#8220; button_two_border_color__hover_enabled=&#8220;off&#8220; button_one_border_radius__hover_enabled=&#8220;off&#8220; button_two_border_radius__hover_enabled=&#8220;off&#8220; button_one_letter_spacing__hover_enabled=&#8220;off&#8220; button_two_letter_spacing__hover_enabled=&#8220;off&#8220; button_one_bg_color__hover_enabled=&#8220;off&#8220; button_two_bg_color__hover_enabled=&#8220;off&#8220;][\/et_pb_fullwidth_header][\/et_pb_section][et_pb_section fb_built=&#8220;1&#8243; _builder_version=&#8220;4.16&#8243; background_color=&#8220;#f0e8db&#8220; custom_padding=&#8220;11px||14px|||&#8220; global_colors_info=&#8220;{}&#8220;][et_pb_row _builder_version=&#8220;4.16&#8243; _module_preset=&#8220;default&#8220; custom_margin=&#8220;-42px|auto||auto||&#8220; custom_padding=&#8220;53px|||||&#8220; global_colors_info=&#8220;{}&#8220;][et_pb_column type=&#8220;4_4&#8243; _builder_version=&#8220;4.16&#8243; _module_preset=&#8220;default&#8220; global_colors_info=&#8220;{}&#8220;][et_pb_image src=&#8220;http:\/\/ushagram-suisse.org\/wp-content\/uploads\/2021\/02\/SOUTIEN-2B-corr3.jpg&#8220; title_text=&#8220;SOUTIEN-2B-corr3&#8243; _builder_version=&#8220;4.16&#8243; _module_preset=&#8220;default&#8220; custom_margin=&#8220;3px|||||&#8220; custom_padding=&#8220;3px|||||&#8220; global_colors_info=&#8220;{}&#8220;][\/et_pb_image][\/et_pb_column][\/et_pb_row][et_pb_row column_structure=&#8220;1_2,1_2&#8243; _builder_version=&#8220;4.16&#8243; background_size=&#8220;initial&#8220; background_position=&#8220;top_left&#8220; background_repeat=&#8220;repeat&#8220; global_colors_info=&#8220;{}&#8220;][et_pb_column type=&#8220;1_2&#8243; _builder_version=&#8220;4.16&#8243; custom_padding=&#8220;|||&#8220; global_colors_info=&#8220;{}&#8220; custom_padding__hover=&#8220;|||&#8220;][et_pb_text _builder_version=&#8220;4.19.2&#8243; background_size=&#8220;initial&#8220; background_position=&#8220;top_left&#8220; background_repeat=&#8220;repeat&#8220; width=&#8220;87.99807969275085%&#8220; min_height=&#8220;208px&#8220; custom_margin=&#8220;|75px||||&#8220; global_colors_info=&#8220;{}&#8220;]<\/p>\n<h3>Sie k\u00f6nnen unsere Arbeit auf verschiedene Weise unterst\u00fctzen<\/h3>\n<ul>\n<li>indem Sie F\u00f6rdermitglied werden (Einzelbeitrag 20 CHF \/ Paare od. Familienbeitrag 30 CHF);<\/li>\n<li>indem Sie ein bestimmtes Projekt oder unsere Arbeit im Allgemeinen durch eine Spende unterst\u00fctzen &#8211; <em>diese kann von der Steuer abgesetzt werden<\/em>;<\/li>\n<li>indem Sie dem Verein Ihre Dienste anbieten;<\/li>\n<li>indem Sie sich dem Entwicklungsstandort Kechala in Indien anschlie\u00dfen (Freiwilligendienst).<\/li>\n<\/ul>\n<p>[\/et_pb_text][\/et_pb_column][et_pb_column type=&#8220;1_2&#8243; _builder_version=&#8220;4.16&#8243; custom_padding=&#8220;|||&#8220; global_colors_info=&#8220;{}&#8220; custom_padding__hover=&#8220;|||&#8220;][et_pb_text _builder_version=&#8220;4.19.2&#8243; _module_preset=&#8220;default&#8220; background_color=&#8220;rgba(224,153,0,0.2)&#8220; custom_padding=&#8220;20px|20px|20px|20px|false|false&#8220; animation_style=&#8220;bounce&#8220; border_radii=&#8220;on|10px|10px|10px|10px&#8220; box_shadow_style=&#8220;preset2&#8243; global_colors_info=&#8220;{}&#8220;]<\/p>\n<h3><strong>DER MITGLIEDSBEITRAG<\/strong><\/h3>\n<p>ist die erste wesentliche Stufe der Unterst\u00fctzung, die wir brauchen, um unser Dienst zu \u00fcben. Er erm\u00f6glicht es uns, zu existieren, die Gemeinn\u00fctzigkeit oder Steuerbefreiung zu beantragen, Spenden zu sammeln und diese an die Einsatzorte zu schicken. Mit einer F\u00f6rdermitgliedschaft und einem Mitgliedsbeitrag (20 CHF &#8211; ca. 19 EUR) tragen Sie auf Ihre Weise zu unserer Arbeit f\u00fcr Menschen in Not bei.<\/p>\n<h4><em><u>Werden Sie ein F\u00f6rdermitglied!<\/u><\/em><\/h4>\n<p>\u00dcberblick \u00fcber unsere Arbeit in den letzten 25 Jahren: <a href=\"https:\/\/ushagram-suisse.org\/notre-action\/\">Link zur Seite<\/a>\u00a0\/ <a href=\"https:\/\/ushagram-suisse.org\/wp-content\/uploads\/2021\/01\/NOTRE-ACTION-UG-99-20.pdf\" target=\"_blank\" rel=\"noopener noreferrer\">pdf<\/a><\/p>\n<p>[\/et_pb_text][\/et_pb_column][\/et_pb_row][et_pb_row column_structure=&#8220;3_5,1_5,1_5&#8243; _builder_version=&#8220;4.27.0&#8243; _module_preset=&#8220;default&#8220; locked=&#8220;off&#8220; global_colors_info=&#8220;{}&#8220;][et_pb_column type=&#8220;3_5&#8243; _builder_version=&#8220;4.27.0&#8243; _module_preset=&#8220;default&#8220; global_colors_info=&#8220;{}&#8220;][et_pb_text _builder_version=&#8220;4.27.0&#8243; _module_preset=&#8220;default&#8220; global_colors_info=&#8220;{}&#8220;]<\/p>\n<h3><strong>1. Zahlung mit TWINT<\/strong> &#8211; <em>CH<\/em><\/h3>\n<p>Bezahlen Sie einfach und sicher mit Ihrem Smartphone \u00fcber den <span>Bezahl-App der Schweiz<\/span>, indem Sie den QR-Code (rechts auf dem Computer oder weiter auf dem Smartphone) mit Ihrer App scannen.<\/p>\n<p>Mitgliedsbeitrag f\u00fcr Einzelpersonen: 20 Fr.<br \/>Familienbeitrag: 30 Fr.<br \/>Spenden: frei<\/p>\n<p><em>Hinweis:<\/em><br \/><em>bis heute ist es aufgrund von \u00c4nderungen bei unserem Anbieter \u201eRaiseNow\u201c nicht m\u00f6glich, wiederkehrende Beitr\u00e4ge per TWINT zu leisten.<\/em><\/p>\n<p><em>Aus denselben Gr\u00fcnden sind auch Zahlungen per Kreditkarte nicht mehr m\u00f6glich. Wir pr\u00fcfen eine alternative L\u00f6sung, um dies zu erm\u00f6glichen, und werden sie so bald wie m\u00f6glich online stellen.<\/em><\/p>\n<p>E-Mails: info ( at ) ushagram-suisse ( . ) org.<\/p>\n<p>[\/et_pb_text][\/et_pb_column][et_pb_column type=&#8220;1_5&#8243; _builder_version=&#8220;4.27.0&#8243; _module_preset=&#8220;default&#8220; global_colors_info=&#8220;{}&#8220;][et_pb_image src=&#8220;https:\/\/ushagram-suisse.org\/wp-content\/uploads\/2024\/11\/QR-UG-25-1st-raisehub.png&#8220; title_text=&#8220;QR-UG-25-1st-raisehub&#8220; _builder_version=&#8220;4.27.0&#8243; _module_preset=&#8220;default&#8220; global_colors_info=&#8220;{}&#8220;][\/et_pb_image][\/et_pb_column][et_pb_column type=&#8220;1_5&#8243; _builder_version=&#8220;4.27.0&#8243; _module_preset=&#8220;default&#8220; global_colors_info=&#8220;{}&#8220;][et_pb_text _builder_version=&#8220;4.27.0&#8243; _module_preset=&#8220;default&#8220; global_colors_info=&#8220;{}&#8220;]<\/p>\n<p><strong>TWINT QR CODE<\/strong><\/p>\n<p><em>Falls der QR-Code nicht funktioniert, klicken Sie bitte auf den folgenden Link:<\/em><\/p>\n<p><a href=\"https:\/\/donate.raisenow.io\/ypgfc?lng=de\" target=\"_blank\" rel=\"noopener\">https:\/\/donate.raisenow.io\/ypgfc?lng=de<\/a><\/p>\n<p>[\/et_pb_text][\/et_pb_column][\/et_pb_row][et_pb_row column_structure=&#8220;1_2,1_2&#8243; _builder_version=&#8220;4.27.0&#8243; _module_preset=&#8220;default&#8220; locked=&#8220;off&#8220; global_colors_info=&#8220;{}&#8220;][et_pb_column type=&#8220;1_2&#8243; _builder_version=&#8220;4.27.0&#8243; _module_preset=&#8220;default&#8220; global_colors_info=&#8220;{}&#8220;][et_pb_text _builder_version=&#8220;4.21.0&#8243; _module_preset=&#8220;default&#8220; locked=&#8220;off&#8220; global_colors_info=&#8220;{}&#8220;]<\/p>\n<h3><strong>2. <a href=\"https:\/\/ushagram-suisse.org\/wp-content\/uploads\/2022\/11\/BVR-UG-CS-GAL_2022.jpg\" target=\"_blank\" rel=\"noopener\">EZS herunterladen<\/a><\/strong><\/h3>\n<p>[\/et_pb_text][et_pb_text module_id=&#8220;toggle2&#8243; _builder_version=&#8220;4.21.0&#8243; _module_preset=&#8220;default&#8220; min_height=&#8220;165.9px&#8220; custom_padding=&#8220;||4px|||&#8220; global_colors_info=&#8220;{}&#8220;]<\/p>\n<h3><strong>3. Bank\u00fcberweisung<\/strong><\/h3>\n<p>Bank CREDIT SUISSE (Suisse) SA<br \/>Kontoinhaber: Ushagram Suisse, Carouge GE<br \/>IBAN CH54 0483 5145 4781 3100 0<br \/>BIC \/ SWIFT : CRESCHZZ80A, Clearing 4835<br \/>Anschrift: Ushagram Suisse, CP 138, 1211 Gen\u00e8ve 12<span style=\"float: right;\"><a href=\"#toggle-coti\">Top<\/a><\/span><\/p>\n<p>[\/et_pb_text][\/et_pb_column][et_pb_column type=&#8220;1_2&#8243; _builder_version=&#8220;4.27.0&#8243; _module_preset=&#8220;default&#8220; global_colors_info=&#8220;{}&#8220;][et_pb_text _builder_version=&#8220;4.19.2&#8243; _module_preset=&#8220;default&#8220; background_color=&#8220;rgba(224,153,0,0.2)&#8220; custom_padding=&#8220;20px|20px|20px|20px|false|false&#8220; border_radii=&#8220;on|20px|20px|20px|20px&#8220; box_shadow_style=&#8220;preset2&#8243; global_colors_info=&#8220;{}&#8220;]<\/p>\n<h3><strong>Arbeiten Sie mit uns zusammen in der CH!<\/strong><\/h3>\n<p>Projekte zu suchen, sie aufzubauen, vorzustellen, zu verfolgen, Unterlagen f\u00fcr die Mittelbeschaffung zusammenzustellen, Spender zu suchen und Rechenschaft abzulegen, kostet uns Energie und Zeit. Haben Sie Lust, Ihre F\u00e4higkeiten anzubieten? Dar\u00fcber hinaus ist es ein weiterer Aspekt unserer Arbeit, die Arbeit der Organisation bekannt zu machen und sie am Leben zu erhalten. Wir brauchen Ihre Hilfe.<\/p>\n<p>[\/et_pb_text][et_pb_text _builder_version=&#8220;4.21.0&#8243; _module_preset=&#8220;default&#8220; background_color=&#8220;rgba(224,153,0,0.2)&#8220; custom_padding=&#8220;20px|20px|20px|20px|false|false&#8220; border_radii=&#8220;on|20px|20px|20px|20px&#8220; box_shadow_style=&#8220;preset2&#8243; global_colors_info=&#8220;{}&#8220;]<\/p>\n<h3><strong>Freiwilligenarbeit in Indien<\/strong><\/h3>\n<p>Sie k\u00f6nnen Ihre F\u00e4higkeiten auch am Entwicklungsstandort Kechala in Indien einbringen und dort unterrichten oder sogar einfach Ihr Wissen oder Ihre Erfahrungen mit den Kindern teilen. Die Erfahrung ist bereichernd und die Kinder sind r\u00fchrend und aufgeweckt.<br \/>\n<a href=\"https:\/\/ushagram-suisse.org\/de\/projekte\/private\/freiwillig\/\">Siehe entsprechende Seite<\/a>.[\/et_pb_text][\/et_pb_column][\/et_pb_row][\/et_pb_section][et_pb_section fb_built=&#8220;1&#8243; _builder_version=&#8220;4.21.0&#8243; _module_preset=&#8220;default&#8220; background_color=&#8220;#5b5b5b&#8220; locked=&#8220;off&#8220; global_colors_info=&#8220;{}&#8220;][et_pb_row column_structure=&#8220;1_4,1_4,1_4,1_4&#8243; _builder_version=&#8220;4.16&#8243; _module_preset=&#8220;default&#8220; locked=&#8220;off&#8220; global_colors_info=&#8220;{}&#8220;][et_pb_column type=&#8220;1_4&#8243; _builder_version=&#8220;4.16&#8243; _module_preset=&#8220;default&#8220; global_colors_info=&#8220;{}&#8220;][et_pb_image src=&#8220;http:\/\/ushagram-suisse.org\/wp-content\/uploads\/2021\/03\/UG-logo_transp.png&#8220; title_text=&#8220;UG-logo_transp&#8220; url=&#8220;https:\/\/ushagram-suisse.org\/de\/&#8220; _builder_version=&#8220;4.21.0&#8243; _module_preset=&#8220;default&#8220; custom_margin=&#8220;0px||0px||false|false&#8220; custom_padding=&#8220;0px||0px||false|false&#8220; global_colors_info=&#8220;{}&#8220;][\/et_pb_image][\/et_pb_column][et_pb_column type=&#8220;1_4&#8243; _builder_version=&#8220;4.16&#8243; _module_preset=&#8220;default&#8220; global_colors_info=&#8220;{}&#8220;][et_pb_text _builder_version=&#8220;4.21.0&#8243; _module_preset=&#8220;default&#8220; global_colors_info=&#8220;{}&#8220;]<\/p>\n<h4><span style=\"color: #e09900;\">\u00dcBER UNS<\/span><\/h4>\n<p><span style=\"color: #ffffff;\"><a href=\"https:\/\/ushagram-suisse.org\/de\/ueber-uns\/\" style=\"color: #ffffff;\">Wer wir sind<\/a><\/span><br \/>\n<span style=\"color: #ffffff;\"><a href=\"https:\/\/ushagram-suisse.org\/de\/team-kontakt\/\" style=\"color: #ffffff;\">Teams und Kontakte<\/a><\/span><br \/>\n<a href=\"https:\/\/ushagram-suisse.org\/de\/infos-de\/\"><span style=\"color: #ffffff;\">Infos<\/span><\/a><br \/>\n<span style=\"color: #ffffff;\"><a href=\"https:\/\/ushagram-suisse.org\/de\/dokumente\/\" style=\"color: #ffffff;\">Dokumente<\/a><\/span>[\/et_pb_text][\/et_pb_column][et_pb_column type=&#8220;1_4&#8243; _builder_version=&#8220;4.16&#8243; _module_preset=&#8220;default&#8220; global_colors_info=&#8220;{}&#8220;][et_pb_text _builder_version=&#8220;4.21.0&#8243; _module_preset=&#8220;default&#8220; global_colors_info=&#8220;{}&#8220;]<\/p>\n<h4><span style=\"color: #e09900;\">AKTION<\/span><\/h4>\n<p><span style=\"color: #ffffff;\"><a href=\"https:\/\/ushagram-suisse.org\/de\/unsere-aktion\/\" style=\"color: #ffffff;\">Realisationen<\/a><br \/>\n<a href=\"https:\/\/ushagram-suisse.org\/de\/unsere-aktion\/wirkung\/\" style=\"color: #ffffff;\">Wirkung<\/a><a href=\"https:\/\/ushagram-suisse.org\/en\/our-action\/impact-en\/\" style=\"color: #ffffff;\"><\/a><br \/>\n<a href=\"https:\/\/ushagram-suisse.org\/de\/projekte\/institutionen\/\" style=\"color: #ffffff;\">Institutionnelle Projekte<\/a><\/span><br \/>\n<span style=\"color: #ffffff;\"> <a href=\"https:\/\/ushagram-suisse.org\/de\/projekte\/private\/\" style=\"color: #ffffff;\">Privat Initiativen<\/a><\/span>[\/et_pb_text][\/et_pb_column][et_pb_column type=&#8220;1_4&#8243; _builder_version=&#8220;4.16&#8243; _module_preset=&#8220;default&#8220; global_colors_info=&#8220;{}&#8220;][et_pb_text _builder_version=&#8220;4.21.0&#8243; _module_preset=&#8220;default&#8220; custom_padding=&#8220;||0px|||&#8220; global_colors_info=&#8220;{}&#8220;]<\/p>\n<h4><span style=\"color: #e09900;\">UNTERST\u00dcTZUNGEN<\/span><\/h4>\n<p><span style=\"color: #ffffff;\"><a href=\"https:\/\/ushagram-suisse.org\/de\/unterstuetzung\/\" style=\"color: #ffffff;\">Mitglied werden<\/a><\/span><br \/><span style=\"color: #ffffff;\"><a href=\"https:\/\/ushagram-suisse.org\/de\/unterstuetzung\/\" style=\"color: #ffffff;\">Einmalige Spende<\/a><\/span><br \/><span style=\"color: #ffffff;\"><a href=\"https:\/\/ushagram-suisse.org\/de\/unterstuetzung\/\" style=\"color: #ffffff;\">Ein Projekt mitfinanzieren<\/a><\/span><br \/><span style=\"color: #ffffff;\"><a href=\"https:\/\/ushagram-suisse.org\/de\/projekte\/private\/freiwillig\/\" style=\"color: #ffffff;\">Freiwilligenarbeit in Indien<\/a><\/span><\/p>\n<p>[\/et_pb_text][\/et_pb_column][\/et_pb_row][\/et_pb_section]<\/p>\n","protected":false},"excerpt":{"rendered":"<p>Sie k\u00f6nnen unsere Arbeit auf verschiedene Weise unterst\u00fctzen indem Sie F\u00f6rdermitglied werden (Einzelbeitrag 20 CHF \/ Paare od. Familienbeitrag 30 CHF); indem Sie ein bestimmtes Projekt oder unsere Arbeit im Allgemeinen durch eine Spende unterst\u00fctzen &#8211; diese kann von der Steuer abgesetzt werden; indem Sie dem Verein Ihre Dienste anbieten; indem Sie sich dem Entwicklungsstandort [&hellip;]<\/p>\n","protected":false},"author":1,"featured_media":0,"parent":0,"menu_order":0,"comment_status":"closed","ping_status":"closed","template":"","meta":{"_et_pb_use_builder":"on","_et_pb_old_content":"","_et_gb_content_width":"","footnotes":""},"categories":[43],"tags":[],"class_list":["post-3883","page","type-page","status-publish","hentry","category-internalp-categ-de"],"_links":{"self":[{"href":"https:\/\/ushagram-suisse.org\/de\/wp-json\/wp\/v2\/pages\/3883","targetHints":{"allow":["GET"]}}],"collection":[{"href":"https:\/\/ushagram-suisse.org\/de\/wp-json\/wp\/v2\/pages"}],"about":[{"href":"https:\/\/ushagram-suisse.org\/de\/wp-json\/wp\/v2\/types\/page"}],"author":[{"embeddable":true,"href":"https:\/\/ushagram-suisse.org\/de\/wp-json\/wp\/v2\/users\/1"}],"replies":[{"embeddable":true,"href":"https:\/\/ushagram-suisse.org\/de\/wp-json\/wp\/v2\/comments?post=3883"}],"version-history":[{"count":18,"href":"https:\/\/ushagram-suisse.org\/de\/wp-json\/wp\/v2\/pages\/3883\/revisions"}],"predecessor-version":[{"id":4840,"href":"https:\/\/ushagram-suisse.org\/de\/wp-json\/wp\/v2\/pages\/3883\/revisions\/4840"}],"wp:attachment":[{"href":"https:\/\/ushagram-suisse.org\/de\/wp-json\/wp\/v2\/media?parent=3883"}],"wp:term":[{"taxonomy":"category","embeddable":true,"href":"https:\/\/ushagram-suisse.org\/de\/wp-json\/wp\/v2\/categories?post=3883"},{"taxonomy":"post_tag","embeddable":true,"href":"https:\/\/ushagram-suisse.org\/de\/wp-json\/wp\/v2\/tags?post=3883"}],"curies":[{"name":"wp","href":"https:\/\/api.w.org\/{rel}","templated":true}]}}