               {"id":3875,"date":"2020-12-27T21:57:38","date_gmt":"2020-12-27T20:57:38","guid":{"rendered":"https:\/\/ushagram-suisse.org\/?page_id=3875"},"modified":"2023-10-24T14:32:35","modified_gmt":"2023-10-24T12:32:35","slug":"team-kontakt","status":"publish","type":"page","link":"https:\/\/ushagram-suisse.org\/de\/team-kontakt\/","title":{"rendered":"Team &#038; Kontakt &#8211; DE"},"content":{"rendered":"<p>[et_pb_section fb_built=&#8220;1&#8243; fullwidth=&#8220;on&#8220; _builder_version=&#8220;4.16&#8243; background_color=&#8220;#2ea3f2&#8243; use_background_color_gradient=&#8220;on&#8220; background_color_gradient_direction=&#8220;330deg&#8220; background_color_gradient_stops=&#8220;#800000 0%|#2e6df4 100%&#8220; background_color_gradient_start=&#8220;#800000&#8243; background_color_gradient_end=&#8220;#2e6df4&#8243; locked=&#8220;off&#8220; global_colors_info=&#8220;{}&#8220;][et_pb_fullwidth_header title=&#8220;Team &#038; Kontakt&#8220; subhead=&#8220;in der Schweiz und vor Ort&#8220; _builder_version=&#8220;4.16&#8243; background_color=&#8220;rgba(255, 255, 255, 0)&#8220; global_colors_info=&#8220;{}&#8220; button_one_text_size__hover_enabled=&#8220;off&#8220; button_two_text_size__hover_enabled=&#8220;off&#8220; button_one_text_color__hover_enabled=&#8220;off&#8220; button_two_text_color__hover_enabled=&#8220;off&#8220; button_one_border_width__hover_enabled=&#8220;off&#8220; button_two_border_width__hover_enabled=&#8220;off&#8220; button_one_border_color__hover_enabled=&#8220;off&#8220; button_two_border_color__hover_enabled=&#8220;off&#8220; button_one_border_radius__hover_enabled=&#8220;off&#8220; button_two_border_radius__hover_enabled=&#8220;off&#8220; button_one_letter_spacing__hover_enabled=&#8220;off&#8220; button_two_letter_spacing__hover_enabled=&#8220;off&#8220; button_one_bg_color__hover_enabled=&#8220;off&#8220; button_two_bg_color__hover_enabled=&#8220;off&#8220;][\/et_pb_fullwidth_header][\/et_pb_section][et_pb_section fb_built=&#8220;1&#8243; _builder_version=&#8220;4.16&#8243; background_color=&#8220;#f0e8db&#8220; custom_margin=&#8220;0px||||false|false&#8220; custom_padding=&#8220;10px||||false|false&#8220; global_colors_info=&#8220;{}&#8220;][et_pb_row _builder_version=&#8220;4.16&#8243; _module_preset=&#8220;default&#8220; global_colors_info=&#8220;{}&#8220;][et_pb_column type=&#8220;4_4&#8243; _builder_version=&#8220;4.16&#8243; _module_preset=&#8220;default&#8220; global_colors_info=&#8220;{}&#8220;][et_pb_text module_class=&#8220;hyperlink-color&#8220; _builder_version=&#8220;4.21.0&#8243; _module_preset=&#8220;default&#8220; link_font=&#8220;||||||||&#8220; link_text_color=&#8220;#6B6B6B&#8220; background_enable_color=&#8220;off&#8220; custom_margin=&#8220;||0px||false|false&#8220; custom_padding=&#8220;10px||||false|false&#8220; border_radii=&#8220;on|10px|10px|10px|10px&#8220; box_shadow_style=&#8220;preset2&#8243; locked=&#8220;off&#8220; global_colors_info=&#8220;{}&#8220;]<\/p>\n<h6 style=\"text-align: center;\">\u00dcberblick:<span style=\"color: #ff6600;\"> \u00a0\u00a0\u00a0\u00a0\u00a0\u00a0\u00a0\u00a0 <a href=\"https:\/\/ushagram-suisse.org\/de\/ueber-uns\/\">\u00dcber uns<\/a> &gt;<\/span><span style=\"color: #ff6600;\"><\/span>\u00a0<span style=\"color: #ff6600;\">\u00a0\u00a0\u00a0\u00a0\u00a0\u00a0\u00a0\u00a0\u00a0 <a href=\"https:\/\/ushagram-suisse.org\/de\/unsere-aktion\/\">Realisationen<\/a> &gt;\u00a0\u00a0\u00a0\u00a0\u00a0\u00a0\u00a0 <a href=\"https:\/\/ushagram-suisse.org\/de\/unsere-aktion\/wirkung\/\">Wirkung<\/a> &gt;\u00a0\u00a0\u00a0 \u00a0 \u00a0 <a href=\"https:\/\/ushagram-suisse.org\/de\/projekte\/\">Projekte<\/a> &gt;\u00a0\u00a0 \u00a0 \u00a0\u00a0 Teams &gt;<\/span><span style=\"color: #ff6600;\">\u00a0 \u00a0 \u00a0\u00a0\u00a0 <a href=\"https:\/\/ushagram-suisse.org\/de\/dokumente\/\">Dokumente<\/a> &gt;<\/span><span style=\"color: #ff6600;\">\u00a0\u00a0 \u00a0 \u00a0\u00a0 <a href=\"https:\/\/ushagram-suisse.org\/de\/infos-de\/\">Infos<\/a> &gt;<\/span><\/h6>\n<p>[\/et_pb_text][\/et_pb_column][\/et_pb_row][et_pb_row column_structure=&#8220;1_2,1_2&#8243; _builder_version=&#8220;4.16&#8243; background_size=&#8220;initial&#8220; background_position=&#8220;top_left&#8220; background_repeat=&#8220;repeat&#8220; width=&#8220;65.2%&#8220; global_colors_info=&#8220;{}&#8220;][et_pb_column type=&#8220;1_2&#8243; _builder_version=&#8220;4.16&#8243; custom_padding=&#8220;|||&#8220; global_colors_info=&#8220;{}&#8220; custom_padding__hover=&#8220;|||&#8220;][et_pb_text _builder_version=&#8220;4.21.0&#8243; background_size=&#8220;initial&#8220; background_position=&#8220;top_left&#8220; background_repeat=&#8220;repeat&#8220; min_height=&#8220;408px&#8220; custom_margin=&#8220;|75px||||&#8220; global_colors_info=&#8220;{}&#8220;]<\/p>\n<h2><strong>TEAM IN GENF<\/strong><\/h2>\n<p><em>Da wir ehrenamtlich t\u00e4tig sind, findet unsere Vereinsarbeit in unserer Freizeit statt, au\u00dferhalb unserer Arbeitszeiten und der Familienzeit.<\/em><span style=\"font-size: 14px;\">\u00a0<\/span><span style=\"font-size: 14px;\">\u00a0<\/span><\/p>\n<h4><strong>Mitglieder des Vorstands<\/strong><\/h4>\n<p><em><\/em><\/p>\n<ul>\n<li>Barbara Frank, <span>Pr\u00e4sident<\/span>in (fr, en, de)<\/li>\n<li>Dominique Delley, Vize-Pr\u00e4sident <a href=\"https:\/\/www.linkedin.com\/in\/dominique-delley-14771973\/\" target=\"_blank\" rel=\"noopener\">(in)<\/a> (fr, en)<span><\/span><\/li>\n<li>Jacques Albohair, Direktor &amp; Projektleiter <a href=\"https:\/\/www.linkedin.com\/in\/jacques-albohair-13023644\/\" target=\"_blank\" rel=\"noopener\">(in)<\/a> (fr, en, de)<\/li>\n<li>H\u00e9l\u00e8ne Harment, Sekret\u00e4rin <a href=\"https:\/\/www.linkedin.com\/in\/heleneharment\/\" target=\"_blank\" rel=\"noopener\">(in)<\/a>\u00a0(fr, en)<\/li>\n<li><span>Paul Gaullier, Schatzmeister <a href=\"https:\/\/www.linkedin.com\/in\/paulgaullier\/\" target=\"_blank\" rel=\"noopener\">(in)<\/a>\u00a0<\/span>(fr, en)<\/li>\n<\/ul>\n<p><em>Die Mitglieder waren oder sind noch f\u00fcr das IKRK und MSF t\u00e4tig und kennen sich im Bereich der humanit\u00e4ren Hilfe und der Entwicklungshilfe gut aus.<\/em><\/p>\n<p><em>Der Verein wird gegen\u00fcber Dritten durch die Kollektivunterschriften des Pr\u00e4sidenten und des Direktors (gem\u00e4ss Satzung und Vorstandsprotokoll) verpflichtet.<\/em><\/p>\n<p>&nbsp;<\/p>\n<h4><strong>Sympathisierende Mitglieder<\/strong><\/h4>\n<p>zwischen 20 und 30 je nach Jahr<\/p>\n<p>&nbsp;<\/p>\n<h4><strong>Kontakt<\/strong><\/h4>\n<p><strong>Post-Adresse<\/strong>: Ushagram Suisse, CP 138, 1211 Gen\u00e8ve 12<br \/><b>Email<\/b>: info [\u00e0] ushagram-suisse.org<br \/><strong>Sitz<\/strong>: in Carouge, Gen\u00e8ve, Schweiz<\/p>\n<p><span style=\"font-size: 14px;\"><\/span><\/p>\n<p>[\/et_pb_text][\/et_pb_column][et_pb_column type=&#8220;1_2&#8243; _builder_version=&#8220;4.16&#8243; custom_padding=&#8220;|||&#8220; global_colors_info=&#8220;{}&#8220; custom_padding__hover=&#8220;|||&#8220;][et_pb_text _builder_version=&#8220;4.23&#8243; _module_preset=&#8220;default&#8220; hover_enabled=&#8220;0&#8243; global_colors_info=&#8220;{}&#8220; sticky_enabled=&#8220;0&#8243;]<\/p>\n<h2><b>UNSERE PARTNER VOR ORT<\/b><\/h2>\n<p>Gemeinn\u00fctzige NROs, die in den jeweiligen L\u00e4ndern registriert sind<\/p>\n<p><span style=\"color: #333333; font-size: 18px;\"><br \/>In Indien, Westbengalen<\/span><\/p>\n<p><span style=\"font-size: 14px;\"><\/span><strong>&gt; Ushagram Trust<\/strong>, Ushagram Vikash Kendra Village, Ushagram P.O., Birnagar, Nadia Dist., 741127 West Bengal. Fond\u00e9 en 1980. <a href=\"http:\/\/www.ushagramtrust.org\/\" target=\"_blank\" rel=\"noopener\">web<\/a><br \/>Contacts : Tanmayee Chakravarty, Bimal Kumar Biswas.<br \/><em><\/em><\/p>\n<p><span><\/span><\/p>\n<h4>In Indien, in Orissa und Delhi<\/h4>\n<p><strong>&gt; Auro Mira Service Society<\/strong>, Sri Aurobindo Ashram, Sri Aurobindo Marg, 34105 New Delhi. Fond\u00e9e en 1998.\u00a0Active \u00e0 Kechala.\u00a0<a href=\"http:\/\/auromira.in\/\" target=\"_blank\" rel=\"noopener\">web<\/a><br \/>Contact : Pranjal Jauhar<\/p>\n<p><span style=\"color: #333333; font-size: 18px;\"><\/span><\/p>\n<p><span style=\"color: #333333; font-size: 18px;\">In Libanon, Beirut<\/span><\/p>\n<p><span><\/span><a href=\"https:\/\/ushagram-suisse.org\/wp-content\/uploads\/2020\/12\/systeme-educatif-a-Kechala.pdf\"><\/a><span><strong>&gt; arcenciel<\/strong>, Sin El Fil, Rue John Kennedy, Jisr el Bacha, Sin el Fil,<br \/>BP 16.5216, Beyrouth. Entreprise sociale, reconnue d&#8217;utilit\u00e9 publique, fond\u00e9e en 1985.\u00a0<a href=\"https:\/\/www.arcenciel.org\/fr\/\" target=\"_blank\" rel=\"noopener\">web<br \/><\/a>Contact : Relations ext\u00e9rieures, Sarah Hani<\/span><\/p>\n<p><span style=\"color: #333333; font-size: 18px;\"><\/span><\/p>\n<p><span style=\"color: #333333; font-size: 18px;\">In Libanon, Bekaa<\/span><\/p>\n<p><span><\/span><a href=\"https:\/\/ushagram-suisse.org\/wp-content\/uploads\/2020\/12\/systeme-educatif-a-Kechala.pdf\"><\/a><span><strong>&gt; Sawa for Development<\/strong>, Majdal Anjar, Zahle Dist., Bekaa. Fond\u00e9e en 2006.\u00a0<\/span><span style=\"font-size: 14px;\">\u00a0<\/span><a href=\"https:\/\/www.sawafordev.org\/\" style=\"font-size: 14px;\" target=\"_blank\" rel=\"noopener\">web\u00a0<\/a><br \/><span style=\"font-size: 14px;\">Contact : Nawal Madallaly\u00a0<span><a href=\"https:\/\/www.linkedin.com\/in\/nawal-mdallaly-1897222a\/\" target=\"_blank\" rel=\"noopener\">(in)<\/a><\/span><\/span><\/p>\n<p><a href=\"https:\/\/ushagram-suisse.org\/de\/team-kontakt\/sawa-de\/\" target=\"_blank\" rel=\"noopener\">Hintergrund und Details der Aktivit\u00e4ten<\/a><\/p>\n<p><span><\/span><\/p>\n<p>&nbsp;<\/p>\n<p>&nbsp;<\/p>\n<p>[\/et_pb_text][\/et_pb_column][\/et_pb_row][\/et_pb_section][et_pb_section fb_built=&#8220;1&#8243; _builder_version=&#8220;4.21.0&#8243; _module_preset=&#8220;default&#8220; background_color=&#8220;#5b5b5b&#8220; locked=&#8220;off&#8220; global_colors_info=&#8220;{}&#8220;][et_pb_row column_structure=&#8220;1_4,1_4,1_4,1_4&#8243; _builder_version=&#8220;4.16&#8243; _module_preset=&#8220;default&#8220; locked=&#8220;off&#8220; global_colors_info=&#8220;{}&#8220;][et_pb_column type=&#8220;1_4&#8243; _builder_version=&#8220;4.16&#8243; _module_preset=&#8220;default&#8220; global_colors_info=&#8220;{}&#8220;][et_pb_image src=&#8220;http:\/\/ushagram-suisse.org\/wp-content\/uploads\/2021\/03\/UG-logo_transp.png&#8220; title_text=&#8220;UG-logo_transp&#8220; url=&#8220;https:\/\/ushagram-suisse.org\/de\/&#8220; _builder_version=&#8220;4.21.0&#8243; _module_preset=&#8220;default&#8220; custom_margin=&#8220;0px||0px||false|false&#8220; custom_padding=&#8220;0px||0px||false|false&#8220; global_colors_info=&#8220;{}&#8220;][\/et_pb_image][\/et_pb_column][et_pb_column type=&#8220;1_4&#8243; _builder_version=&#8220;4.16&#8243; _module_preset=&#8220;default&#8220; global_colors_info=&#8220;{}&#8220;][et_pb_text _builder_version=&#8220;4.21.0&#8243; _module_preset=&#8220;default&#8220; global_colors_info=&#8220;{}&#8220;]<\/p>\n<h4><span style=\"color: #e09900;\">\u00dcBER UNS<\/span><\/h4>\n<p><span style=\"color: #ffffff;\"><a href=\"https:\/\/ushagram-suisse.org\/de\/ueber-uns\/\" style=\"color: #ffffff;\">Wer wir sind<\/a><\/span><br \/>\n<span style=\"color: #ffffff;\"><a href=\"https:\/\/ushagram-suisse.org\/de\/team-kontakt\/\" style=\"color: #ffffff;\">Teams und Kontakte<\/a><\/span><br \/>\n<a href=\"https:\/\/ushagram-suisse.org\/de\/infos-de\/\"><span style=\"color: #ffffff;\">Infos<\/span><\/a><br \/>\n<span style=\"color: #ffffff;\"><a href=\"https:\/\/ushagram-suisse.org\/de\/dokumente\/\" style=\"color: #ffffff;\">Dokumente<\/a><\/span>[\/et_pb_text][\/et_pb_column][et_pb_column type=&#8220;1_4&#8243; _builder_version=&#8220;4.16&#8243; _module_preset=&#8220;default&#8220; global_colors_info=&#8220;{}&#8220;][et_pb_text _builder_version=&#8220;4.21.0&#8243; _module_preset=&#8220;default&#8220; global_colors_info=&#8220;{}&#8220;]<\/p>\n<h4><span style=\"color: #e09900;\">AKTION<\/span><\/h4>\n<p><span style=\"color: #ffffff;\"><a href=\"https:\/\/ushagram-suisse.org\/de\/unsere-aktion\/\" style=\"color: #ffffff;\">Realisationen<\/a><br \/>\n<a href=\"https:\/\/ushagram-suisse.org\/de\/unsere-aktion\/wirkung\/\" style=\"color: #ffffff;\">Wirkung<\/a><a href=\"https:\/\/ushagram-suisse.org\/en\/our-action\/impact-en\/\" style=\"color: #ffffff;\"><\/a><br \/>\n<a href=\"https:\/\/ushagram-suisse.org\/de\/projekte\/institutionen\/\" style=\"color: #ffffff;\">Institutionnelle Projekte<\/a><\/span><br \/>\n<span style=\"color: #ffffff;\"> <a href=\"https:\/\/ushagram-suisse.org\/de\/projekte\/private\/\" style=\"color: #ffffff;\">Privat Initiativen<\/a><\/span>[\/et_pb_text][\/et_pb_column][et_pb_column type=&#8220;1_4&#8243; _builder_version=&#8220;4.16&#8243; _module_preset=&#8220;default&#8220; global_colors_info=&#8220;{}&#8220;][et_pb_text _builder_version=&#8220;4.21.0&#8243; _module_preset=&#8220;default&#8220; custom_padding=&#8220;||0px|||&#8220; global_colors_info=&#8220;{}&#8220;]<\/p>\n<h4><span style=\"color: #e09900;\">UNTERST\u00dcTZUNGEN<\/span><\/h4>\n<p><span style=\"color: #ffffff;\"><a href=\"https:\/\/ushagram-suisse.org\/de\/unterstuetzung\/\" style=\"color: #ffffff;\">Mitglied werden<\/a><\/span><br \/><span style=\"color: #ffffff;\"><a href=\"https:\/\/ushagram-suisse.org\/de\/unterstuetzung\/\" style=\"color: #ffffff;\">Einmalige Spende<\/a><\/span><br \/><span style=\"color: #ffffff;\"><a href=\"https:\/\/ushagram-suisse.org\/de\/unterstuetzung\/\" style=\"color: #ffffff;\">Ein Projekt mitfinanzieren<\/a><\/span><br \/><span style=\"color: #ffffff;\"><a href=\"https:\/\/ushagram-suisse.org\/de\/projekte\/private\/freiwillig\/\" style=\"color: #ffffff;\">Freiwilligenarbeit in Indien<\/a><\/span><\/p>\n<p>[\/et_pb_text][\/et_pb_column][\/et_pb_row][\/et_pb_section]<\/p>\n","protected":false},"excerpt":{"rendered":"<p>\u00dcberblick: \u00a0\u00a0\u00a0\u00a0\u00a0\u00a0\u00a0\u00a0 \u00dcber uns &gt;\u00a0\u00a0\u00a0\u00a0\u00a0\u00a0\u00a0\u00a0\u00a0\u00a0 Realisationen &gt;\u00a0\u00a0\u00a0\u00a0\u00a0\u00a0\u00a0 Wirkung &gt;\u00a0\u00a0\u00a0 \u00a0 \u00a0 Projekte &gt;\u00a0\u00a0 \u00a0 \u00a0\u00a0 Teams &gt;\u00a0 \u00a0 \u00a0\u00a0\u00a0 Dokumente &gt;\u00a0\u00a0 \u00a0 \u00a0\u00a0 Infos &gt;TEAM IN GENF Da wir ehrenamtlich t\u00e4tig sind, findet unsere Vereinsarbeit in unserer Freizeit statt, au\u00dferhalb unserer Arbeitszeiten und der Familienzeit.\u00a0\u00a0 Mitglieder des Vorstands Barbara Frank, Pr\u00e4sidentin (fr, en, de) Dominique [&hellip;]<\/p>\n","protected":false},"author":1,"featured_media":0,"parent":0,"menu_order":0,"comment_status":"closed","ping_status":"closed","template":"","meta":{"_et_pb_use_builder":"on","_et_pb_old_content":"[et_pb_section fb_built=\"1\" fullwidth=\"on\" _builder_version=\"4.7.7\" background_color=\"#2ea3f2\" use_background_color_gradient=\"on\" background_color_gradient_start=\"#800000\" background_color_gradient_end=\"#2e6df4\" background_color_gradient_direction=\"330deg\" locked=\"off\"][et_pb_fullwidth_header title=\"Equipe &amp; Contacts \" subhead=\"\u00e0 Gen\u00e8ve et sur le terrain\" _builder_version=\"3.16\" background_color=\"rgba(255, 255, 255, 0)\" button_one_text_size__hover_enabled=\"off\" button_two_text_size__hover_enabled=\"off\" button_one_text_color__hover_enabled=\"off\" button_two_text_color__hover_enabled=\"off\" button_one_border_width__hover_enabled=\"off\" button_two_border_width__hover_enabled=\"off\" button_one_border_color__hover_enabled=\"off\" button_two_border_color__hover_enabled=\"off\" button_one_border_radius__hover_enabled=\"off\" button_two_border_radius__hover_enabled=\"off\" button_one_letter_spacing__hover_enabled=\"off\" button_two_letter_spacing__hover_enabled=\"off\" button_one_bg_color__hover_enabled=\"off\" button_two_bg_color__hover_enabled=\"off\"][\/et_pb_fullwidth_header][\/et_pb_section][et_pb_section fb_built=\"1\" _builder_version=\"4.9.1\" background_color=\"#f0e8db\" hover_enabled=\"0\" custom_margin=\"0px||||false|false\" custom_padding=\"10px||||false|false\" sticky_enabled=\"0\"][et_pb_row _builder_version=\"4.9.1\" _module_preset=\"default\"][et_pb_column type=\"4_4\" _builder_version=\"4.9.1\" _module_preset=\"default\"][et_pb_text module_class=\"hyperlink-color\" _builder_version=\"4.9.1\" _module_preset=\"default\" link_font=\"||||||||\" link_text_color=\"#6B6B6B\" background_enable_color=\"off\" custom_margin=\"||0px||false|false\" custom_padding=\"10px||||false|false\" border_radii=\"on|10px|10px|10px|10px\" box_shadow_style=\"preset2\" locked=\"off\"]\n<h6 style=\"text-align: center;\">Nous d\u00e9couvrir :<span style=\"color: #ff6600;\"> &nbsp;&nbsp;&nbsp;&nbsp;&nbsp;&nbsp;&nbsp;&nbsp; <a href=\"https:\/\/ushagram-suisse.org\/apropos\/\">A propos<\/a> &gt;<\/span><span style=\"color: #ff6600;\"><\/span>&nbsp;<span style=\"color: #ff6600;\">&nbsp;&nbsp;&nbsp;&nbsp;&nbsp;&nbsp;&nbsp;&nbsp;&nbsp; <a href=\"https:\/\/ushagram-suisse.org\/notre-action\/\">R\u00e9alisations<\/a> &gt;&nbsp;&nbsp;&nbsp;&nbsp;&nbsp;&nbsp;&nbsp; <a href=\"https:\/\/ushagram-suisse.org\/notre-action\/impact-fr\/\">Impact<\/a> &gt;&nbsp;&nbsp;&nbsp; &nbsp; &nbsp; <a href=\"https:\/\/ushagram-suisse.org\/projets\/\">Projets<\/a> &gt;&nbsp;&nbsp; &nbsp; &nbsp;&nbsp; Equipes &gt;<\/span><span style=\"color: #ff6600;\">&nbsp; &nbsp; &nbsp;&nbsp;&nbsp; <a href=\"https:\/\/ushagram-suisse.org\/documents-fr\/\">Documents<\/a> &gt;<\/span><span style=\"color: #ff6600;\">&nbsp;&nbsp; &nbsp; &nbsp;&nbsp; <a href=\"https:\/\/ushagram-suisse.org\/infos\/\">Infos<\/a> &gt;<\/span><\/h6>\n[\/et_pb_text][\/et_pb_column][\/et_pb_row][et_pb_row column_structure=\"1_2,1_2\" _builder_version=\"3.25\" background_size=\"initial\" background_position=\"top_left\" background_repeat=\"repeat\" width=\"65.2%\"][et_pb_column type=\"1_2\" _builder_version=\"3.25\" custom_padding=\"|||\" custom_padding__hover=\"|||\"][et_pb_text _builder_version=\"4.7.7\" background_size=\"initial\" background_position=\"top_left\" background_repeat=\"repeat\" min_height=\"408px\" custom_margin=\"|75px||||\"]\n<h2><strong>EQUIPE A GENEVE<\/strong><\/h2>\n<em>Etant b\u00e9n\u00e9voles, notre travail associatif est effectu\u00e9 sur notre temps libre, en dehors de nos horaires de travail et du temps consacr\u00e9 \u00e0 nos familles.<\/em><span style=\"font-size: 14px;\">&nbsp;<\/span><span style=\"font-size: 14px;\">&nbsp;<\/span>\n<h4><strong>Membres du Comit\u00e9<\/strong><\/h4>\n<em><\/em>\n<ul>\n \t<li>Barbara Frank, <span>Pr\u00e9sident<\/span>e<\/li>\n \t<li>Dominique Delley, Vice-pr\u00e9sident <a href=\"https:\/\/www.linkedin.com\/in\/dominique-delley-14771973\/\" target=\"_blank\" rel=\"noopener\">(in)<\/a><span><\/span><\/li>\n \t<li>Jacques Albohair, directeur ex\u00e9cutif, responsable des projets <a href=\"https:\/\/www.linkedin.com\/in\/jacques-albohair-13023644\/\" target=\"_blank\" rel=\"noopener\">(in)<\/a><\/li>\n \t<li>H\u00e9l\u00e8ne Harment, Secr\u00e9taire <a href=\"https:\/\/www.linkedin.com\/in\/heleneharment\/\" target=\"_blank\" rel=\"noopener\">(in)<\/a><\/li>\n \t<li><span>Paul Gaullier, Tr\u00e9sorier <a href=\"https:\/\/www.linkedin.com\/in\/paulgaullier\/\" target=\"_blank\" rel=\"noopener\">(in)<\/a><\/span><\/li>\n<\/ul>\n<em>Les membres ont fait partie ou travaillent encore pour le CICR et MSF et connaissent bien le domaine de l'humanitaire et du d\u00e9veloppement.<\/em>\n\n<em style=\"font-size: 14px;\">L'association est engag\u00e9e vis-\u00e0-vis des tiers par les signatures collectives du&nbsp;Pr\u00e9sident et du Directeur (selon Statuts et PV de Comit\u00e9).<\/em>\n\n&nbsp;\n<h4><strong>Membres sympathisants<\/strong><\/h4>\nentre 20 et 30 selon les ann\u00e9es\n\n&nbsp;\n<h4><strong>Contact<\/strong><\/h4>\n<strong>Adresse postale<\/strong> : Ushagram Suisse, CP 138, 1211 Gen\u00e8ve 12\n<strong>Courriel<\/strong> : info [\u00e0] ushagram-suisse.org\n<strong>Si\u00e8ge<\/strong> : \u00e0 Carouge, Gen\u00e8ve, Suisse\n\n<span style=\"font-size: 14px;\"><\/span>\n\n[\/et_pb_text][\/et_pb_column][et_pb_column type=\"1_2\" _builder_version=\"3.25\" custom_padding=\"|||\" custom_padding__hover=\"|||\"][et_pb_text _builder_version=\"4.7.7\" _module_preset=\"default\"]\n<h2><b>NOS PARTENAIRES SUR LE TERRAIN<\/b><\/h2>\nONG sans but lucratif enregistr\u00e9es dans les pays respectifs\n\n<span style=\"color: #333333; font-size: 18px;\">\nEn Inde, au Bengale Occidental<\/span>\n\n<span style=\"font-size: 14px;\"><\/span><strong>&gt; Ushagram Trust<\/strong>, Ushagram Vikash Kendra Village, Ushagram P.O., Birnagar, Nadia Dist., 741127 West Bengal. Fond\u00e9 en 1980. <a href=\"http:\/\/www.ushagramtrust.org\/\" target=\"_blank\" rel=\"noopener\">web<\/a>\nContacts : Tanmayee Chakravarty, Bimal Kumar Biswas.\n<em><\/em>\n\n<span><\/span>\n<h4>En Inde, en Orissa et \u00e0 Delhi<\/h4>\n<strong>&gt; Auro Mira Service Society<\/strong>, Sri Aurobindo Ashram, Sri Aurobindo Marg, 34105 New Delhi. Fond\u00e9e en 1998.&nbsp;Active \u00e0 Kechala.&nbsp;<a href=\"http:\/\/auromira.in\/\" target=\"_blank\" rel=\"noopener\">web<\/a>\nContact : Pranjal Jauhar\n\n<span style=\"color: #333333; font-size: 18px;\"><\/span>\n\n<span style=\"color: #333333; font-size: 18px;\">Au Liban \u00e0 Beyrouth<\/span>\n\n<span><\/span><a href=\"https:\/\/ushagram-suisse.org\/wp-content\/uploads\/2020\/12\/systeme-educatif-a-Kechala.pdf\"><\/a><span><strong>&gt; arcenciel<\/strong>, Sin El Fil, Rue John Kennedy, Jisr el Bacha, Sin el Fil,\nBP 16.5216, Beyrouth. Entreprise sociale, reconnue d'utilit\u00e9 publique, fond\u00e9e en 1985.&nbsp;<a href=\"https:\/\/www.arcenciel.org\/fr\/\" target=\"_blank\" rel=\"noopener\">web\n<\/a>Contact : Relations ext\u00e9rieures, Sarah Hani<\/span>\n\n<span style=\"color: #333333; font-size: 18px;\"><\/span>\n\n<span style=\"color: #333333; font-size: 18px;\">Au Liban dans la Beqaa<\/span>\n\n<span><\/span><a href=\"https:\/\/ushagram-suisse.org\/wp-content\/uploads\/2020\/12\/systeme-educatif-a-Kechala.pdf\"><\/a><span><strong>&gt; Sawa for Development<\/strong>, Majdal Anjar, Zahle Dist., Bekaa. Fond\u00e9e en 2006.&nbsp;<\/span><span style=\"font-size: 14px;\">&nbsp;<\/span><a href=\"https:\/\/www.sawafordev.org\/\" style=\"font-size: 14px;\" target=\"_blank\" rel=\"noopener\">web&nbsp;<\/a>\n<span style=\"font-size: 14px;\">Contact : Nawal Madallaly&nbsp;<span><a href=\"https:\/\/www.linkedin.com\/in\/nawal-mdallaly-1897222a\/\" target=\"_blank\" rel=\"noopener\">(in)<\/a><\/span><\/span>\n\n<span><\/span>\n\n&nbsp;\n\n&nbsp;\n\n[\/et_pb_text][\/et_pb_column][\/et_pb_row][\/et_pb_section][et_pb_section fb_built=\"1\" _builder_version=\"4.9.0\" _module_preset=\"default\" background_color=\"#5b5b5b\" global_module=\"1616\"][et_pb_row column_structure=\"1_4,1_4,1_4,1_4\" _builder_version=\"4.9.0\" _module_preset=\"default\"][et_pb_column type=\"1_4\" _builder_version=\"4.9.0\" _module_preset=\"default\"][et_pb_image src=\"http:\/\/ushagram-suisse.org\/wp-content\/uploads\/2021\/03\/UG-logo_transp.png\" title_text=\"UG-logo_transp\" url=\"https:\/\/ushagram-suisse.org\/\" _builder_version=\"4.9.1\" _module_preset=\"default\" custom_margin=\"0px||0px||false|false\" custom_padding=\"0px||0px||false|false\"][\/et_pb_image][\/et_pb_column][et_pb_column type=\"1_4\" _builder_version=\"4.9.0\" _module_preset=\"default\"][et_pb_text _builder_version=\"4.9.0\" _module_preset=\"default\"]\n<h4><span style=\"color: #e09900;\">A PROPOS\n<\/span><\/h4>\n<span style=\"color: #ffffff;\"><a href=\"https:\/\/ushagram-suisse.org\/apropos\/\" style=\"color: #ffffff;\">Qui nous sommes<\/a><\/span>\n<span style=\"color: #ffffff;\"> <a href=\"https:\/\/ushagram-suisse.org\/equipe\/\" style=\"color: #ffffff;\">Equipe et contacts<\/a><a href=\"https:\/\/ushagram-suisse.org\/en\/team\/\" style=\"color: #ffffff;\"><\/a><\/span>\n<a href=\"https:\/\/ushagram-suisse.org\/infos\/\"><span style=\"color: #ffffff;\">Infos<\/span><\/a>\n<span style=\"color: #ffffff;\"><a href=\"https:\/\/ushagram-suisse.org\/documents-fr\/\" style=\"color: #ffffff;\">Documents<\/a><\/span>\n\n[\/et_pb_text][\/et_pb_column][et_pb_column type=\"1_4\" _builder_version=\"4.9.0\" _module_preset=\"default\"][et_pb_text _builder_version=\"4.9.1\" _module_preset=\"default\"]\n<h4><span style=\"color: #e09900;\">ACTION<\/span><\/h4>\n<span style=\"color: #ffffff;\"><a href=\"https:\/\/ushagram-suisse.org\/notre-action\/\" style=\"color: #ffffff;\">R\u00e9alisations<\/a>\n<a href=\"https:\/\/ushagram-suisse.org\/notre-action\/impact-fr\/\" style=\"color: #ffffff;\">Impact<\/a><a href=\"https:\/\/ushagram-suisse.org\/en\/our-action\/impact-en\/\" style=\"color: #ffffff;\"><\/a>\n<a href=\"https:\/\/ushagram-suisse.org\/projets\/institutions\/\" style=\"color: #ffffff;\">Projets institutionnels<\/a><\/span>\n<span style=\"color: #ffffff;\"> <a href=\"https:\/\/ushagram-suisse.org\/particuliers\/\" style=\"color: #ffffff;\">Initiatives priv\u00e9es<\/a><\/span>\n<span style=\"color: #ffffff;\"> <a href=\"https:\/\/ushagram-suisse.org\/en\/our-action\/impact-en\/\" style=\"color: #ffffff;\">\n<\/a><a href=\"https:\/\/ushagram-suisse.org\/documents-fr\/\" style=\"color: #ffffff;\"><\/a><\/span>\n\n[\/et_pb_text][\/et_pb_column][et_pb_column type=\"1_4\" _builder_version=\"4.9.0\" _module_preset=\"default\"][et_pb_text _builder_version=\"4.9.0\" _module_preset=\"default\" custom_padding=\"||0px|||\"]\n<h4><span style=\"color: #e09900;\">SOUTIEN<\/span><\/h4>\n<span style=\"color: #ffffff;\"><a href=\"https:\/\/ushagram-suisse.org\/en\/support\/\" style=\"color: #ffffff;\"><\/a><a href=\"https:\/\/ushagram-suisse.org\/soutien\/\" style=\"color: #ffffff;\">Devenir membre<\/a><\/span>\n<span style=\"color: #ffffff;\"><a href=\"https:\/\/ushagram-suisse.org\/soutien\/\" style=\"color: #ffffff;\"> Don ponctuel<\/a><\/span>\n<span style=\"color: #ffffff;\"><a href=\"https:\/\/ushagram-suisse.org\/soutien\/\" style=\"color: #ffffff;\"> Cofinancer un projet<\/a><\/span>\n<span style=\"color: #ffffff;\"><a href=\"https:\/\/ushagram-suisse.org\/projets\/particuliers\/volontariat\/\" title=\"Volontariat en Inde\" style=\"color: #ffffff;\"> Volontariat en Inde<\/a><\/span><a href=\"https:\/\/ushagram-suisse.org\/en\/projects\/individuals\/volunteering\/\"><span style=\"color: #f9f9f9;\"><\/span><\/a>\n\n[\/et_pb_text][\/et_pb_column][\/et_pb_row][\/et_pb_section]","_et_gb_content_width":"","footnotes":""},"categories":[43],"tags":[],"class_list":["post-3875","page","type-page","status-publish","hentry","category-internalp-categ-de"],"_links":{"self":[{"href":"https:\/\/ushagram-suisse.org\/de\/wp-json\/wp\/v2\/pages\/3875","targetHints":{"allow":["GET"]}}],"collection":[{"href":"https:\/\/ushagram-suisse.org\/de\/wp-json\/wp\/v2\/pages"}],"about":[{"href":"https:\/\/ushagram-suisse.org\/de\/wp-json\/wp\/v2\/types\/page"}],"author":[{"embeddable":true,"href":"https:\/\/ushagram-suisse.org\/de\/wp-json\/wp\/v2\/users\/1"}],"replies":[{"embeddable":true,"href":"https:\/\/ushagram-suisse.org\/de\/wp-json\/wp\/v2\/comments?post=3875"}],"version-history":[{"count":9,"href":"https:\/\/ushagram-suisse.org\/de\/wp-json\/wp\/v2\/pages\/3875\/revisions"}],"predecessor-version":[{"id":4176,"href":"https:\/\/ushagram-suisse.org\/de\/wp-json\/wp\/v2\/pages\/3875\/revisions\/4176"}],"wp:attachment":[{"href":"https:\/\/ushagram-suisse.org\/de\/wp-json\/wp\/v2\/media?parent=3875"}],"wp:term":[{"taxonomy":"category","embeddable":true,"href":"https:\/\/ushagram-suisse.org\/de\/wp-json\/wp\/v2\/categories?post=3875"},{"taxonomy":"post_tag","embeddable":true,"href":"https:\/\/ushagram-suisse.org\/de\/wp-json\/wp\/v2\/tags?post=3875"}],"curies":[{"name":"wp","href":"https:\/\/api.w.org\/{rel}","templated":true}]}}