               {"id":259,"date":"2020-12-27T16:32:14","date_gmt":"2020-12-27T15:32:14","guid":{"rendered":"https:\/\/new.ushagram-suisse.org\/?page_id=259"},"modified":"2023-03-22T11:42:35","modified_gmt":"2023-03-22T10:42:35","slug":"institutions-2021","status":"publish","type":"page","link":"https:\/\/ushagram-suisse.org\/de\/projets\/institutions-fr\/institutions-2021\/","title":{"rendered":"Institutions 2021 &#8211; FR"},"content":{"rendered":"<p>[et_pb_section fb_built=&#8220;1&#8243; fullwidth=&#8220;on&#8220; _builder_version=&#8220;4.16&#8243; background_color=&#8220;#800000&#8243; use_background_color_gradient=&#8220;on&#8220; background_color_gradient_direction=&#8220;330deg&#8220; background_color_gradient_stops=&#8220;#800000 0%|#E02B20 100%&#8220; background_color_gradient_start=&#8220;#800000&#8243; background_color_gradient_end=&#8220;#E02B20&#8243; global_colors_info=&#8220;{}&#8220;][et_pb_fullwidth_header title=&#8220;Projets institutionnels &#8211; 2021&#8243; subhead=&#8220;Soutien des Communes du Canton de Gen\u00e8ve&#8220; _builder_version=&#8220;4.16&#8243; title_font=&#8220;||||||||&#8220; background_color=&#8220;rgba (89,122,0,0,35)&#8220; use_background_color_gradient=&#8220;on&#8220; background_color_gradient_direction=&#8220;332deg&#8220; global_colors_info=&#8220;{}&#8220; button_one_text_size__hover_enabled=&#8220;off&#8220; button_two_text_size__hover_enabled=&#8220;off&#8220; button_one_text_color__hover_enabled=&#8220;off&#8220; button_two_text_color__hover_enabled=&#8220;off&#8220; button_one_border_width__hover_enabled=&#8220;off&#8220; button_two_border_width__hover_enabled=&#8220;off&#8220; button_one_border_color__hover_enabled=&#8220;off&#8220; button_two_border_color__hover_enabled=&#8220;off&#8220; button_one_border_radius__hover_enabled=&#8220;off&#8220; button_two_border_radius__hover_enabled=&#8220;off&#8220; button_one_letter_spacing__hover_enabled=&#8220;off&#8220; button_two_letter_spacing__hover_enabled=&#8220;off&#8220; button_one_bg_color__hover_enabled=&#8220;off&#8220; button_two_bg_color__hover_enabled=&#8220;off&#8220;][\/et_pb_fullwidth_header][\/et_pb_section][et_pb_section fb_built=&#8220;1&#8243; _builder_version=&#8220;4.16&#8243; background_color=&#8220;#fffae9&#8243; global_colors_info=&#8220;{}&#8220;][et_pb_row column_structure=&#8220;3_4,1_4&#8243; _builder_version=&#8220;4.16&#8243; _module_preset=&#8220;default&#8220; global_colors_info=&#8220;{}&#8220;][et_pb_column type=&#8220;3_4&#8243; _builder_version=&#8220;4.16&#8243; _module_preset=&#8220;default&#8220; global_colors_info=&#8220;{}&#8220;][et_pb_text _builder_version=&#8220;4.16&#8243; _module_preset=&#8220;default&#8220; inline_fonts=&#8220;Arima Madurai&#8220; global_colors_info=&#8220;{}&#8220;]<\/p>\n<h3>RECHERCHE DE FONDS &#8211; <strong>2021-2022<br \/><\/strong><\/h3>\n<p><strong>FINANCEMENT DE PROJETS DE DEVELOPPEMENT<\/strong><br \/>R\u00e9capitulatif des fonds recherch\u00e9s<br \/><em>(Financement partiel possible pour tous les projets)\u00a0<\/em> \u00a0 \u00a0 \u00a0 \u00a0 \u00a0 \u00a0 \u00a0 Montants en CHF<\/p>\n<h4>L I B A N<\/h4>\n<p><strong>AIDE AU DEVELOPPEMENT POUR REFUGIES SYRIENS &amp; LOCAUX<\/strong><\/p>\n<p><span style=\"text-decoration: underline;\"><strong>P R O J E T &#8211; P R I O R I T A I R E<br \/><\/strong><\/span><\/p>\n<p><strong>1) <a href=\"https:\/\/ushagram-suisse.org\/projets\/institutions-fr\/institutions-2021\/lib21-1\/\" target=\"_blank\" rel=\"noopener noreferrer\">SCOLARISATION D&#8217;ENFANTS REFUGIES SYRIENS<\/a><\/strong><br \/><strong>651.-par enfant<\/strong><br \/>Par classe de 25 enfants , 16&#8217;275 Fr.<br \/>Projet propos\u00e9 de 4 classes, <strong>soit 65&#8217;096 Fr.<\/strong><br \/>Capacit\u00e9 maximale : 350 enfants dans 14 classes<strong>.<\/strong><\/p>\n<p><strong><\/strong><\/p>\n<p><strong>2<\/strong><strong><\/strong><strong>)\u00a0<a href=\"https:\/\/ushagram-suisse.org\/projets\/institutions-fr\/institutions-2021\/lib21-2\/\" target=\"_blank\" rel=\"noopener noreferrer\">FORMATION PROFESSIONNELLE DE FEMMES EN CUISINE ET CONSERVERIE<\/a><\/strong><br \/><strong><\/strong><strong style=\"box-sizing: border-box; margin: 0px; padding: 0px; border: 0px; outline: 0px; font-size: 14px; text-size-adjust: 100%; vertical-align: baseline; background: transparent; font-weight: bold;\">453.-par femme<\/strong><br style=\"box-sizing: border-box;\" \/>Pour 6 femmes, 2\u2019718 Fr., 10 femmes, 4\u2019530 Fr., 15 femmes, 6\u2019795 Fr. etc.<br style=\"box-sizing: border-box;\" \/>Total<span>\u00a0<\/span><strong style=\"box-sizing: border-box; margin: 0px; padding: 0px; border: 0px; outline: 0px; font-size: 14px; text-size-adjust: 100%; vertical-align: baseline; background: transparent; font-weight: bold;\">pour 40 femmes = 18\u2019120.-<\/strong><\/p>\n<p>_________________________________________________________________<\/p>\n<h4>I N D E &#8211; KECHALA<\/h4>\n<p>(<a href=\"http:\/\/goo.gl\/maps\/mz9Ry\" target=\"\u201d_blank\u201d\" rel=\"noopener\">localiser sur Google Maps)<\/a> (<a href=\"https:\/\/plus.google.com\/photos\/108579787891121262922\/albums\/5851200708673432321?authkey=CMDhuMzbuPK8gAE\" target=\"\u201d_blank\u201d\" rel=\"noopener\">vues panoramiques du site<\/a>)<br \/>Programme de d\u00e9veloppement d&#8217;une zone tribale autochtone<br \/>Population aborig\u00e8ne impact\u00e9e : 2500 personnes, 4 villages<\/p>\n<p><span style=\"text-decoration: underline;\"><strong>P R O J E T S &#8211; D E &#8211; P E R E N N I S A T I O N<\/strong><\/span><\/p>\n<p>&nbsp;<\/p>\n<p>THEMATIQUE EDUCATION \/ JEUNESSE<br \/><a href=\"https:\/\/ushagram-suisse.org\/wp-content\/uploads\/2020\/12\/systeme-educatif-a-Kechala.pdf\" target=\"\u201d_blank\u201d\" rel=\"noopener\">(T\u00e9l\u00e9chargez le PDF\u00a0&#8222;Le syst\u00e8me \u00e9ducatif \u00e0 K\u00e9chala&#8220;\u00a0!)<\/a><\/p>\n<p><strong>1)\u00a0<a href=\"https:\/\/ushagram-suisse.org\/projets\/institutions-fr\/institutions-2021\/kcl21-2\/\" target=\"_blank\" rel=\"noopener noreferrer\">FRAIS DE SCOLARITE ET PARRAINNAGE<\/a><\/strong>\u00a0= 789.-\u00a0\/ an \/ enfant<br \/>pour 5 enfants sur 155 = <strong>3&#8217;944.-<\/strong><\/p>\n<p><span style=\"font-size: 14px;\"><\/span><\/p>\n<p><span style=\"font-size: 14px;\">THEMATIQUE REBOISEMENT \/ EAU \/ AGRICULTURE<\/span><\/p>\n<p><strong>2) <a href=\"https:\/\/ushagram-suisse.org\/projets\/institutions-fr\/institutions-2021\/kcl21-3\/\" target=\"_blank\" rel=\"noopener noreferrer\">PROTECTIONS D&#8217;ARBRES RESISTANTES AU BETAIL<\/a><\/strong> (2&#8217;000 unit\u00e9s) =\u00a0<strong>2&#8217;510.-<\/strong><\/p>\n<p><strong>3) <a href=\"https:\/\/ushagram-suisse.org\/projets\/institutions-fr\/institutions-2021\/kcl21-4\/\" target=\"_blank\" rel=\"noopener noreferrer\">IRRIGATION ET ENTRETIEN DES ARBRES DEJA PLANTES<\/a><\/strong>, \u00e0 l&#8217;ann\u00e9e = <strong>5&#8217;378.-<\/strong><\/p>\n<p>[\/et_pb_text][\/et_pb_column][et_pb_column type=&#8220;1_4&#8243; _builder_version=&#8220;4.16&#8243; _module_preset=&#8220;default&#8220; global_colors_info=&#8220;{}&#8220;][et_pb_text _builder_version=&#8220;4.20.2&#8243; _module_preset=&#8220;default&#8220; hover_enabled=&#8220;0&#8243; global_colors_info=&#8220;{}&#8220; sticky_enabled=&#8220;0&#8243;]<\/p>\n<h4><a href=\"https:\/\/ushagram-suisse.org\/institutions-2020\/\"><span style=\"text-decoration: underline;\"><strong><em>Ann\u00e9e pr\u00e9c\u00e9dente<\/em><\/strong><\/span><strong><em> &gt;&gt;&gt;<\/em><\/strong><span style=\"text-decoration: underline;\"><strong><em><\/em><\/strong><\/span><\/a><\/h4>\n<h4><a href=\"https:\/\/ushagram-suisse.org\/projets\/institutions-fr\/institutions-2022\/\"><span style=\"text-decoration: underline;\"><strong><em>&lt;&lt;&lt; Ann\u00e9e suivante<\/em><\/strong><\/span><strong><em><\/em><\/strong><\/a><\/h4>\n<h4><a href=\"https:\/\/ushagram-suisse.org\/projets\/institutions-fr\/\"><strong><em>&lt;&lt;&lt;<span>\u00a0<\/span><\/em><\/strong><span><strong><em>Retour accueil projets institutionnels<\/em><\/strong><\/span><\/a><\/h4>\n<h4><u><\/u><strong><em><\/em><\/strong><\/h4>\n<p>&nbsp;<\/p>\n<p><u><\/u><\/p>\n<p><u><\/u><\/p>\n<p><u>Mode d&#8217;emploi<\/u><\/p>\n<p>Cliquer sur chaque ligne<br \/>pour visionner la fiche correspondante<br \/><em>avec ses photos au dos.<\/em><br \/><img loading=\"lazy\" decoding=\"async\" src=\"http:\/\/ushagram-suisse.org\/wp-content\/uploads\/2021\/02\/Arrow-right3tn.png\" alt=\"\" class=\"wp-image-1152 alignnone size-full\" width=\"45\" height=\"20\" \/><br \/><em>Des galeries de photos<br \/><\/em>sont en marge des<br \/>pages sp\u00e9cifiques !<\/p>\n<p>&nbsp;<\/p>\n<p>&nbsp;<\/p>\n<p>Voir la liste de documents usuels relatifs aux demandes \u00e0 la page <a href=\"https:\/\/ushagram-suisse.org\/documents-fr\/\" target=\"_blank\" rel=\"noopener\"><strong><span style=\"text-decoration: underline;\">&#8222;Documents&#8220;<\/span><\/strong><\/a><\/p>\n<p><a href=\"https:\/\/ushagram-suisse.org\/documents-fr\/\" target=\"_blank\" rel=\"noopener\"><img loading=\"lazy\" decoding=\"async\" src=\"http:\/\/ushagram-suisse.org\/wp-content\/uploads\/2020\/12\/pdf-203x300.png\" alt=\"\" class=\"wp-image-358 alignnone size-medium\" width=\"47\" height=\"69\" \/><\/a><\/p>\n<p>[\/et_pb_text][\/et_pb_column][\/et_pb_row][\/et_pb_section][et_pb_section fb_built=&#8220;1&#8243; _builder_version=&#8220;4.9.0&#8243; _module_preset=&#8220;default&#8220; background_color=&#8220;#5b5b5b&#8220; global_module=&#8220;1616&#8243; global_colors_info=&#8220;{}&#8220;][et_pb_row column_structure=&#8220;1_4,1_4,1_4,1_4&#8243; _builder_version=&#8220;4.16&#8243; _module_preset=&#8220;default&#8220; global_colors_info=&#8220;{}&#8220;][et_pb_column type=&#8220;1_4&#8243; _builder_version=&#8220;4.16&#8243; _module_preset=&#8220;default&#8220; global_colors_info=&#8220;{}&#8220;][et_pb_image src=&#8220;http:\/\/ushagram-suisse.org\/wp-content\/uploads\/2021\/03\/UG-logo_transp.png&#8220; title_text=&#8220;UG-logo_transp&#8220; url=&#8220;https:\/\/ushagram-suisse.org\/&#8220; _builder_version=&#8220;4.16&#8243; _module_preset=&#8220;default&#8220; custom_margin=&#8220;0px||0px||false|false&#8220; custom_padding=&#8220;0px||0px||false|false&#8220; global_colors_info=&#8220;{}&#8220;][\/et_pb_image][\/et_pb_column][et_pb_column type=&#8220;1_4&#8243; _builder_version=&#8220;4.16&#8243; _module_preset=&#8220;default&#8220; global_colors_info=&#8220;{}&#8220;][et_pb_text _builder_version=&#8220;4.16&#8243; _module_preset=&#8220;default&#8220; global_colors_info=&#8220;{}&#8220;]<\/p>\n<h4><span style=\"color: #e09900;\">A PROPOS<br \/><\/span><\/h4>\n<p><span style=\"color: #ffffff;\"><a href=\"https:\/\/ushagram-suisse.org\/apropos\/\" style=\"color: #ffffff;\">Qui nous sommes<\/a><\/span><br \/><span style=\"color: #ffffff;\"> <a href=\"https:\/\/ushagram-suisse.org\/equipe\/\" style=\"color: #ffffff;\">Equipe et contacts<\/a><a href=\"https:\/\/ushagram-suisse.org\/en\/team\/\" style=\"color: #ffffff;\"><\/a><\/span><br \/><a href=\"https:\/\/ushagram-suisse.org\/infos\/\"><span style=\"color: #ffffff;\">Infos<\/span><\/a><br \/><span style=\"color: #ffffff;\"><a href=\"https:\/\/ushagram-suisse.org\/documents-fr\/\" style=\"color: #ffffff;\">Documents<\/a><\/span><\/p>\n<p>[\/et_pb_text][\/et_pb_column][et_pb_column type=&#8220;1_4&#8243; _builder_version=&#8220;4.16&#8243; _module_preset=&#8220;default&#8220; global_colors_info=&#8220;{}&#8220;][et_pb_text _builder_version=&#8220;4.16&#8243; _module_preset=&#8220;default&#8220; global_colors_info=&#8220;{}&#8220;]<\/p>\n<h4><span style=\"color: #e09900;\">ACTION<\/span><\/h4>\n<p><span style=\"color: #ffffff;\"><a href=\"https:\/\/ushagram-suisse.org\/notre-action\/\" style=\"color: #ffffff;\">R\u00e9alisations<\/a><br \/><a href=\"https:\/\/ushagram-suisse.org\/notre-action\/impact-fr\/\" style=\"color: #ffffff;\">Impact<\/a><a href=\"https:\/\/ushagram-suisse.org\/en\/our-action\/impact-en\/\" style=\"color: #ffffff;\"><\/a><br \/><a href=\"https:\/\/ushagram-suisse.org\/projets\/institutions-fr\/\" style=\"color: #ffffff;\">Projets institutionnels<\/a><\/span><br \/><span style=\"color: #ffffff;\"> <a href=\"https:\/\/ushagram-suisse.org\/particuliers\/\" style=\"color: #ffffff;\">Initiatives priv\u00e9es<\/a><\/span><br \/><span style=\"color: #ffffff;\"> <a href=\"https:\/\/ushagram-suisse.org\/en\/our-action\/impact-en\/\" style=\"color: #ffffff;\"><br \/><\/a><a href=\"https:\/\/ushagram-suisse.org\/documents-fr\/\" style=\"color: #ffffff;\"><\/a><\/span><\/p>\n<p>[\/et_pb_text][\/et_pb_column][et_pb_column type=&#8220;1_4&#8243; _builder_version=&#8220;4.16&#8243; _module_preset=&#8220;default&#8220; global_colors_info=&#8220;{}&#8220;][et_pb_text _builder_version=&#8220;4.16&#8243; _module_preset=&#8220;default&#8220; custom_padding=&#8220;||0px|||&#8220; global_colors_info=&#8220;{}&#8220;]<\/p>\n<h4><span style=\"color: #e09900;\">SOUTIEN<\/span><\/h4>\n<p><span style=\"color: #ffffff;\"><a href=\"https:\/\/ushagram-suisse.org\/en\/support\/\" style=\"color: #ffffff;\"><\/a><a href=\"https:\/\/ushagram-suisse.org\/soutien\/\" style=\"color: #ffffff;\">Devenir membre<\/a><\/span><br \/><span style=\"color: #ffffff;\"><a href=\"https:\/\/ushagram-suisse.org\/soutien\/\" style=\"color: #ffffff;\"> Don ponctuel<\/a><\/span><br \/><span style=\"color: #ffffff;\"><a href=\"https:\/\/ushagram-suisse.org\/soutien\/\" style=\"color: #ffffff;\"> Cofinancer un projet<\/a><\/span><br \/><span style=\"color: #ffffff;\"><a href=\"https:\/\/ushagram-suisse.org\/projets\/particuliers\/volontariat\/\" title=\"Volontariat en Inde\" style=\"color: #ffffff;\"> Volontariat en Inde<\/a><\/span><a href=\"https:\/\/ushagram-suisse.org\/en\/projects\/individuals\/volunteering\/\"><span style=\"color: #f9f9f9;\"><\/span><\/a><\/p>\n<p>[\/et_pb_text][\/et_pb_column][\/et_pb_row][\/et_pb_section]<\/p>\n","protected":false},"excerpt":{"rendered":"<p>RECHERCHE DE FONDS &#8211; 2021-2022 FINANCEMENT DE PROJETS DE DEVELOPPEMENTR\u00e9capitulatif des fonds recherch\u00e9s(Financement partiel possible pour tous les projets)\u00a0 \u00a0 \u00a0 \u00a0 \u00a0 \u00a0 \u00a0 \u00a0 Montants en CHF L I B A N AIDE AU DEVELOPPEMENT POUR REFUGIES SYRIENS &amp; LOCAUX P R O J E T &#8211; P R I O R I [&hellip;]<\/p>\n","protected":false},"author":1,"featured_media":0,"parent":2516,"menu_order":0,"comment_status":"closed","ping_status":"closed","template":"","meta":{"_et_pb_use_builder":"on","_et_pb_old_content":"","_et_gb_content_width":"","footnotes":""},"categories":[18],"tags":[],"class_list":["post-259","page","type-page","status-publish","hentry","category-internalp-categ-fr"],"_links":{"self":[{"href":"https:\/\/ushagram-suisse.org\/de\/wp-json\/wp\/v2\/pages\/259","targetHints":{"allow":["GET"]}}],"collection":[{"href":"https:\/\/ushagram-suisse.org\/de\/wp-json\/wp\/v2\/pages"}],"about":[{"href":"https:\/\/ushagram-suisse.org\/de\/wp-json\/wp\/v2\/types\/page"}],"author":[{"embeddable":true,"href":"https:\/\/ushagram-suisse.org\/de\/wp-json\/wp\/v2\/users\/1"}],"replies":[{"embeddable":true,"href":"https:\/\/ushagram-suisse.org\/de\/wp-json\/wp\/v2\/comments?post=259"}],"version-history":[{"count":67,"href":"https:\/\/ushagram-suisse.org\/de\/wp-json\/wp\/v2\/pages\/259\/revisions"}],"predecessor-version":[{"id":3425,"href":"https:\/\/ushagram-suisse.org\/de\/wp-json\/wp\/v2\/pages\/259\/revisions\/3425"}],"up":[{"embeddable":true,"href":"https:\/\/ushagram-suisse.org\/de\/wp-json\/wp\/v2\/pages\/2516"}],"wp:attachment":[{"href":"https:\/\/ushagram-suisse.org\/de\/wp-json\/wp\/v2\/media?parent=259"}],"wp:term":[{"taxonomy":"category","embeddable":true,"href":"https:\/\/ushagram-suisse.org\/de\/wp-json\/wp\/v2\/categories?post=259"},{"taxonomy":"post_tag","embeddable":true,"href":"https:\/\/ushagram-suisse.org\/de\/wp-json\/wp\/v2\/tags?post=259"}],"curies":[{"name":"wp","href":"https:\/\/api.w.org\/{rel}","templated":true}]}}