               {"id":2574,"date":"2022-03-09T12:40:05","date_gmt":"2022-03-09T11:40:05","guid":{"rendered":"https:\/\/ushagram-suisse.org\/?page_id=2574"},"modified":"2022-03-09T17:49:22","modified_gmt":"2022-03-09T16:49:22","slug":"kcl22-3","status":"publish","type":"page","link":"https:\/\/ushagram-suisse.org\/de\/projets\/institutions-fr\/kcl22-3\/","title":{"rendered":"kcl22-3 &#8211; FR"},"content":{"rendered":"<p>[et_pb_section fb_built=&#8220;1&#8243; fullwidth=&#8220;on&#8220; _builder_version=&#8220;4.7.7&#8243; background_color=&#8220;#800000&#8243; use_background_color_gradient=&#8220;on&#8220; background_color_gradient_start=&#8220;#800000&#8243; background_color_gradient_end=&#8220;#E02B20&#8243; background_color_gradient_direction=&#8220;330deg&#8220; global_colors_info=&#8220;{}&#8220;][et_pb_fullwidth_header title=&#8220;Projets institutionnels &#8211; Inde 2022-2023&#8243; subhead=&#8220;Soutien des Communes du Canton de Gen\u00e8ve&#8220; _builder_version=&#8220;4.7.7&#8243; title_font=&#8220;||||||||&#8220; background_color=&#8220;rgba (89,122,0,0,35)&#8220; use_background_color_gradient=&#8220;on&#8220; background_color_gradient_direction=&#8220;332deg&#8220; global_colors_info=&#8220;{}&#8220; button_one_text_size__hover_enabled=&#8220;off&#8220; button_two_text_size__hover_enabled=&#8220;off&#8220; button_one_text_color__hover_enabled=&#8220;off&#8220; button_two_text_color__hover_enabled=&#8220;off&#8220; button_one_border_width__hover_enabled=&#8220;off&#8220; button_two_border_width__hover_enabled=&#8220;off&#8220; button_one_border_color__hover_enabled=&#8220;off&#8220; button_two_border_color__hover_enabled=&#8220;off&#8220; button_one_border_radius__hover_enabled=&#8220;off&#8220; button_two_border_radius__hover_enabled=&#8220;off&#8220; button_one_letter_spacing__hover_enabled=&#8220;off&#8220; button_two_letter_spacing__hover_enabled=&#8220;off&#8220; button_one_bg_color__hover_enabled=&#8220;off&#8220; button_two_bg_color__hover_enabled=&#8220;off&#8220;]<\/p>\n<p>FRAIS DE SCOLARITE ET PARRAINNAGE &#8211; kcl22-3<\/p>\n<p>[\/et_pb_fullwidth_header][\/et_pb_section][et_pb_section fb_built=&#8220;1&#8243; _builder_version=&#8220;4.7.7&#8243; background_color=&#8220;#fffae9&#8243; global_colors_info=&#8220;{}&#8220;][et_pb_row column_structure=&#8220;2_3,1_3&#8243; _builder_version=&#8220;4.7.7&#8243; _module_preset=&#8220;default&#8220; custom_padding=&#8220;0px|||||&#8220; global_colors_info=&#8220;{}&#8220;][et_pb_column type=&#8220;2_3&#8243; _builder_version=&#8220;4.7.7&#8243; _module_preset=&#8220;default&#8220; global_colors_info=&#8220;{}&#8220;][et_pb_text _builder_version=&#8220;4.7.7&#8243; _module_preset=&#8220;default&#8220; custom_padding=&#8220;4px|||||&#8220; global_colors_info=&#8220;{}&#8220;]<\/p>\n<h4><strong>DEVELOPPEMENT DURABLE PARMI LES AUTOCHTONES EN INDE<\/strong><\/h4>\n<h4>Fiche individuelle : kcl22-3\u00a0 \u00a0 \u00a0 \u00a0 \u00a0 \u00a0 \u00a0 \u00a0 \u00a0 \u00a0 \u00a0 \u00a0 \u00a0 \u00a0 \u00a0 \u00a0 \u00a0 \u00a0 \u00a0 \u00a0 \u00a0 Montants en CHF<br \/>_____________________________________________________________________<\/h4>\n<p><strong>K E C H A L A<\/strong><br \/>Programme de d\u00e9veloppement d&#8217;une zone tribale autochtone<br \/>Population aborig\u00e8ne impact\u00e9e : 2500 personnes, 4 villages<br \/>Ethnie autochtone &#8222;Paraja&#8220;. District de Koraput. Etat d&#8217;Orissa. Inde<br \/>Responsable : M. Pranjal Jauhar, Auro Mira Service Society, New Delhi, Inde<br \/><span style=\"color: #333333; font-size: 18px;\">_____________________________________________________________________<\/span><\/p>\n<h4><strong>P R O J E T\u00a0 D E\u00a0 P E R E N N I S A T I O N<\/strong><\/h4>\n<h4><\/h4>\n<h4>3) FRAIS DE SCOLARITE ET PARRAINNAGE<\/h4>\n<p><span style=\"font-size: 14px;\"><\/span><\/p>\n<p><span style=\"font-size: 14px;\">Parrainage d&#8217;un enfant par an = <em>INR 58&#8217;550<\/em> = CHF 937<\/span><\/p>\n<p><span style=\"font-size: 14px;\">Frais de scolarit\u00e9 annuel de <strong>5 enfants sur 155<\/strong> enfants = <em>INR 292&#8217;820<\/em> = CHF 4&#8217;685<\/span><\/p>\n<p><strong>TOTAL CHF 4&#8217;685<\/strong><\/p>\n<p><em>Sans soutien de tiers, les 155 enfants repr\u00e9sentent un budget de 130&#8217;000 Fr \/ an <br \/>qui doit \u00eatre assur\u00e9 l&#8217;ONG locale partenaire.<\/em><\/p>\n<h4><span style=\"font-size: 18px;\">_____________________________________________________________________<\/span><\/h4>\n<h4><\/h4>\n<h4>Descriptif<\/h4>\n<p>Du fait de l&#8217;inflation de 5 \u00e0 10%\/an, le co\u00fbt de l&#8217;\u00e9colage pour les enfants du pensionnat continue d&#8217;augmenter. Il inclut tous les frais inh\u00e9rents (logement, nourriture, v\u00eatements, mat\u00e9riel scolaire et fournitures). 180 enfants sont actuellement scolaris\u00e9s, dont 150 en pensionnat (forte augmentation \u00e0 cause du covid contre 100 l&#8217;ann\u00e9e pass\u00e9e). Les 60 enfants venant de chez eux la journ\u00e9e consomment un repas de moins. Habituellement, les \u00e9coles de jour en Inde sont ouvertes en moyenne 200 jours par an, les pensionnats, 250 jours, les enfants y soupant le dimanche soir. <\/p>\n<p>Par contre, l&#8217;\u00e9cole \/ pensionnat de Kechala est ouverte 365 jours par an. Ces enfants sont la premi\u00e8re g\u00e9n\u00e9ration scolaris\u00e9e et la m\u00e9thode p\u00e9dagogique mise en place par l\u2019\u00e9quipe de direction leur est particuli\u00e8rement adapt\u00e9e. Elle permet aux enfants de s&#8217;instruire rapidement et avec joie et enthousiasme. Par contraste, ils apprennent plus vite et mieux que les enfants de leur \u00e2ge suivant le cursus classique dans les \u00e9coles publiques. Ils viennent librement \u00e9tudier le soir avant le coucher dans la biblioth\u00e8que et s\u2019entraident. Les \u00e9ducateurs habitant sur place leurs sont d\u00e9vou\u00e9s et sont l\u00e0 pour les soutenir. Ils sont constamment demandeurs de savoir. L\u2019\u00e9cole est une joie pour eux. En quelques ann\u00e9es les plus jeunes ont appris l\u2019anglais et le hindi. Gr\u00e2ce \u00e0 une importante biblioth\u00e8que, les plus \u00e2g\u00e9s peuvent facilement satisfaire leur curiosit\u00e9, d\u00e9velopper leurs connaissances et r\u00e9aliser des expos\u00e9s en anglais. Le mat\u00e9riel envoy\u00e9 par de g\u00e9n\u00e9reux donateurs des villes, compl\u00e8te chaque ann\u00e9e l\u2019\u00e9quipement et leur permet de s\u2019adonner \u00e0 diverses activit\u00e9s artistiques, sportives et intellectuelles. Des b\u00e9n\u00e9voles viennent r\u00e9guli\u00e8rement y enseigner des mati\u00e8res et comp\u00e9tences particuli\u00e8res et originales, comme parfois nos membres genevois.<\/p>\n<p>La m\u00e9thode p\u00e9dagogique utilis\u00e9e sur place fait ses preuves, l&#8217;\u00e9cole publique s\u2019y int\u00e9resse et des visites sont faites par plusieurs \u00e9coles pour partager cette r\u00e9ussite p\u00e9dagogique. <span style=\"font-size: 14px; text-decoration-line: underline;\">Voir <a href=\"https:\/\/ushagram-suisse.org\/wp-content\/uploads\/2020\/12\/systeme-educatif-a-Kechala.pdf\">PDF<\/a> du syst\u00e8me \u00e9ducatif utilis\u00e9<\/span><span style=\"font-size: 14px;\">.<\/span><\/p>\n<p><b>Depuis 2019, 15 adolescents tribaux <\/b><b>ont repris certaines t\u00e2ches d&#8217;enseignement \u00e0 leur compte (voir photos). D&#8217;autres terminent leurs \u00e9tudes et se forment \u00e0 divers m\u00e9tiers. D&#8217;autres encore ont repris une partie des t\u00e2ches de secr\u00e9tariat et de gestion du site.<\/b><\/p>\n<p>&nbsp;<\/p>\n<p>[\/et_pb_text][\/et_pb_column][et_pb_column type=&#8220;1_3&#8243; _builder_version=&#8220;4.7.7&#8243; _module_preset=&#8220;default&#8220; global_colors_info=&#8220;{}&#8220;][et_pb_text _builder_version=&#8220;4.14.8&#8243; _module_preset=&#8220;default&#8220; background_color=&#8220;rgba(43,135,218,0.33)&#8220; custom_padding=&#8220;10px|10px|10px|10px|false|false&#8220; hover_enabled=&#8220;0&#8243; border_radii=&#8220;on|10px|10px|10px|10px&#8220; box_shadow_style=&#8220;preset2&#8243; global_colors_info=&#8220;{}&#8220; sticky_enabled=&#8220;0&#8243;]<\/p>\n<h4><span style=\"font-size: 18px;\"><a href=\"https:\/\/ushagram-suisse.org\/projets\/institutions-fr\/\"><strong><em>&lt;&lt;&lt; <span style=\"text-decoration: underline;\"><span style=\"text-decoration-line: underline;\">retour a<\/span><\/span><span style=\"text-decoration: underline;\">u r\u00e9capitulatif de l&#8217;ann\u00e9e<\/span><\/em><\/strong><\/a><\/span><\/h4>\n<p><a href=\"https:\/\/ushagram-suisse.org\/documents\/\"><\/a><\/p>\n<p>[\/et_pb_text][et_pb_text _builder_version=&#8220;4.14.8&#8243; _module_preset=&#8220;default&#8220; background_color=&#8220;rgba(63,150,6,0.36)&#8220; custom_padding=&#8220;20px|20px|20px|20px|false|false&#8220; border_radii=&#8220;on|10px|10px|10px|10px&#8220; box_shadow_style=&#8220;preset2&#8243; locked=&#8220;off&#8220; global_colors_info=&#8220;{}&#8220;]<\/p>\n<p><b>FICHE PROJET + PHOTOS<\/b><\/p>\n<p><a href=\"https:\/\/ushagram-suisse.org\/wp-content\/uploads\/2022\/03\/KCL3-22-RV.pdf\" target=\"_blank\" rel=\"noopener noreferrer\"><b><img loading=\"lazy\" decoding=\"async\" src=\"https:\/\/ushagram-suisse.org\/wp-content\/uploads\/2020\/12\/pdf-foto.png\" alt=\"\" class=\"wp-image-598 alignnone size-full\" width=\"134\" height=\"40\" \/><\/b><\/a><\/p>\n<p>[\/et_pb_text][et_pb_text _builder_version=&#8220;4.9.0&#8243; _module_preset=&#8220;default&#8220; background_color=&#8220;rgba(255,164,61,0.38)&#8220; custom_padding=&#8220;20px|20px|20px|20px|false|false&#8220; border_radii=&#8220;on|10px|10px|10px|10px&#8220; box_shadow_style=&#8220;preset2&#8243; global_colors_info=&#8220;{}&#8220;]<\/p>\n<p><strong>&gt; <a href=\"https:\/\/ushagram-suisse.org\/wp-content\/uploads\/2020\/12\/AMSS-Annual-Report-1920.pdf\" target=\"_blank\" rel=\"noopener noreferrer\">Rapport 2020<\/a>\u00a0<a href=\"https:\/\/ushagram-suisse.org\/wp-content\/uploads\/2020\/12\/AMSS-Annual-Report-1920.pdf\" target=\"_blank\" rel=\"noopener noreferrer\">de l&#8217;association locale<\/a><\/strong><\/p>\n<p><strong><\/strong><\/p>\n<p><strong>GALERIES DE PHOTOS<\/strong><\/p>\n<p><strong>2020<br \/><\/strong>&#8211; <a href=\"https:\/\/photos.app.goo.gl\/DBaG1oAEmC9JnUpKA\" target=\"_blank\" rel=\"noopener noreferrer\">l&#8217;\u00e9table<\/a><strong><br \/><\/strong><\/p>\n<p><strong>2019<\/strong><br \/> &#8211; <a href=\"https:\/\/photos.app.goo.gl\/kj5TzU4qHYbgfJRV7\" target=\"_blank\" rel=\"noopener noreferrer\">les adolescents\u00a0prennent le relais dans l&#8217;enseignement des petits<\/a><\/p>\n<p><strong>2018<\/strong><br \/> &#8211; <a href=\"https:\/\/tinyurl.com\/ind2018-1\" target=\"_blank\" rel=\"noopener noreferrer\">les adolescents\u00a0<\/a><a href=\"https:\/\/tinyurl.com\/ind2018-1\" target=\"_blank\" rel=\"noopener noreferrer\">prennent le relais dans l&#8217;enseignement des petits<\/a><\/p>\n<p>&#8211; <a href=\"https:\/\/tinyurl.com\/ind2017-1\" target=\"_blank\" rel=\"noopener noreferrer\">galerie <strong>2017<\/strong><\/a><\/p>\n<p><strong>2015<\/strong><br \/> &#8211; <a href=\"https:\/\/picasaweb.google.com\/108579787891121262922\/VIEECOLEPENSIONNAT2015?authuser=0&amp;authkey=Gv1sRgCLbi4sLFoc3utgE&amp;feat=directlink\" target=\"_blank\" rel=\"noopener noreferrer\">vie \u00e0 l&#8217;\u00e9cole\/pensionnat<\/a><\/p>\n<p><strong>2014<\/strong><br \/> &#8211; <a href=\"https:\/\/plus.google.com\/photos\/108579787891121262922\/albums\/5992183724160064737?authkey=COzpl82g6Nz9rgE\" target=\"_blank\" rel=\"noopener noreferrer\">extension de l&#8217;\u00e9cole<\/a><br \/> &#8211; <a href=\"https:\/\/plus.google.com\/photos\/108579787891121262922\/albums\/5992184344872676129?authkey=CJSc4MjIxqW5sAE\" target=\"_blank\" rel=\"noopener noreferrer\">chemin entre l&#8217;\u00e9cole et le pensionnat<\/a><\/p>\n<p><strong>2013<\/strong><br \/> &#8211; <a href=\"https:\/\/plus.google.com\/photos\/108579787891121262922\/albums\/5978027844851320337?authkey=CJfu0IfA9fbSDg\" target=\"_blank\" rel=\"noopener noreferrer\">la vie des enfants<\/a><br \/> &#8211; <a href=\"https:\/\/plus.google.com\/photos\/108579787891121262922\/albums\/5992186384940668177?authkey=CPL3rsWZo9T6iwE\" target=\"_blank\" rel=\"noopener noreferrer\">campagne de soins<\/a><br \/> &#8211; <a href=\"https:\/\/plus.google.com\/photos\/108579787891121262922\/albums\/5992186983874024497?authkey=CJOXsrCfspiP4AE\" target=\"_blank\" rel=\"noopener noreferrer\">vues de la mousson<\/a><br \/> &#8211; <a href=\"https:\/\/plus.google.com\/photos\/108579787891121262922\/albums\/5992185375117303201?authkey=CPbk9tDrzOvdpwE\" target=\"_blank\" rel=\"noopener noreferrer\">l&#8217;\u00e9cole \u00e9lectrifi\u00e9e<\/a><br \/> &#8211; <a href=\"https:\/\/plus.google.com\/photos\/108579787891121262922\/albums\/5992192725240644913?authkey=CLW37_Gm5OO9VA\" target=\"_blank\" rel=\"noopener noreferrer\">labo. de sciences<\/a><br \/> &#8211; <a href=\"https:\/\/plus.google.com\/photos\/108579787891121262922\/albums\/5992196731936449761?authkey=CMKLtbjj9f-AVA\" target=\"_blank\" rel=\"noopener noreferrer\">salle d&#8217;informatique<\/a><br \/> &#8211; <a href=\"https:\/\/plus.google.com\/photos\/108579787891121262922\/albums\/5992197130358866065?authkey=CIzz5p3JmfqYtAE\" target=\"_blank\" rel=\"noopener noreferrer\">voyage: Delhi, Nainital<\/a><\/p>\n<p><strong>2012<\/strong><br \/> &#8211; <a href=\"https:\/\/plus.google.com\/photos\/108579787891121262922\/albums\/5851198683474845057?authkey=CI6M9e2DqdraeA\" target=\"_blank\" rel=\"noopener noreferrer\">Les classes<\/a><br \/> &#8211; <a href=\"https:\/\/plus.google.com\/photos\/108579787891121262922\/albums\/5851200399997020913?authkey=CKz00LnFrbWNJg\" target=\"_blank\" rel=\"noopener noreferrer\">Les autres cours<\/a><\/p>\n<p><strong>2011<\/strong><br \/> &#8211; <a href=\"https:\/\/plus.google.com\/photos\/108579787891121262922\/albums\/5710861516156859905?authkey=CJnD2b7kzs6jhwE\" target=\"_blank\" rel=\"noopener noreferrer\">l&#8217;\u00e9cole et ses enfants<\/a><br \/> &#8211; <a href=\"https:\/\/plus.google.com\/photos\/108579787891121262922\/albums\/5710895556789315121?authkey=CI6IqdKY8Mz8QA\" target=\"_blank\" rel=\"noopener noreferrer\">la vie des enfants<\/a><br \/> &#8211; <a href=\"https:\/\/plus.google.com\/u\/0\/photos\/108579787891121262922\/albums\/5710889624135293521?authkey=CJLRwMHIlJrwlAE\" target=\"_blank\" rel=\"noopener noreferrer\">construction de l&#8217;\u00e9cole<\/a><span style=\"font-size: 14px;\"><\/span><\/p>\n<p><a href=\"https:\/\/ushagram-suisse.org\/wp-content\/uploads\/2020\/12\/systeme-educatif-a-Kechala.pdf\" target=\"_blank\" rel=\"noopener noreferrer\"><\/a><\/p>\n<p>[\/et_pb_text][et_pb_text _builder_version=&#8220;4.7.7&#8243; _module_preset=&#8220;default&#8220; background_color=&#8220;rgba(224,153,0,0.24)&#8220; custom_padding=&#8220;20px|20px|20px|20px|false|false&#8220; border_radii=&#8220;on|10px|10px|10px|10px&#8220; box_shadow_style=&#8220;preset2&#8243; global_colors_info=&#8220;{}&#8220;]<\/p>\n<p><span style=\"font-size: 14px;\">Voir la liste de documents associatifs usuels relatifs aux demandes \u00e0 la page <\/span><a href=\"https:\/\/ushagram-suisse.org\/documents-fr\/\" target=\"_blank\" rel=\"noopener\"><strong style=\"font-size: 14px;\">&#8222;Documents&#8220;<\/strong><\/a><\/p>\n<p><a href=\"https:\/\/ushagram-suisse.org\/documents-fr\/\" target=\"_blank\" rel=\"noopener\"><img loading=\"lazy\" decoding=\"async\" src=\"http:\/\/ushagram-suisse.org\/wp-content\/uploads\/2020\/12\/pdf-203x300.png\" alt=\"\" class=\"wp-image-358 alignnone size-medium\" width=\"47\" height=\"69\" \/><\/a><\/p>\n<p>[\/et_pb_text][\/et_pb_column][\/et_pb_row][\/et_pb_section][et_pb_section fb_built=&#8220;1&#8243; _builder_version=&#8220;4.9.0&#8243; _module_preset=&#8220;default&#8220; background_color=&#8220;#5b5b5b&#8220; global_module=&#8220;1616&#8243; global_colors_info=&#8220;{}&#8220;][et_pb_row column_structure=&#8220;1_4,1_4,1_4,1_4&#8243; _builder_version=&#8220;4.9.0&#8243; _module_preset=&#8220;default&#8220; global_colors_info=&#8220;{}&#8220;][et_pb_column type=&#8220;1_4&#8243; _builder_version=&#8220;4.9.0&#8243; _module_preset=&#8220;default&#8220; global_colors_info=&#8220;{}&#8220;][et_pb_image src=&#8220;http:\/\/ushagram-suisse.org\/wp-content\/uploads\/2021\/03\/UG-logo_transp.png&#8220; title_text=&#8220;UG-logo_transp&#8220; url=&#8220;https:\/\/ushagram-suisse.org\/&#8220; _builder_version=&#8220;4.9.1&#8243; _module_preset=&#8220;default&#8220; custom_margin=&#8220;0px||0px||false|false&#8220; custom_padding=&#8220;0px||0px||false|false&#8220; global_colors_info=&#8220;{}&#8220;][\/et_pb_image][\/et_pb_column][et_pb_column type=&#8220;1_4&#8243; _builder_version=&#8220;4.9.0&#8243; _module_preset=&#8220;default&#8220; global_colors_info=&#8220;{}&#8220;][et_pb_text _builder_version=&#8220;4.9.0&#8243; _module_preset=&#8220;default&#8220; global_colors_info=&#8220;{}&#8220;]<\/p>\n<h4><span style=\"color: #e09900;\">A PROPOS<br \/><\/span><\/h4>\n<p><span style=\"color: #ffffff;\"><a href=\"https:\/\/ushagram-suisse.org\/apropos\/\" style=\"color: #ffffff;\">Qui nous sommes<\/a><\/span><br \/><span style=\"color: #ffffff;\"> <a href=\"https:\/\/ushagram-suisse.org\/equipe\/\" style=\"color: #ffffff;\">Equipe et contacts<\/a><a href=\"https:\/\/ushagram-suisse.org\/en\/team\/\" style=\"color: #ffffff;\"><\/a><\/span><br \/><a href=\"https:\/\/ushagram-suisse.org\/infos\/\"><span style=\"color: #ffffff;\">Infos<\/span><\/a><br \/><span style=\"color: #ffffff;\"><a href=\"https:\/\/ushagram-suisse.org\/documents-fr\/\" style=\"color: #ffffff;\">Documents<\/a><\/span><\/p>\n<p>[\/et_pb_text][\/et_pb_column][et_pb_column type=&#8220;1_4&#8243; _builder_version=&#8220;4.9.0&#8243; _module_preset=&#8220;default&#8220; global_colors_info=&#8220;{}&#8220;][et_pb_text _builder_version=&#8220;4.14.8&#8243; _module_preset=&#8220;default&#8220; global_colors_info=&#8220;{}&#8220;]<\/p>\n<h4><span style=\"color: #e09900;\">ACTION<\/span><\/h4>\n<p><span style=\"color: #ffffff;\"><a href=\"https:\/\/ushagram-suisse.org\/notre-action\/\" style=\"color: #ffffff;\">R\u00e9alisations<\/a><br \/><a href=\"https:\/\/ushagram-suisse.org\/notre-action\/impact-fr\/\" style=\"color: #ffffff;\">Impact<\/a><a href=\"https:\/\/ushagram-suisse.org\/en\/our-action\/impact-en\/\" style=\"color: #ffffff;\"><\/a><br \/><a href=\"https:\/\/ushagram-suisse.org\/projets\/institutions-fr\/\" style=\"color: #ffffff;\">Projets institutionnels<\/a><\/span><br \/><span style=\"color: #ffffff;\"> <a href=\"https:\/\/ushagram-suisse.org\/particuliers\/\" style=\"color: #ffffff;\">Initiatives priv\u00e9es<\/a><\/span><br \/><span style=\"color: #ffffff;\"> <a href=\"https:\/\/ushagram-suisse.org\/en\/our-action\/impact-en\/\" style=\"color: #ffffff;\"><br \/><\/a><a href=\"https:\/\/ushagram-suisse.org\/documents-fr\/\" style=\"color: #ffffff;\"><\/a><\/span><\/p>\n<p>[\/et_pb_text][\/et_pb_column][et_pb_column type=&#8220;1_4&#8243; _builder_version=&#8220;4.9.0&#8243; _module_preset=&#8220;default&#8220; global_colors_info=&#8220;{}&#8220;][et_pb_text _builder_version=&#8220;4.9.0&#8243; _module_preset=&#8220;default&#8220; custom_padding=&#8220;||0px|||&#8220; global_colors_info=&#8220;{}&#8220;]<\/p>\n<h4><span style=\"color: #e09900;\">SOUTIEN<\/span><\/h4>\n<p><span style=\"color: #ffffff;\"><a href=\"https:\/\/ushagram-suisse.org\/en\/support\/\" style=\"color: #ffffff;\"><\/a><a href=\"https:\/\/ushagram-suisse.org\/soutien\/\" style=\"color: #ffffff;\">Devenir membre<\/a><\/span><br \/><span style=\"color: #ffffff;\"><a href=\"https:\/\/ushagram-suisse.org\/soutien\/\" style=\"color: #ffffff;\"> Don ponctuel<\/a><\/span><br \/><span style=\"color: #ffffff;\"><a href=\"https:\/\/ushagram-suisse.org\/soutien\/\" style=\"color: #ffffff;\"> Cofinancer un projet<\/a><\/span><br \/><span style=\"color: #ffffff;\"><a href=\"https:\/\/ushagram-suisse.org\/projets\/particuliers\/volontariat\/\" title=\"Volontariat en Inde\" style=\"color: #ffffff;\"> Volontariat en Inde<\/a><\/span><a href=\"https:\/\/ushagram-suisse.org\/en\/projects\/individuals\/volunteering\/\"><span style=\"color: #f9f9f9;\"><\/span><\/a><\/p>\n<p>[\/et_pb_text][\/et_pb_column][\/et_pb_row][\/et_pb_section]<\/p>\n","protected":false},"excerpt":{"rendered":"<p>FRAIS DE SCOLARITE ET PARRAINNAGE &#8211; kcl22-3DEVELOPPEMENT DURABLE PARMI LES AUTOCHTONES EN INDE Fiche individuelle : kcl22-3\u00a0 \u00a0 \u00a0 \u00a0 \u00a0 \u00a0 \u00a0 \u00a0 \u00a0 \u00a0 \u00a0 \u00a0 \u00a0 \u00a0 \u00a0 \u00a0 \u00a0 \u00a0 \u00a0 \u00a0 \u00a0 Montants en CHF_____________________________________________________________________ K E C H A L AProgramme de d\u00e9veloppement d&#8217;une zone tribale autochtonePopulation aborig\u00e8ne impact\u00e9e [&hellip;]<\/p>\n","protected":false},"author":1,"featured_media":0,"parent":2516,"menu_order":0,"comment_status":"closed","ping_status":"closed","template":"","meta":{"_et_pb_use_builder":"on","_et_pb_old_content":"","_et_gb_content_width":"","footnotes":""},"categories":[18],"tags":[],"class_list":["post-2574","page","type-page","status-publish","hentry","category-internalp-categ-fr"],"_links":{"self":[{"href":"https:\/\/ushagram-suisse.org\/de\/wp-json\/wp\/v2\/pages\/2574","targetHints":{"allow":["GET"]}}],"collection":[{"href":"https:\/\/ushagram-suisse.org\/de\/wp-json\/wp\/v2\/pages"}],"about":[{"href":"https:\/\/ushagram-suisse.org\/de\/wp-json\/wp\/v2\/types\/page"}],"author":[{"embeddable":true,"href":"https:\/\/ushagram-suisse.org\/de\/wp-json\/wp\/v2\/users\/1"}],"replies":[{"embeddable":true,"href":"https:\/\/ushagram-suisse.org\/de\/wp-json\/wp\/v2\/comments?post=2574"}],"version-history":[{"count":4,"href":"https:\/\/ushagram-suisse.org\/de\/wp-json\/wp\/v2\/pages\/2574\/revisions"}],"predecessor-version":[{"id":2615,"href":"https:\/\/ushagram-suisse.org\/de\/wp-json\/wp\/v2\/pages\/2574\/revisions\/2615"}],"up":[{"embeddable":true,"href":"https:\/\/ushagram-suisse.org\/de\/wp-json\/wp\/v2\/pages\/2516"}],"wp:attachment":[{"href":"https:\/\/ushagram-suisse.org\/de\/wp-json\/wp\/v2\/media?parent=2574"}],"wp:term":[{"taxonomy":"category","embeddable":true,"href":"https:\/\/ushagram-suisse.org\/de\/wp-json\/wp\/v2\/categories?post=2574"},{"taxonomy":"post_tag","embeddable":true,"href":"https:\/\/ushagram-suisse.org\/de\/wp-json\/wp\/v2\/tags?post=2574"}],"curies":[{"name":"wp","href":"https:\/\/api.w.org\/{rel}","templated":true}]}}