               {"id":2565,"date":"2022-03-09T12:23:50","date_gmt":"2022-03-09T11:23:50","guid":{"rendered":"https:\/\/ushagram-suisse.org\/?page_id=2565"},"modified":"2023-03-22T18:58:29","modified_gmt":"2023-03-22T17:58:29","slug":"kcl22-1","status":"publish","type":"page","link":"https:\/\/ushagram-suisse.org\/de\/projets\/institutions-fr\/kcl22-1\/","title":{"rendered":"kcl22-1 &#8211; FR"},"content":{"rendered":"<p>[et_pb_section fb_built=&#8220;1&#8243; fullwidth=&#8220;on&#8220; _builder_version=&#8220;4.16&#8243; background_color=&#8220;#800000&#8243; use_background_color_gradient=&#8220;on&#8220; background_color_gradient_direction=&#8220;330deg&#8220; background_color_gradient_stops=&#8220;#800000 0%|#E02B20 100%&#8220; background_color_gradient_start=&#8220;#800000&#8243; background_color_gradient_end=&#8220;#E02B20&#8243; global_colors_info=&#8220;{}&#8220;][et_pb_fullwidth_header title=&#8220;Projets institutionnels &#8211; Inde 2022-2023&#8243; subhead=&#8220;Soutien des Communes du Canton de Gen\u00e8ve&#8220; _builder_version=&#8220;4.16&#8243; title_font=&#8220;||||||||&#8220; background_color=&#8220;rgba (89,122,0,0,35)&#8220; use_background_color_gradient=&#8220;on&#8220; background_color_gradient_direction=&#8220;332deg&#8220; global_colors_info=&#8220;{}&#8220; button_one_text_size__hover_enabled=&#8220;off&#8220; button_two_text_size__hover_enabled=&#8220;off&#8220; button_one_text_color__hover_enabled=&#8220;off&#8220; button_two_text_color__hover_enabled=&#8220;off&#8220; button_one_border_width__hover_enabled=&#8220;off&#8220; button_two_border_width__hover_enabled=&#8220;off&#8220; button_one_border_color__hover_enabled=&#8220;off&#8220; button_two_border_color__hover_enabled=&#8220;off&#8220; button_one_border_radius__hover_enabled=&#8220;off&#8220; button_two_border_radius__hover_enabled=&#8220;off&#8220; button_one_letter_spacing__hover_enabled=&#8220;off&#8220; button_two_letter_spacing__hover_enabled=&#8220;off&#8220; button_one_bg_color__hover_enabled=&#8220;off&#8220; button_two_bg_color__hover_enabled=&#8220;off&#8220;]<\/p>\n<p>PROTECTIONS D&#8217;ARBRES RESISTANTES AU BETAIL &#8211; kcl22-1<\/p>\n<p>[\/et_pb_fullwidth_header][\/et_pb_section][et_pb_section fb_built=&#8220;1&#8243; _builder_version=&#8220;4.16&#8243; background_color=&#8220;#fffae9&#8243; global_colors_info=&#8220;{}&#8220;][et_pb_row column_structure=&#8220;3_4,1_4&#8243; _builder_version=&#8220;4.16&#8243; _module_preset=&#8220;default&#8220; custom_padding=&#8220;0px|||||&#8220; global_colors_info=&#8220;{}&#8220;][et_pb_column type=&#8220;3_4&#8243; _builder_version=&#8220;4.16&#8243; _module_preset=&#8220;default&#8220; global_colors_info=&#8220;{}&#8220;][et_pb_text _builder_version=&#8220;4.16&#8243; _module_preset=&#8220;default&#8220; custom_padding=&#8220;4px|||||&#8220; global_colors_info=&#8220;{}&#8220;]<\/p>\n<h4><strong>DEVELOPPEMENT DURABLE PARMI LES AUTOCHTONES EN INDE<\/strong><\/h4>\n<h4>Fiche individuelle : kcl22-1\u00a0 \u00a0 \u00a0 \u00a0 \u00a0 \u00a0 \u00a0 \u00a0 \u00a0 \u00a0 \u00a0 \u00a0 \u00a0 \u00a0 \u00a0 \u00a0 \u00a0 \u00a0 \u00a0 \u00a0 \u00a0 Montants en CHF<br \/>_____________________________________________________________________<\/h4>\n<p><strong>K E C H A L A<\/strong><br \/>Programme de d\u00e9veloppement d&#8217;une zone tribale autochtone<br \/>Population aborig\u00e8ne impact\u00e9e : 2500 personnes, 4 villages<br \/>Ethnie autochtone &#8222;Paraja&#8220;. District de Koraput. Etat d&#8217;Orissa. Inde<br \/>Responsable : M. Pranjal Jauhar, Auro Mira Service Society, New Delhi, Inde<br \/><span style=\"color: #333333; font-size: 18px;\">_____________________________________________________________________<\/span><\/p>\n<h4><strong>P R O J E T\u00a0 D E\u00a0 P E R E N N I S A T I O N<\/strong><\/h4>\n<h4><\/h4>\n<h4>1) INSTALLATION DE BIOGAZ COUPLEE A L&#8217;ETABLE<\/h4>\n<p><span style=\"font-size: 14px;\"><\/span><\/p>\n<p>Co\u00fbt de l&#8217;installation TTC : <em>115&#8217;000 INR<\/em> \/ 1 533 Fr<br \/>Pi\u00e8ces et accessoires : <em>10&#8217;000 INR<\/em> \/ 133 Fr<br \/>Ma\u00e7onnerie : <em>25 000 INR<\/em> \/ 333 Fr<br \/>MO et transport inclus : <em>20&#8217;000 INR<\/em> \/ 267 Fr<br \/>Assistance fournie par l&#8217;ONG locale\u00a0<\/p>\n<p><strong>TOTAL CHF 2&#8217;267.-<\/strong><\/p>\n<p><span style=\"font-size: 18px; color: #333333;\">_____________________________________________________________________<\/span><\/p>\n<h4><\/h4>\n<h4>Descriptif<\/h4>\n<p>Le pensionnat de Kechala accueillait 120 enfants en 2019. Du fait de la crise sanitaire, plus de villageois ont confi\u00e9 leurs enfants \u00e0 l&#8217;organisation locale afin qu&#8217;ils puissent \u00eatre prot\u00e9g\u00e9s dans un environnement plus sain. La population du pensionnat a donc augment\u00e9 d&#8217;environ 50% pour accueillir jusqu&#8217;\u00e0 180 enfants au plus fort de la crise.<\/p>\n<p>Faire la cuisine pour ces enfants et adolescents et le personnel encadrant n\u00e9cessite beaucoup de combustible : \u00e0 raison de trois repas quotidiens, cela repr\u00e9sente entre 5 et 600 repas par jour. Jusqu&#8217;\u00e0 r\u00e9cemment, seul le bois \u00e9tait utilis\u00e9, comme partout ailleurs dans les campagnes, ce qui n&#8217;est pas \u00e9cologiquement durable. En 2021, l&#8217;organisation locale est pass\u00e9e au gaz en bombonnes achet\u00e9es au march\u00e9 local. Mais cette source d&#8217;\u00e9nergie est ch\u00e8re et difficilement transportable, vu l&#8217;\u00e9loignement du site.<\/p>\n<p>Dans le souci de fournir une nourriture saine et \u00e9quilibr\u00e9e, gr\u00e2ce aux financements des Communes du Canton de Gen\u00e8ve, nous avons pu par le pass\u00e9 installer une \u00e9table et acheter des vaches. Nous en avons toujours une dizaine et collectons environ 60 \u00e0 80 litres de lait par jour. Le projet vise \u00e0 utiliser le fumier de l&#8217;\u00e9table pour produire du biogaz pour la cuisine. Celui-ci est une source d&#8217;\u00e9nergie renouvelable et propre, le gaz g\u00e9n\u00e9r\u00e9 par la bio-digestion \u00e9tant non polluant.<\/p>\n<p>Le projet propos\u00e9 n\u00e9cessite l&#8217;installation d&#8217;une installation d&#8217;un ballon de biogaz constitu\u00e9e d&#8217;un sac dans un plastique sp\u00e9cial ou en caoutchouc thermoscell\u00e9 qui recevra le digesteur et le gazom\u00e8tre. Le gaz est stock\u00e9 dans la partie sup\u00e9rieure du ballon. L&#8217;entr\u00e9e et la sortie sont fix\u00e9es directement sur la surface du ballon. La pression du gaz peut \u00eatre augment\u00e9e en pla\u00e7ant des poids sur le ballon. La dur\u00e9e de vie utile du sac ne d\u00e9passe g\u00e9n\u00e9ralement pas 5 ans mais son entretien est nettement plus bas que celui des installation traditionnelles en dur. Par ailleurs, le ballon sera enterr\u00e9 et prot\u00e9g\u00e9 par un muret. Des entreprises nationales sont sp\u00e9cialis\u00e9es dans cette technologie et sa mise en \u0153uvre. Le reste de la main d&#8217;\u0153uvre sera fournie gratuitement par le site.<\/p>\n<p><span style=\"font-size: 14px;\">.<\/span><\/p>\n<p>.<\/p>\n<p>[\/et_pb_text][\/et_pb_column][et_pb_column type=&#8220;1_4&#8243; _builder_version=&#8220;4.16&#8243; _module_preset=&#8220;default&#8220; global_colors_info=&#8220;{}&#8220;][et_pb_text _builder_version=&#8220;4.16&#8243; _module_preset=&#8220;default&#8220; background_color=&#8220;rgba(43,135,218,0.33)&#8220; custom_padding=&#8220;10px|10px|10px|10px|false|false&#8220; border_radii=&#8220;on|10px|10px|10px|10px&#8220; box_shadow_style=&#8220;preset2&#8243; global_colors_info=&#8220;{}&#8220;]<\/p>\n<h4><span style=\"font-size: 18px;\"><a href=\"https:\/\/ushagram-suisse.org\/projets\/institutions-fr\/\"><strong><em>&lt;&lt;&lt; <span style=\"text-decoration: underline;\"><span style=\"text-decoration-line: underline;\">retour a<\/span><\/span><span style=\"text-decoration: underline;\">u r\u00e9capitulatif de l&#8217;ann\u00e9e<\/span><\/em><\/strong><\/a><\/span><\/h4>\n<p><a href=\"https:\/\/ushagram-suisse.org\/documents\/\"><\/a><\/p>\n<p>[\/et_pb_text][et_pb_text _builder_version=&#8220;4.16&#8243; _module_preset=&#8220;default&#8220; background_color=&#8220;rgba(63,150,6,0.36)&#8220; custom_padding=&#8220;20px|20px|20px|20px|false|false&#8220; border_radii=&#8220;on|10px|10px|10px|10px&#8220; box_shadow_style=&#8220;preset2&#8243; locked=&#8220;off&#8220; global_colors_info=&#8220;{}&#8220;]<\/p>\n<p><b>FICHE PROJET + PHOTOS<\/b><\/p>\n<p><a href=\"https:\/\/ushagram-suisse.org\/wp-content\/uploads\/2022\/03\/KCL1-22-RV.pdf\" target=\"_blank\" rel=\"noopener noreferrer\"><b><img loading=\"lazy\" decoding=\"async\" src=\"https:\/\/ushagram-suisse.org\/wp-content\/uploads\/2020\/12\/pdf-foto.png\" alt=\"\" class=\"wp-image-598 alignnone size-full\" width=\"134\" height=\"40\" \/><\/b><\/a><\/p>\n<p>[\/et_pb_text][et_pb_text _builder_version=&#8220;4.16&#8243; _module_preset=&#8220;default&#8220; background_color=&#8220;rgba(255,164,61,0.38)&#8220; custom_padding=&#8220;20px|20px|20px|20px|false|false&#8220; border_radii=&#8220;on|10px|10px|10px|10px&#8220; box_shadow_style=&#8220;preset2&#8243; global_colors_info=&#8220;{}&#8220; locked=&#8220;off&#8220;]<\/p>\n<p><strong style=\"font-size: 14px;\">GALERIES DE PHOTOS<\/strong><\/p>\n<p><strong>&gt; <a href=\"https:\/\/photos.app.goo.gl\/bcGCrW2UqgMtqMPW8\" target=\"_blank\" rel=\"noopener noreferrer\">2020<\/a><\/strong><\/p>\n<p><strong>&gt; <a href=\"https:\/\/photos.app.goo.gl\/w6xsY6Z46DPi9F5j6\" target=\"_blank\" rel=\"noopener noreferrer\">2019<\/a><\/strong><\/p>\n<p><strong>&gt; <a href=\"http:\/\/tinyurl.com\/ind2018-4\" target=\"_blank\" rel=\"noopener noreferrer\">2018<\/a><br \/><\/strong><\/p>\n<p><strong>&gt; <a href=\"https:\/\/goo.gl\/vJ28kZ\" target=\"_blank\" rel=\"noopener noreferrer\">2017<\/a><br \/><\/strong><strong><\/strong><\/p>\n<p><strong>&gt; <a href=\"https:\/\/picasaweb.google.com\/108579787891121262922\/PROTECTIONSARBRES2015?authuser=0&amp;authkey=Gv1sRgCJyD156N0ZPIEw&amp;feat=directlink\" target=\"_blank\" rel=\"noopener noreferrer\">2015<\/a><\/strong><\/p>\n<p><strong><a href=\"https:\/\/plus.google.com\/photos\/108579787891121262922\/albums\/5992272672812988801?authkey=CLv_teS7vMfQag\" target=\"_blank\" rel=\"noopener noreferrer\">Protections existantes<\/a><\/strong><\/p>\n<p><a href=\"https:\/\/ushagram-suisse.org\/wp-content\/uploads\/2020\/12\/systeme-educatif-a-Kechala.pdf\" target=\"_blank\" rel=\"noopener noreferrer\"><\/a><\/p>\n<p>[\/et_pb_text][et_pb_text _builder_version=&#8220;4.16&#8243; _module_preset=&#8220;default&#8220; background_color=&#8220;rgba(224,153,0,0.24)&#8220; custom_padding=&#8220;20px|20px|20px|20px|false|false&#8220; border_radii=&#8220;on|10px|10px|10px|10px&#8220; box_shadow_style=&#8220;preset2&#8243; global_colors_info=&#8220;{}&#8220;]<\/p>\n<p><span style=\"font-size: 14px;\">Voir la liste de documents associatifs usuels relatifs aux demandes \u00e0 la page <\/span><a href=\"https:\/\/ushagram-suisse.org\/documents-fr\/\" target=\"_blank\" rel=\"noopener\"><strong style=\"font-size: 14px;\">&#8222;Documents&#8220;<\/strong><\/a><\/p>\n<p><a href=\"https:\/\/ushagram-suisse.org\/documents-fr\/\" target=\"_blank\" rel=\"noopener\"><img loading=\"lazy\" decoding=\"async\" src=\"http:\/\/ushagram-suisse.org\/wp-content\/uploads\/2020\/12\/pdf-203x300.png\" alt=\"\" class=\"wp-image-358 alignnone size-medium\" width=\"47\" height=\"69\" \/><\/a><\/p>\n<p>[\/et_pb_text][\/et_pb_column][\/et_pb_row][\/et_pb_section][et_pb_section fb_built=&#8220;1&#8243; _builder_version=&#8220;4.9.0&#8243; _module_preset=&#8220;default&#8220; background_color=&#8220;#5b5b5b&#8220; global_module=&#8220;1616&#8243; global_colors_info=&#8220;{}&#8220;][et_pb_row column_structure=&#8220;1_4,1_4,1_4,1_4&#8243; _builder_version=&#8220;4.16&#8243; _module_preset=&#8220;default&#8220; global_colors_info=&#8220;{}&#8220;][et_pb_column type=&#8220;1_4&#8243; _builder_version=&#8220;4.16&#8243; _module_preset=&#8220;default&#8220; global_colors_info=&#8220;{}&#8220;][et_pb_image src=&#8220;http:\/\/ushagram-suisse.org\/wp-content\/uploads\/2021\/03\/UG-logo_transp.png&#8220; title_text=&#8220;UG-logo_transp&#8220; url=&#8220;https:\/\/ushagram-suisse.org\/&#8220; _builder_version=&#8220;4.16&#8243; _module_preset=&#8220;default&#8220; custom_margin=&#8220;0px||0px||false|false&#8220; custom_padding=&#8220;0px||0px||false|false&#8220; global_colors_info=&#8220;{}&#8220;][\/et_pb_image][\/et_pb_column][et_pb_column type=&#8220;1_4&#8243; _builder_version=&#8220;4.16&#8243; _module_preset=&#8220;default&#8220; global_colors_info=&#8220;{}&#8220;][et_pb_text _builder_version=&#8220;4.16&#8243; _module_preset=&#8220;default&#8220; global_colors_info=&#8220;{}&#8220;]<\/p>\n<h4><span style=\"color: #e09900;\">A PROPOS<br \/><\/span><\/h4>\n<p><span style=\"color: #ffffff;\"><a href=\"https:\/\/ushagram-suisse.org\/apropos\/\" style=\"color: #ffffff;\">Qui nous sommes<\/a><\/span><br \/><span style=\"color: #ffffff;\"> <a href=\"https:\/\/ushagram-suisse.org\/equipe\/\" style=\"color: #ffffff;\">Equipe et contacts<\/a><a href=\"https:\/\/ushagram-suisse.org\/en\/team\/\" style=\"color: #ffffff;\"><\/a><\/span><br \/><a href=\"https:\/\/ushagram-suisse.org\/infos\/\"><span style=\"color: #ffffff;\">Infos<\/span><\/a><br \/><span style=\"color: #ffffff;\"><a href=\"https:\/\/ushagram-suisse.org\/documents-fr\/\" style=\"color: #ffffff;\">Documents<\/a><\/span><\/p>\n<p>[\/et_pb_text][\/et_pb_column][et_pb_column type=&#8220;1_4&#8243; _builder_version=&#8220;4.16&#8243; _module_preset=&#8220;default&#8220; global_colors_info=&#8220;{}&#8220;][et_pb_text _builder_version=&#8220;4.16&#8243; _module_preset=&#8220;default&#8220; global_colors_info=&#8220;{}&#8220;]<\/p>\n<h4><span style=\"color: #e09900;\">ACTION<\/span><\/h4>\n<p><span style=\"color: #ffffff;\"><a href=\"https:\/\/ushagram-suisse.org\/notre-action\/\" style=\"color: #ffffff;\">R\u00e9alisations<\/a><br \/><a href=\"https:\/\/ushagram-suisse.org\/notre-action\/impact-fr\/\" style=\"color: #ffffff;\">Impact<\/a><a href=\"https:\/\/ushagram-suisse.org\/en\/our-action\/impact-en\/\" style=\"color: #ffffff;\"><\/a><br \/><a href=\"https:\/\/ushagram-suisse.org\/projets\/institutions-fr\/\" style=\"color: #ffffff;\">Projets institutionnels<\/a><\/span><br \/><span style=\"color: #ffffff;\"> <a href=\"https:\/\/ushagram-suisse.org\/particuliers\/\" style=\"color: #ffffff;\">Initiatives priv\u00e9es<\/a><\/span><br \/><span style=\"color: #ffffff;\"> <a href=\"https:\/\/ushagram-suisse.org\/en\/our-action\/impact-en\/\" style=\"color: #ffffff;\"><br \/><\/a><a href=\"https:\/\/ushagram-suisse.org\/documents-fr\/\" style=\"color: #ffffff;\"><\/a><\/span><\/p>\n<p>[\/et_pb_text][\/et_pb_column][et_pb_column type=&#8220;1_4&#8243; _builder_version=&#8220;4.16&#8243; _module_preset=&#8220;default&#8220; global_colors_info=&#8220;{}&#8220;][et_pb_text _builder_version=&#8220;4.16&#8243; _module_preset=&#8220;default&#8220; custom_padding=&#8220;||0px|||&#8220; global_colors_info=&#8220;{}&#8220;]<\/p>\n<h4><span style=\"color: #e09900;\">SOUTIEN<\/span><\/h4>\n<p><span style=\"color: #ffffff;\"><a href=\"https:\/\/ushagram-suisse.org\/en\/support\/\" style=\"color: #ffffff;\"><\/a><a href=\"https:\/\/ushagram-suisse.org\/soutien\/\" style=\"color: #ffffff;\">Devenir membre<\/a><\/span><br \/><span style=\"color: #ffffff;\"><a href=\"https:\/\/ushagram-suisse.org\/soutien\/\" style=\"color: #ffffff;\"> Don ponctuel<\/a><\/span><br \/><span style=\"color: #ffffff;\"><a href=\"https:\/\/ushagram-suisse.org\/soutien\/\" style=\"color: #ffffff;\"> Cofinancer un projet<\/a><\/span><br \/><span style=\"color: #ffffff;\"><a href=\"https:\/\/ushagram-suisse.org\/projets\/particuliers\/volontariat\/\" title=\"Volontariat en Inde\" style=\"color: #ffffff;\"> Volontariat en Inde<\/a><\/span><a href=\"https:\/\/ushagram-suisse.org\/en\/projects\/individuals\/volunteering\/\"><span style=\"color: #f9f9f9;\"><\/span><\/a><\/p>\n<p>[\/et_pb_text][\/et_pb_column][\/et_pb_row][\/et_pb_section]<\/p>\n","protected":false},"excerpt":{"rendered":"<p>PROTECTIONS D&#8217;ARBRES RESISTANTES AU BETAIL &#8211; kcl22-1DEVELOPPEMENT DURABLE PARMI LES AUTOCHTONES EN INDE Fiche individuelle : kcl22-1\u00a0 \u00a0 \u00a0 \u00a0 \u00a0 \u00a0 \u00a0 \u00a0 \u00a0 \u00a0 \u00a0 \u00a0 \u00a0 \u00a0 \u00a0 \u00a0 \u00a0 \u00a0 \u00a0 \u00a0 \u00a0 Montants en CHF_____________________________________________________________________ K E C H A L AProgramme de d\u00e9veloppement d&#8217;une zone tribale autochtonePopulation aborig\u00e8ne impact\u00e9e [&hellip;]<\/p>\n","protected":false},"author":1,"featured_media":0,"parent":2516,"menu_order":0,"comment_status":"closed","ping_status":"closed","template":"","meta":{"_et_pb_use_builder":"on","_et_pb_old_content":"","_et_gb_content_width":"","footnotes":""},"categories":[18],"tags":[],"class_list":["post-2565","page","type-page","status-publish","hentry","category-internalp-categ-fr"],"_links":{"self":[{"href":"https:\/\/ushagram-suisse.org\/de\/wp-json\/wp\/v2\/pages\/2565","targetHints":{"allow":["GET"]}}],"collection":[{"href":"https:\/\/ushagram-suisse.org\/de\/wp-json\/wp\/v2\/pages"}],"about":[{"href":"https:\/\/ushagram-suisse.org\/de\/wp-json\/wp\/v2\/types\/page"}],"author":[{"embeddable":true,"href":"https:\/\/ushagram-suisse.org\/de\/wp-json\/wp\/v2\/users\/1"}],"replies":[{"embeddable":true,"href":"https:\/\/ushagram-suisse.org\/de\/wp-json\/wp\/v2\/comments?post=2565"}],"version-history":[{"count":5,"href":"https:\/\/ushagram-suisse.org\/de\/wp-json\/wp\/v2\/pages\/2565\/revisions"}],"predecessor-version":[{"id":3473,"href":"https:\/\/ushagram-suisse.org\/de\/wp-json\/wp\/v2\/pages\/2565\/revisions\/3473"}],"up":[{"embeddable":true,"href":"https:\/\/ushagram-suisse.org\/de\/wp-json\/wp\/v2\/pages\/2516"}],"wp:attachment":[{"href":"https:\/\/ushagram-suisse.org\/de\/wp-json\/wp\/v2\/media?parent=2565"}],"wp:term":[{"taxonomy":"category","embeddable":true,"href":"https:\/\/ushagram-suisse.org\/de\/wp-json\/wp\/v2\/categories?post=2565"},{"taxonomy":"post_tag","embeddable":true,"href":"https:\/\/ushagram-suisse.org\/de\/wp-json\/wp\/v2\/tags?post=2565"}],"curies":[{"name":"wp","href":"https:\/\/api.w.org\/{rel}","templated":true}]}}