               {"id":185,"date":"2020-12-26T19:13:16","date_gmt":"2020-12-26T18:13:16","guid":{"rendered":"https:\/\/new.ushagram-suisse.org\/?page_id=185"},"modified":"2021-03-01T11:14:23","modified_gmt":"2021-03-01T10:14:23","slug":"senegal1","status":"publish","type":"page","link":"https:\/\/ushagram-suisse.org\/de\/projets\/particuliers\/senegal1\/","title":{"rendered":"Projet 2020 au S\u00e9n\u00e9gal &#8211; FR"},"content":{"rendered":"<p>[et_pb_section fb_built=&#8220;1&#8243; fullwidth=&#8220;on&#8220; _builder_version=&#8220;4.7.7&#8243; background_color=&#8220;#800000&#8243; use_background_color_gradient=&#8220;on&#8220; background_color_gradient_start=&#8220;#800000&#8243; background_color_gradient_end=&#8220;#E02B20&#8243; background_color_gradient_direction=&#8220;330deg&#8220; locked=&#8220;off&#8220;][et_pb_fullwidth_header title=&#8220;Aide ponctuelle au S\u00e9n\u00e9gal&#8220; subhead=&#8220;Recherche de fonds priv\u00e9e &#8211; 2020&#8243; _builder_version=&#8220;4.7.7&#8243; title_font=&#8220;||||||||&#8220; background_color=&#8220;rgba (89,122,0,0,35)&#8220; use_background_color_gradient=&#8220;on&#8220; background_color_gradient_direction=&#8220;332deg&#8220; button_one_text_size__hover_enabled=&#8220;off&#8220; button_two_text_size__hover_enabled=&#8220;off&#8220; button_one_text_color__hover_enabled=&#8220;off&#8220; button_two_text_color__hover_enabled=&#8220;off&#8220; button_one_border_width__hover_enabled=&#8220;off&#8220; button_two_border_width__hover_enabled=&#8220;off&#8220; button_one_border_color__hover_enabled=&#8220;off&#8220; button_two_border_color__hover_enabled=&#8220;off&#8220; button_one_border_radius__hover_enabled=&#8220;off&#8220; button_two_border_radius__hover_enabled=&#8220;off&#8220; button_one_letter_spacing__hover_enabled=&#8220;off&#8220; button_two_letter_spacing__hover_enabled=&#8220;off&#8220; button_one_bg_color__hover_enabled=&#8220;off&#8220; button_two_bg_color__hover_enabled=&#8220;off&#8220;][\/et_pb_fullwidth_header][\/et_pb_section][et_pb_section fb_built=&#8220;1&#8243; _builder_version=&#8220;4.7.7&#8243; background_color=&#8220;#fffae9&#8243;][et_pb_row column_structure=&#8220;3_5,2_5&#8243; _builder_version=&#8220;3.25&#8243; background_size=&#8220;initial&#8220; background_position=&#8220;top_left&#8220; background_repeat=&#8220;repeat&#8220;][et_pb_column type=&#8220;3_5&#8243; _builder_version=&#8220;3.25&#8243; custom_padding=&#8220;|||&#8220; custom_padding__hover=&#8220;|||&#8220;][et_pb_text _builder_version=&#8220;4.7.7&#8243; background_size=&#8220;initial&#8220; background_position=&#8220;top_left&#8220; background_repeat=&#8220;repeat&#8220; width=&#8220;103.3%&#8220; min_height=&#8220;408px&#8220; custom_margin=&#8220;|-60px||||&#8220; custom_padding=&#8220;|3px||||&#8220;]<\/p>\n<h2>RACCORDEMENT DE L&#8217;ECOLE A UN PUITS<br \/> ASSAINISSEMENT DES SANITAIRES (sn20-1)<\/h2>\n<p><strong>Projet ponctuel d&#8217;aide au d\u00e9veloppement d&#8217;une \u00e9cole primaire<br \/> <\/strong><em>B\u00e9n\u00e9ficiaires : 680 enfants et 15 enseignants du village de Keur Samba, Mbour<\/em><br \/> Responsables locaux : M. Mademba Diop, agronome, Pr\u00e9s. du Comit\u00e9 de gestion de l&#8217;\u00e9cole ; M. Sall, directeur de l&#8217;\u00e9cole.<\/p>\n<p><strong><img loading=\"lazy\" decoding=\"async\" src=\"http:\/\/ushagram-suisse.org\/wp-content\/uploads\/2021\/01\/kids-keurs-1024x597.jpg\" alt=\"\" class=\"wp-image-886 alignnone size-large\" width=\"1024\" height=\"597\" \/><br \/> BUDGET<\/strong><\/p>\n<p><strong style=\"font-size: 14px;\">Plomberie<\/strong><\/p>\n<p>Tuyau de PVC de 25mm, longueur 200m =<span>\u00a0<\/span><em>donn\u00e9<\/em><br \/> Pompe \u00e0 immersion =<span>\u00a0<\/span><em>140 000 FCFA<\/em><span>\u00a0<\/span>= 215 EUR<br \/> Raccordement \u00e9lectrique = 40 000 FCFA = 62 EUR<br \/> Accessoires et fournitures = 95 000 FCFA = 146 EUR<br \/> Main d&#8217;\u0153uvre (3 jours, 2 pers.) = 80 000 FCFA = 123 EUR<\/p>\n<p><strong>SOUS-TOTAL PLOMBERIE = 355 000 FCFA = 545 EUR<\/strong><\/p>\n<p><strong>Divers travaux de r\u00e9fection<\/strong><br \/> (R\u00e9fection sanitaires, vidange fosses, r\u00e9fection dalles, s\u00e9curisation etc.)<br \/> Mat\u00e9riel = 149 000 FCFA = 201 EUR<br \/> Main d&#8217;\u0153uvre = 80 000 FCFA = 120 EUR<br \/> Vidange des fosses septiques et d\u00e9bouchage = 50 000 = 75 EUR<br \/> Coordination locale = 30 000 FCFA = 45 EUR<\/p>\n<p><strong>SOUS-TOTAL TRAVAUX REFECTION = 279 000 FCFA = 464 EUR<\/strong><\/p>\n<p>Frais de montage, gestion et suivi de projet = gratuit<br \/> <em>100% des fonds collect\u00e9s vont au projet sur le terrain !<\/em><\/p>\n<p><em><strong>GRAND TOTAL = 1 009 EUR<\/strong><\/em><\/p>\n<p><span style=\"font-size: 14px;\">_________________________________________________________________<\/span><\/p>\n<p><strong>DESCRIPTIF<br \/> <\/strong><br \/> Les 680 enfants des 12 classes que comptent l&#8217;\u00e9cole publique de Keur Samba Laob\u00e9 dans la Municipalit\u00e9 de Malicounda, n&#8217;ont pas d&#8217;acc\u00e8s \u00e0 l&#8217;eau. Ils doivent sortir individuellement de l&#8217;enceinte de l&#8217;\u00e9cole, traverser la place, demander la permission aux voisins et s&#8217;approvisionner chez eux.<\/p>\n<p>C&#8217;est le cas pour l&#8217;eau potable mais aussi pour l&#8217;eau n\u00e9cessaire \u00e0 leurs besoins. L&#8217;\u00e9cole abrite des toilettes mais elles ne disposent pas d&#8217;eau&#8230;<\/p>\n<p>M\u00eame si cette \u00e9cole cr\u00e9\u00e9e en 1998 est publique, l&#8217;Etat n&#8217;a pas les moyens de subvenir \u00e0 son d\u00e9veloppement. Elle doit recevoir une subvention annuelle mais celle-ci n&#8217;a pas \u00e9t\u00e9 pay\u00e9e depuis octobre dernier. L&#8217;aide est donc n\u00e9cessaire pour subvenir \u00e0 ses besoins essentiels. Les frais de scolarit\u00e9 sont de 1&#8217;500 FCFA \/ an (2,30 euros) mais seuls 65% des parents la paye.<\/p>\n<p>Un puits se situe dans l&#8217;enceinte de l&#8217;\u00e9cole mais il est \u00e0 sec. Il faudra le creuser \u00e0 terme. En attendant nous pouvons nous connecter \u00e0 un puits voisin. Voir projet ci-dessous.<\/p>\n<p>Vu le montant modeste que repr\u00e9sente ce besoin, cette recherche de fonds se fera parmi nos r\u00e9seaux priv\u00e9s de relations et connaissances.<\/p>\n<p><strong>LA CRECHE&#8230;<\/strong><\/p>\n<p>La cr\u00e8che h\u00e9berg\u00e9e dans l&#8217;enceinte de l&#8217;\u00e9cole consiste en une salle recouverte de t\u00f4le ondul\u00e9e avec du sable et quelques tapis par terre et deux ouvertures de fen\u00eatres&#8230; Elle est constitu\u00e9e de 40 enfants et 3 institutrices. Tout surplus collect\u00e9 ira \u00e0 son am\u00e9nagement et \u00e0 l&#8217;achat de jouets \/ jeux et supports p\u00e9dagogiques.<\/p>\n<p><strong>LES AUTRES BESOINS&#8230;<\/strong><\/p>\n<p>L&#8217;acc\u00e8s \u00e0 l&#8217;eau n&#8217;est pas le seul besoin dans le contexte de cette \u00e9cole&#8230; Il n&#8217;y a que 175 tables-bancs asseyant 325 enfants sur 680, les salles de classes sont d\u00e9labr\u00e9es, il n&#8217;y a pas d&#8217;\u00e9quipement (ni sportif, ni \u00e9ducatif). Les instituteurs n&#8217;ont pas de salle de classe, etc. Il n&#8217;y a ni ordinateurs ni acc\u00e8s \u00e0 internet, ni biblioth\u00e8que etc&#8230;<\/p>\n<p><span>***********<\/span><\/p>\n<p><strong>LOCALISATION<\/strong><\/p>\n<p>La Commune rurale de Malicounda o\u00f9 se trouve l&#8217;\u00e9cole est voisine (2km) de la ville de Mbour de 770&#8217;000 habitants et de la station baln\u00e9aire de Saly avec ses complexes h\u00f4teliers pour touristes. Mais elle ne b\u00e9n\u00e9ficie pas de cette affluence. La zone reste rurale et d\u00e9munie comme isol\u00e9e de ses Communes voisines.<\/p>\n<p><a href=\"https:\/\/goo.gl\/maps\/FBipzR4TCgDLHp2w9\">https:\/\/goo.gl\/maps\/FBipzR4TCgDLHp2w9<\/a><\/p>\n<p>La Municipalit\u00e9 de Malicounda abrite 40 \u00e9coles comme celles-ci. L&#8217;\u00e9tablissement de Keur Samba Laob\u00e9 est class\u00e9 4\u00e8me avec 72% de taux de r\u00e9ussite.<\/p>\n<p><span style=\"font-size: 14px;\"><\/span><\/p>\n<p>[\/et_pb_text][\/et_pb_column][et_pb_column type=&#8220;2_5&#8243; _builder_version=&#8220;3.25&#8243; custom_padding=&#8220;|||&#8220; custom_padding__hover=&#8220;|||&#8220;][et_pb_text _builder_version=&#8220;4.9.0&#8243; _module_preset=&#8220;default&#8220; width=&#8220;91.6%&#8220; custom_padding=&#8220;2px|||||&#8220;]<\/p>\n<h3><span style=\"color: #ff0000;\"><strong>CE PROJET EST CL\u00d4TUR\u00c9 !<\/strong><\/span><\/h3>\n<p><span style=\"color: #ff0000;\"><em>Rapport de r\u00e9alisation \u00e0 para\u00eetre en mars 21<\/em><\/span><\/p>\n<p><a href=\"https:\/\/photos.app.goo.gl\/o1yyLdc6Kid8KbPk9\" target=\"_blank\" rel=\"noopener noreferrer\"><span style=\"color: #ff0000;\"><em>&gt; Galerie de photos<\/em><\/span><\/a><\/p>\n<p><span style=\"color: #ff0000;\"><em><\/em><\/span><\/p>\n<p><span style=\"color: #ff0000;\"><em><\/em><\/span><\/p>\n<p><span style=\"color: #ff0000;\"><em><\/em><\/span><\/p>\n<p><span style=\"color: #ff0000;\"><em><\/em><\/span><\/p>\n<p>[\/et_pb_text][et_pb_text _builder_version=&#8220;4.7.7&#8243; _module_preset=&#8220;default&#8220; width=&#8220;91.6%&#8220; custom_padding=&#8220;2px|||||&#8220;]<\/p>\n<p><strong>NOTRE PROJET DE TRAVAUX<\/strong><\/p>\n<p>Pour 1000 euros, il s&#8217;agira de d&#8217;installer une pompe \u00e0 immersion dans un puits voisin et d&#8217;acheminer l&#8217;eau directement aux deux blocs de sanitaires (distants de 200m) et d&#8217;y connecter des robinets. Il faudra par ailleurs rafra\u00eechir les sanitaires, remplacer les cuvettes ab\u00eem\u00e9es et vider les fosses septiques. Il faudra \u00e9galement y installer des portes, r\u00e9parer la toiture, le portail du pr\u00e9au et s\u00e9curiser le pr\u00e9au (afin d\u00e9viter les actes de vandalisme).<br \/>Ceci repr\u00e9sente la premi\u00e8re phase essentielle des besoins.<br \/>Tout surplus de r\u00e9colte de fonds ira aux autres besoins d\u00e9cris ci-dessus (en particulier l&#8217;\u00e9quipement de la cr\u00e8che). Les comptes et d\u00e9penses correspondantes et un rapport d&#8217;ach\u00e8vement seront publi\u00e9s sur cette page.<\/p>\n<p>[\/et_pb_text][et_pb_text _builder_version=&#8220;4.7.7&#8243; _module_preset=&#8220;default&#8220; width=&#8220;91.6%&#8220;]<\/p>\n<p><strong>CONTEXTE NATIONAL<\/strong><\/p>\n<p>Le S\u00e9n\u00e9gal se trouve au 166\u00e8me rang mondial sur 189 en indice de d\u00e9veloppement humain. Il est le 33\u00e8me sur 53 sur le continent africain, proche du score du Soudan et Madagascar. A titre de comparaison, la Mauritanie et Madagascar ont un indice sup\u00e9rieur (source PNUD). La jeunesse repr\u00e9sente plus de 50% de la population. Son taux d&#8217;analphab\u00e9tisme tr\u00e8s \u00e9lev\u00e9 est de 43% (66% chez les femmes). Son PIB par habitant est 163\u00e8me sur 195, avec 2570 USD \/an, ou 7 $ \/jour avec une croissance de 7% par an. Mais sa distribution est hautement in\u00e9galitaire, 5% des m\u00e9nages s&#8217;accaparant 47% des revenus. A titre de comparaison la France est 31\u00e8me, le Royaume Uni 29\u00e8me et la Suisse 9\u00e8me. En 2016, le salaire moyen \u00e9tait de 80 $ \/ mois, la moyenne africaine \u00e9tant de 156 $ et mondiale de 858 $. En 2016, sur 16 millions d&#8217;habitants, la population vivant sous le seuil de pauvret\u00e9 \u00e9tait de 7 millions. Dans les zones rurales, 2 habitants sur trois vivent sous le seuil de pauvret\u00e9. 70% de la population travaille dans l&#8217;agriculture.<\/p>\n<p>[\/et_pb_text][et_pb_text _builder_version=&#8220;4.7.7&#8243; _module_preset=&#8220;default&#8220; width=&#8220;91.6%&#8220;]<\/p>\n<p><strong>LIENS<\/strong><\/p>\n<p><strong>&gt;<\/strong> <a href=\"https:\/\/bit.ly\/33hnW8p\">album de photos<\/a><br \/> <strong>&gt;<\/strong> <a href=\"https:\/\/photos.app.goo.gl\/L1e6siL1ipb7SSHz5\">plan<\/a><br \/> <strong>&gt;<\/strong> <a href=\"https:\/\/goo.gl\/maps\/FBipzR4TCgDLHp2w9\">localisation sur G.-Maps<\/a><\/p>\n<p>&nbsp;<\/p>\n<p>&nbsp;<\/p>\n<p>Budget total :<br \/> 1 009 EUR<\/p>\n<p><em>Tout exc\u00e9dent, le cas \u00e9ch\u00e9ant, ira \u00e0\u00a0<\/em><em>l&#8217;\u00e9quipement de la<\/em><br \/> <em>cr\u00e8che et des classes.<\/em><\/p>\n<p><em>Vos dons seront vers\u00e9s\u00a0<\/em><em>sur le compte Paypal de l&#8217;association et seront transf\u00e9r\u00e9s au Comit\u00e9 de Gestion de l&#8217;Ecole.\u00a0<\/em><em>Nous suivrons personnellement le projet.<\/em><\/p>\n<p><em>Un lien vers le rapport d&#8217;ach\u00e8vement du projet avec comptes et photos sera publi\u00e9 sur cette page et circul\u00e9e (\u00e9galement sur la page Facebook d&#8217;Ushagram Suisse Association).<\/em><\/p>\n<p><em>L&#8217;association Ushagram Suisse, cr\u00e9\u00e9e en 1999, est reconnue d&#8217;utilit\u00e9 publique.<\/em><\/p>\n<p>&nbsp;<\/p>\n<p>[\/et_pb_text][\/et_pb_column][\/et_pb_row][\/et_pb_section][et_pb_section fb_built=&#8220;1&#8243; _builder_version=&#8220;4.9.0&#8243; _module_preset=&#8220;default&#8220; background_color=&#8220;#5b5b5b&#8220; global_module=&#8220;1616&#8243;][et_pb_row column_structure=&#8220;1_4,1_4,1_4,1_4&#8243; _builder_version=&#8220;4.9.0&#8243; _module_preset=&#8220;default&#8220;][et_pb_column type=&#8220;1_4&#8243; _builder_version=&#8220;4.9.0&#8243; _module_preset=&#8220;default&#8220;][et_pb_text _builder_version=&#8220;4.9.0&#8243; _module_preset=&#8220;default&#8220;]<\/p>\n<h4><span style=\"color: #e09900;\">A PROPOS<\/span><\/h4>\n<p><span style=\"color: #f9f9f9;\">Accueil<\/span><br \/><span style=\"color: #f9f9f9;\">Qui nous sommes<\/span><br \/><span style=\"color: #f9f9f9;\">Equipes et contacts<\/span><br \/><span style=\"color: #f9f9f9;\">Documents<\/span><\/p>\n<p>[\/et_pb_text][\/et_pb_column][et_pb_column type=&#8220;1_4&#8243; _builder_version=&#8220;4.9.0&#8243; _module_preset=&#8220;default&#8220;][et_pb_text _builder_version=&#8220;4.9.0&#8243; _module_preset=&#8220;default&#8220;]<\/p>\n<h4><span style=\"color: #e09900;\">PROJETS<\/span><\/h4>\n<p><span style=\"color: #f9f9f9;\">Projets institutionnels<\/span><br \/><span style=\"color: #f9f9f9;\">Initiatives priv\u00e9es<\/span><br \/><span style=\"color: #f9f9f9;\">Notre impact<\/span><\/p>\n<p>[\/et_pb_text][\/et_pb_column][et_pb_column type=&#8220;1_4&#8243; _builder_version=&#8220;4.9.0&#8243; _module_preset=&#8220;default&#8220;][et_pb_text _builder_version=&#8220;4.9.0&#8243; _module_preset=&#8220;default&#8220; custom_padding=&#8220;||0px|||&#8220;]<\/p>\n<h4><span style=\"color: #e09900;\">SOUTIEN<\/span><\/h4>\n<p><span style=\"color: #f9f9f9;\">Cotisation de membre<\/span><br \/><span style=\"color: #f9f9f9;\">Don ponctuel<\/span><br \/><span style=\"color: #f9f9f9;\">Cofinancement de projet<\/span><br \/><span style=\"color: #f9f9f9;\">Volontariat en Inde<\/span><\/p>\n<p>[\/et_pb_text][\/et_pb_column][et_pb_column type=&#8220;1_4&#8243; _builder_version=&#8220;4.9.0&#8243; _module_preset=&#8220;default&#8220;][et_pb_text _builder_version=&#8220;4.9.0&#8243; _module_preset=&#8220;default&#8220;]<\/p>\n<h4><span style=\"color: #e09900;\">INFOS<\/span><\/h4>\n<p><span style=\"color: #f9f9f9;\">Actualit\u00e9s de Facebook<\/span><br \/><span style=\"color: #f9f9f9;\">Newsletter<br \/>&#8211;<br \/>(mini form)<br \/><\/span><\/p>\n<p>[\/et_pb_text][\/et_pb_column][\/et_pb_row][\/et_pb_section]<\/p>\n","protected":false},"excerpt":{"rendered":"<p>RACCORDEMENT DE L&#8217;ECOLE A UN PUITS ASSAINISSEMENT DES SANITAIRES (sn20-1) Projet ponctuel d&#8217;aide au d\u00e9veloppement d&#8217;une \u00e9cole primaire B\u00e9n\u00e9ficiaires : 680 enfants et 15 enseignants du village de Keur Samba, Mbour Responsables locaux : M. Mademba Diop, agronome, Pr\u00e9s. du Comit\u00e9 de gestion de l&#8217;\u00e9cole ; M. Sall, directeur de l&#8217;\u00e9cole. BUDGET Plomberie Tuyau de [&hellip;]<\/p>\n","protected":false},"author":1,"featured_media":0,"parent":297,"menu_order":0,"comment_status":"closed","ping_status":"closed","template":"","meta":{"_et_pb_use_builder":"on","_et_pb_old_content":"","_et_gb_content_width":"","footnotes":""},"categories":[18],"tags":[],"class_list":["post-185","page","type-page","status-publish","hentry","category-internalp-categ-fr"],"_links":{"self":[{"href":"https:\/\/ushagram-suisse.org\/de\/wp-json\/wp\/v2\/pages\/185","targetHints":{"allow":["GET"]}}],"collection":[{"href":"https:\/\/ushagram-suisse.org\/de\/wp-json\/wp\/v2\/pages"}],"about":[{"href":"https:\/\/ushagram-suisse.org\/de\/wp-json\/wp\/v2\/types\/page"}],"author":[{"embeddable":true,"href":"https:\/\/ushagram-suisse.org\/de\/wp-json\/wp\/v2\/users\/1"}],"replies":[{"embeddable":true,"href":"https:\/\/ushagram-suisse.org\/de\/wp-json\/wp\/v2\/comments?post=185"}],"version-history":[{"count":14,"href":"https:\/\/ushagram-suisse.org\/de\/wp-json\/wp\/v2\/pages\/185\/revisions"}],"predecessor-version":[{"id":1656,"href":"https:\/\/ushagram-suisse.org\/de\/wp-json\/wp\/v2\/pages\/185\/revisions\/1656"}],"up":[{"embeddable":true,"href":"https:\/\/ushagram-suisse.org\/de\/wp-json\/wp\/v2\/pages\/297"}],"wp:attachment":[{"href":"https:\/\/ushagram-suisse.org\/de\/wp-json\/wp\/v2\/media?parent=185"}],"wp:term":[{"taxonomy":"category","embeddable":true,"href":"https:\/\/ushagram-suisse.org\/de\/wp-json\/wp\/v2\/categories?post=185"},{"taxonomy":"post_tag","embeddable":true,"href":"https:\/\/ushagram-suisse.org\/de\/wp-json\/wp\/v2\/tags?post=185"}],"curies":[{"name":"wp","href":"https:\/\/api.w.org\/{rel}","templated":true}]}}