               {"id":1237,"date":"2021-02-15T15:45:15","date_gmt":"2021-02-15T14:45:15","guid":{"rendered":"http:\/\/ushagram-suisse.org\/?page_id=1237"},"modified":"2021-07-25T19:34:14","modified_gmt":"2021-07-25T17:34:14","slug":"kcl21-3","status":"publish","type":"page","link":"https:\/\/ushagram-suisse.org\/de\/projets\/institutions-fr\/institutions-2021\/kcl21-3\/","title":{"rendered":"kcl21-3 &#8211; FR"},"content":{"rendered":"<p>[et_pb_section fb_built=&#8220;1&#8243; fullwidth=&#8220;on&#8220; _builder_version=&#8220;4.7.7&#8243; background_color=&#8220;#800000&#8243; use_background_color_gradient=&#8220;on&#8220; background_color_gradient_start=&#8220;#800000&#8243; background_color_gradient_end=&#8220;#E02B20&#8243; background_color_gradient_direction=&#8220;330deg&#8220;][et_pb_fullwidth_header title=&#8220;Projets institutionnels &#8211; Inde 2021-2022&#8243; subhead=&#8220;Soutien des Communes du Canton de Gen\u00e8ve&#8220; _builder_version=&#8220;4.7.7&#8243; title_font=&#8220;||||||||&#8220; background_color=&#8220;rgba (89,122,0,0,35)&#8220; use_background_color_gradient=&#8220;on&#8220; background_color_gradient_direction=&#8220;332deg&#8220; button_one_text_size__hover_enabled=&#8220;off&#8220; button_two_text_size__hover_enabled=&#8220;off&#8220; button_one_text_color__hover_enabled=&#8220;off&#8220; button_two_text_color__hover_enabled=&#8220;off&#8220; button_one_border_width__hover_enabled=&#8220;off&#8220; button_two_border_width__hover_enabled=&#8220;off&#8220; button_one_border_color__hover_enabled=&#8220;off&#8220; button_two_border_color__hover_enabled=&#8220;off&#8220; button_one_border_radius__hover_enabled=&#8220;off&#8220; button_two_border_radius__hover_enabled=&#8220;off&#8220; button_one_letter_spacing__hover_enabled=&#8220;off&#8220; button_two_letter_spacing__hover_enabled=&#8220;off&#8220; button_one_bg_color__hover_enabled=&#8220;off&#8220; button_two_bg_color__hover_enabled=&#8220;off&#8220;]<\/p>\n<p>PROTECTIONS D&#8217;ARBRES RESISTANTES AU BETAIL &#8211; kcl21-3<\/p>\n<p>[\/et_pb_fullwidth_header][\/et_pb_section][et_pb_section fb_built=&#8220;1&#8243; _builder_version=&#8220;4.7.7&#8243; background_color=&#8220;#fffae9&#8243;][et_pb_row column_structure=&#8220;3_4,1_4&#8243; _builder_version=&#8220;4.7.7&#8243; _module_preset=&#8220;default&#8220; custom_padding=&#8220;0px|||||&#8220;][et_pb_column type=&#8220;3_4&#8243; _builder_version=&#8220;4.7.7&#8243; _module_preset=&#8220;default&#8220;][et_pb_text _builder_version=&#8220;4.7.7&#8243; _module_preset=&#8220;default&#8220; custom_padding=&#8220;4px|||||&#8220;]<\/p>\n<h4><strong>DEVELOPPEMENT DURABLE PARMI LES AUTOCHTONES EN INDE<\/strong><\/h4>\n<h4>Fiche individuelle : kcl21-3\u00a0 \u00a0 \u00a0 \u00a0 \u00a0 \u00a0 \u00a0 \u00a0 \u00a0 \u00a0 \u00a0 \u00a0 \u00a0 \u00a0 \u00a0 \u00a0 \u00a0 \u00a0 \u00a0 \u00a0 \u00a0 Montants en CHF<br \/>_____________________________________________________________________<\/h4>\n<p><strong>K E C H A L A<\/strong><br \/>Programme de d\u00e9veloppement d&#8217;une zone tribale autochtone<br \/>Population aborig\u00e8ne impact\u00e9e : 2500 personnes, 4 villages<br \/>Ethnie autochtone &#8222;Paraja&#8220;. District de Koraput. Etat d&#8217;Orissa. Inde<br \/>Responsable : M. Pranjal Jauhar, Auro Mira Service Society, New Delhi, Inde<br \/><span style=\"color: #333333; font-size: 18px;\">_____________________________________________________________________<\/span><\/p>\n<h4><strong>P R O J E T\u00a0 D E\u00a0 P E R E N N I S A T I O N<\/strong><\/h4>\n<h4><\/h4>\n<h4>3) PROTECTIONS D&#8217;ARBRES RESISTANTES AU BETAIL<\/h4>\n<p><span style=\"font-size: 14px;\"><\/span><\/p>\n<p>Co\u00fbt de la protection par plant par an : <em>85 INR<\/em> \/ 1.25 CHF<\/p>\n<p>Pour 2&#8217;000 plants : <em>169&#8217;400 INR<\/em> \/ 2&#8217;510 CHF<\/p>\n<p><strong>TOTAL CHF 2&#8217;510<\/strong><\/p>\n<p><span style=\"font-size: 18px; color: #333333;\">_____________________________________________________________________<\/span><\/p>\n<h4><\/h4>\n<h4>Descriptif<\/h4>\n<p>En 2013, le pourcentage de perte de jeunes plants \u00e9tait de 80%. Nous avions test\u00e9 des protections durables avec support en m\u00e9tal et grillage. Mais de nombreuses installations ont \u00e9t\u00e9 d\u00e9rob\u00e9es et cette option n&#8217;impliquait pas assez les villageois .<\/p>\n<p>Depuis 2014 nous r\u00e9compensons les propri\u00e9taires d&#8217;arbres en leur donnant une r\u00e9mun\u00e9ration. En 2018, celle-ci sera de 70 Roupies (1 Fr) par plant vivant et en bonne sant\u00e9 au bout d&#8217;un an. Les protections traditionnelles sont confectionn\u00e9es avec des broussailles \u00e9pineuses et leur entretien r\u00e9gulier permet ainsi de pr\u00e9server leur efficacit\u00e9.<\/p>\n<p>Cette option a fait ces preuves, le taux de perte \u00e9tant pass\u00e9 en 5 ans de 80 \u00e0 20%. Par ailleurs, il cumule de nombreux avantages : responsabilisation des villageois, implication dans la plantation et r\u00e9mun\u00e9ration pour leur travail.<\/p>\n<p>Afin de perp\u00e9tuer cette r\u00e9ussite nous avons besoin de financer ce programme jusqu&#8217;\u00e0 ce que les nouvelles plantations arrivent \u00e0 maturit\u00e9 et parviennent \u00e0 une taille suffisante pour r\u00e9sister aux agressions du b\u00e9tail. En g\u00e9n\u00e9ral sauf al\u00e9a climatique particulier, cela prend 3 \u00e0 4 ans. Avec les r\u00e9coltes, les habitants diversifient leur alimentation et leurs sources de revenus (+30% en moyenne, soit 1&#8217;250 Roupies ou 17 Fr par mois en plus).<\/p>\n<p>.[\/et_pb_text][\/et_pb_column][et_pb_column type=&#8220;1_4&#8243; _builder_version=&#8220;4.7.7&#8243; _module_preset=&#8220;default&#8220;][et_pb_text _builder_version=&#8220;4.9.0&#8243; _module_preset=&#8220;default&#8220; background_color=&#8220;rgba(43,135,218,0.33)&#8220; custom_padding=&#8220;10px|10px|10px|10px|false|false&#8220; border_radii=&#8220;on|10px|10px|10px|10px&#8220; box_shadow_style=&#8220;preset2&#8243;]<\/p>\n<h4><span style=\"font-size: 18px;\"><a href=\"https:\/\/ushagram-suisse.org\/projets\/institutions\/\"><strong><em>&lt;&lt;&lt; <span style=\"text-decoration: underline;\"><span style=\"text-decoration-line: underline;\">retour a<\/span><\/span><span style=\"text-decoration: underline;\">u r\u00e9capitulatif de l&#8217;ann\u00e9e<\/span><\/em><\/strong><\/a><\/span><\/h4>\n<p><a href=\"https:\/\/ushagram-suisse.org\/documents\/\"><\/a><\/p>\n<p>[\/et_pb_text][et_pb_text _builder_version=&#8220;4.9.0&#8243; _module_preset=&#8220;default&#8220; background_color=&#8220;rgba(63,150,6,0.36)&#8220; custom_padding=&#8220;20px|20px|20px|20px|false|false&#8220; border_radii=&#8220;on|10px|10px|10px|10px&#8220; box_shadow_style=&#8220;preset2&#8243; locked=&#8220;off&#8220;]<\/p>\n<p><b>FICHE PROJET + PHOTOS<\/b><\/p>\n<p><a href=\"http:\/\/ushagram-suisse.org\/wp-content\/uploads\/2021\/02\/KCL21-2-RV.pdf\" target=\"_blank\" rel=\"noopener noreferrer\"><b><img loading=\"lazy\" decoding=\"async\" src=\"https:\/\/ushagram-suisse.org\/wp-content\/uploads\/2020\/12\/pdf-foto.png\" alt=\"\" class=\"wp-image-598 alignnone size-full\" width=\"134\" height=\"40\" \/><\/b><\/a><\/p>\n<p>[\/et_pb_text][et_pb_text _builder_version=&#8220;4.9.0&#8243; _module_preset=&#8220;default&#8220; background_color=&#8220;rgba(255,164,61,0.38)&#8220; custom_padding=&#8220;20px|20px|20px|20px|false|false&#8220; border_radii=&#8220;on|10px|10px|10px|10px&#8220; box_shadow_style=&#8220;preset2&#8243;]<\/p>\n<p><strong style=\"font-size: 14px;\">GALERIES DE PHOTOS<\/strong><\/p>\n<p><strong>&gt; <a href=\"https:\/\/photos.app.goo.gl\/bcGCrW2UqgMtqMPW8\" target=\"_blank\" rel=\"noopener noreferrer\">2020<\/a><\/strong><\/p>\n<p><strong>&gt; <a href=\"https:\/\/photos.app.goo.gl\/w6xsY6Z46DPi9F5j6\" target=\"_blank\" rel=\"noopener noreferrer\">2019<\/a><\/strong><\/p>\n<p><strong>&gt; <a href=\"http:\/\/tinyurl.com\/ind2018-4\" target=\"_blank\" rel=\"noopener noreferrer\">2018<\/a><br \/> <\/strong><\/p>\n<p><strong>&gt; <a href=\"https:\/\/goo.gl\/vJ28kZ\" target=\"_blank\" rel=\"noopener noreferrer\">2017<\/a><br \/> <\/strong><strong><\/strong><\/p>\n<p><strong>&gt; <a href=\"https:\/\/picasaweb.google.com\/108579787891121262922\/PROTECTIONSARBRES2015?authuser=0&amp;authkey=Gv1sRgCJyD156N0ZPIEw&amp;feat=directlink\" target=\"_blank\" rel=\"noopener noreferrer\">2015<\/a><\/strong><\/p>\n<p><strong><a href=\"https:\/\/plus.google.com\/photos\/108579787891121262922\/albums\/5992272672812988801?authkey=CLv_teS7vMfQag\" target=\"_blank\" rel=\"noopener noreferrer\">Protections existantes<\/a><\/strong><\/p>\n<p><a href=\"https:\/\/ushagram-suisse.org\/wp-content\/uploads\/2020\/12\/systeme-educatif-a-Kechala.pdf\" target=\"_blank\" rel=\"noopener noreferrer\"><\/a><\/p>\n<p>[\/et_pb_text][et_pb_text _builder_version=&#8220;4.7.7&#8243; _module_preset=&#8220;default&#8220; background_color=&#8220;rgba(224,153,0,0.24)&#8220; custom_padding=&#8220;20px|20px|20px|20px|false|false&#8220; border_radii=&#8220;on|10px|10px|10px|10px&#8220; box_shadow_style=&#8220;preset2&#8243;]<\/p>\n<p><span style=\"font-size: 14px;\">Voir la liste de documents associatifs usuels relatifs aux demandes \u00e0 la page <\/span><a href=\"https:\/\/ushagram-suisse.org\/documents-fr\/\" target=\"_blank\" rel=\"noopener\"><strong style=\"font-size: 14px;\">&#8222;Documents&#8220;<\/strong><\/a><\/p>\n<p><a href=\"https:\/\/ushagram-suisse.org\/documents-fr\/\" target=\"_blank\" rel=\"noopener\"><img loading=\"lazy\" decoding=\"async\" src=\"http:\/\/ushagram-suisse.org\/wp-content\/uploads\/2020\/12\/pdf-203x300.png\" alt=\"\" class=\"wp-image-358 alignnone size-medium\" width=\"47\" height=\"69\" \/><\/a><\/p>\n<p>[\/et_pb_text][\/et_pb_column][\/et_pb_row][\/et_pb_section][et_pb_section fb_built=&#8220;1&#8243; _builder_version=&#8220;4.9.0&#8243; _module_preset=&#8220;default&#8220; background_color=&#8220;#5b5b5b&#8220; global_module=&#8220;1616&#8243;][et_pb_row column_structure=&#8220;1_4,1_4,1_4,1_4&#8243; _builder_version=&#8220;4.9.0&#8243; _module_preset=&#8220;default&#8220;][et_pb_column type=&#8220;1_4&#8243; _builder_version=&#8220;4.9.0&#8243; _module_preset=&#8220;default&#8220;][et_pb_image src=&#8220;http:\/\/ushagram-suisse.org\/wp-content\/uploads\/2021\/03\/UG-logo_transp.png&#8220; title_text=&#8220;UG-logo_transp&#8220; url=&#8220;https:\/\/ushagram-suisse.org\/&#8220; _builder_version=&#8220;4.9.1&#8243; _module_preset=&#8220;default&#8220; custom_margin=&#8220;0px||0px||false|false&#8220; custom_padding=&#8220;0px||0px||false|false&#8220;][\/et_pb_image][\/et_pb_column][et_pb_column type=&#8220;1_4&#8243; _builder_version=&#8220;4.9.0&#8243; _module_preset=&#8220;default&#8220;][et_pb_text _builder_version=&#8220;4.9.0&#8243; _module_preset=&#8220;default&#8220;]<\/p>\n<h4><span style=\"color: #e09900;\">A PROPOS<br \/><\/span><\/h4>\n<p><span style=\"color: #ffffff;\"><a href=\"https:\/\/ushagram-suisse.org\/apropos\/\" style=\"color: #ffffff;\">Qui nous sommes<\/a><\/span><br \/><span style=\"color: #ffffff;\"> <a href=\"https:\/\/ushagram-suisse.org\/equipe\/\" style=\"color: #ffffff;\">Equipe et contacts<\/a><a href=\"https:\/\/ushagram-suisse.org\/en\/team\/\" style=\"color: #ffffff;\"><\/a><\/span><br \/><a href=\"https:\/\/ushagram-suisse.org\/infos\/\"><span style=\"color: #ffffff;\">Infos<\/span><\/a><br \/><span style=\"color: #ffffff;\"><a href=\"https:\/\/ushagram-suisse.org\/documents-fr\/\" style=\"color: #ffffff;\">Documents<\/a><\/span><\/p>\n<p>[\/et_pb_text][\/et_pb_column][et_pb_column type=&#8220;1_4&#8243; _builder_version=&#8220;4.9.0&#8243; _module_preset=&#8220;default&#8220;][et_pb_text _builder_version=&#8220;4.9.1&#8243; _module_preset=&#8220;default&#8220;]<\/p>\n<h4><span style=\"color: #e09900;\">ACTION<\/span><\/h4>\n<p><span style=\"color: #ffffff;\"><a href=\"https:\/\/ushagram-suisse.org\/notre-action\/\" style=\"color: #ffffff;\">R\u00e9alisations<\/a><br \/><a href=\"https:\/\/ushagram-suisse.org\/notre-action\/impact-fr\/\" style=\"color: #ffffff;\">Impact<\/a><a href=\"https:\/\/ushagram-suisse.org\/en\/our-action\/impact-en\/\" style=\"color: #ffffff;\"><\/a><br \/><a href=\"https:\/\/ushagram-suisse.org\/projets\/institutions\/\" style=\"color: #ffffff;\">Projets institutionnels<\/a><\/span><br \/><span style=\"color: #ffffff;\"> <a href=\"https:\/\/ushagram-suisse.org\/particuliers\/\" style=\"color: #ffffff;\">Initiatives priv\u00e9es<\/a><\/span><br \/><span style=\"color: #ffffff;\"> <a href=\"https:\/\/ushagram-suisse.org\/en\/our-action\/impact-en\/\" style=\"color: #ffffff;\"><br \/><\/a><a href=\"https:\/\/ushagram-suisse.org\/documents-fr\/\" style=\"color: #ffffff;\"><\/a><\/span><\/p>\n<p>[\/et_pb_text][\/et_pb_column][et_pb_column type=&#8220;1_4&#8243; _builder_version=&#8220;4.9.0&#8243; _module_preset=&#8220;default&#8220;][et_pb_text _builder_version=&#8220;4.9.0&#8243; _module_preset=&#8220;default&#8220; custom_padding=&#8220;||0px|||&#8220;]<\/p>\n<h4><span style=\"color: #e09900;\">SOUTIEN<\/span><\/h4>\n<p><span style=\"color: #ffffff;\"><a href=\"https:\/\/ushagram-suisse.org\/en\/support\/\" style=\"color: #ffffff;\"><\/a><a href=\"https:\/\/ushagram-suisse.org\/soutien\/\" style=\"color: #ffffff;\">Devenir membre<\/a><\/span><br \/><span style=\"color: #ffffff;\"><a href=\"https:\/\/ushagram-suisse.org\/soutien\/\" style=\"color: #ffffff;\"> Don ponctuel<\/a><\/span><br \/><span style=\"color: #ffffff;\"><a href=\"https:\/\/ushagram-suisse.org\/soutien\/\" style=\"color: #ffffff;\"> Cofinancer un projet<\/a><\/span><br \/><span style=\"color: #ffffff;\"><a href=\"https:\/\/ushagram-suisse.org\/projets\/particuliers\/volontariat\/\" title=\"Volontariat en Inde\" style=\"color: #ffffff;\"> Volontariat en Inde<\/a><\/span><a href=\"https:\/\/ushagram-suisse.org\/en\/projects\/individuals\/volunteering\/\"><span style=\"color: #f9f9f9;\"><\/span><\/a><\/p>\n<p>[\/et_pb_text][\/et_pb_column][\/et_pb_row][\/et_pb_section]<\/p>\n","protected":false},"excerpt":{"rendered":"<p>PROTECTIONS D&#8217;ARBRES RESISTANTES AU BETAIL &#8211; kcl21-3DEVELOPPEMENT DURABLE PARMI LES AUTOCHTONES EN INDE Fiche individuelle : kcl21-3\u00a0 \u00a0 \u00a0 \u00a0 \u00a0 \u00a0 \u00a0 \u00a0 \u00a0 \u00a0 \u00a0 \u00a0 \u00a0 \u00a0 \u00a0 \u00a0 \u00a0 \u00a0 \u00a0 \u00a0 \u00a0 Montants en CHF_____________________________________________________________________ K E C H A L AProgramme de d\u00e9veloppement d&#8217;une zone tribale autochtonePopulation aborig\u00e8ne impact\u00e9e [&hellip;]<\/p>\n","protected":false},"author":1,"featured_media":0,"parent":259,"menu_order":0,"comment_status":"closed","ping_status":"closed","template":"","meta":{"_et_pb_use_builder":"on","_et_pb_old_content":"","_et_gb_content_width":"","footnotes":""},"categories":[18],"tags":[],"class_list":["post-1237","page","type-page","status-publish","hentry","category-internalp-categ-fr"],"_links":{"self":[{"href":"https:\/\/ushagram-suisse.org\/de\/wp-json\/wp\/v2\/pages\/1237","targetHints":{"allow":["GET"]}}],"collection":[{"href":"https:\/\/ushagram-suisse.org\/de\/wp-json\/wp\/v2\/pages"}],"about":[{"href":"https:\/\/ushagram-suisse.org\/de\/wp-json\/wp\/v2\/types\/page"}],"author":[{"embeddable":true,"href":"https:\/\/ushagram-suisse.org\/de\/wp-json\/wp\/v2\/users\/1"}],"replies":[{"embeddable":true,"href":"https:\/\/ushagram-suisse.org\/de\/wp-json\/wp\/v2\/comments?post=1237"}],"version-history":[{"count":7,"href":"https:\/\/ushagram-suisse.org\/de\/wp-json\/wp\/v2\/pages\/1237\/revisions"}],"predecessor-version":[{"id":2479,"href":"https:\/\/ushagram-suisse.org\/de\/wp-json\/wp\/v2\/pages\/1237\/revisions\/2479"}],"up":[{"embeddable":true,"href":"https:\/\/ushagram-suisse.org\/de\/wp-json\/wp\/v2\/pages\/259"}],"wp:attachment":[{"href":"https:\/\/ushagram-suisse.org\/de\/wp-json\/wp\/v2\/media?parent=1237"}],"wp:term":[{"taxonomy":"category","embeddable":true,"href":"https:\/\/ushagram-suisse.org\/de\/wp-json\/wp\/v2\/categories?post=1237"},{"taxonomy":"post_tag","embeddable":true,"href":"https:\/\/ushagram-suisse.org\/de\/wp-json\/wp\/v2\/tags?post=1237"}],"curies":[{"name":"wp","href":"https:\/\/api.w.org\/{rel}","templated":true}]}}